{"id":21974,"date":"2026-02-19T23:55:19","date_gmt":"2026-02-19T23:55:19","guid":{"rendered":"https:\/\/www.zolattitude.com\/index.php\/product\/nakuru-red-ginseng-60-tablets-of-540mg-power-range-made-in-france-la-racine-de-longue-vie\/"},"modified":"2026-02-19T23:55:25","modified_gmt":"2026-02-19T23:55:25","slug":"nakuru-red-ginseng-60-tablets-of-540mg-power-range-made-in-france-la-racine-de-longue-vie","status":"publish","type":"product","link":"https:\/\/www.zolattitude.com\/index.php\/product\/nakuru-red-ginseng-60-tablets-of-540mg-power-range-made-in-france-la-racine-de-longue-vie\/","title":{"rendered":"NAKURU | Red Ginseng | 60 Tablets of 540mg | Power Range | Made in France | &#8220;La Racine de longue Vie!&#8221;"},"content":{"rendered":"<p>Price: <span style=\"color:#b12704\">\u20ac9.90<\/span><br \/><i><small>(as of Feb 19, 2026 23:55:20 UTC &#8211; <span class=\"wp_automatic_amazon_disclaimer\" title=\"Product prices and availability are accurate as of the date\/time indicated and are subject to change. Any price and availability information displayed on [relevant Amazon Site(s), as applicable] at the time of purchase will apply to the purchase of this product.\">Details<\/span>)<\/small><\/i><br \/><a href=\"https:\/\/amazon.fr\/dp\/B081VD1BTV?tag=onamzmoukoubl-21\"><img decoding=\"async\" src=\"https:\/\/valvepress.s3.amazonaws.com\/imgs\/buy_now.png\"><\/a><br \/>\n<\/p>\n<p>                                             From the brand   <\/p>\n<p>                                              <img decoding=\"async\" alt=\"\" src=\"https:\/\/images-na.ssl-images-amazon.com\/images\/G\/01\/x-locale\/common\/grey-pixel.gif\" class=\"a-lazy-loaded\" data-src=\"https:\/\/m.media-amazon.com\/images\/S\/aplus-media-library-service-media\/8efc6259-d5e7-4b5e-8a43-a7550d9d3966.__CR0,39,1792,765_PT0_SX1464_V1___.png\"><img decoding=\"async\" alt=\"\" src=\"https:\/\/m.media-amazon.com\/images\/S\/aplus-media-library-service-media\/8efc6259-d5e7-4b5e-8a43-a7550d9d3966.__CR0,39,1792,765_PT0_SX1464_V1___.png\">  <\/p>\n<h3> Modernit\u00e9 et Authenticit\u00e9 <\/h3>\n<p> Au c\u0153ur des Landes, Nakuru s\u2019appuie sur un savoir-faire familial pour concevoir des produits qui allient nature et qualit\u00e9. <\/p>\n<p>                                                         Qu&#8217;est-ce qui rend les produits Nakuru uniques ?                                       <\/p>\n<p> Nos formules sont con\u00e7ues avec des ingr\u00e9dients naturels, soigneusement s\u00e9lectionn\u00e9s pour leur efficacit\u00e9 et leur puret\u00e9. <\/p>\n<p>                                                         Pourquoi choisir Nakuru plut\u00f4t qu&#8217;une autre marque ?                                       <\/p>\n<p> Nakuru allie science et nature, offrant des compl\u00e9ments de qualit\u00e9 sup\u00e9rieure pour votre bien-\u00eatre quotidien. <\/p>\n<p>                                                         Quels b\u00e9n\u00e9fices attendre des produits Nakuru ?                                       <\/p>\n<p> Des solutions fiables et naturelles pour booster votre \u00e9nergie, am\u00e9liorer votre \u00e9quilibre et soutenir votre sant\u00e9 globale. <\/p>\n<h3> Nouveaut\u00e9s 2026 <\/h3>\n<p class=\"apm-brand-story-stores-link\">\n<p>                                              <img decoding=\"async\" alt=\"\" src=\"https:\/\/images-na.ssl-images-amazon.com\/images\/G\/01\/x-locale\/common\/grey-pixel.gif\" class=\"a-lazy-loaded\" data-src=\"https:\/\/m.media-amazon.com\/images\/S\/aplus-media-library-service-media\/8efc6259-d5e7-4b5e-8a43-a7550d9d3966.__CR0,143,1792,825_PT0_SX315_V1___.png\"><img decoding=\"async\" alt=\"\" src=\"https:\/\/m.media-amazon.com\/images\/S\/aplus-media-library-service-media\/8efc6259-d5e7-4b5e-8a43-a7550d9d3966.__CR0,143,1792,825_PT0_SX315_V1___.png\">  <\/p>\n<p> Nakuru, c\u2019est l\u2019alliance de la nature et de l\u2019innovation au service de votre bien-\u00eatre. Ancr\u00e9e dans les Landes, notre entreprise familiale s\u00e9lectionne les meilleurs ingr\u00e9dients naturels pour cr\u00e9er des compl\u00e9ments alimentaires de qualit\u00e9 sup\u00e9rieure. Avec nos g\u00e9lules, comprim\u00e9s et capsules, nous r\u00e9inventons les super-aliments pour vous offrir des produits sains, efficaces et accessibles \u00e0 tous. <\/p>\n<p> Package Dimensions                                            \u200f                                            :                                            \u200e                                            14.4 x 9.7 x 1.6 cm; 40 g   <br \/> Manufacturer                                            \u200f                                            :                                            \u200e                                            Nakuru   <br \/> ASIN                                            \u200f                                            :                                            \u200e                                            B081VD1BTV   <br \/>  Customer reviews:                                                                                            3.7               3.7 out of 5 stars                                  (56)                                              var dpAcrHasRegisteredArcLinkClickAction;                    P.when(&#8216;A&#8217;, &#8216;ready&#8217;).execute(function(A) {                        if (dpAcrHasRegisteredArcLinkClickAction !== true) {                            dpAcrHasRegisteredArcLinkClickAction = true;                            A.declarative(                                &#8216;acrLink-click-metrics&#8217;, &#8216;click&#8217;,                                { &#8220;allowLinkDefault&#8221;: true },                                function (event) {                                    if (window.ue) {                                        ue.count(&#8220;acrLinkClickCount&#8221;, (ue.count(&#8220;acrLinkClickCount&#8221;) || 0) + 1);                                    }                                }                            );                        }                    });                                             P.when(&#8216;A&#8217;, &#8216;cf&#8217;).execute(function(A) {                A.declarative(&#8216;acrStarsLink-click-metrics&#8217;, &#8216;click&#8217;, { &#8220;allowLinkDefault&#8221; : true },  function(event){                    if(window.ue) {                        ue.count(&#8220;acrStarsLinkWithPopoverClickCount&#8221;, (ue.count(&#8220;acrStarsLinkWithPopoverClickCount&#8221;) || 0) + 1);                    }                });            });                          <br \/>\ud83c\udf3f POWERFUL RED GINSENG \u2023: Contains 1200mg of red ginseng root powder per dose of 3 tablets, for a natural, long-lasting energizing effect.<br \/>\u26a1 DAILY ENERGY BOOST \u26a1: 2 to 3 tablets per day to regain vitality and concentration, ideal in the morning or noon with a large glass of water.<br \/>Made in France. Guaranteed premium quality, carefully developed to meet strict French manufacturing standards.<br \/>\ud83d\udcaa THE LONG-LIFE ROOT \ud83d\udcaa: Inspired by 4000 years of Asian tradition, this Panax Ginseng supports your well-being and stress resistance.<br \/>\ud83d\udee1\ufe0f NATURAL SUPPORT WITHOUT RISK \ud83d\udee1\ufe0f: Herbal formula, not recommended for antidiabetics, for healthy vitality and adapted to your lifestyle.<\/p>\n\n","protected":false},"excerpt":{"rendered":"<p> From the brand Modernit\u00e9 et Authenticit\u00e9 Au c\u0153ur des Landes, Nakuru s\u2019appuie sur un savoir-faire familial pour concevoir des produits qui allient nature et qualit\u00e9. Qu&#8217;est-ce qui rend les produits Nakuru uniques ? Nos formules sont con\u00e7ues avec des ingr\u00e9dients naturels, soigneusement s\u00e9lectionn\u00e9s pour leur efficacit\u00e9 et leur puret\u00e9. Pourquoi [&hellip;]<\/p>\n","protected":false},"featured_media":21975,"comment_status":"open","ping_status":"closed","template":"","meta":{"_gspb_post_css":"","om_disable_all_campaigns":false,"_monsterinsights_skip_tracking":false,"_monsterinsights_sitenote_active":false,"_monsterinsights_sitenote_note":"","_monsterinsights_sitenote_category":0},"store":[],"product_brand":[],"product_cat":[147],"product_tag":[2358,201,355,5686,1103,1868,2350,1104,920,179,5687],"class_list":{"0":"post-21974","1":"product","2":"type-product","3":"status-publish","4":"has-post-thumbnail","6":"product_cat-racines-adaptogenes","7":"product_tag-540mg","8":"product_tag-france","9":"product_tag-ginseng","10":"product_tag-longue","11":"product_tag-nakuru","12":"product_tag-power","13":"product_tag-racine","14":"product_tag-range","15":"product_tag-red","16":"product_tag-tablets","17":"product_tag-vie","19":"first","20":"instock","21":"shipping-taxable","22":"product-type-external"},"aioseo_notices":[],"jetpack_sharing_enabled":true,"_links":{"self":[{"href":"https:\/\/www.zolattitude.com\/index.php\/wp-json\/wp\/v2\/product\/21974","targetHints":{"allow":["GET"]}}],"collection":[{"href":"https:\/\/www.zolattitude.com\/index.php\/wp-json\/wp\/v2\/product"}],"about":[{"href":"https:\/\/www.zolattitude.com\/index.php\/wp-json\/wp\/v2\/types\/product"}],"replies":[{"embeddable":true,"href":"https:\/\/www.zolattitude.com\/index.php\/wp-json\/wp\/v2\/comments?post=21974"}],"wp:featuredmedia":[{"embeddable":true,"href":"https:\/\/www.zolattitude.com\/index.php\/wp-json\/wp\/v2\/media\/21975"}],"wp:attachment":[{"href":"https:\/\/www.zolattitude.com\/index.php\/wp-json\/wp\/v2\/media?parent=21974"}],"wp:term":[{"taxonomy":"store","embeddable":true,"href":"https:\/\/www.zolattitude.com\/index.php\/wp-json\/wp\/v2\/store?post=21974"},{"taxonomy":"product_brand","embeddable":true,"href":"https:\/\/www.zolattitude.com\/index.php\/wp-json\/wp\/v2\/product_brand?post=21974"},{"taxonomy":"product_cat","embeddable":true,"href":"https:\/\/www.zolattitude.com\/index.php\/wp-json\/wp\/v2\/product_cat?post=21974"},{"taxonomy":"product_tag","embeddable":true,"href":"https:\/\/www.zolattitude.com\/index.php\/wp-json\/wp\/v2\/product_tag?post=21974"}],"curies":[{"name":"wp","href":"https:\/\/api.w.org\/{rel}","templated":true}]}}