{"id":21998,"date":"2026-02-20T00:27:19","date_gmt":"2026-02-20T00:27:19","guid":{"rendered":"https:\/\/www.zolattitude.com\/index.php\/product\/aroma-labs-huile-vegetale-donagre-garantie-pure-naturelle-certifiee-biologique-pressee-a-froid-marque-francaise-50-ml-actif-restructurant\/"},"modified":"2026-02-20T00:27:27","modified_gmt":"2026-02-20T00:27:27","slug":"aroma-labs-huile-vegetale-donagre-garantie-pure-naturelle-certifiee-biologique-pressee-a-froid-marque-francaise-50-ml-actif-restructurant","status":"publish","type":"product","link":"https:\/\/www.zolattitude.com\/index.php\/product\/aroma-labs-huile-vegetale-donagre-garantie-pure-naturelle-certifiee-biologique-pressee-a-froid-marque-francaise-50-ml-actif-restructurant\/","title":{"rendered":"Aroma Labs &#8211; Huile v\u00e9g\u00e9tale d&#8217;ONAGRE &#8211; Garantie Pure &#8211; Naturelle &#8211; Certifi\u00e9e Biologique &#8211; Press\u00e9e \u00e0 froid &#8211; Marque Fran\u00e7aise &#8211; 50 ml &#8211; Actif restructurant"},"content":{"rendered":"<p>Price: <span style=\"color:#b12704\">\u20ac6.82<\/span><br \/><i><small>(as of Feb 20, 2026 00:27:19 UTC &#8211; <span class=\"wp_automatic_amazon_disclaimer\" title=\"Product prices and availability are accurate as of the date\/time indicated and are subject to change. Any price and availability information displayed on [relevant Amazon Site(s), as applicable] at the time of purchase will apply to the purchase of this product.\">Details<\/span>)<\/small><\/i><br \/><a href=\"https:\/\/amazon.fr\/dp\/B0893SSZKR?tag=onamzmoukoubl-21\"><img decoding=\"async\" src=\"https:\/\/valvepress.s3.amazonaws.com\/imgs\/buy_now.png\"><\/a><br \/>\n<br \/>\n    <span>French and committed brand, Aroma Labs offers exclusively certified organic vegetable oils, accessible to all budgets and without compromising on quality. This vegetable oil is virgin, unrefined, which means that it has not undergone any chemical or thermal changes in its composition. Cold press extraction preserves the most sensitive components of the oil to guarantee you a premium extract with 100% natural properties.<\/span>    <br \/> Product Dimensions                                            \u200f                                            :                                            \u200e                                            3.1 x 3.1 x 9.2 cm; 50 g   <br \/> Manufacturer                                            \u200f                                            :                                            \u200e                                            Aroma Labs   <br \/> ASIN                                            \u200f                                            :                                            \u200e                                            B0893SSZKR   <br \/> Item model number                                            \u200f                                            :                                            \u200e                                            AL_HV_ONAG_XXXX_50   <br \/>  Customer reviews:                                                                                            4.5               4.5 out of 5 stars                                  (343)                                              var dpAcrHasRegisteredArcLinkClickAction;                    P.when(&#8216;A&#8217;, &#8216;ready&#8217;).execute(function(A) {                        if (dpAcrHasRegisteredArcLinkClickAction !== true) {                            dpAcrHasRegisteredArcLinkClickAction = true;                            A.declarative(                                &#8216;acrLink-click-metrics&#8217;, &#8216;click&#8217;,                                { &#8220;allowLinkDefault&#8221;: true },                                function (event) {                                    if (window.ue) {                                        ue.count(&#8220;acrLinkClickCount&#8221;, (ue.count(&#8220;acrLinkClickCount&#8221;) || 0) + 1);                                    }                                }                            );                        }                    });                                             P.when(&#8216;A&#8217;, &#8216;cf&#8217;).execute(function(A) {                A.declarative(&#8216;acrStarsLink-click-metrics&#8217;, &#8216;click&#8217;, { &#8220;allowLinkDefault&#8221; : true },  function(event){                    if(window.ue) {                        ue.count(&#8220;acrStarsLinkWithPopoverClickCount&#8221;, (ue.count(&#8220;acrStarsLinkWithPopoverClickCount&#8221;) || 0) + 1);                    }                });            });                          <br \/>100% NATURAL PREMIUM EXTRACT: Evening primrose vegetable oil (Oenothera biennis L. ), obtained by first cold pressing of the seeds.<br \/>COMPETITIVE PRICE: Accessible to all budgets, one of the best quality-price ratios on the market.<br \/>Organic certification: from organic farming, certified by Ecocert (FR-BIO-01).<br \/>Helps maintain optimal comfort during menstruation, supports cholesterol metabolism and promotes healthy skin.<br \/>AROMA LABS, THE BEST OF PLANTS: French and committed brand, Aromalabs offers organic plant extracts accessible to all, without compromising on quality.<\/p>\n\n","protected":false},"excerpt":{"rendered":"<p> French and committed brand, Aroma Labs offers exclusively certified organic vegetable oils, accessible to all budgets and without compromising on quality. This vegetable oil is virgin, unrefined, which means that it has not undergone any chemical or thermal changes in its composition. Cold press extraction preserves the most sensitive components [&hellip;]<\/p>\n","protected":false},"featured_media":21999,"comment_status":"open","ping_status":"closed","template":"","meta":{"_gspb_post_css":"","om_disable_all_campaigns":false,"_monsterinsights_skip_tracking":false,"_monsterinsights_sitenote_active":false,"_monsterinsights_sitenote_note":"","_monsterinsights_sitenote_category":0},"store":[],"product_brand":[],"product_cat":[140],"product_tag":[1068,246,5695,5694,5692,5697,799,5693,5250,247,5696,903,5253,213,5698,5691],"class_list":{"0":"post-21998","1":"product","2":"type-product","3":"status-publish","4":"has-post-thumbnail","6":"product_cat-huiles-de-bourrache-onagre","7":"product_tag-actif","8":"product_tag-aroma","9":"product_tag-biologique","10":"product_tag-certifiee","11":"product_tag-donagre","12":"product_tag-francaise","13":"product_tag-froid","14":"product_tag-garantie","15":"product_tag-huile","16":"product_tag-labs","17":"product_tag-marque","18":"product_tag-naturelle","19":"product_tag-pressee","20":"product_tag-pure","21":"product_tag-restructurant","22":"product_tag-vegetale","24":"first","25":"instock","26":"shipping-taxable","27":"product-type-external"},"aioseo_notices":[],"jetpack_sharing_enabled":true,"_links":{"self":[{"href":"https:\/\/www.zolattitude.com\/index.php\/wp-json\/wp\/v2\/product\/21998","targetHints":{"allow":["GET"]}}],"collection":[{"href":"https:\/\/www.zolattitude.com\/index.php\/wp-json\/wp\/v2\/product"}],"about":[{"href":"https:\/\/www.zolattitude.com\/index.php\/wp-json\/wp\/v2\/types\/product"}],"replies":[{"embeddable":true,"href":"https:\/\/www.zolattitude.com\/index.php\/wp-json\/wp\/v2\/comments?post=21998"}],"wp:featuredmedia":[{"embeddable":true,"href":"https:\/\/www.zolattitude.com\/index.php\/wp-json\/wp\/v2\/media\/21999"}],"wp:attachment":[{"href":"https:\/\/www.zolattitude.com\/index.php\/wp-json\/wp\/v2\/media?parent=21998"}],"wp:term":[{"taxonomy":"store","embeddable":true,"href":"https:\/\/www.zolattitude.com\/index.php\/wp-json\/wp\/v2\/store?post=21998"},{"taxonomy":"product_brand","embeddable":true,"href":"https:\/\/www.zolattitude.com\/index.php\/wp-json\/wp\/v2\/product_brand?post=21998"},{"taxonomy":"product_cat","embeddable":true,"href":"https:\/\/www.zolattitude.com\/index.php\/wp-json\/wp\/v2\/product_cat?post=21998"},{"taxonomy":"product_tag","embeddable":true,"href":"https:\/\/www.zolattitude.com\/index.php\/wp-json\/wp\/v2\/product_tag?post=21998"}],"curies":[{"name":"wp","href":"https:\/\/api.w.org\/{rel}","templated":true}]}}