{"id":22023,"date":"2026-02-20T22:22:17","date_gmt":"2026-02-20T22:22:17","guid":{"rendered":"https:\/\/www.zolattitude.com\/index.php\/product\/verisol-hydrolyzed-collagen-2500-mg-hyaluronic-acid-coenzyme-q10-supplement-for-skin-hair-and-bones-with-biotin-zinc-and-vitamin-c-120-tablets-nutracle\/"},"modified":"2026-02-20T22:22:17","modified_gmt":"2026-02-20T22:22:17","slug":"verisol-hydrolyzed-collagen-2500-mg-hyaluronic-acid-coenzyme-q10-supplement-for-skin-hair-and-bones-with-biotin-zinc-and-vitamin-c-120-tablets-nutracle","status":"publish","type":"product","link":"https:\/\/www.zolattitude.com\/index.php\/product\/verisol-hydrolyzed-collagen-2500-mg-hyaluronic-acid-coenzyme-q10-supplement-for-skin-hair-and-bones-with-biotin-zinc-and-vitamin-c-120-tablets-nutracle\/","title":{"rendered":"Verisol\u00ae Hydrolyzed Collagen 2500 mg + Hyaluronic Acid + Coenzyme Q10 &#8211; Supplement for Skin, Hair and Bones with Biotin Zinc and Vitamin C &#8211; 120 Tablets, Nutracle"},"content":{"rendered":"<p>Price: <span style=\"color:#b12704\"><\/span><br \/><i><small>(as of  &#8211; <span class=\"wp_automatic_amazon_disclaimer\" title=\"Product prices and availability are accurate as of the date\/time indicated and are subject to change. Any price and availability information displayed on [relevant Amazon Site(s), as applicable] at the time of purchase will apply to the purchase of this product.\">Details<\/span>)<\/small><\/i><br \/><a href=\"https:\/\/amazon.fr\/dp\/B0C2HTQYK6?tag=onamzmoukoubl-21\"><img decoding=\"async\" src=\"https:\/\/valvepress.s3.amazonaws.com\/imgs\/buy_now.png\"><\/a><br \/>\n<\/p>\n<p>                                             From the brand   <\/p>\n<p>                                              <img decoding=\"async\" alt=\"texture de fond blanc d&amp;#39;une feuille de papier\" src=\"https:\/\/images-na.ssl-images-amazon.com\/images\/G\/01\/x-locale\/common\/grey-pixel.gif\" class=\"a-lazy-loaded\" data-src=\"https:\/\/m.media-amazon.com\/images\/S\/aplus-media-library-service-media\/5eddbfe1-f5ef-4404-8146-9156bf51d3a4.__CR0,0,1464,625_PT0_SX1464_V1___.png\"><img decoding=\"async\" alt=\"texture de fond blanc d&amp;#39;une feuille de papier\" src=\"https:\/\/m.media-amazon.com\/images\/S\/aplus-media-library-service-media\/5eddbfe1-f5ef-4404-8146-9156bf51d3a4.__CR0,0,1464,625_PT0_SX1464_V1___.png\">  <\/p>\n<p>                                              <img decoding=\"async\" alt=\"de la marque Nutracle pour les suppl\u00e9ments naturels. Feuille verte avec loupe mettant en valeur les extraits naturels. Texte en italien sur l&amp;#39;origine et les avantages du produit.\" src=\"https:\/\/images-na.ssl-images-amazon.com\/images\/G\/01\/x-locale\/common\/grey-pixel.gif\" class=\"a-lazy-loaded\" data-src=\"https:\/\/m.media-amazon.com\/images\/S\/aplus-media-library-service-media\/59b55e6d-0f89-410c-a8c2-7f4715ef2738.__CR0,0,362,453_PT0_SX362_V1___.png\"><img decoding=\"async\" alt=\"de la marque Nutracle pour les suppl\u00e9ments naturels. Feuille verte avec loupe mettant en valeur les extraits naturels. Texte en italien sur l&amp;#39;origine et les avantages du produit.\" src=\"https:\/\/m.media-amazon.com\/images\/S\/aplus-media-library-service-media\/59b55e6d-0f89-410c-a8c2-7f4715ef2738.__CR0,0,362,453_PT0_SX362_V1___.png\">  <\/p>\n<p>                                              <img decoding=\"async\" alt=\"l&amp;#39;affiche du film \u00ab Le client client \u00bb\" src=\"https:\/\/images-na.ssl-images-amazon.com\/images\/G\/01\/x-locale\/common\/grey-pixel.gif\" class=\"a-lazy-loaded\" data-src=\"https:\/\/m.media-amazon.com\/images\/S\/aplus-media-library-service-media\/2785346d-dccd-422b-ba29-1cc1179ec4a9.__CR0,0,362,453_PT0_SX362_V1___.png\"><img decoding=\"async\" alt=\"l&amp;#39;affiche du film \u00ab Le client client \u00bb\" src=\"https:\/\/m.media-amazon.com\/images\/S\/aplus-media-library-service-media\/2785346d-dccd-422b-ba29-1cc1179ec4a9.__CR0,0,362,453_PT0_SX362_V1___.png\">  <\/p>\n<h3> Les plus vendus de NUTRACLE <\/h3>\n<p class=\"apm-brand-story-stores-link\">\n<p>                                              <img decoding=\"async\" alt=\"Femme portant un ensemble d&amp;#39;entra\u00eenement vert fonc\u00e9, agenouill\u00e9e sur un tapis de yoga. Elle tend les bras au-dessus de sa t\u00eate dans une pi\u00e8ce ensoleill\u00e9e avec des plantes et des \u0153uvres d&amp;#39;art encadr\u00e9es visibles.\" src=\"https:\/\/images-na.ssl-images-amazon.com\/images\/G\/01\/x-locale\/common\/grey-pixel.gif\" class=\"a-lazy-loaded\" data-src=\"https:\/\/m.media-amazon.com\/images\/S\/aplus-media-library-service-media\/0f6ac05a-e679-4889-bb4d-df6278e5a9d2.__CR0,0,362,453_PT0_SX362_V1___.png\"><img decoding=\"async\" alt=\"Femme portant un ensemble d&amp;#39;entra\u00eenement vert fonc\u00e9, agenouill\u00e9e sur un tapis de yoga. Elle tend les bras au-dessus de sa t\u00eate dans une pi\u00e8ce ensoleill\u00e9e avec des plantes et des \u0153uvres d&amp;#39;art encadr\u00e9es visibles.\" src=\"https:\/\/m.media-amazon.com\/images\/S\/aplus-media-library-service-media\/0f6ac05a-e679-4889-bb4d-df6278e5a9d2.__CR0,0,362,453_PT0_SX362_V1___.png\">  <\/p>\n<p>                                              <img decoding=\"async\" alt=\"pour les suppl\u00e9ments sportifs T-REX, avec un texte en italien et un microscope. Met l&amp;#39;accent sur la formulation de produits r\u00e9pondant aux besoins des athl\u00e8tes, conform\u00e9ment \u00e0 la science moderne\" src=\"https:\/\/images-na.ssl-images-amazon.com\/images\/G\/01\/x-locale\/common\/grey-pixel.gif\" class=\"a-lazy-loaded\" data-src=\"https:\/\/m.media-amazon.com\/images\/S\/aplus-media-library-service-media\/f1044900-01a8-45b6-b9b9-fa8e271d8d05.__CR0,0,362,453_PT0_SX362_V1___.png\"><img decoding=\"async\" alt=\"pour les suppl\u00e9ments sportifs T-REX, avec un texte en italien et un microscope. Met l&amp;#39;accent sur la formulation de produits r\u00e9pondant aux besoins des athl\u00e8tes, conform\u00e9ment \u00e0 la science moderne\" src=\"https:\/\/m.media-amazon.com\/images\/S\/aplus-media-library-service-media\/f1044900-01a8-45b6-b9b9-fa8e271d8d05.__CR0,0,362,453_PT0_SX362_V1___.png\">  <\/p>\n<h3> Les plus vendus de T-REX <\/h3>\n<p class=\"apm-brand-story-stores-link\">\n<p>                                              <img decoding=\"async\" alt=\"un homme qui gravit un mur de pierre escarp\u00e9 en courant.\" src=\"https:\/\/images-na.ssl-images-amazon.com\/images\/G\/01\/x-locale\/common\/grey-pixel.gif\" class=\"a-lazy-loaded\" data-src=\"https:\/\/m.media-amazon.com\/images\/S\/aplus-media-library-service-media\/ed60ead7-2012-46e0-bb62-03aeb0903b8a.__CR0,0,362,453_PT0_SX362_V1___.png\"><img decoding=\"async\" alt=\"un homme qui gravit un mur de pierre escarp\u00e9 en courant.\" src=\"https:\/\/m.media-amazon.com\/images\/S\/aplus-media-library-service-media\/ed60ead7-2012-46e0-bb62-03aeb0903b8a.__CR0,0,362,453_PT0_SX362_V1___.png\">  <\/p>\n<p>                                              <img decoding=\"async\" alt=\"MyLab Nutrition Brand Story\" src=\"https:\/\/images-na.ssl-images-amazon.com\/images\/G\/01\/x-locale\/common\/grey-pixel.gif\" class=\"a-lazy-loaded\" data-src=\"https:\/\/m.media-amazon.com\/images\/S\/aplus-media-library-service-media\/3e5a3c34-0738-4da3-a217-2f17a3a83089.__CR0,0,362,453_PT0_SX362_V1___.png\"><img decoding=\"async\" alt=\"MyLab Nutrition Brand Story\" src=\"https:\/\/m.media-amazon.com\/images\/S\/aplus-media-library-service-media\/3e5a3c34-0738-4da3-a217-2f17a3a83089.__CR0,0,362,453_PT0_SX362_V1___.png\">  <\/p>\n<h3> Les plus vendus de SUPRAPET <\/h3>\n<p class=\"apm-brand-story-stores-link\">\n<p>                                              <img decoding=\"async\" alt=\"une femme tenant un chien dans ses bras\" src=\"https:\/\/images-na.ssl-images-amazon.com\/images\/G\/01\/x-locale\/common\/grey-pixel.gif\" class=\"a-lazy-loaded\" data-src=\"https:\/\/m.media-amazon.com\/images\/S\/aplus-media-library-service-media\/7dcb9ffd-073a-4504-acd5-07353b1b3803.__CR0,0,362,453_PT0_SX362_V1___.png\"><img decoding=\"async\" alt=\"une femme tenant un chien dans ses bras\" src=\"https:\/\/m.media-amazon.com\/images\/S\/aplus-media-library-service-media\/7dcb9ffd-073a-4504-acd5-07353b1b3803.__CR0,0,362,453_PT0_SX362_V1___.png\">  <\/p>\n<p> Manufacturer                                            \u200f                                            :                                            \u200e                                            MyLab Nutrition   <br \/> ASIN                                            \u200f                                            :                                            \u200e                                            B0C2HTQYK6   <br \/> Manufacturer reference                                            \u200f                                            :                                            \u200e                                            B0C2HTQYK6   <br \/> Country of origin                                            \u200f                                            :                                            \u200e                                            Italy   <br \/>  Customer reviews:                                                                                            4.0               4.0 out of 5 stars                                  (723)                                              var dpAcrHasRegisteredArcLinkClickAction;                    P.when(&#8216;A&#8217;, &#8216;ready&#8217;).execute(function(A) {                        if (dpAcrHasRegisteredArcLinkClickAction !== true) {                            dpAcrHasRegisteredArcLinkClickAction = true;                            A.declarative(                                &#8216;acrLink-click-metrics&#8217;, &#8216;click&#8217;,                                { &#8220;allowLinkDefault&#8221;: true },                                function (event) {                                    if (window.ue) {                                        ue.count(&#8220;acrLinkClickCount&#8221;, (ue.count(&#8220;acrLinkClickCount&#8221;) || 0) + 1);                                    }                                }                            );                        }                    });                                             P.when(&#8216;A&#8217;, &#8216;cf&#8217;).execute(function(A) {                A.declarative(&#8216;acrStarsLink-click-metrics&#8217;, &#8216;click&#8217;, { &#8220;allowLinkDefault&#8221; : true },  function(event){                    if(window.ue) {                        ue.count(&#8220;acrStarsLinkWithPopoverClickCount&#8221;, (ue.count(&#8220;acrStarsLinkWithPopoverClickCount&#8221;) || 0) + 1);                    }                });            });                          <br \/>Collagen 2.5 is a food supplement based on VERISOL collagen peptides, coenzyme Q10, hyaluronic acid, vitamin C, zinc and biotin to promote trophism and well-being of skin, hair and nails.<br \/>Based on VERISOL collagen bioactive peptides, designed to stimulate the growth of connective tissue, collagen and in particular the synthesis of proteoglycans.<br \/>VERISOL Collagen stimulates collagen production by improving skin elasticity and firmness and reducing wrinkles.<br \/>Contributes to the normal maintenance of skin, nails and hair<br \/>Contributes to the normal maintenance of cartilage and bones.<\/p>\n\n","protected":false},"excerpt":{"rendered":"<p> From the brand Les plus vendus de NUTRACLE Les plus vendus de T-REX Les plus vendus de SUPRAPET Manufacturer \u200f : \u200e MyLab Nutrition ASIN \u200f : \u200e B0C2HTQYK6 Manufacturer reference \u200f : \u200e B0C2HTQYK6 Country of origin \u200f : \u200e Italy Customer reviews: 4.0 4.0 out of 5 stars [&hellip;]<\/p>\n","protected":false},"featured_media":22024,"comment_status":"open","ping_status":"closed","template":"","meta":{"_gspb_post_css":"","om_disable_all_campaigns":false,"_monsterinsights_skip_tracking":false,"_monsterinsights_sitenote_active":false,"_monsterinsights_sitenote_note":"","_monsterinsights_sitenote_category":0},"store":[],"product_brand":[],"product_cat":[137],"product_tag":[188,170,1240,1349,168,175,187,881,5705,1350,176,200,179,5704,178,172],"class_list":{"0":"post-22023","1":"product","2":"type-product","3":"status-publish","4":"has-post-thumbnail","6":"product_cat-collagene-biotine","7":"product_tag-acid","8":"product_tag-biotin","9":"product_tag-bones","10":"product_tag-coenzyme","11":"product_tag-collagen","12":"product_tag-hair","13":"product_tag-hyaluronic","14":"product_tag-hydrolyzed","15":"product_tag-nutracle","16":"product_tag-q10","17":"product_tag-skin","18":"product_tag-supplement","19":"product_tag-tablets","20":"product_tag-verisol","21":"product_tag-vitamin","22":"product_tag-zinc","24":"first","25":"instock","26":"shipping-taxable","27":"product-type-simple"},"aioseo_notices":[],"jetpack_sharing_enabled":true,"_links":{"self":[{"href":"https:\/\/www.zolattitude.com\/index.php\/wp-json\/wp\/v2\/product\/22023","targetHints":{"allow":["GET"]}}],"collection":[{"href":"https:\/\/www.zolattitude.com\/index.php\/wp-json\/wp\/v2\/product"}],"about":[{"href":"https:\/\/www.zolattitude.com\/index.php\/wp-json\/wp\/v2\/types\/product"}],"replies":[{"embeddable":true,"href":"https:\/\/www.zolattitude.com\/index.php\/wp-json\/wp\/v2\/comments?post=22023"}],"wp:featuredmedia":[{"embeddable":true,"href":"https:\/\/www.zolattitude.com\/index.php\/wp-json\/wp\/v2\/media\/22024"}],"wp:attachment":[{"href":"https:\/\/www.zolattitude.com\/index.php\/wp-json\/wp\/v2\/media?parent=22023"}],"wp:term":[{"taxonomy":"store","embeddable":true,"href":"https:\/\/www.zolattitude.com\/index.php\/wp-json\/wp\/v2\/store?post=22023"},{"taxonomy":"product_brand","embeddable":true,"href":"https:\/\/www.zolattitude.com\/index.php\/wp-json\/wp\/v2\/product_brand?post=22023"},{"taxonomy":"product_cat","embeddable":true,"href":"https:\/\/www.zolattitude.com\/index.php\/wp-json\/wp\/v2\/product_cat?post=22023"},{"taxonomy":"product_tag","embeddable":true,"href":"https:\/\/www.zolattitude.com\/index.php\/wp-json\/wp\/v2\/product_tag?post=22023"}],"curies":[{"name":"wp","href":"https:\/\/api.w.org\/{rel}","templated":true}]}}