{"id":22038,"date":"2026-02-20T23:48:18","date_gmt":"2026-02-20T23:48:18","guid":{"rendered":"https:\/\/www.zolattitude.com\/index.php\/product\/aldous-melatonin-1-9-mg-250-capsules-250-nights-5htp-magnesium-valerian-vitamin-b6-sleep-sleep-better-insomnia-no-sweeteners-or-gmos-plastic-free\/"},"modified":"2026-02-20T23:48:18","modified_gmt":"2026-02-20T23:48:18","slug":"aldous-melatonin-1-9-mg-250-capsules-250-nights-5htp-magnesium-valerian-vitamin-b6-sleep-sleep-better-insomnia-no-sweeteners-or-gmos-plastic-free","status":"publish","type":"product","link":"https:\/\/www.zolattitude.com\/index.php\/product\/aldous-melatonin-1-9-mg-250-capsules-250-nights-5htp-magnesium-valerian-vitamin-b6-sleep-sleep-better-insomnia-no-sweeteners-or-gmos-plastic-free\/","title":{"rendered":"ALDOUS Melatonin 1.9 mg &#8211; 250 Capsules &#8211; 250 Nights &#8211; 5HTP, Magnesium, Valerian, Vitamin B6 &#8211; Sleep, Sleep Better &#8211; Insomnia &#8211; No Sweeteners or GMOs, Plastic Free"},"content":{"rendered":"<p>Price: <span style=\"color:#b12704\"><\/span><br \/><i><small>(as of  &#8211; <span class=\"wp_automatic_amazon_disclaimer\" title=\"Product prices and availability are accurate as of the date\/time indicated and are subject to change. Any price and availability information displayed on [relevant Amazon Site(s), as applicable] at the time of purchase will apply to the purchase of this product.\">Details<\/span>)<\/small><\/i><br \/><a href=\"https:\/\/amazon.fr\/dp\/B09KZXKXX5?tag=onamzmoukoubl-21\"><img decoding=\"async\" src=\"https:\/\/valvepress.s3.amazonaws.com\/imgs\/buy_now.png\"><\/a><br \/>\n<\/p>\n<p>                                             From the brand   <\/p>\n<p>                                              <img decoding=\"async\" alt=\"Fond vert fonc\u00e9 avec texte blanc en fran\u00e7ais : \u00ab Compl\u00e9ments alimentaires sans plastique \u00bb. Logo Ateous dans le coin inf\u00e9rieur.\" src=\"https:\/\/images-na.ssl-images-amazon.com\/images\/G\/01\/x-locale\/common\/grey-pixel.gif\" class=\"a-lazy-loaded\" data-src=\"https:\/\/m.media-amazon.com\/images\/S\/aplus-media-library-service-media\/751ab21a-33b7-4df6-80b1-de2200577994.__CR0,0,1464,625_PT0_SX1464_V1___.jpg\"><img decoding=\"async\" alt=\"Fond vert fonc\u00e9 avec texte blanc en fran\u00e7ais : \u00ab Compl\u00e9ments alimentaires sans plastique \u00bb. Logo Ateous dans le coin inf\u00e9rieur.\" src=\"https:\/\/m.media-amazon.com\/images\/S\/aplus-media-library-service-media\/751ab21a-33b7-4df6-80b1-de2200577994.__CR0,0,1464,625_PT0_SX1464_V1___.jpg\">  <\/p>\n<p>                                              <img decoding=\"async\" alt=\"\" src=\"https:\/\/images-na.ssl-images-amazon.com\/images\/G\/01\/x-locale\/common\/grey-pixel.gif\" class=\"a-lazy-loaded\" data-src=\"https:\/\/m.media-amazon.com\/images\/S\/aplus-media-library-service-media\/fa2ea93f-6a39-4e70-a5a9-ca1cb33f8a34.__CR0,0,315,145_PT0_SX315_V1___.png\"><img decoding=\"async\" alt=\"\" src=\"https:\/\/m.media-amazon.com\/images\/S\/aplus-media-library-service-media\/fa2ea93f-6a39-4e70-a5a9-ca1cb33f8a34.__CR0,0,315,145_PT0_SX315_V1___.png\">  <\/p>\n<p> Libres de Plastique <\/p>\n<p> Aldous est n\u00e9 avec la mission de sensibiliser \u00e0 l&#8217;impact du plastique sur notre sant\u00e9. \u00c9vitez l&#8217;ingestion involontaire de microplastiques, \u00e9vitez les produits en contact prolong\u00e9 avec le plastique. Votre sant\u00e9 est la priorit\u00e9. <\/p>\n<p>                                              <img decoding=\"async\" alt=\"vitamina c\" src=\"https:\/\/images-na.ssl-images-amazon.com\/images\/G\/01\/x-locale\/common\/grey-pixel.gif\" class=\"a-lazy-loaded\" data-src=\"https:\/\/m.media-amazon.com\/images\/S\/aplus-media-library-service-media\/1ebe40b5-df92-4aba-8a75-0ec00523d172.__CR0,0,362,453_PT0_SX362_V1___.png\"><img decoding=\"async\" alt=\"vitamina c\" src=\"https:\/\/m.media-amazon.com\/images\/S\/aplus-media-library-service-media\/1ebe40b5-df92-4aba-8a75-0ec00523d172.__CR0,0,362,453_PT0_SX362_V1___.png\">  <\/p>\n<h3> Achet\u00e9s Ensemble <\/h3>\n<p class=\"apm-brand-story-stores-link\">\n<p>                                              <img decoding=\"async\" alt=\"\" src=\"https:\/\/images-na.ssl-images-amazon.com\/images\/G\/01\/x-locale\/common\/grey-pixel.gif\" class=\"a-lazy-loaded\" data-src=\"https:\/\/m.media-amazon.com\/images\/S\/aplus-media-library-service-media\/ae099fec-00a4-4591-a405-28257733d496.__CR0,0,315,145_PT0_SX315_V1___.png\"><img decoding=\"async\" alt=\"\" src=\"https:\/\/m.media-amazon.com\/images\/S\/aplus-media-library-service-media\/ae099fec-00a4-4591-a405-28257733d496.__CR0,0,315,145_PT0_SX315_V1___.png\">  <\/p>\n<p> Lib\u00e8re ta meilleure version. En toi r\u00e9side tout le potentiel de l&#8217;univers. Les produits Aldous sont le catalyseur dont tu as besoin pour lib\u00e9rer ta meilleure version. Honn\u00eates, Durables, Sans plastique. <\/p>\n<p>                                              <img decoding=\"async\" alt=\"libre de plastico\" src=\"https:\/\/images-na.ssl-images-amazon.com\/images\/G\/01\/x-locale\/common\/grey-pixel.gif\" class=\"a-lazy-loaded\" data-src=\"https:\/\/m.media-amazon.com\/images\/S\/aplus-media-library-service-media\/e42666fe-350b-4984-9b9d-f40b0fb0566f.__CR0,0,362,453_PT0_SX362_V1___.jpg\"><img decoding=\"async\" alt=\"libre de plastico\" src=\"https:\/\/m.media-amazon.com\/images\/S\/aplus-media-library-service-media\/e42666fe-350b-4984-9b9d-f40b0fb0566f.__CR0,0,362,453_PT0_SX362_V1___.jpg\">  <\/p>\n<h3> Nouveaux Lancements <\/h3>\n<p class=\"apm-brand-story-stores-link\">\n<h3> Gummies <\/h3>\n<p class=\"apm-brand-story-stores-link\">\n<p>                                              <img decoding=\"async\" alt=\"\" src=\"https:\/\/images-na.ssl-images-amazon.com\/images\/G\/01\/x-locale\/common\/grey-pixel.gif\" class=\"a-lazy-loaded\" data-src=\"https:\/\/m.media-amazon.com\/images\/S\/aplus-media-library-service-media\/72f6a702-cea5-4f1e-8a08-3207c4d20d01.__CR0,0,362,453_PT0_SX362_V1___.jpg\"><img decoding=\"async\" alt=\"\" src=\"https:\/\/m.media-amazon.com\/images\/S\/aplus-media-library-service-media\/72f6a702-cea5-4f1e-8a08-3207c4d20d01.__CR0,0,362,453_PT0_SX362_V1___.jpg\">  <\/p>\n<h3> Investis dans ta Sant\u00e9 <\/h3>\n<h3> Meilleures ventes <\/h3>\n<p class=\"apm-brand-story-stores-link\">\n<p>                                              <img decoding=\"async\" alt=\"\" src=\"https:\/\/images-na.ssl-images-amazon.com\/images\/G\/01\/x-locale\/common\/grey-pixel.gif\" class=\"a-lazy-loaded\" data-src=\"https:\/\/m.media-amazon.com\/images\/S\/aplus-media-library-service-media\/7a717aa2-3267-437a-9f90-6c9c4ff2596e.__CR0,0,315,145_PT0_SX315_V1___.png\"><img decoding=\"async\" alt=\"\" src=\"https:\/\/m.media-amazon.com\/images\/S\/aplus-media-library-service-media\/7a717aa2-3267-437a-9f90-6c9c4ff2596e.__CR0,0,315,145_PT0_SX315_V1___.png\">  <\/p>\n<p> Marque la plus appr\u00e9ci\u00e9e. Nous prenons soin de nos formulations, nous prenons soin de nos mati\u00e8res premi\u00e8res, nous prenons soin du design de nos produits, nous prenons soin de chaque d\u00e9tail. Nous voulons que tu sois fier de nous. <\/p>\n<p>                                              <img decoding=\"async\" alt=\"Photographie de studio montrant une beaut\u00e9 minimaliste prise sur un fond clair, mettant l&amp;#39;accent sur les bijoux et les effets de lumi\u00e8re naturelle.\" src=\"https:\/\/images-na.ssl-images-amazon.com\/images\/G\/01\/x-locale\/common\/grey-pixel.gif\" class=\"a-lazy-loaded\" data-src=\"https:\/\/m.media-amazon.com\/images\/S\/aplus-media-library-service-media\/18882b74-5cfb-48d5-8e4c-be11818375b6.__CR0,0,362,453_PT0_SX362_V1___.png\"><img decoding=\"async\" alt=\"Photographie de studio montrant une beaut\u00e9 minimaliste prise sur un fond clair, mettant l&amp;#39;accent sur les bijoux et les effets de lumi\u00e8re naturelle.\" src=\"https:\/\/m.media-amazon.com\/images\/S\/aplus-media-library-service-media\/18882b74-5cfb-48d5-8e4c-be11818375b6.__CR0,0,362,453_PT0_SX362_V1___.png\">  <\/p>\n<p>                                              <img decoding=\"async\" alt=\"\" src=\"https:\/\/images-na.ssl-images-amazon.com\/images\/G\/01\/x-locale\/common\/grey-pixel.gif\" class=\"a-lazy-loaded\" data-src=\"https:\/\/m.media-amazon.com\/images\/S\/aplus-media-library-service-media\/f3da969b-cbb3-471c-b8aa-fc44abebd1fd.__CR0,0,315,145_PT0_SX315_V1___.png\"><img decoding=\"async\" alt=\"\" src=\"https:\/\/m.media-amazon.com\/images\/S\/aplus-media-library-service-media\/f3da969b-cbb3-471c-b8aa-fc44abebd1fd.__CR0,0,315,145_PT0_SX315_V1___.png\">  <\/p>\n<p> Format durable. <\/p>\n<p> Avec nos formats plus grands, tu r\u00e9duiras les exp\u00e9ditions, \u00e9viteras les \u00e9missions de CO2 et ne consommeras aucun plastique. Engag\u00e9s honn\u00eatement envers la plan\u00e8te. <\/p>\n<h3> Aldous Bio <\/h3>\n<p class=\"apm-brand-story-stores-link\">\n<p>                                              <img decoding=\"async\" alt=\"Figure athl\u00e9tique en tenue de sport fonc\u00e9e sur fond noir, captur\u00e9e en position de course dynamique avec les bras \u00e9tendus.\" src=\"https:\/\/images-na.ssl-images-amazon.com\/images\/G\/01\/x-locale\/common\/grey-pixel.gif\" class=\"a-lazy-loaded\" data-src=\"https:\/\/m.media-amazon.com\/images\/S\/aplus-media-library-service-media\/895d559d-90c9-4918-bb14-c259152f4ed4.__CR0,0,362,453_PT0_SX362_V1___.png\"><img decoding=\"async\" alt=\"Figure athl\u00e9tique en tenue de sport fonc\u00e9e sur fond noir, captur\u00e9e en position de course dynamique avec les bras \u00e9tendus.\" src=\"https:\/\/m.media-amazon.com\/images\/S\/aplus-media-library-service-media\/895d559d-90c9-4918-bb14-c259152f4ed4.__CR0,0,362,453_PT0_SX362_V1___.png\">  <\/p>\n<p> Product Dimensions                                            \u200f                                            :                                            \u200e                                            8.5 x 8.5 x 10.25 cm; 197.5 g   <br \/> Manufacturer                                            \u200f                                            :                                            \u200e                                            Bio Unicorn SL   <br \/> ASIN                                            \u200f                                            :                                            \u200e                                            B09KZXKXX5   <br \/> Item model number                                            \u200f                                            :                                            \u200e                                            ALD-MEL-250-1.9MG   <br \/> Country of origin                                            \u200f                                            :                                            \u200e                                            Spain   <br \/>  Customer reviews:                                                                                            4.1               4.1 out of 5 stars                                  (796)                                              var dpAcrHasRegisteredArcLinkClickAction;                    P.when(&#8216;A&#8217;, &#8216;ready&#8217;).execute(function(A) {                        if (dpAcrHasRegisteredArcLinkClickAction !== true) {                            dpAcrHasRegisteredArcLinkClickAction = true;                            A.declarative(                                &#8216;acrLink-click-metrics&#8217;, &#8216;click&#8217;,                                { &#8220;allowLinkDefault&#8221;: true },                                function (event) {                                    if (window.ue) {                                        ue.count(&#8220;acrLinkClickCount&#8221;, (ue.count(&#8220;acrLinkClickCount&#8221;) || 0) + 1);                                    }                                }                            );                        }                    });                                             P.when(&#8216;A&#8217;, &#8216;cf&#8217;).execute(function(A) {                A.declarative(&#8216;acrStarsLink-click-metrics&#8217;, &#8216;click&#8217;, { &#8220;allowLinkDefault&#8221; : true },  function(event){                    if(window.ue) {                        ue.count(&#8220;acrStarsLinkWithPopoverClickCount&#8221;, (ue.count(&#8220;acrStarsLinkWithPopoverClickCount&#8221;) || 0) + 1);                    }                });            });                          <br \/>MELATONIN CAPSULES, DEEP SLEEP FOR 250 NIGHTS &#8211; Our Melatonin formula with 5HTP, magnesium, valerian and vitamin B6 is a supplement to improve sleep. Melatonin Complex 1.9 mg to promote fast and deep sleep, wake up with more energy for more than 8 months; With 5-HTP to allow the synthesis of serotonin, magnesium and vitamin B6 to contribute to the proper functioning of the nervous system and reduce fatigue and stress.<br \/>\u2b50 COMPLEX MELATONIN WITH THE NATURAL TASTE OF VALERIAN &#8211; Formula with griffonia extract 100mg containing 10mg of 5-HTP, melatonin 1.9 mg, vitamin B6 1.40 mg, 56.25 mg magnesium and 20 mg valerian. The combination of melatonin with valerian and 5HTP is more effective than other natural products such as sleeping pills and passionflower. With only one capsule per day, you benefit from the recommended dose, which makes it easier to take it daily.<br \/>250 MELATONIN CAPSULES TO REDUCE STRESS &#8211; Natural Melatonin, combined with 5-HTP and Vitamin B6, facilitates the synthesis of natural Serotonin. Known as the happiness hormone, it is fundamental to mood regulation, relaxation and peace of mind. Can relieve stress or irritability. Magnesium and Valerian act as a natural calming agent on the nervous system, relieving nervous and muscle tension.<br \/>\ud83c\udf41 FREE OF MAGNESIUM STEARATE OR SILICIUM DIOXIDE &#8211; Melatonin Aldous is produced without GMOs, sweeteners and flavors masking the characteristic smell of pure Valerian. In addition, our vegetable capsule format allows maximum assimilation and easy digestion of the product. Gluten, lactose, magnesium stearate and silicon dioxide supplement. Suitable for vegans.<br \/>Avoid unintentional ingestion of microplastics by consuming melatonin \u2013 food in prolonged contact with plastic packaging may release substances such as bisphenol A and phthalates, which can contaminate packaged foods. By choosing Aldous Bio plastic-free food supplements, you will avoid the involuntary ingestion of microplastics and actively contribute to the preservation of the planet.<\/p>\n\n","protected":false},"excerpt":{"rendered":"<p> From the brand Libres de Plastique Aldous est n\u00e9 avec la mission de sensibiliser \u00e0 l&#8217;impact du plastique sur notre sant\u00e9. \u00c9vitez l&#8217;ingestion involontaire de microplastiques, \u00e9vitez les produits en contact prolong\u00e9 avec le plastique. Votre sant\u00e9 est la priorit\u00e9. Achet\u00e9s Ensemble Lib\u00e8re ta meilleure version. En toi r\u00e9side tout [&hellip;]<\/p>\n","protected":false},"featured_media":22039,"comment_status":"open","ping_status":"closed","template":"","meta":{"_gspb_post_css":"","om_disable_all_campaigns":false,"_monsterinsights_skip_tracking":false,"_monsterinsights_sitenote_active":false,"_monsterinsights_sitenote_note":"","_monsterinsights_sitenote_category":0},"store":[],"product_brand":[],"product_cat":[150],"product_tag":[840,2787,198,263,938,2905,287,429,1494,350,405,5708,505,178],"class_list":{"0":"post-22038","1":"product","2":"type-product","3":"status-publish","4":"has-post-thumbnail","6":"product_cat-anti-stress-adaptogenes","7":"product_tag-5htp","8":"product_tag-aldous","9":"product_tag-capsules","10":"product_tag-free","11":"product_tag-gmos","12":"product_tag-insomnia","13":"product_tag-magnesium","14":"product_tag-melatonin","15":"product_tag-nights","16":"product_tag-plastic","17":"product_tag-sleep","18":"product_tag-sweeteners","19":"product_tag-valerian","20":"product_tag-vitamin","22":"first","23":"instock","24":"shipping-taxable","25":"product-type-simple"},"aioseo_notices":[],"jetpack_sharing_enabled":true,"_links":{"self":[{"href":"https:\/\/www.zolattitude.com\/index.php\/wp-json\/wp\/v2\/product\/22038","targetHints":{"allow":["GET"]}}],"collection":[{"href":"https:\/\/www.zolattitude.com\/index.php\/wp-json\/wp\/v2\/product"}],"about":[{"href":"https:\/\/www.zolattitude.com\/index.php\/wp-json\/wp\/v2\/types\/product"}],"replies":[{"embeddable":true,"href":"https:\/\/www.zolattitude.com\/index.php\/wp-json\/wp\/v2\/comments?post=22038"}],"wp:featuredmedia":[{"embeddable":true,"href":"https:\/\/www.zolattitude.com\/index.php\/wp-json\/wp\/v2\/media\/22039"}],"wp:attachment":[{"href":"https:\/\/www.zolattitude.com\/index.php\/wp-json\/wp\/v2\/media?parent=22038"}],"wp:term":[{"taxonomy":"store","embeddable":true,"href":"https:\/\/www.zolattitude.com\/index.php\/wp-json\/wp\/v2\/store?post=22038"},{"taxonomy":"product_brand","embeddable":true,"href":"https:\/\/www.zolattitude.com\/index.php\/wp-json\/wp\/v2\/product_brand?post=22038"},{"taxonomy":"product_cat","embeddable":true,"href":"https:\/\/www.zolattitude.com\/index.php\/wp-json\/wp\/v2\/product_cat?post=22038"},{"taxonomy":"product_tag","embeddable":true,"href":"https:\/\/www.zolattitude.com\/index.php\/wp-json\/wp\/v2\/product_tag?post=22038"}],"curies":[{"name":"wp","href":"https:\/\/api.w.org\/{rel}","templated":true}]}}