{"id":22213,"date":"2026-02-22T22:58:19","date_gmt":"2026-02-22T22:58:19","guid":{"rendered":"https:\/\/www.zolattitude.com\/index.php\/product\/novoma-hair-formula-growth-fortification-food-supplement-with-biotin-keratin-selenium-zinc-arugula-1-month-cure-60-vegan-capsules-made-in-france\/"},"modified":"2026-02-22T22:58:19","modified_gmt":"2026-02-22T22:58:19","slug":"novoma-hair-formula-growth-fortification-food-supplement-with-biotin-keratin-selenium-zinc-arugula-1-month-cure-60-vegan-capsules-made-in-france","status":"publish","type":"product","link":"https:\/\/www.zolattitude.com\/index.php\/product\/novoma-hair-formula-growth-fortification-food-supplement-with-biotin-keratin-selenium-zinc-arugula-1-month-cure-60-vegan-capsules-made-in-france\/","title":{"rendered":"NOVOMA Hair Formula, Growth &#038; Fortification, Food Supplement with Biotin, Keratin, Selenium, Zinc &#038; Arugula, 1 Month Cure, 60 Vegan Capsules, Made in France"},"content":{"rendered":"<p>Price: <span style=\"color:#b12704\"><\/span><br \/><i><small>(as of  &#8211; <span class=\"wp_automatic_amazon_disclaimer\" title=\"Product prices and availability are accurate as of the date\/time indicated and are subject to change. Any price and availability information displayed on [relevant Amazon Site(s), as applicable] at the time of purchase will apply to the purchase of this product.\">Details<\/span>)<\/small><\/i><br \/><a href=\"https:\/\/amazon.fr\/dp\/B0CPQ3YFK4?tag=onamzmoukoubl-21\"><img decoding=\"async\" src=\"https:\/\/valvepress.s3.amazonaws.com\/imgs\/buy_now.png\"><\/a><br \/>\n<\/p>\n<p>                                             From the brand   <\/p>\n<p>                                              <img decoding=\"async\" alt=\"\" src=\"https:\/\/images-na.ssl-images-amazon.com\/images\/G\/01\/x-locale\/common\/grey-pixel.gif\" class=\"a-lazy-loaded\" data-src=\"https:\/\/m.media-amazon.com\/images\/S\/aplus-media-library-service-media\/1febfa77-f85e-4bf7-9065-ebf3dad7a1ca.__CR1,0,2195,937_PT0_SX1464_V1___.jpg\"><img decoding=\"async\" alt=\"\" src=\"https:\/\/m.media-amazon.com\/images\/S\/aplus-media-library-service-media\/1febfa77-f85e-4bf7-9065-ebf3dad7a1ca.__CR1,0,2195,937_PT0_SX1464_V1___.jpg\">  <\/p>\n<p>                                              <img decoding=\"async\" alt=\"Deux hommes en tenue de travail avec un texte en fran\u00e7ais d\u00e9crivant leur engagement envers des formules innovantes pour atteindre des objectifs de bien-\u00eatre.\" src=\"https:\/\/images-na.ssl-images-amazon.com\/images\/G\/01\/x-locale\/common\/grey-pixel.gif\" class=\"a-lazy-loaded\" data-src=\"https:\/\/m.media-amazon.com\/images\/S\/aplus-media-library-service-media\/c31d78b7-882a-40b5-b815-4bccc0d466e9.__CR0,0,1620,2027_PT0_SX362_V1___.jpg\"><img decoding=\"async\" alt=\"Deux hommes en tenue de travail avec un texte en fran\u00e7ais d\u00e9crivant leur engagement envers des formules innovantes pour atteindre des objectifs de bien-\u00eatre.\" src=\"https:\/\/m.media-amazon.com\/images\/S\/aplus-media-library-service-media\/c31d78b7-882a-40b5-b815-4bccc0d466e9.__CR0,0,1620,2027_PT0_SX362_V1___.jpg\">  <\/p>\n<p>                                              <img decoding=\"async\" alt=\"une femme tenant une bouteille de vitamine D\" src=\"https:\/\/images-na.ssl-images-amazon.com\/images\/G\/01\/x-locale\/common\/grey-pixel.gif\" class=\"a-lazy-loaded\" data-src=\"https:\/\/m.media-amazon.com\/images\/S\/aplus-media-library-service-media\/33ad66f4-cbcf-4483-8f94-eeb14ff99c62.__CR0,0,543,680_PT0_SX362_V1___.jpg\"><img decoding=\"async\" alt=\"une femme tenant une bouteille de vitamine D\" src=\"https:\/\/m.media-amazon.com\/images\/S\/aplus-media-library-service-media\/33ad66f4-cbcf-4483-8f94-eeb14ff99c62.__CR0,0,543,680_PT0_SX362_V1___.jpg\">  <\/p>\n<h3> Tonus &amp; Vitalit\u00e9 <\/h3>\n<p class=\"apm-brand-story-stores-link\">\n<p>                                              <img decoding=\"async\" alt=\"une bouteille de vitamine C\" src=\"https:\/\/images-na.ssl-images-amazon.com\/images\/G\/01\/x-locale\/common\/grey-pixel.gif\" class=\"a-lazy-loaded\" data-src=\"https:\/\/m.media-amazon.com\/images\/S\/aplus-media-library-service-media\/a76fa9e7-849d-431e-9da4-11f413bee04c.__CR0,0,543,680_PT0_SX362_V1___.jpg\"><img decoding=\"async\" alt=\"une bouteille de vitamine C\" src=\"https:\/\/m.media-amazon.com\/images\/S\/aplus-media-library-service-media\/a76fa9e7-849d-431e-9da4-11f413bee04c.__CR0,0,543,680_PT0_SX362_V1___.jpg\">  <\/p>\n<h3> D\u00e9fenses immunitaires <\/h3>\n<p class=\"apm-brand-story-stores-link\">\n<p>                                              <img decoding=\"async\" alt=\"un couple dans la cuisine avec une tasse de caf\u00e9\" src=\"https:\/\/images-na.ssl-images-amazon.com\/images\/G\/01\/x-locale\/common\/grey-pixel.gif\" class=\"a-lazy-loaded\" data-src=\"https:\/\/m.media-amazon.com\/images\/S\/aplus-media-library-service-media\/b2b5b8e7-1687-4334-b654-bf37dbf2a43f.__CR0,0,543,680_PT0_SX362_V1___.jpg\"><img decoding=\"async\" alt=\"un couple dans la cuisine avec une tasse de caf\u00e9\" src=\"https:\/\/m.media-amazon.com\/images\/S\/aplus-media-library-service-media\/b2b5b8e7-1687-4334-b654-bf37dbf2a43f.__CR0,0,543,680_PT0_SX362_V1___.jpg\">  <\/p>\n<h3> Peau, cheveux &amp; ongles <\/h3>\n<p class=\"apm-brand-story-stores-link\">\n<p>                                              <img decoding=\"async\" alt=\"une bouteille de collag\u00e8ne et de vitamine E\" src=\"https:\/\/images-na.ssl-images-amazon.com\/images\/G\/01\/x-locale\/common\/grey-pixel.gif\" class=\"a-lazy-loaded\" data-src=\"https:\/\/m.media-amazon.com\/images\/S\/aplus-media-library-service-media\/86912d6e-3a2d-42be-a8c0-e07ab4c4df1c.__CR0,0,543,680_PT0_SX362_V1___.jpg\"><img decoding=\"async\" alt=\"une bouteille de collag\u00e8ne et de vitamine E\" src=\"https:\/\/m.media-amazon.com\/images\/S\/aplus-media-library-service-media\/86912d6e-3a2d-42be-a8c0-e07ab4c4df1c.__CR0,0,543,680_PT0_SX362_V1___.jpg\">  <\/p>\n<p>                                              <img decoding=\"async\" alt=\"homme ouvrant une bouteille d&amp;#39;huile essentielle\" src=\"https:\/\/images-na.ssl-images-amazon.com\/images\/G\/01\/x-locale\/common\/grey-pixel.gif\" class=\"a-lazy-loaded\" data-src=\"https:\/\/m.media-amazon.com\/images\/S\/aplus-media-library-service-media\/ffe864b4-ba24-4c74-b806-4b219bb58293.__CR0,0,543,680_PT0_SX362_V1___.jpg\"><img decoding=\"async\" alt=\"homme ouvrant une bouteille d&amp;#39;huile essentielle\" src=\"https:\/\/m.media-amazon.com\/images\/S\/aplus-media-library-service-media\/ffe864b4-ba24-4c74-b806-4b219bb58293.__CR0,0,543,680_PT0_SX362_V1___.jpg\">  <\/p>\n<p> Package Dimensions                                            \u200f                                            :                                            \u200e                                            10.2 x 4.6 x 4.4 cm; 50 g   <br \/> Manufacturer                                            \u200f                                            :                                            \u200e                                            NOVOMA   <br \/> ASIN                                            \u200f                                            :                                            \u200e                                            B0CPQ3YFK4   <br \/> Item model number                                            \u200f                                            :                                            \u200e                                            NOVO-11485   <br \/> Country of origin                                            \u200f                                            :                                            \u200e                                            France   <br \/>  Customer reviews:                                                                                            4.4               4.4 out of 5 stars                                  (3,565)                                              var dpAcrHasRegisteredArcLinkClickAction;                    P.when(&#8216;A&#8217;, &#8216;ready&#8217;).execute(function(A) {                        if (dpAcrHasRegisteredArcLinkClickAction !== true) {                            dpAcrHasRegisteredArcLinkClickAction = true;                            A.declarative(                                &#8216;acrLink-click-metrics&#8217;, &#8216;click&#8217;,                                { &#8220;allowLinkDefault&#8221;: true },                                function (event) {                                    if (window.ue) {                                        ue.count(&#8220;acrLinkClickCount&#8221;, (ue.count(&#8220;acrLinkClickCount&#8221;) || 0) + 1);                                    }                                }                            );                        }                    });                                             P.when(&#8216;A&#8217;, &#8216;cf&#8217;).execute(function(A) {                A.declarative(&#8216;acrStarsLink-click-metrics&#8217;, &#8216;click&#8217;, { &#8220;allowLinkDefault&#8221; : true },  function(event){                    if(window.ue) {                        ue.count(&#8220;acrStarsLinkWithPopoverClickCount&#8221;, (ue.count(&#8220;acrStarsLinkWithPopoverClickCount&#8221;) || 0) + 1);                    }                });            });                          <br \/>PATENTED KERATIN. Our exclusive active ingredient, Cynatine HNS (Hair-Nail-Skin), is a patented keratin 100% pure and natural, recognized for its high bioavailability and effectiveness on hair growth.<br \/>COMPLETE FORMULA. Our Hair Formula combines 7 carefully selected ingredients for hair health: keratin, biotin, arginine, zinc, selenium, arugula and blueberry.<br \/>HAIR GROWTH &#038; FORTIFICATION. Our innovative formula strengthens hair fibres and promotes hair growth while limiting hair loss. So it&#8217;s ideal for helping you have stronger, shinier and visibly healthier hair.<br \/>1 MONTH OF CURE. In order to enjoy the many benefits of our Hair Formula, you just need to take 2 capsules a day. Our bottle, with its 60 capsules, allows you to carry out a course of one month.<br \/>DESIGNED AND MADE IN FRANCE. All food supplements in the NOVOMA range are designed and manufactured in France. This product is certified non-GMO, gluten-free, additive and compressive agents. It is suitable for vegans.<\/p>\n\n","protected":false},"excerpt":{"rendered":"<p> From the brand Tonus &amp; Vitalit\u00e9 D\u00e9fenses immunitaires Peau, cheveux &amp; ongles Package Dimensions \u200f : \u200e 10.2 x 4.6 x 4.4 cm; 50 g Manufacturer \u200f : \u200e NOVOMA ASIN \u200f : \u200e B0CPQ3YFK4 Item model number \u200f : \u200e NOVO-11485 Country of origin \u200f : \u200e France Customer [&hellip;]<\/p>\n","protected":false},"featured_media":22214,"comment_status":"open","ping_status":"closed","template":"","meta":{"_gspb_post_css":"","om_disable_all_campaigns":false,"_monsterinsights_skip_tracking":false,"_monsterinsights_sitenote_active":false,"_monsterinsights_sitenote_note":"","_monsterinsights_sitenote_category":0},"store":[],"product_brand":[],"product_cat":[152],"product_tag":[4141,170,198,196,199,543,3083,201,194,175,171,191,203,192,200,261,172],"class_list":{"0":"post-22213","1":"product","2":"type-product","3":"status-publish","4":"has-post-thumbnail","6":"product_cat-magnesium-marin","7":"product_tag-arugula","8":"product_tag-biotin","9":"product_tag-capsules","10":"product_tag-cure","11":"product_tag-food","12":"product_tag-formula","13":"product_tag-fortification","14":"product_tag-france","15":"product_tag-growth","16":"product_tag-hair","17":"product_tag-keratin","18":"product_tag-month","19":"product_tag-novoma","20":"product_tag-selenium","21":"product_tag-supplement","22":"product_tag-vegan","23":"product_tag-zinc","25":"first","26":"instock","27":"shipping-taxable","28":"product-type-simple"},"aioseo_notices":[],"jetpack_sharing_enabled":true,"_links":{"self":[{"href":"https:\/\/www.zolattitude.com\/index.php\/wp-json\/wp\/v2\/product\/22213","targetHints":{"allow":["GET"]}}],"collection":[{"href":"https:\/\/www.zolattitude.com\/index.php\/wp-json\/wp\/v2\/product"}],"about":[{"href":"https:\/\/www.zolattitude.com\/index.php\/wp-json\/wp\/v2\/types\/product"}],"replies":[{"embeddable":true,"href":"https:\/\/www.zolattitude.com\/index.php\/wp-json\/wp\/v2\/comments?post=22213"}],"wp:featuredmedia":[{"embeddable":true,"href":"https:\/\/www.zolattitude.com\/index.php\/wp-json\/wp\/v2\/media\/22214"}],"wp:attachment":[{"href":"https:\/\/www.zolattitude.com\/index.php\/wp-json\/wp\/v2\/media?parent=22213"}],"wp:term":[{"taxonomy":"store","embeddable":true,"href":"https:\/\/www.zolattitude.com\/index.php\/wp-json\/wp\/v2\/store?post=22213"},{"taxonomy":"product_brand","embeddable":true,"href":"https:\/\/www.zolattitude.com\/index.php\/wp-json\/wp\/v2\/product_brand?post=22213"},{"taxonomy":"product_cat","embeddable":true,"href":"https:\/\/www.zolattitude.com\/index.php\/wp-json\/wp\/v2\/product_cat?post=22213"},{"taxonomy":"product_tag","embeddable":true,"href":"https:\/\/www.zolattitude.com\/index.php\/wp-json\/wp\/v2\/product_tag?post=22213"}],"curies":[{"name":"wp","href":"https:\/\/api.w.org\/{rel}","templated":true}]}}