{"id":22295,"date":"2026-02-23T22:25:25","date_gmt":"2026-02-23T22:25:25","guid":{"rendered":"https:\/\/www.zolattitude.com\/index.php\/product\/inolab-multi-joint-collagen-ovomet-elastin-hyaluronic-acid-turmeric-turmacin-boswellia-serrata-mobility-joint-comfort-cartilage-muscles-1-month-100-vegetarian\/"},"modified":"2026-02-23T22:25:34","modified_gmt":"2026-02-23T22:25:34","slug":"inolab-multi-joint-collagen-ovomet-elastin-hyaluronic-acid-turmeric-turmacin-boswellia-serrata-mobility-joint-comfort-cartilage-muscles-1-month-100-vegetarian","status":"publish","type":"product","link":"https:\/\/www.zolattitude.com\/index.php\/product\/inolab-multi-joint-collagen-ovomet-elastin-hyaluronic-acid-turmeric-turmacin-boswellia-serrata-mobility-joint-comfort-cartilage-muscles-1-month-100-vegetarian\/","title":{"rendered":"INOLAB | Multi Joint Collagen (Ovomet Elastin &#038; Hyaluronic Acid, Turmeric Turmacin, Boswellia Serrata) | Mobility &#8211; Joint Comfort &#8211; Cartilage &#8211; Muscles | 1 Month | 100% Vegetarian"},"content":{"rendered":"<p>Price: <span style=\"color:#b12704\">\u20ac24.95<\/span><br \/><i><small>(as of Feb 23, 2026 22:25:25 UTC &#8211; <span class=\"wp_automatic_amazon_disclaimer\" title=\"Product prices and availability are accurate as of the date\/time indicated and are subject to change. Any price and availability information displayed on [relevant Amazon Site(s), as applicable] at the time of purchase will apply to the purchase of this product.\">Details<\/span>)<\/small><\/i><br \/><a href=\"https:\/\/amazon.fr\/dp\/B0983YCM9N?tag=onamzmoukoubl-21\"><img decoding=\"async\" src=\"https:\/\/valvepress.s3.amazonaws.com\/imgs\/buy_now.png\"><\/a><br \/>\n<\/p>\n<p>                                             Product Description   <\/p>\n<p>                                                                                                       <img decoding=\"async\" alt=\"aplus content image\" src=\"https:\/\/images-na.ssl-images-amazon.com\/images\/G\/01\/x-locale\/common\/grey-pixel.gif\" class=\"a-lazy-loaded\" data-src=\"https:\/\/m.media-amazon.com\/images\/S\/aplus-media-library-service-media\/0d621300-778a-48b2-9332-0a4d47aee559.__CR0,0,1464,600_PT0_SX1464_V1___.png\"><img decoding=\"async\" alt=\"aplus content image\" src=\"https:\/\/m.media-amazon.com\/images\/S\/aplus-media-library-service-media\/0d621300-778a-48b2-9332-0a4d47aee559.__CR0,0,1464,600_PT0_SX1464_V1___.png\">                                               <\/p>\n<p>                                                                                                              <img decoding=\"async\" alt=\"aplus content image\" src=\"https:\/\/m.media-amazon.com\/images\/S\/aplus-media-library-service-media\/25122905-a38b-44d6-9636-8629fa6a1825.__CR0,0,1464,600_PT0_SX1464_V1___.png\">                                                    <img decoding=\"async\" alt=\"Emballage du produit de couleur claire ou carte pr\u00e9sent\u00e9e sous diff\u00e9rents angles.\" src=\"https:\/\/m.media-amazon.com\/images\/S\/aplus-media-library-service-media\/d6dd993b-d445-490b-b82a-7b322baa89ab.__CR0,0,1464,600_PT0_SX1464_V1___.png\"><br \/>\n                            1 Formules et bienfaits <\/p>\n<p>                            2 Les + de Flexiform <\/p>\n<p>                                                                                                              <img decoding=\"async\" alt=\"aplus content image\" src=\"https:\/\/m.media-amazon.com\/images\/S\/aplus-media-library-service-media\/8820691d-72d3-4bbe-acb6-d2ff92a8654a.__CR0,0,1464,600_PT0_SX1464_V1___.png\">                                                    <img decoding=\"async\" alt=\"Ic\u00f4nes des caract\u00e9ristiques du produit montrant les avantages : symboles doux pour la peau, respectueux de l&amp;#39;environnement, faciles \u00e0 utiliser, compatibles et partageables dans les couleurs p\u00eache, vert et gris.\" src=\"https:\/\/m.media-amazon.com\/images\/S\/aplus-media-library-service-media\/0fd6470d-8cbc-4d94-9927-30ec2c587314.__CR0,0,1464,600_PT0_SX1464_V1___.png\"><br \/>\n                            1 Utilisation <\/p>\n<p>                            2 Nos engagements <\/p>\n<p>                                                                                                       <img decoding=\"async\" alt=\"aplus content image\" src=\"https:\/\/images-na.ssl-images-amazon.com\/images\/G\/01\/x-locale\/common\/grey-pixel.gif\" class=\"a-lazy-loaded\" data-src=\"https:\/\/m.media-amazon.com\/images\/S\/aplus-media-library-service-media\/b03b81c4-a1b6-42b4-8d13-67aef9e0a786.__CR0,0,1464,600_PT0_SX1464_V1___.png\"><img decoding=\"async\" alt=\"aplus content image\" src=\"https:\/\/m.media-amazon.com\/images\/S\/aplus-media-library-service-media\/b03b81c4-a1b6-42b4-8d13-67aef9e0a786.__CR0,0,1464,600_PT0_SX1464_V1___.png\">                                               <\/p>\n<p>The video showcases the product in use.The video guides you through product setup.The video compares multiple products.The video shows the product being unpacked. Flexiform by INOLAB Merchant video<\/p>\n<p>                                                                                                       <img decoding=\"async\" alt=\"Le texte indique \u00ab ROXKING \u00bb. S\u00e9rie d&amp;#39;images de produits montrant des \u00e9couteurs sans fil en blanc, avec \u00e9tui de chargement et plusieurs tailles d&amp;#39;embouts. Produit pr\u00e9sent\u00e9 sous diff\u00e9rents angles avec sp\u00e9cifications techniques.\" src=\"https:\/\/images-na.ssl-images-amazon.com\/images\/G\/01\/x-locale\/common\/grey-pixel.gif\" class=\"a-lazy-loaded\" data-src=\"https:\/\/m.media-amazon.com\/images\/S\/aplus-media-library-service-media\/7ce1eb02-4110-4e82-ba20-5e7577599c8e.__CR0,0,1464,600_PT0_SX1464_V1___.png\"><img decoding=\"async\" alt=\"Le texte indique \u00ab ROXKING \u00bb. S\u00e9rie d&amp;#39;images de produits montrant des \u00e9couteurs sans fil en blanc, avec \u00e9tui de chargement et plusieurs tailles d&amp;#39;embouts. Produit pr\u00e9sent\u00e9 sous diff\u00e9rents angles avec sp\u00e9cifications techniques.\" src=\"https:\/\/m.media-amazon.com\/images\/S\/aplus-media-library-service-media\/7ce1eb02-4110-4e82-ba20-5e7577599c8e.__CR0,0,1464,600_PT0_SX1464_V1___.png\">                                               <\/p>\n<p> Product Dimensions                                            \u200f                                            :                                            \u200e                                            12 x 2 x 130 cm; 30 g   <br \/> Manufacturer                                            \u200f                                            :                                            \u200e                                            INOLAB Laboratoire   <br \/> ASIN                                            \u200f                                            :                                            \u200e                                            B0983YCM9N   <br \/> Country of origin                                            \u200f                                            :                                            \u200e                                            France   <br \/>  Customer reviews:                                                                                            4.5               4.5 out of 5 stars                                  (42)                                              var dpAcrHasRegisteredArcLinkClickAction;                    P.when(&#8216;A&#8217;, &#8216;ready&#8217;).execute(function(A) {                        if (dpAcrHasRegisteredArcLinkClickAction !== true) {                            dpAcrHasRegisteredArcLinkClickAction = true;                            A.declarative(                                &#8216;acrLink-click-metrics&#8217;, &#8216;click&#8217;,                                { &#8220;allowLinkDefault&#8221;: true },                                function (event) {                                    if (window.ue) {                                        ue.count(&#8220;acrLinkClickCount&#8221;, (ue.count(&#8220;acrLinkClickCount&#8221;) || 0) + 1);                                    }                                }                            );                        }                    });                                             P.when(&#8216;A&#8217;, &#8216;cf&#8217;).execute(function(A) {                A.declarative(&#8216;acrStarsLink-click-metrics&#8217;, &#8216;click&#8217;, { &#8220;allowLinkDefault&#8221; : true },  function(event){                    if(window.ue) {                        ue.count(&#8220;acrStarsLinkWithPopoverClickCount&#8221;, (ue.count(&#8220;acrStarsLinkWithPopoverClickCount&#8221;) || 0) + 1);                    }                });            });                          <br \/>COMPLEX 360\u00b0 JOINT COMPLEX &#8211; Flexiform combines 4 active ingredients (Ovomet egg collagen, turmeric Turmacin, boswellia serrata, acerola) to support mobility, flexibility and comfort of joints at any age. A complete formula that contributes to the well-being of your knees, hips, shoulders and all joints stressed on a daily basis.<br \/>PATENTED OVOMET EGG SHELL COLLAGEN \u2013 The Ovomet egg membrane (patented collagen source) provides multiple nutrients (collagen types I, V, X, hyaluronic acid, glucosamine, chondroitin, elastin, etc.) that participate in the normal functions of cartilage and tendons. Acerola natural vitamin C complements the formula by stimulating collagen production, contributing to cartilage and bone strength<br \/>PATENTED TURMACIN TURMACIN &#038; BOSWELLIA SERRATA \u2013 A plant synergy for joint comfort Turmeric Longha extract patented Turmacin, standardized to polysaccharides (not curcumin), and boswellia serrata resin are traditionally used to support joint comfort and contribute to joint flexibility. These two plants, well known in herbal medicine, support the needs related to the joints stressed and help promote good mobility on a daily basis.<br \/>Seniors &#038; Sports \u2013 Designed for seniors who want to preserve their mobility as well as for athletes who want to relieve and protect their stressed joints and tested muscles. For preventive use or as a post-workout recovery, FLEXIFORM helps you regain flexible joints, relaxed muscles and comfort of movement at any age.<br \/>French quality and 100% vegetarian \u2013 active ingredients of natural origin and 100% vegetarian formula. Ovomet, collagen from the egg membrane, is known for its very low dose efficacy (only 300 mg), thanks to its high bioavailability. For comparison, marine collagens \u2013 also excellent for skin and connective tissues \u2013 require an average of 5 g per day for an equivalent action on the joints. Vegetable capsules without animal gelatin. Made in France in a certified laboratory (GMP\/HACCP standards). Non-GMO, gluten free, artificial additives or dyes. 60 capsules = 30 days of program.<\/p>\n\n","protected":false},"excerpt":{"rendered":"<p> Product Description 1 Formules et bienfaits 2 Les + de Flexiform 1 Utilisation 2 Nos engagements The video showcases the product in use.The video guides you through product setup.The video compares multiple products.The video shows the product being unpacked. Flexiform by INOLAB Merchant video Product Dimensions \u200f : \u200e 12 [&hellip;]<\/p>\n","protected":false},"featured_media":22296,"comment_status":"open","ping_status":"closed","template":"","meta":{"_gspb_post_css":"","om_disable_all_campaigns":false,"_monsterinsights_skip_tracking":false,"_monsterinsights_sitenote_active":false,"_monsterinsights_sitenote_note":"","_monsterinsights_sitenote_category":0},"store":[],"product_brand":[],"product_cat":[137],"product_tag":[188,1441,1850,168,444,5113,187,1534,244,1551,191,182,1008,4612,3588,5764,935,1062],"class_list":{"0":"post-22295","1":"product","2":"type-product","3":"status-publish","4":"has-post-thumbnail","6":"product_cat-collagene-biotine","7":"product_tag-acid","8":"product_tag-boswellia","9":"product_tag-cartilage","10":"product_tag-collagen","11":"product_tag-comfort","12":"product_tag-elastin","13":"product_tag-hyaluronic","14":"product_tag-inolab","15":"product_tag-joint","16":"product_tag-mobility","17":"product_tag-month","18":"product_tag-multi","19":"product_tag-muscles","20":"product_tag-ovomet","21":"product_tag-serrata","22":"product_tag-turmacin","23":"product_tag-turmeric","24":"product_tag-vegetarian","26":"first","27":"instock","28":"shipping-taxable","29":"product-type-external"},"aioseo_notices":[],"jetpack_sharing_enabled":true,"_links":{"self":[{"href":"https:\/\/www.zolattitude.com\/index.php\/wp-json\/wp\/v2\/product\/22295","targetHints":{"allow":["GET"]}}],"collection":[{"href":"https:\/\/www.zolattitude.com\/index.php\/wp-json\/wp\/v2\/product"}],"about":[{"href":"https:\/\/www.zolattitude.com\/index.php\/wp-json\/wp\/v2\/types\/product"}],"replies":[{"embeddable":true,"href":"https:\/\/www.zolattitude.com\/index.php\/wp-json\/wp\/v2\/comments?post=22295"}],"wp:featuredmedia":[{"embeddable":true,"href":"https:\/\/www.zolattitude.com\/index.php\/wp-json\/wp\/v2\/media\/22296"}],"wp:attachment":[{"href":"https:\/\/www.zolattitude.com\/index.php\/wp-json\/wp\/v2\/media?parent=22295"}],"wp:term":[{"taxonomy":"store","embeddable":true,"href":"https:\/\/www.zolattitude.com\/index.php\/wp-json\/wp\/v2\/store?post=22295"},{"taxonomy":"product_brand","embeddable":true,"href":"https:\/\/www.zolattitude.com\/index.php\/wp-json\/wp\/v2\/product_brand?post=22295"},{"taxonomy":"product_cat","embeddable":true,"href":"https:\/\/www.zolattitude.com\/index.php\/wp-json\/wp\/v2\/product_cat?post=22295"},{"taxonomy":"product_tag","embeddable":true,"href":"https:\/\/www.zolattitude.com\/index.php\/wp-json\/wp\/v2\/product_tag?post=22295"}],"curies":[{"name":"wp","href":"https:\/\/api.w.org\/{rel}","templated":true}]}}