{"id":22315,"date":"2026-02-23T23:06:52","date_gmt":"2026-02-23T23:06:52","guid":{"rendered":"https:\/\/www.zolattitude.com\/index.php\/product\/dormir-sans-larmes-les-decouvertes-de-la-science-du-sommeil-de-0-a-6-ans\/"},"modified":"2026-02-23T23:06:52","modified_gmt":"2026-02-23T23:06:52","slug":"dormir-sans-larmes-les-decouvertes-de-la-science-du-sommeil-de-0-a-6-ans","status":"publish","type":"product","link":"https:\/\/www.zolattitude.com\/index.php\/product\/dormir-sans-larmes-les-decouvertes-de-la-science-du-sommeil-de-0-a-6-ans\/","title":{"rendered":"Dormir sans larmes &#8211; Les d\u00e9couvertes de la science du sommeil de 0 \u00e0 6 ans"},"content":{"rendered":"<p>Price: <span style=\"color:#b12704\">\u20ac8.10<\/span><br \/><i><small>(as of Feb 23, 2026 23:06:52 UTC &#8211; <span class=\"wp_automatic_amazon_disclaimer\" title=\"Product prices and availability are accurate as of the date\/time indicated and are subject to change. Any price and availability information displayed on [relevant Amazon Site(s), as applicable] at the time of purchase will apply to the purchase of this product.\">Details<\/span>)<\/small><\/i><br \/><a href=\"https:\/\/amazon.fr\/dp\/2493909569?tag=onamzmoukoubl-21\"><img decoding=\"async\" src=\"https:\/\/valvepress.s3.amazonaws.com\/imgs\/buy_now.png\"><\/a><br \/>\n<br \/>\n  La Bible du sommeil des enfants. <\/p>\n<p>Dormir sans larmes propose une approche totalement nouvelle du sommeil des enfants, bas\u00e9e sur les derni\u00e8res d\u00e9couvertes de la science. Oubliez tout ce que vous savez ! Le sommeil n&#8217;est pas un dressage : les enfants n&#8217;ont pas besoin d&#8217;apprendre \u00e0 dormir, ils naissent en sachant comment faire. Les r\u00e8gles et les m\u00e9thodes disciplinaires brisent ce processus physiologique naturel. <br \/>Rassurant et chaleureux, ce livre vous permet de comprendre le sommeil des tout-petits et de les accompagner avec bienveillance. Il contient \u00e9galement un &#8221; Petit guide pour les parents d\u00e9sesp\u00e9r\u00e9s &#8221; avec des solutions simples et pratiques pour \u00eatre aid\u00e9 au quotidien !<\/p>\n<p>Publisher                                            \u200f                                            :                                            \u200e                                                        Collection Proche       <br \/> Publication date                                            \u200f                                            :                                            \u200e                                                        4 Jan. 2024       <br \/> Language                                            \u200f                                            :                                            \u200e                                            French   <br \/> Print length                                            \u200f                                            :                                            \u200e                                                        248 pages       <br \/> ISBN-10                                            \u200f                                            :                                            \u200e                                                        2493909569       <br \/> ISBN-13                                            \u200f                                            :                                            \u200e                                                        978-2493909565       <br \/> Item weight                                            \u200f                                            :                                            \u200e                                            184 g   <br \/> Dimensions                                            \u200f                                            :                                            \u200e                                                        11.2 x 1.9 x 18 cm       <br \/> Part of series                                            \u200f                                            :                                            \u200e                                                        psychologie       <br \/>       Best Sellers Rank:  9,946 in Books (See Top 100 in Books)    9 in Sleep Disorders   41 in Child Discipline   51 in Babysitting, Day Care &#038; Child Care      <br \/>  Customer reviews:                                                                                            4.5               4.5 out of 5 stars                                  (981)                                              var dpAcrHasRegisteredArcLinkClickAction;                    P.when(&#8216;A&#8217;, &#8216;ready&#8217;).execute(function(A) {                        if (dpAcrHasRegisteredArcLinkClickAction !== true) {                            dpAcrHasRegisteredArcLinkClickAction = true;                            A.declarative(                                &#8216;acrLink-click-metrics&#8217;, &#8216;click&#8217;,                                { &#8220;allowLinkDefault&#8221;: true },                                function (event) {                                    if (window.ue) {                                        ue.count(&#8220;acrLinkClickCount&#8221;, (ue.count(&#8220;acrLinkClickCount&#8221;) || 0) + 1);                                    }                                }                            );                        }                    });                                             P.when(&#8216;A&#8217;, &#8216;cf&#8217;).execute(function(A) {                A.declarative(&#8216;acrStarsLink-click-metrics&#8217;, &#8216;click&#8217;, { &#8220;allowLinkDefault&#8221; : true },  function(event){                    if(window.ue) {                        ue.count(&#8220;acrStarsLinkWithPopoverClickCount&#8221;, (ue.count(&#8220;acrStarsLinkWithPopoverClickCount&#8221;) || 0) + 1);                    }                });            });                          <br \/><\/p>\n","protected":false},"excerpt":{"rendered":"<p> La Bible du sommeil des enfants. Dormir sans larmes propose une approche totalement nouvelle du sommeil des enfants, bas\u00e9e sur les derni\u00e8res d\u00e9couvertes de la science. Oubliez tout ce que vous savez ! Le sommeil n&#8217;est pas un dressage : les enfants n&#8217;ont pas besoin d&#8217;apprendre \u00e0 dormir, ils naissent [&hellip;]<\/p>\n","protected":false},"featured_media":22316,"comment_status":"open","ping_status":"closed","template":"","meta":{"_gspb_post_css":"","om_disable_all_campaigns":false,"_monsterinsights_skip_tracking":false,"_monsterinsights_sitenote_active":false,"_monsterinsights_sitenote_note":"","_monsterinsights_sitenote_category":0},"store":[],"product_brand":[],"product_cat":[151],"product_tag":[4217,5771,4215,5770,1073,309,5772,4803],"class_list":{"0":"post-22315","1":"product","2":"type-product","3":"status-publish","4":"has-post-thumbnail","6":"product_cat-sommeil-relaxation","7":"product_tag-ans","8":"product_tag-decouvertes","9":"product_tag-dormir","10":"product_tag-larmes","11":"product_tag-les","12":"product_tag-sans","13":"product_tag-science","14":"product_tag-sommeil","16":"first","17":"instock","18":"shipping-taxable","19":"product-type-external"},"aioseo_notices":[],"jetpack_sharing_enabled":true,"_links":{"self":[{"href":"https:\/\/www.zolattitude.com\/index.php\/wp-json\/wp\/v2\/product\/22315","targetHints":{"allow":["GET"]}}],"collection":[{"href":"https:\/\/www.zolattitude.com\/index.php\/wp-json\/wp\/v2\/product"}],"about":[{"href":"https:\/\/www.zolattitude.com\/index.php\/wp-json\/wp\/v2\/types\/product"}],"replies":[{"embeddable":true,"href":"https:\/\/www.zolattitude.com\/index.php\/wp-json\/wp\/v2\/comments?post=22315"}],"wp:featuredmedia":[{"embeddable":true,"href":"https:\/\/www.zolattitude.com\/index.php\/wp-json\/wp\/v2\/media\/22316"}],"wp:attachment":[{"href":"https:\/\/www.zolattitude.com\/index.php\/wp-json\/wp\/v2\/media?parent=22315"}],"wp:term":[{"taxonomy":"store","embeddable":true,"href":"https:\/\/www.zolattitude.com\/index.php\/wp-json\/wp\/v2\/store?post=22315"},{"taxonomy":"product_brand","embeddable":true,"href":"https:\/\/www.zolattitude.com\/index.php\/wp-json\/wp\/v2\/product_brand?post=22315"},{"taxonomy":"product_cat","embeddable":true,"href":"https:\/\/www.zolattitude.com\/index.php\/wp-json\/wp\/v2\/product_cat?post=22315"},{"taxonomy":"product_tag","embeddable":true,"href":"https:\/\/www.zolattitude.com\/index.php\/wp-json\/wp\/v2\/product_tag?post=22315"}],"curies":[{"name":"wp","href":"https:\/\/api.w.org\/{rel}","templated":true}]}}