{"id":22320,"date":"2026-02-23T23:54:23","date_gmt":"2026-02-23T23:54:23","guid":{"rendered":"https:\/\/www.zolattitude.com\/index.php\/product\/iadng-acai-poster-sur-toile-pour-decoration-de-chambre-a-coucher-30-x-45-cm\/"},"modified":"2026-02-23T23:54:23","modified_gmt":"2026-02-23T23:54:23","slug":"iadng-acai-poster-sur-toile-pour-decoration-de-chambre-a-coucher-30-x-45-cm","status":"publish","type":"product","link":"https:\/\/www.zolattitude.com\/index.php\/product\/iadng-acai-poster-sur-toile-pour-decoration-de-chambre-a-coucher-30-x-45-cm\/","title":{"rendered":"IADNG A\u00e7a\u00ed Poster sur toile pour d\u00e9coration de chambre \u00e0 coucher 30 x 45 cm"},"content":{"rendered":"<p>Price: <span style=\"color:#b12704\"><\/span><br \/><i><small>(as of  &#8211; <span class=\"wp_automatic_amazon_disclaimer\" title=\"Product prices and availability are accurate as of the date\/time indicated and are subject to change. Any price and availability information displayed on [relevant Amazon Site(s), as applicable] at the time of purchase will apply to the purchase of this product.\">Details<\/span>)<\/small><\/i><br \/><a href=\"https:\/\/amazon.fr\/dp\/B0GDQFBM5M?tag=onamzmoukoubl-21\"><img decoding=\"async\" src=\"https:\/\/valvepress.s3.amazonaws.com\/imgs\/buy_now.png\"><\/a><br \/>\n<br \/>\n    <span>Nous sommes en ligne 24 heures sur 24 (nous attendons avec impatience vos conseils). <br \/>Si vous avez besoin d&#8217;une autre taille, veuillez me laisser un message. Nous pouvons \u00e9galement personnaliser n&#8217;importe quel design, vous pouvez nous envoyer les photos de vous, nous pouvons cr\u00e9er pour vous. <br \/>\u00c0 Cher Acheteur <br \/>* Motif et couleur : voir photo. <br \/>* Mat\u00e9riau : toile. <br \/>* \u00c9tat : neuf. <br \/>*Lieu d&#8217;origine : Chine. <br \/>* Qualit\u00e9 : AAA++ de haute qualit\u00e9, peinture imprim\u00e9e sur toile (pas de peinture faite \u00e0 la main). <br \/>* C&#8217;est la peinture parfaite qui d\u00e9corera consid\u00e9rablement votre maison, bureau, h\u00f4tel, jardin, etc. C&#8217;est un merveilleux cadeau pour votre professeur, votre camarade de classe, vos amis, votre famille, etc. <br \/>Partager : nous aimons tellement l&#8217;art, l&#8217;art rend les gens plus \u00e9troitement, veuillez profiter de tous les arts que nous faisons sur ma boutique, vous pouvez \u00e9galement profiter de l&#8217;art que vous aimez, merci. <br \/>Commencez votre voyage artistique sur ma boutique maintenant, trouvez l&#8217;art incroyable et profitez de votre temps<\/span>    <br \/>Dans les options de couleur, vous pouvez choisir un style encadr\u00e9 et un style sans cadre. Commandez selon vos besoins.<br \/>Si vous aimez cette s\u00e9rie d&#8217;affiches, veuillez entrer dans ma boutique pour effectuer une recherche.<br \/>Qualit\u00e9 sup\u00e9rieure : images haute r\u00e9solution imprim\u00e9es sur toile, en utilisant de l&#8217;encre imperm\u00e9able \u00e0 l&#8217;eau et \u00e0 base de solvant \u00e9cologique. L&#8217;\u0153uvre d&#8217;art est imperm\u00e9able, r\u00e9sistante aux UV et \u00e0 la d\u00e9coloration pendant plus de 30 ans.<br \/>Les affiches sur toile se distinguent des affiches en papier car elles ne se d\u00e9t\u00e9riorent pas en raison de facteurs environnementaux tels que l&#8217;humidit\u00e9.<br \/>Si vous avez besoin d&#8217;une affiche personnalis\u00e9e, veuillez nous contacter.<\/p>\n\n","protected":false},"excerpt":{"rendered":"<p> Nous sommes en ligne 24 heures sur 24 (nous attendons avec impatience vos conseils). Si vous avez besoin d&#8217;une autre taille, veuillez me laisser un message. Nous pouvons \u00e9galement personnaliser n&#8217;importe quel design, vous pouvez nous envoyer les photos de vous, nous pouvons cr\u00e9er pour vous. \u00c0 Cher Acheteur * [&hellip;]<\/p>\n","protected":false},"featured_media":22321,"comment_status":"open","ping_status":"closed","template":"","meta":{"_gspb_post_css":"","om_disable_all_campaigns":false,"_monsterinsights_skip_tracking":false,"_monsterinsights_sitenote_active":false,"_monsterinsights_sitenote_note":"","_monsterinsights_sitenote_category":0},"store":[],"product_brand":[],"product_cat":[148],"product_tag":[386,5181,5182,4788,5773,5774,302,5775,5776],"class_list":{"0":"post-22320","1":"product","2":"type-product","3":"status-publish","4":"has-post-thumbnail","6":"product_cat-superaliments-exotiques","7":"product_tag-acai","8":"product_tag-chambre","9":"product_tag-coucher","10":"product_tag-decoration","11":"product_tag-iadng","12":"product_tag-poster","13":"product_tag-pour","14":"product_tag-sur","15":"product_tag-toile","17":"first","18":"instock","19":"shipping-taxable","20":"product-type-simple"},"aioseo_notices":[],"jetpack_sharing_enabled":true,"_links":{"self":[{"href":"https:\/\/www.zolattitude.com\/index.php\/wp-json\/wp\/v2\/product\/22320","targetHints":{"allow":["GET"]}}],"collection":[{"href":"https:\/\/www.zolattitude.com\/index.php\/wp-json\/wp\/v2\/product"}],"about":[{"href":"https:\/\/www.zolattitude.com\/index.php\/wp-json\/wp\/v2\/types\/product"}],"replies":[{"embeddable":true,"href":"https:\/\/www.zolattitude.com\/index.php\/wp-json\/wp\/v2\/comments?post=22320"}],"wp:featuredmedia":[{"embeddable":true,"href":"https:\/\/www.zolattitude.com\/index.php\/wp-json\/wp\/v2\/media\/22321"}],"wp:attachment":[{"href":"https:\/\/www.zolattitude.com\/index.php\/wp-json\/wp\/v2\/media?parent=22320"}],"wp:term":[{"taxonomy":"store","embeddable":true,"href":"https:\/\/www.zolattitude.com\/index.php\/wp-json\/wp\/v2\/store?post=22320"},{"taxonomy":"product_brand","embeddable":true,"href":"https:\/\/www.zolattitude.com\/index.php\/wp-json\/wp\/v2\/product_brand?post=22320"},{"taxonomy":"product_cat","embeddable":true,"href":"https:\/\/www.zolattitude.com\/index.php\/wp-json\/wp\/v2\/product_cat?post=22320"},{"taxonomy":"product_tag","embeddable":true,"href":"https:\/\/www.zolattitude.com\/index.php\/wp-json\/wp\/v2\/product_tag?post=22320"}],"curies":[{"name":"wp","href":"https:\/\/api.w.org\/{rel}","templated":true}]}}