{"id":22618,"date":"2026-02-26T23:00:26","date_gmt":"2026-02-26T23:00:26","guid":{"rendered":"https:\/\/www.zolattitude.com\/index.php\/product\/dog-probiotic-tablets-for-chewing-prebiotics-and-digestive-prebiotics-for-all-dogs-stomach-pain-stools-and-bloating-immunity-itching-diarrhea-duck-flavour-300g-120tablets\/"},"modified":"2026-02-26T23:00:39","modified_gmt":"2026-02-26T23:00:39","slug":"dog-probiotic-tablets-for-chewing-prebiotics-and-digestive-prebiotics-for-all-dogs-stomach-pain-stools-and-bloating-immunity-itching-diarrhea-duck-flavour-300g-120tablets","status":"publish","type":"product","link":"https:\/\/www.zolattitude.com\/index.php\/product\/dog-probiotic-tablets-for-chewing-prebiotics-and-digestive-prebiotics-for-all-dogs-stomach-pain-stools-and-bloating-immunity-itching-diarrhea-duck-flavour-300g-120tablets\/","title":{"rendered":"Dog Probiotic Tablets for Chewing, Prebiotics and Digestive Prebiotics for All Dogs, Stomach Pain, Stools and Bloating, Immunity, Itching, Diarrhea Duck Flavour (300g, 120tablets)"},"content":{"rendered":"<p>Price: <span style=\"color:#b12704\">\u20ac13.02<\/span><br \/><i><small>(as of Feb 26, 2026 23:00:26 UTC &#8211; <span class=\"wp_automatic_amazon_disclaimer\" title=\"Product prices and availability are accurate as of the date\/time indicated and are subject to change. Any price and availability information displayed on [relevant Amazon Site(s), as applicable] at the time of purchase will apply to the purchase of this product.\">Details<\/span>)<\/small><\/i><br \/><a href=\"https:\/\/amazon.fr\/dp\/B0C274ZPHT?tag=onamzmoukoubl-21\"><img decoding=\"async\" src=\"https:\/\/valvepress.s3.amazonaws.com\/imgs\/buy_now.png\"><\/a><br \/>\n<\/p>\n<p>                                             From the brand   <\/p>\n<p>                                              <img decoding=\"async\" alt=\"\" src=\"https:\/\/images-na.ssl-images-amazon.com\/images\/G\/01\/x-locale\/common\/grey-pixel.gif\" class=\"a-lazy-loaded\" data-src=\"https:\/\/m.media-amazon.com\/images\/S\/aplus-media-library-service-media\/2990c59b-77dc-4759-875b-fcd23ec563a1.__CR0,0,1464,625_PT0_SX1464_V1___.png\"><img decoding=\"async\" alt=\"\" src=\"https:\/\/m.media-amazon.com\/images\/S\/aplus-media-library-service-media\/2990c59b-77dc-4759-875b-fcd23ec563a1.__CR0,0,1464,625_PT0_SX1464_V1___.png\">  <\/p>\n<h3> Puissants jouets \u00e0 m\u00e2cher fonctionnels pour animaux de compagnie <\/h3>\n<p> Ingr\u00e9dients naturels de qualit\u00e9 sup\u00e9rieure, d\u00e9licieux suppl\u00e9ment \u00e0 m\u00e2cher pour garder vos amis des pattes en meilleure sant\u00e9, plus heureux et vous aimer plus. <\/p>\n<h3> Allergie, probiotiques et vitamines <\/h3>\n<h3> Chews fonctionnels et plus encore <\/h3>\n<h3> Autres friandises et plus encore <\/h3>\n<p>PROBIOTICS FOR DOGS DIGESTIVE TREATS &#8211; 10.6 0Z, 120 tasty treats per jar, 6 dog probiotic strains for dogs, 4.5 billion CFUs per spoon, inulin prebiotic. skin relief, healthy peeling, molting, itching.<br \/>SUPPORT IMMUNE AND GENERAL HEALTH &#8211; A healthy and balanced gut environment creates a healthy immune system. Our holistic formula can benefit your pet&#8217;s overall health by boosting the immune response. It can improve appetite and provide energy and vitality to growing and elderly animals.<br \/>SUPPORT DIGESTIVE AND INTESTINAL HEALTH &#8211; We also add prebiotics that help nourish probiotic growth. And digestive enzymes can break down food and promote nutrient absorption. breath, bloating, diarrhea, constipation and vomiting, and help form stool and support your pet&#8217;s sensitive stomach.<br \/>SUITABLE FOR ALL BREES, ALL AGES WITH DELICIOUS FLAVOUR &#8211; Formulated with all essential probiotics and enzymes, these chews help promote healthy digestion for dogs of all breeds, ages and sizes.<br \/>GREAT VALUE &#038; MONEY BACK GUARANTEE &#8211; 120 chews per jar &#8211; you will get a huge jar with 120 probiotic bites, which will provide up to 3 months of premium chews.<\/p>\n\n","protected":false},"excerpt":{"rendered":"<p> From the brand Puissants jouets \u00e0 m\u00e2cher fonctionnels pour animaux de compagnie Ingr\u00e9dients naturels de qualit\u00e9 sup\u00e9rieure, d\u00e9licieux suppl\u00e9ment \u00e0 m\u00e2cher pour garder vos amis des pattes en meilleure sant\u00e9, plus heureux et vous aimer plus. Allergie, probiotiques et vitamines Chews fonctionnels et plus encore Autres friandises et plus encore [&hellip;]<\/p>\n","protected":false},"featured_media":22619,"comment_status":"open","ping_status":"closed","template":"","meta":{"_gspb_post_css":"","om_disable_all_campaigns":false,"_monsterinsights_skip_tracking":false,"_monsterinsights_sitenote_active":false,"_monsterinsights_sitenote_note":"","_monsterinsights_sitenote_category":0},"store":[],"product_brand":[],"product_cat":[154],"product_tag":[5833,1066,488,4353,4144,487,4508,3372,3832,596,272,3995,1624,1095,433,3246,5832,179],"class_list":{"0":"post-22618","1":"product","2":"type-product","3":"status-publish","4":"has-post-thumbnail","6":"product_cat-sante-intestinale","7":"product_tag-120tablets","8":"product_tag-300g","9":"product_tag-bloating","10":"product_tag-chewing","11":"product_tag-diarrhea","12":"product_tag-digestive","13":"product_tag-dog","14":"product_tag-dogs","15":"product_tag-duck","16":"product_tag-flavour","17":"product_tag-immunity","18":"product_tag-itching","19":"product_tag-pain","20":"product_tag-prebiotics","21":"product_tag-probiotic","22":"product_tag-stomach","23":"product_tag-stools","24":"product_tag-tablets","26":"first","27":"instock","28":"shipping-taxable","29":"product-type-external"},"aioseo_notices":[],"jetpack_sharing_enabled":true,"_links":{"self":[{"href":"https:\/\/www.zolattitude.com\/index.php\/wp-json\/wp\/v2\/product\/22618","targetHints":{"allow":["GET"]}}],"collection":[{"href":"https:\/\/www.zolattitude.com\/index.php\/wp-json\/wp\/v2\/product"}],"about":[{"href":"https:\/\/www.zolattitude.com\/index.php\/wp-json\/wp\/v2\/types\/product"}],"replies":[{"embeddable":true,"href":"https:\/\/www.zolattitude.com\/index.php\/wp-json\/wp\/v2\/comments?post=22618"}],"wp:featuredmedia":[{"embeddable":true,"href":"https:\/\/www.zolattitude.com\/index.php\/wp-json\/wp\/v2\/media\/22619"}],"wp:attachment":[{"href":"https:\/\/www.zolattitude.com\/index.php\/wp-json\/wp\/v2\/media?parent=22618"}],"wp:term":[{"taxonomy":"store","embeddable":true,"href":"https:\/\/www.zolattitude.com\/index.php\/wp-json\/wp\/v2\/store?post=22618"},{"taxonomy":"product_brand","embeddable":true,"href":"https:\/\/www.zolattitude.com\/index.php\/wp-json\/wp\/v2\/product_brand?post=22618"},{"taxonomy":"product_cat","embeddable":true,"href":"https:\/\/www.zolattitude.com\/index.php\/wp-json\/wp\/v2\/product_cat?post=22618"},{"taxonomy":"product_tag","embeddable":true,"href":"https:\/\/www.zolattitude.com\/index.php\/wp-json\/wp\/v2\/product_tag?post=22618"}],"curies":[{"name":"wp","href":"https:\/\/api.w.org\/{rel}","templated":true}]}}