{"id":22777,"date":"2026-02-27T23:57:44","date_gmt":"2026-02-27T23:57:44","guid":{"rendered":"https:\/\/www.zolattitude.com\/index.php\/product\/fair-pure-reishi-capsules-1950-mg-120-capsules-ganoderma-lucidum-vital-fungus-highly-dosed-vegan\/"},"modified":"2026-02-27T23:57:50","modified_gmt":"2026-02-27T23:57:50","slug":"fair-pure-reishi-capsules-1950-mg-120-capsules-ganoderma-lucidum-vital-fungus-highly-dosed-vegan","status":"publish","type":"product","link":"https:\/\/www.zolattitude.com\/index.php\/product\/fair-pure-reishi-capsules-1950-mg-120-capsules-ganoderma-lucidum-vital-fungus-highly-dosed-vegan\/","title":{"rendered":"Fair &#038; Pure\u00ae &#8211; Reishi capsules 1950 mg &#8211; 120 capsules &#8211; Ganoderma lucidum &#8211; vital fungus &#8211; highly dosed &#8211; vegan"},"content":{"rendered":"<p>Price: <span style=\"color:#b12704\">\u20ac18.95<\/span><br \/><i><small>(as of Feb 27, 2026 23:57:44 UTC &#8211; <span class=\"wp_automatic_amazon_disclaimer\" title=\"Product prices and availability are accurate as of the date\/time indicated and are subject to change. Any price and availability information displayed on [relevant Amazon Site(s), as applicable] at the time of purchase will apply to the purchase of this product.\">Details<\/span>)<\/small><\/i><br \/><a href=\"https:\/\/amazon.fr\/dp\/B00FRDE6AK?tag=onamzmoukoubl-21\"><img decoding=\"async\" src=\"https:\/\/valvepress.s3.amazonaws.com\/imgs\/buy_now.png\"><\/a><br \/>\n<\/p>\n<p>                                             Product Description   <\/p>\n<p>                                                         <img decoding=\"async\" alt=\"fair and pure\" src=\"https:\/\/images-na.ssl-images-amazon.com\/images\/G\/01\/x-locale\/common\/grey-pixel.gif\" class=\"a-lazy-loaded\" data-src=\"https:\/\/m.media-amazon.com\/images\/S\/aplus-media-library-service-media\/0560cd6c-4ce4-48b9-ad19-b7df973c5c4c.__CR0,0,600,180_PT0_SX600_V1___.jpg\"><img decoding=\"async\" alt=\"fair and pure\" src=\"https:\/\/m.media-amazon.com\/images\/S\/aplus-media-library-service-media\/0560cd6c-4ce4-48b9-ad19-b7df973c5c4c.__CR0,0,600,180_PT0_SX600_V1___.jpg\">      <\/p>\n<p>                                                                             <img decoding=\"async\" alt=\"fair and pure\" src=\"https:\/\/images-na.ssl-images-amazon.com\/images\/G\/01\/x-locale\/common\/grey-pixel.gif\" class=\"a-spacing-base a-lazy-loaded\" data-src=\"https:\/\/m.media-amazon.com\/images\/S\/aplus-media-library-service-media\/4c27f5cc-ca29-41ad-aa46-04c88b352bfe.__CR0,124,1890,1169_PT0_SX970_V1___.jpg\"><img decoding=\"async\" alt=\"fair and pure\" src=\"https:\/\/m.media-amazon.com\/images\/S\/aplus-media-library-service-media\/4c27f5cc-ca29-41ad-aa46-04c88b352bfe.__CR0,124,1890,1169_PT0_SX970_V1___.jpg\">                                         <\/p>\n<h3 class=\"a-spacing-mini\"> Vivre consciemment jour apr\u00e8s jour. Avec les compl\u00e9ments alimentaires de Fair &amp; Pure <\/h3>\n<p class=\"a-spacing-base\"> Vous ne trouverez pas de substances cach\u00e9es ou ind\u00e9sirables dans les produits de Fair &amp; Pure. Nous faisons v\u00e9rifier tous nos produits et ingr\u00e9dients \u00e0 100% par des laboratoires ind\u00e9pendants pour d\u00e9tecter toute impuret\u00e9 et certifier leur qualit\u00e9. Nous n&#8217;utilisons que des substances naturelles. Nos capsules sont fabriqu\u00e9es \u00e0 partir de cellulose v\u00e9g\u00e9tale et presque tous nos produits sont v\u00e9gan. <\/p>\n<p>                                                  <img decoding=\"async\" alt=\"fair and pure\" src=\"https:\/\/images-na.ssl-images-amazon.com\/images\/G\/01\/x-locale\/common\/grey-pixel.gif\" class=\"a-spacing-mini a-lazy-loaded\" data-src=\"https:\/\/m.media-amazon.com\/images\/S\/aplus-media-library-service-media\/23e1d863-6f46-4aee-a36d-9b3ee7c5189a.__CR0,0,300,300_PT0_SX300_V1___.jpg\"><img decoding=\"async\" alt=\"fair and pure\" src=\"https:\/\/m.media-amazon.com\/images\/S\/aplus-media-library-service-media\/23e1d863-6f46-4aee-a36d-9b3ee7c5189a.__CR0,0,300,300_PT0_SX300_V1___.jpg\">  <\/p>\n<h3 class=\"a-spacing-mini\"> Des normes de qualit\u00e9 \u00e9lev\u00e9es <\/h3>\n<\/p>\n<p>Fabriqu\u00e9 selon les normes pharmaceutiques allemandesCertifi\u00e9 HACCPExamen personnel de chaque produitMati\u00e8res premi\u00e8res sans OGMContr\u00f4les r\u00e9guliers de toutes nos s\u00e9ries de produits par des laboratoires ind\u00e9pendants     <\/p>\n<p>                                                                             <img decoding=\"async\" alt=\"fair and pure\" src=\"https:\/\/images-na.ssl-images-amazon.com\/images\/G\/01\/x-locale\/common\/grey-pixel.gif\" class=\"a-spacing-base a-lazy-loaded\" data-src=\"https:\/\/m.media-amazon.com\/images\/S\/aplus-media-library-service-media\/390c2f9d-b525-41c9-8fe0-4a81cb62ded3.__CR0,0,970,600_PT0_SX970_V1___.jpg\"><img decoding=\"async\" alt=\"fair and pure\" src=\"https:\/\/m.media-amazon.com\/images\/S\/aplus-media-library-service-media\/390c2f9d-b525-41c9-8fe0-4a81cb62ded3.__CR0,0,970,600_PT0_SX970_V1___.jpg\">                                                                    <\/p>\n<p class=\"apm-text-center\">\n                                                      <img decoding=\"async\" alt=\"fair and pure\" src=\"https:\/\/images-na.ssl-images-amazon.com\/images\/G\/01\/x-locale\/common\/grey-pixel.gif\" class=\"a-spacing-mini a-lazy-loaded\" data-src=\"https:\/\/m.media-amazon.com\/images\/S\/aplus-media-library-service-media\/29c84f6a-21da-4d29-975d-98c6d6549a7d.__CR500,0,2000,2000_PT0_SX300_V1___.jpg\"><\/p>\n<p><img decoding=\"async\" alt=\"fair and pure\" src=\"https:\/\/m.media-amazon.com\/images\/S\/aplus-media-library-service-media\/29c84f6a-21da-4d29-975d-98c6d6549a7d.__CR500,0,2000,2000_PT0_SX300_V1___.jpg\"><br \/>\n                                                    Seul le plus pur!                                       <\/p>\n<p> Les compl\u00e9ments alimentaires de Fair &amp; Pure sont \u00e0 la fois bioactifs, hypoallerg\u00e9niques et conformes aux normes pharmaceutiques allemandes. Les personnes sensibles et allergiques b\u00e9n\u00e9ficient surtout de la puret\u00e9 de nos substances. Tous nos produits sont sans gluten, sans lactose et sans colorants ou ar\u00f4mes artificiels, ou allerg\u00e8nes.* <\/p>\n<p class=\"apm-text-center\">\n                                                      <img decoding=\"async\" alt=\"fair and pure\" src=\"https:\/\/images-na.ssl-images-amazon.com\/images\/G\/01\/x-locale\/common\/grey-pixel.gif\" class=\"a-spacing-mini a-lazy-loaded\" data-src=\"https:\/\/m.media-amazon.com\/images\/S\/aplus-media-library-service-media\/e18c92d4-e4ce-4bdc-9458-950d318cb26b.__CR0,0,300,300_PT0_SX300_V1___.jpg\"><\/p>\n<p><img decoding=\"async\" alt=\"fair and pure\" src=\"https:\/\/m.media-amazon.com\/images\/S\/aplus-media-library-service-media\/e18c92d4-e4ce-4bdc-9458-950d318cb26b.__CR0,0,300,300_PT0_SX300_V1___.jpg\"><br \/>\n                                                    Ce qui est \u00e0 l&#8217;int\u00e9rieur compte                                       <\/p>\n<p> Afin que vous puissiez fournir \u00e0 votre corps la bonne s\u00e9lection de nutriments, Fair &amp; Pure propose une large s\u00e9lection de plus de 200 produits de qualit\u00e9 sup\u00e9rieure et hautement biodisponibles. <\/p>\n<p class=\"apm-text-center\">\n                                                      <img decoding=\"async\" alt=\"fair and pure\" src=\"https:\/\/images-na.ssl-images-amazon.com\/images\/G\/01\/x-locale\/common\/grey-pixel.gif\" class=\"a-spacing-mini a-lazy-loaded\" data-src=\"https:\/\/m.media-amazon.com\/images\/S\/aplus-media-library-service-media\/6a5dd1b4-097a-46eb-8a5c-34d1d0306c33.__CR0,0,300,300_PT0_SX300_V1___.jpg\"><\/p>\n<p><img decoding=\"async\" alt=\"fair and pure\" src=\"https:\/\/m.media-amazon.com\/images\/S\/aplus-media-library-service-media\/6a5dd1b4-097a-46eb-8a5c-34d1d0306c33.__CR0,0,300,300_PT0_SX300_V1___.jpg\"><br \/>\n                                                    Vivre consciemment jour apr\u00e8s jour!                                       <\/p>\n<p> \u00catre plus conscient, plus sain et plus actif. De plus en plus de gens optent pour ce style de vie. Souhaitez-vous \u00e9galement plus de bien-\u00eatre dans votre quotidien ? Alors vous \u00eates au bon endroit chez fair &amp; pure ! Nous vous soutenons avec des compl\u00e9ments alimentaires de haute qualit\u00e9 sous leur forme la plus pure. C&#8217;est fair &amp; pure. Qualit\u00e9 premium &#8211; <\/p>\n<p> Made in Germany <\/p>\n<p class=\"apm-text-center\">\n                                                      <img decoding=\"async\" alt=\"fair and pure\" src=\"https:\/\/images-na.ssl-images-amazon.com\/images\/G\/01\/x-locale\/common\/grey-pixel.gif\" class=\"a-spacing-mini a-lazy-loaded\" data-src=\"https:\/\/m.media-amazon.com\/images\/S\/aplus-media-library-service-media\/b00f823b-b97e-48d2-a420-b63b0796c389.__CR0,0,300,300_PT0_SX300_V1___.jpg\"><\/p>\n<p><img decoding=\"async\" alt=\"fair and pure\" src=\"https:\/\/m.media-amazon.com\/images\/S\/aplus-media-library-service-media\/b00f823b-b97e-48d2-a420-b63b0796c389.__CR0,0,300,300_PT0_SX300_V1___.jpg\"><br \/>\n                                                    Fort comme votre syst\u00e8me immunitaire                                       <\/p>\n<p> Le stress, le manque d&#8217;exercice et d&#8217;autres influences environnementales peuvent perturber l&#8217;\u00e9quilibre de votre corps. Avec nos compl\u00e9ments alimentaires, nous vous aidons \u00e0 traverser ces phases et \u00e0 d\u00e9velopper une conscience plus saine de votre corps. <\/p>\n<p class=\"apm-text-center\">\n                                                      <img decoding=\"async\" alt=\"fair and pure\" src=\"https:\/\/images-na.ssl-images-amazon.com\/images\/G\/01\/x-locale\/common\/grey-pixel.gif\" class=\"a-spacing-mini a-lazy-loaded\" data-src=\"https:\/\/m.media-amazon.com\/images\/S\/aplus-media-library-service-media\/c0048dfa-a462-4c64-a657-c97a7e2e7fc3.__CR0,0,300,300_PT0_SX300_V1___.jpg\"><\/p>\n<p><img decoding=\"async\" alt=\"fair and pure\" src=\"https:\/\/m.media-amazon.com\/images\/S\/aplus-media-library-service-media\/c0048dfa-a462-4c64-a657-c97a7e2e7fc3.__CR0,0,300,300_PT0_SX300_V1___.jpg\"><br \/>\n                                                    Compl\u00e9ments alimentaires : efficaces et pratiques                                       <\/p>\n<p> Les compl\u00e9ments alimentaires de haute qualit\u00e9 ne sont pas seulement importants, sains et pratiquement irrempla\u00e7ables : ils sont surtout tr\u00e8s pratiques. Nous connaissons tous des situations chaotiques dans la vie quotidienne. Ceux o\u00f9 nous ne pr\u00eatons pas l&#8217;attention n\u00e9cessaire \u00e0 notre corps. Le bouchon doseur pratique vous aidera \u00e0 fournir rapidement votre apport quotidien en vitamines n&#8217;importe o\u00f9. <\/p>\n<p class=\"apm-text-center\">\n                                                      <img decoding=\"async\" alt=\"fair and pure\" src=\"https:\/\/images-na.ssl-images-amazon.com\/images\/G\/01\/x-locale\/common\/grey-pixel.gif\" class=\"a-spacing-mini a-lazy-loaded\" data-src=\"https:\/\/m.media-amazon.com\/images\/S\/aplus-media-library-service-media\/4ac134b7-da98-48c5-83b4-9d96d8a1610d.__CR0,0,300,300_PT0_SX300_V1___.jpg\"><\/p>\n<p><img decoding=\"async\" alt=\"fair and pure\" src=\"https:\/\/m.media-amazon.com\/images\/S\/aplus-media-library-service-media\/4ac134b7-da98-48c5-83b4-9d96d8a1610d.__CR0,0,300,300_PT0_SX300_V1___.jpg\"><br \/>\n                                                    La qualit\u00e9 avant tout                                       <\/p>\n<p> Utilis\u00e9s de mani\u00e8re cibl\u00e9e et correcte, les compl\u00e9ments alimentaires peuvent combler de mani\u00e8re proactive les lacunes in\u00e9vitables de l&#8217;alimentation. Afin que vous puissiez fournir \u00e0 votre corps la bonne s\u00e9lection de nutriments, Fair &amp; Pure propose une large s\u00e9lection de plus de 200 produits de qualit\u00e9 sup\u00e9rieure et hautement biodisponibles <\/p>\n<p> Is discontinued by manufacturer                                            \u200f                                            :                                            \u200e                                            No   <br \/> Package Dimensions                                            \u200f                                            :                                            \u200e                                            11.7 x 6 x 5.8 cm; 109 g   <br \/> Manufacturer                                            \u200f                                            :                                            \u200e                                            SoMatEm GmbH   <br \/> ASIN                                            \u200f                                            :                                            \u200e                                            B00FRDE6AK   <br \/> Manufacturer reference                                            \u200f                                            :                                            \u200e                                            6018120   <br \/> Country of origin                                            \u200f                                            :                                            \u200e                                            Germany   <br \/>  Customer reviews:                                                                                            4.2               4.2 out of 5 stars                                  (1,046)                                              var dpAcrHasRegisteredArcLinkClickAction;                    P.when(&#8216;A&#8217;, &#8216;ready&#8217;).execute(function(A) {                        if (dpAcrHasRegisteredArcLinkClickAction !== true) {                            dpAcrHasRegisteredArcLinkClickAction = true;                            A.declarative(                                &#8216;acrLink-click-metrics&#8217;, &#8216;click&#8217;,                                { &#8220;allowLinkDefault&#8221;: true },                                function (event) {                                    if (window.ue) {                                        ue.count(&#8220;acrLinkClickCount&#8221;, (ue.count(&#8220;acrLinkClickCount&#8221;) || 0) + 1);                                    }                                }                            );                        }                    });                                             P.when(&#8216;A&#8217;, &#8216;cf&#8217;).execute(function(A) {                A.declarative(&#8216;acrStarsLink-click-metrics&#8217;, &#8216;click&#8217;, { &#8220;allowLinkDefault&#8221; : true },  function(event){                    if(window.ue) {                        ue.count(&#8220;acrStarsLinkWithPopoverClickCount&#8221;, (ue.count(&#8220;acrStarsLinkWithPopoverClickCount&#8221;) || 0) + 1);                    }                });            });                          <br \/>Reishi 1950mg per daily dose, vital mushroom, vegan, 120 capsules &#8211; This product is gluten, fructose and lactose free, as well as magnesium stearate, silicon dioxide, dyes, flavors and preservatives.<br \/>First-class quality: All raw materials and finished products are regularly checked by independent institutes to ensure their effectiveness, as well as compliance with hygiene and quality guidelines<br \/>Very good tolerance: The pure substance principle prohibits us from using sweeteners, dyes or additives in our products. The only exception is microcrystalline cellulose.<br \/>Microbiological quality control made in Germany according to HACCP standards. Country of origin of raw materials: EU and third countries.<\/p>\n\n","protected":false},"excerpt":{"rendered":"<p> Product Description Vivre consciemment jour apr\u00e8s jour. Avec les compl\u00e9ments alimentaires de Fair &amp; Pure Vous ne trouverez pas de substances cach\u00e9es ou ind\u00e9sirables dans les produits de Fair &amp; Pure. Nous faisons v\u00e9rifier tous nos produits et ingr\u00e9dients \u00e0 100% par des laboratoires ind\u00e9pendants pour d\u00e9tecter toute impuret\u00e9 et [&hellip;]<\/p>\n","protected":false},"featured_media":22778,"comment_status":"open","ping_status":"closed","template":"","meta":{"_gspb_post_css":"","om_disable_all_campaigns":false,"_monsterinsights_skip_tracking":false,"_monsterinsights_sitenote_active":false,"_monsterinsights_sitenote_note":"","_monsterinsights_sitenote_category":0},"store":[],"product_brand":[],"product_cat":[150],"product_tag":[198,430,584,5871,5869,944,5870,213,1362,261,4734],"class_list":{"0":"post-22777","1":"product","2":"type-product","3":"status-publish","4":"has-post-thumbnail","6":"product_cat-anti-stress-adaptogenes","7":"product_tag-capsules","8":"product_tag-dosed","9":"product_tag-fair","10":"product_tag-fungus","11":"product_tag-ganoderma","12":"product_tag-highly","13":"product_tag-lucidum","14":"product_tag-pure","15":"product_tag-reishi","16":"product_tag-vegan","17":"product_tag-vital","19":"first","20":"instock","21":"shipping-taxable","22":"product-type-external"},"aioseo_notices":[],"jetpack_sharing_enabled":true,"_links":{"self":[{"href":"https:\/\/www.zolattitude.com\/index.php\/wp-json\/wp\/v2\/product\/22777","targetHints":{"allow":["GET"]}}],"collection":[{"href":"https:\/\/www.zolattitude.com\/index.php\/wp-json\/wp\/v2\/product"}],"about":[{"href":"https:\/\/www.zolattitude.com\/index.php\/wp-json\/wp\/v2\/types\/product"}],"replies":[{"embeddable":true,"href":"https:\/\/www.zolattitude.com\/index.php\/wp-json\/wp\/v2\/comments?post=22777"}],"wp:featuredmedia":[{"embeddable":true,"href":"https:\/\/www.zolattitude.com\/index.php\/wp-json\/wp\/v2\/media\/22778"}],"wp:attachment":[{"href":"https:\/\/www.zolattitude.com\/index.php\/wp-json\/wp\/v2\/media?parent=22777"}],"wp:term":[{"taxonomy":"store","embeddable":true,"href":"https:\/\/www.zolattitude.com\/index.php\/wp-json\/wp\/v2\/store?post=22777"},{"taxonomy":"product_brand","embeddable":true,"href":"https:\/\/www.zolattitude.com\/index.php\/wp-json\/wp\/v2\/product_brand?post=22777"},{"taxonomy":"product_cat","embeddable":true,"href":"https:\/\/www.zolattitude.com\/index.php\/wp-json\/wp\/v2\/product_cat?post=22777"},{"taxonomy":"product_tag","embeddable":true,"href":"https:\/\/www.zolattitude.com\/index.php\/wp-json\/wp\/v2\/product_tag?post=22777"}],"curies":[{"name":"wp","href":"https:\/\/api.w.org\/{rel}","templated":true}]}}