{"id":22894,"date":"2026-02-28T23:58:32","date_gmt":"2026-02-28T23:58:32","guid":{"rendered":"https:\/\/www.zolattitude.com\/index.php\/product\/naturliche-rhodonit-heilung-kristall-gebet-schutzengel-statue-38-mm-schnitzen-tasche-palm-stein-figuren-dekoration\/"},"modified":"2026-02-28T23:58:35","modified_gmt":"2026-02-28T23:58:35","slug":"naturliche-rhodonit-heilung-kristall-gebet-schutzengel-statue-38-mm-schnitzen-tasche-palm-stein-figuren-dekoration","status":"publish","type":"product","link":"https:\/\/www.zolattitude.com\/index.php\/product\/naturliche-rhodonit-heilung-kristall-gebet-schutzengel-statue-38-mm-schnitzen-tasche-palm-stein-figuren-dekoration\/","title":{"rendered":"Nat\u00fcrliche Rhodonit Heilung Kristall Gebet Schutzengel Statue, 38 mm Schnitzen Tasche Palm Stein Figuren Dekoration"},"content":{"rendered":"<p>Price: <span style=\"color:#b12704\">\u20ac16.99<\/span><br \/><i><small>(as of Feb 28, 2026 23:58:32 UTC &#8211; <span class=\"wp_automatic_amazon_disclaimer\" title=\"Product prices and availability are accurate as of the date\/time indicated and are subject to change. Any price and availability information displayed on [relevant Amazon Site(s), as applicable] at the time of purchase will apply to the purchase of this product.\">Details<\/span>)<\/small><\/i><br \/><a href=\"https:\/\/amazon.fr\/dp\/B0BPPHC7NS?tag=onamzmoukoubl-21\"><img decoding=\"async\" src=\"https:\/\/valvepress.s3.amazonaws.com\/imgs\/buy_now.png\"><\/a><br \/>\n<br \/>\n    <span>1.Size for children 1.5 Zoll, ca. 1.5 inches (35-40 mm) hoch, 0.9 inches &#8211; 1.1 inches (12-15 mm) breit, 0.4 inches &#8211; 0.5 inches (15-18 mm) dick; <br \/> 2. Made aus nat\u00fcrlichem quarzkristall. Die nat\u00fcrlichen Risse und Fr\u00f6ste im Inneren werden normal breast. Jedes Exemplar ist einzigartig und Sie erhalten solche \u00e4hnlich dem gezeigten Bild; und Stein kann Flecken Kratzer haben;<br \/> 3.Engel Figuren auch bekannt als Schutzengel Charms werden f\u00fcr Heilung, Energiekl\u00e4rung und als W\u00e4chter verwendender. and. Engel haben Reiki heilende Wirkungen und Eigenschaften, die das Wohlbefinden f\u00f6rdern und k\u00f6nnen mit Heilsteinschmuck kombiniert werden;<br \/> 4.Engel haben Reiki heilende Vorteile und Eigenschaften, die das Wohlbefinden ununder. terst\u00fctzen und mit Heilsteinschmuck kombiniert werden k\u00f6nnen. Es wird angenommen, dass es die Stabilisierung von Stimmungsschwankungen, Reinigung des Blutes und der Nieren unterst\u00fctzt, es an Orten aufbewahren, wo Frieden und Gelassenheit ben\u00f6tigt werden, einschlie\u00dflich in Ihrer Tasche;<br \/> 5.Packcage In. Halt: 1 x Engel Figuren.<\/span>    <br \/>1.Size for children 1.5 Zoll, ca. 1.5 inches (35-40 mm) hoch, 0.9-1.1 inches (12-15 mm) breit, 0.4&#8243;-0.5 inches (15-18 mm) dick;<br \/>2.Engel Figuren auch bekannt als Schutzengel Charms werden f\u00fcr Heilung, Energiekl\u00e4rung und als W\u00e4chter verwendet. Engel haben Reiki heilende Wirkungen und Eigenschaften, die das Wohlbefinden f\u00f6rdern und k\u00f6nnen mit Heilsteinschmuck kombiniert werden;<br \/>3. Engel haben Reiki heilende Vorteile und Eigenschaften, die das Wohlbefinden unterst\u00fctzen und mit Heilsteinschmuck kombiniert werden k\u00f6nnen. Es wird angenommen, dass es die Stabilisierung von Stimmungsschwankungen, Reinigung des Blutes und der Nieren unterst\u00fctzt, es an Orten aufbewahren, wo Frieden und Gelassenheit ben\u00f6tigt werden, einschlie\u00dflich in Ihrer Tasche;<br \/>Naturstein und Kristall, da sie handgeschnitzt sind, unterscheiden sich in Gr\u00f6\u00dfe, Steinmaserung, Form und Farbe (Bilder nur als Referenz). Schlie\u00dflich ist jeder Stein einzigartig und jede Statue, die Sie erhalten, ist einzigartig; und Stein kann Kratzspuren aufweisen;<br \/>5. Inhalt package: 1 x gel figure.<\/p>\n\n","protected":false},"excerpt":{"rendered":"<p> 1.Size for children 1.5 Zoll, ca. 1.5 inches (35-40 mm) hoch, 0.9 inches &#8211; 1.1 inches (12-15 mm) breit, 0.4 inches &#8211; 0.5 inches (15-18 mm) dick; 2. Made aus nat\u00fcrlichem quarzkristall. Die nat\u00fcrlichen Risse und Fr\u00f6ste im Inneren werden normal breast. Jedes Exemplar ist einzigartig und Sie erhalten solche [&hellip;]<\/p>\n","protected":false},"featured_media":22895,"comment_status":"open","ping_status":"closed","template":"","meta":{"_gspb_post_css":"","om_disable_all_campaigns":false,"_monsterinsights_skip_tracking":false,"_monsterinsights_sitenote_active":false,"_monsterinsights_sitenote_note":"","_monsterinsights_sitenote_category":0},"store":[],"product_brand":[],"product_cat":[150],"product_tag":[5898,5897,5891,5889,5890,5887,4716,5888,5894,5892,5893,5896,5895],"class_list":{"0":"post-22894","1":"product","2":"type-product","3":"status-publish","4":"has-post-thumbnail","6":"product_cat-anti-stress-adaptogenes","7":"product_tag-dekoration","8":"product_tag-figuren","9":"product_tag-gebet","10":"product_tag-heilung","11":"product_tag-kristall","12":"product_tag-naturliche","13":"product_tag-palm","14":"product_tag-rhodonit","15":"product_tag-schnitzen","16":"product_tag-schutzengel","17":"product_tag-statue","18":"product_tag-stein","19":"product_tag-tasche","21":"first","22":"instock","23":"shipping-taxable","24":"product-type-external"},"aioseo_notices":[],"jetpack_sharing_enabled":true,"_links":{"self":[{"href":"https:\/\/www.zolattitude.com\/index.php\/wp-json\/wp\/v2\/product\/22894","targetHints":{"allow":["GET"]}}],"collection":[{"href":"https:\/\/www.zolattitude.com\/index.php\/wp-json\/wp\/v2\/product"}],"about":[{"href":"https:\/\/www.zolattitude.com\/index.php\/wp-json\/wp\/v2\/types\/product"}],"replies":[{"embeddable":true,"href":"https:\/\/www.zolattitude.com\/index.php\/wp-json\/wp\/v2\/comments?post=22894"}],"wp:featuredmedia":[{"embeddable":true,"href":"https:\/\/www.zolattitude.com\/index.php\/wp-json\/wp\/v2\/media\/22895"}],"wp:attachment":[{"href":"https:\/\/www.zolattitude.com\/index.php\/wp-json\/wp\/v2\/media?parent=22894"}],"wp:term":[{"taxonomy":"store","embeddable":true,"href":"https:\/\/www.zolattitude.com\/index.php\/wp-json\/wp\/v2\/store?post=22894"},{"taxonomy":"product_brand","embeddable":true,"href":"https:\/\/www.zolattitude.com\/index.php\/wp-json\/wp\/v2\/product_brand?post=22894"},{"taxonomy":"product_cat","embeddable":true,"href":"https:\/\/www.zolattitude.com\/index.php\/wp-json\/wp\/v2\/product_cat?post=22894"},{"taxonomy":"product_tag","embeddable":true,"href":"https:\/\/www.zolattitude.com\/index.php\/wp-json\/wp\/v2\/product_tag?post=22894"}],"curies":[{"name":"wp","href":"https:\/\/api.w.org\/{rel}","templated":true}]}}