{"id":22956,"date":"2026-03-01T21:18:59","date_gmt":"2026-03-01T21:18:59","guid":{"rendered":"https:\/\/www.zolattitude.com\/index.php\/product\/2-pieces-green-tea-mask-stick-black-dot-mask-for-deep-cleansing-oil-control-eliminating-blackhead-mask-pure-green-tea-extract-soothing-moisturizer-green-mask-stick-portable-easy\/"},"modified":"2026-03-01T21:19:07","modified_gmt":"2026-03-01T21:19:07","slug":"2-pieces-green-tea-mask-stick-black-dot-mask-for-deep-cleansing-oil-control-eliminating-blackhead-mask-pure-green-tea-extract-soothing-moisturizer-green-mask-stick-portable-easy","status":"publish","type":"product","link":"https:\/\/www.zolattitude.com\/index.php\/product\/2-pieces-green-tea-mask-stick-black-dot-mask-for-deep-cleansing-oil-control-eliminating-blackhead-mask-pure-green-tea-extract-soothing-moisturizer-green-mask-stick-portable-easy\/","title":{"rendered":"2 Pieces Green Tea Mask Stick Black Dot Mask for Deep Cleansing, Oil Control, Eliminating Blackhead Mask &#8211; Pure Green Tea Extract, Soothing Moisturizer, Green Mask Stick Portable Easy"},"content":{"rendered":"<p>Price: <span style=\"color:#b12704\">\u20ac9.99<\/span><br \/><i><small>(as of Mar 01, 2026 21:18:59 UTC &#8211; <span class=\"wp_automatic_amazon_disclaimer\" title=\"Product prices and availability are accurate as of the date\/time indicated and are subject to change. Any price and availability information displayed on [relevant Amazon Site(s), as applicable] at the time of purchase will apply to the purchase of this product.\">Details<\/span>)<\/small><\/i><br \/><a href=\"https:\/\/amazon.fr\/dp\/B0F8HWZ4RX?tag=onamzmoukoubl-21\"><img decoding=\"async\" src=\"https:\/\/valvepress.s3.amazonaws.com\/imgs\/buy_now.png\"><\/a><br \/>\n<\/p>\n<p>                                             Product Description   <\/p>\n<p>                                                                             <img decoding=\"async\" alt=\"aplus content image\" src=\"https:\/\/images-na.ssl-images-amazon.com\/images\/G\/01\/x-locale\/common\/grey-pixel.gif\" class=\"a-spacing-base a-lazy-loaded\" data-src=\"https:\/\/m.media-amazon.com\/images\/S\/aplus-media-library-service-media\/77cb1daf-6087-4920-b8e4-87a7ba9af0de.__CR0,0,970,600_PT0_SX970_V1___.jpg\"><img decoding=\"async\" alt=\"aplus content image\" src=\"https:\/\/m.media-amazon.com\/images\/S\/aplus-media-library-service-media\/77cb1daf-6087-4920-b8e4-87a7ba9af0de.__CR0,0,970,600_PT0_SX970_V1___.jpg\">                                                                    <\/p>\n<p>                                                                             <img decoding=\"async\" alt=\"Der Text lautet \u201eGREEN TEA EXTRACT BALANCE &amp;amp; HYDRATION\u201c. Das Bannerbild zeigt gr\u00fcne Teebl\u00e4tter und Wassertr\u00f6pfchen in hellgr\u00fcnen T\u00f6nen, wodurch die nat\u00fcrliche und erfrischende \u00c4sthetik betont wird.\" src=\"https:\/\/images-na.ssl-images-amazon.com\/images\/G\/01\/x-locale\/common\/grey-pixel.gif\" class=\"a-spacing-base a-lazy-loaded\" data-src=\"https:\/\/m.media-amazon.com\/images\/S\/aplus-media-library-service-media\/143d4630-aa8f-4edd-a398-efc3a2f69938.__CR0,0,970,600_PT0_SX970_V1___.jpg\"><img decoding=\"async\" alt=\"Der Text lautet \u201eGREEN TEA EXTRACT BALANCE &amp;amp; HYDRATION\u201c. Das Bannerbild zeigt gr\u00fcne Teebl\u00e4tter und Wassertr\u00f6pfchen in hellgr\u00fcnen T\u00f6nen, wodurch die nat\u00fcrliche und erfrischende \u00c4sthetik betont wird.\" src=\"https:\/\/m.media-amazon.com\/images\/S\/aplus-media-library-service-media\/143d4630-aa8f-4edd-a398-efc3a2f69938.__CR0,0,970,600_PT0_SX970_V1___.jpg\">                                                                    <\/p>\n<p>                                                                             <img decoding=\"async\" alt=\"Der Text lautet \u201eJEDEN TAG VER\u00c4NDERT SICH DIE HAUT\u201c. Serie von Nahaufnahmen, die die Anwendung eines gr\u00fcnen Hautpflegeprodukts zeigen. Ein jadefarbenes Glas auf einem mintgr\u00fcnen Hintergrund ist zu sehen.\" src=\"https:\/\/images-na.ssl-images-amazon.com\/images\/G\/01\/x-locale\/common\/grey-pixel.gif\" class=\"a-spacing-base a-lazy-loaded\" data-src=\"https:\/\/m.media-amazon.com\/images\/S\/aplus-media-library-service-media\/3e2b4167-8369-48d2-b2d8-791360cbf91f.__CR0,0,970,600_PT0_SX970_V1___.jpg\"><img decoding=\"async\" alt=\"Der Text lautet \u201eJEDEN TAG VER\u00c4NDERT SICH DIE HAUT\u201c. Serie von Nahaufnahmen, die die Anwendung eines gr\u00fcnen Hautpflegeprodukts zeigen. Ein jadefarbenes Glas auf einem mintgr\u00fcnen Hintergrund ist zu sehen.\" src=\"https:\/\/m.media-amazon.com\/images\/S\/aplus-media-library-service-media\/3e2b4167-8369-48d2-b2d8-791360cbf91f.__CR0,0,970,600_PT0_SX970_V1___.jpg\">                                                                    <\/p>\n<p>                                                                             <img decoding=\"async\" alt=\"Der Text lautet: \u201eSanfte Reinigung, Feuchtigkeitsversorgung, Gesichtsreinigung, biobalancierend\u201c. Gr\u00fcn get\u00f6nte Infografik zur Hautpflege mit kreisf\u00f6rmigen Symbolen, die die Produktvorteile verdeutlichen.\" src=\"https:\/\/images-na.ssl-images-amazon.com\/images\/G\/01\/x-locale\/common\/grey-pixel.gif\" class=\"a-spacing-base a-lazy-loaded\" data-src=\"https:\/\/m.media-amazon.com\/images\/S\/aplus-media-library-service-media\/3b6fcab2-0bd0-4396-bd84-005ee5a85035.__CR0,0,970,600_PT0_SX970_V1___.jpg\"><img decoding=\"async\" alt=\"Der Text lautet: \u201eSanfte Reinigung, Feuchtigkeitsversorgung, Gesichtsreinigung, biobalancierend\u201c. Gr\u00fcn get\u00f6nte Infografik zur Hautpflege mit kreisf\u00f6rmigen Symbolen, die die Produktvorteile verdeutlichen.\" src=\"https:\/\/m.media-amazon.com\/images\/S\/aplus-media-library-service-media\/3b6fcab2-0bd0-4396-bd84-005ee5a85035.__CR0,0,970,600_PT0_SX970_V1___.jpg\">                                                                    <\/p>\n<p>                                                                             <img decoding=\"async\" alt=\"aplus content image\" src=\"https:\/\/images-na.ssl-images-amazon.com\/images\/G\/01\/x-locale\/common\/grey-pixel.gif\" class=\"a-spacing-base a-lazy-loaded\" data-src=\"https:\/\/m.media-amazon.com\/images\/S\/aplus-media-library-service-media\/f44f4cad-ebd6-4b17-9e93-cf1591789e36.__CR0,0,970,600_PT0_SX970_V1___.jpg\"><img decoding=\"async\" alt=\"aplus content image\" src=\"https:\/\/m.media-amazon.com\/images\/S\/aplus-media-library-service-media\/f44f4cad-ebd6-4b17-9e93-cf1591789e36.__CR0,0,970,600_PT0_SX970_V1___.jpg\">                                                                    <\/p>\n<p>                                                                             <img decoding=\"async\" alt=\"Der Text lautet \u201eReinigen und Adsorption\u201c, \u201eAusbaggern und Ausbaggern\u201c, \u201eSchrumpfen und Auffrischen\u201c. Infografik mit sanftem mintgr\u00fcnem Hintergrund mit Anweisungen zur Produktbenutzung.\" src=\"https:\/\/images-na.ssl-images-amazon.com\/images\/G\/01\/x-locale\/common\/grey-pixel.gif\" class=\"a-spacing-base a-lazy-loaded\" data-src=\"https:\/\/m.media-amazon.com\/images\/S\/aplus-media-library-service-media\/ac421107-58a5-4a0a-a36e-82a21ef39b8f.__CR0,0,970,600_PT0_SX970_V1___.jpg\"><img decoding=\"async\" alt=\"Der Text lautet \u201eReinigen und Adsorption\u201c, \u201eAusbaggern und Ausbaggern\u201c, \u201eSchrumpfen und Auffrischen\u201c. Infografik mit sanftem mintgr\u00fcnem Hintergrund mit Anweisungen zur Produktbenutzung.\" src=\"https:\/\/m.media-amazon.com\/images\/S\/aplus-media-library-service-media\/ac421107-58a5-4a0a-a36e-82a21ef39b8f.__CR0,0,970,600_PT0_SX970_V1___.jpg\">                                                                    <\/p>\n<p>                                                                             <img decoding=\"async\" alt=\"aplus content image\" src=\"https:\/\/images-na.ssl-images-amazon.com\/images\/G\/01\/x-locale\/common\/grey-pixel.gif\" class=\"a-spacing-base a-lazy-loaded\" data-src=\"https:\/\/m.media-amazon.com\/images\/S\/aplus-media-library-service-media\/fe9391bb-ff01-4010-95ad-436e86115f65.__CR0,0,970,600_PT0_SX970_V1___.jpg\"><img decoding=\"async\" alt=\"aplus content image\" src=\"https:\/\/m.media-amazon.com\/images\/S\/aplus-media-library-service-media\/fe9391bb-ff01-4010-95ad-436e86115f65.__CR0,0,970,600_PT0_SX970_V1___.jpg\">                                                                    <\/p>\n<p> Package Dimensions                                            \u200f                                            :                                            \u200e                                            8.1 x 7.8 x 3.9 cm; 160 g   <br \/> Manufacturer                                            \u200f                                            :                                            \u200e                                            HOUSN   <br \/> ASIN                                            \u200f                                            :                                            \u200e                                            B0G4CLFXGX   <br \/> Country of origin                                            \u200f                                            :                                            \u200e                                            China   <br \/>  Customer reviews:                                                                                            4.3               4.3 out of 5 stars                                  (37)                                              var dpAcrHasRegisteredArcLinkClickAction;                    P.when(&#8216;A&#8217;, &#8216;ready&#8217;).execute(function(A) {                        if (dpAcrHasRegisteredArcLinkClickAction !== true) {                            dpAcrHasRegisteredArcLinkClickAction = true;                            A.declarative(                                &#8216;acrLink-click-metrics&#8217;, &#8216;click&#8217;,                                { &#8220;allowLinkDefault&#8221;: true },                                function (event) {                                    if (window.ue) {                                        ue.count(&#8220;acrLinkClickCount&#8221;, (ue.count(&#8220;acrLinkClickCount&#8221;) || 0) + 1);                                    }                                }                            );                        }                    });                                             P.when(&#8216;A&#8217;, &#8216;cf&#8217;).execute(function(A) {                A.declarative(&#8216;acrStarsLink-click-metrics&#8217;, &#8216;click&#8217;, { &#8220;allowLinkDefault&#8221; : true },  function(event){                    if(window.ue) {                        ue.count(&#8220;acrStarsLinkWithPopoverClickCount&#8221;, (ue.count(&#8220;acrStarsLinkWithPopoverClickCount&#8221;) || 0) + 1);                    }                });            });                          <br \/>\u3010Deep Blackhead Removal\u3011: HOUSN Blackhead Mask with pure green tea extract penetrates the pores to dissolve and eliminate blackheads, visibly reducing blemishes in 8-12 minutes of application<br \/>\u3010Double Hydration 72H\u3011: Our Green Tea Mask Stick Point Noir releases an intense hydrating complex that nourishes dry skin while regulating excess sebum for a balanced skin barrier 72 hours<br \/>Ultra-hygienic portable design: the revolutionary Green Mask Stick can be applied without contact with hands and face thanks to its rotating stick, ideal travel size for home or on the go<br \/>Soothing &#038; Acne Prevention: Formulated with 100% plant ingredients, this green mask calms redness, reduces the appearance of pimples and refines skin texture without aggression<br \/>\u3010Universal Skin Tolerance\u3011: Tested for all skin types &#8211; oily, dry or combination &#8211; soothes redness and strengthens the skin barrier thanks to purely vegetable green tea extract<\/p>\n\n","protected":false},"excerpt":{"rendered":"<p> Product Description Package Dimensions \u200f : \u200e 8.1 x 7.8 x 3.9 cm; 160 g Manufacturer \u200f : \u200e HOUSN ASIN \u200f : \u200e B0G4CLFXGX Country of origin \u200f : \u200e China Customer reviews: 4.3 4.3 out of 5 stars (37) var dpAcrHasRegisteredArcLinkClickAction; P.when(&#8216;A&#8217;, &#8216;ready&#8217;).execute(function(A) { if (dpAcrHasRegisteredArcLinkClickAction !== true) [&hellip;]<\/p>\n","protected":false},"featured_media":22957,"comment_status":"open","ping_status":"closed","template":"","meta":{"_gspb_post_css":"","om_disable_all_campaigns":false,"_monsterinsights_skip_tracking":false,"_monsterinsights_sitenote_active":false,"_monsterinsights_sitenote_note":"","_monsterinsights_sitenote_category":0},"store":[],"product_brand":[],"product_cat":[138],"product_tag":[353,5914,1683,574,2185,5912,1357,5913,422,826,229,527,243,1365,2316,213,1883,4091,562],"class_list":{"0":"post-22956","1":"product","2":"type-product","3":"status-publish","4":"has-post-thumbnail","6":"product_cat-acide-hyaluronique-msm","7":"product_tag-black","8":"product_tag-blackhead","9":"product_tag-cleansing","10":"product_tag-control","11":"product_tag-deep","12":"product_tag-dot","13":"product_tag-easy","14":"product_tag-eliminating","15":"product_tag-extract","16":"product_tag-green","17":"product_tag-mask","18":"product_tag-moisturizer","19":"product_tag-oil","20":"product_tag-pieces","21":"product_tag-portable","22":"product_tag-pure","23":"product_tag-soothing","24":"product_tag-stick","25":"product_tag-tea","27":"first","28":"instock","29":"shipping-taxable","30":"product-type-external"},"aioseo_notices":[],"jetpack_sharing_enabled":true,"_links":{"self":[{"href":"https:\/\/www.zolattitude.com\/index.php\/wp-json\/wp\/v2\/product\/22956","targetHints":{"allow":["GET"]}}],"collection":[{"href":"https:\/\/www.zolattitude.com\/index.php\/wp-json\/wp\/v2\/product"}],"about":[{"href":"https:\/\/www.zolattitude.com\/index.php\/wp-json\/wp\/v2\/types\/product"}],"replies":[{"embeddable":true,"href":"https:\/\/www.zolattitude.com\/index.php\/wp-json\/wp\/v2\/comments?post=22956"}],"wp:featuredmedia":[{"embeddable":true,"href":"https:\/\/www.zolattitude.com\/index.php\/wp-json\/wp\/v2\/media\/22957"}],"wp:attachment":[{"href":"https:\/\/www.zolattitude.com\/index.php\/wp-json\/wp\/v2\/media?parent=22956"}],"wp:term":[{"taxonomy":"store","embeddable":true,"href":"https:\/\/www.zolattitude.com\/index.php\/wp-json\/wp\/v2\/store?post=22956"},{"taxonomy":"product_brand","embeddable":true,"href":"https:\/\/www.zolattitude.com\/index.php\/wp-json\/wp\/v2\/product_brand?post=22956"},{"taxonomy":"product_cat","embeddable":true,"href":"https:\/\/www.zolattitude.com\/index.php\/wp-json\/wp\/v2\/product_cat?post=22956"},{"taxonomy":"product_tag","embeddable":true,"href":"https:\/\/www.zolattitude.com\/index.php\/wp-json\/wp\/v2\/product_tag?post=22956"}],"curies":[{"name":"wp","href":"https:\/\/api.w.org\/{rel}","templated":true}]}}