{"id":23112,"date":"2026-03-02T23:05:43","date_gmt":"2026-03-02T23:05:43","guid":{"rendered":"https:\/\/www.zolattitude.com\/index.php\/product\/bath-salts-epsom-magnesium-salt-and-ultra-purifying-essential-oils-salt-feet-repair-damaged-nails-athletes-foot-relief-scrub-500g\/"},"modified":"2026-03-02T23:05:52","modified_gmt":"2026-03-02T23:05:52","slug":"bath-salts-epsom-magnesium-salt-and-ultra-purifying-essential-oils-salt-feet-repair-damaged-nails-athletes-foot-relief-scrub-500g","status":"publish","type":"product","link":"https:\/\/www.zolattitude.com\/index.php\/product\/bath-salts-epsom-magnesium-salt-and-ultra-purifying-essential-oils-salt-feet-repair-damaged-nails-athletes-foot-relief-scrub-500g\/","title":{"rendered":"Bath Salts, Epsom Magnesium Salt and Ultra Purifying Essential Oils, Salt Feet, Repair Damaged Nails, Athlete&#8217;s Foot Relief, Scrub, 500g"},"content":{"rendered":"<p>Price: <span style=\"color:#b12704\"><del>\u20ac17.00<\/del> - \u20ac15.41<\/span><br \/><i><small>(as of Mar 02, 2026 23:05:44 UTC &#8211; <span class=\"wp_automatic_amazon_disclaimer\" title=\"Product prices and availability are accurate as of the date\/time indicated and are subject to change. Any price and availability information displayed on [relevant Amazon Site(s), as applicable] at the time of purchase will apply to the purchase of this product.\">Details<\/span>)<\/small><\/i><br \/><a href=\"https:\/\/amazon.fr\/dp\/B01L7KQAJQ?tag=onamzmoukoubl-21\"><img decoding=\"async\" src=\"https:\/\/valvepress.s3.amazonaws.com\/imgs\/buy_now.png\"><\/a><br \/>\n<\/p>\n<p>                                             From the brand   <\/p>\n<p>                                              <img decoding=\"async\" alt=\"Emballage de produits cosm\u00e9tiques marins sur fond bleu d&amp;#39;eau avec les textes \u00ab Bleu &amp;amp; Marine Bretania \u00bb et \u00ab Cosm\u00e9tique Marine Professionnelle \u00bb.\" src=\"https:\/\/images-na.ssl-images-amazon.com\/images\/G\/01\/x-locale\/common\/grey-pixel.gif\" class=\"a-lazy-loaded\" data-src=\"https:\/\/m.media-amazon.com\/images\/S\/aplus-media-library-service-media\/636499b5-4988-4ac6-b3ce-f46e9e6aa4d8.__CR0,0,1464,625_PT0_SX1464_V1___.jpg\"><img decoding=\"async\" alt=\"Emballage de produits cosm\u00e9tiques marins sur fond bleu d&amp;#39;eau avec les textes \u00ab Bleu &amp;amp; Marine Bretania \u00bb et \u00ab Cosm\u00e9tique Marine Professionnelle \u00bb.\" src=\"https:\/\/m.media-amazon.com\/images\/S\/aplus-media-library-service-media\/636499b5-4988-4ac6-b3ce-f46e9e6aa4d8.__CR0,0,1464,625_PT0_SX1464_V1___.jpg\">  <\/p>\n<p>                                              <img decoding=\"async\" alt=\"D\u00e9monstration d&amp;#39;application d&amp;#39;un produit de beaut\u00e9 montrant plusieurs compte-gouttes de s\u00e9rum appliquant le produit simultan\u00e9ment sur fond blanc\" src=\"https:\/\/images-na.ssl-images-amazon.com\/images\/G\/01\/x-locale\/common\/grey-pixel.gif\" class=\"a-lazy-loaded\" data-src=\"https:\/\/m.media-amazon.com\/images\/S\/aplus-media-library-service-media\/2c3f2d10-a26c-4be6-ba52-c8ba76b5ff9f.__CR0,0,362,453_PT0_SX362_V1___.jpg\"><img decoding=\"async\" alt=\"D\u00e9monstration d&amp;#39;application d&amp;#39;un produit de beaut\u00e9 montrant plusieurs compte-gouttes de s\u00e9rum appliquant le produit simultan\u00e9ment sur fond blanc\" src=\"https:\/\/m.media-amazon.com\/images\/S\/aplus-media-library-service-media\/2c3f2d10-a26c-4be6-ba52-c8ba76b5ff9f.__CR0,0,362,453_PT0_SX362_V1___.jpg\">  <\/p>\n<h3> MEILLEURES VENTES <\/h3>\n<p>                                              <img decoding=\"async\" alt=\"bleu marine bretania\" src=\"https:\/\/images-na.ssl-images-amazon.com\/images\/G\/01\/x-locale\/common\/grey-pixel.gif\" class=\"a-lazy-loaded\" data-src=\"https:\/\/m.media-amazon.com\/images\/S\/aplus-media-library-service-media\/c676d353-04be-42aa-8f93-bbea07da7177.__CR0,0,362,453_PT0_SX362_V1___.jpg\"><img decoding=\"async\" alt=\"bleu marine bretania\" src=\"https:\/\/m.media-amazon.com\/images\/S\/aplus-media-library-service-media\/c676d353-04be-42aa-8f93-bbea07da7177.__CR0,0,362,453_PT0_SX362_V1___.jpg\">  <\/p>\n<h3> FORMATS PROFESSIONNELS <\/h3>\n<p>                                              <img decoding=\"async\" alt=\"Gros plan d&amp;#39;une personne appliquant de la cr\u00e8me sous les yeux. Texte bleu \u00ab MUST HAVE \u00bb avec illustration en forme de feuille en bas\" src=\"https:\/\/images-na.ssl-images-amazon.com\/images\/G\/01\/x-locale\/common\/grey-pixel.gif\" class=\"a-lazy-loaded\" data-src=\"https:\/\/m.media-amazon.com\/images\/S\/aplus-media-library-service-media\/f82a8827-7793-46bd-bae5-44f3eb9194e8.__CR0,0,362,453_PT0_SX362_V1___.jpg\"><img decoding=\"async\" alt=\"Gros plan d&amp;#39;une personne appliquant de la cr\u00e8me sous les yeux. Texte bleu \u00ab MUST HAVE \u00bb avec illustration en forme de feuille en bas\" src=\"https:\/\/m.media-amazon.com\/images\/S\/aplus-media-library-service-media\/f82a8827-7793-46bd-bae5-44f3eb9194e8.__CR0,0,362,453_PT0_SX362_V1___.jpg\">  <\/p>\n<h3> NOS FAVORIS <\/h3>\n<p>                                              <img decoding=\"async\" alt=\"\" src=\"https:\/\/images-na.ssl-images-amazon.com\/images\/G\/01\/x-locale\/common\/grey-pixel.gif\" class=\"a-lazy-loaded\" data-src=\"https:\/\/m.media-amazon.com\/images\/S\/aplus-media-library-service-media\/b8c8df75-c9df-40ab-9da2-cb36369632f9.__CR0,0,315,145_PT0_SX315_V1___.jpg\"><img decoding=\"async\" alt=\"\" src=\"https:\/\/m.media-amazon.com\/images\/S\/aplus-media-library-service-media\/b8c8df75-c9df-40ab-9da2-cb36369632f9.__CR0,0,315,145_PT0_SX315_V1___.jpg\">  <\/p>\n<p> Le voyage a commenc\u00e9 dans le nord-ouest de la France, o\u00f9 la fondatrice de bleu &amp; marine Bretagne a grandi en se promenant sur la plage et en s\u2019\u00e9merveillant de la normalit\u00e9 avec laquelle les habitants ramassaient des algues pour fabriquer leurs propres aliments et rem\u00e8des pour le soin de la peau et la sant\u00e9 en g\u00e9n\u00e9ral. <\/p>\n<p>                                              <img decoding=\"async\" alt=\"Deux logos de certification circulaires sur fond bleu d&amp;#39;eau avec du texte fran\u00e7ais ci-dessous indiquant la certification v\u00e9g\u00e9talienne et biologique.\" src=\"https:\/\/images-na.ssl-images-amazon.com\/images\/G\/01\/x-locale\/common\/grey-pixel.gif\" class=\"a-lazy-loaded\" data-src=\"https:\/\/m.media-amazon.com\/images\/S\/aplus-media-library-service-media\/f72683ea-8147-4b09-80d6-72cfc7afc0d9.__CR0,0,362,453_PT0_SX362_V1___.jpg\"><img decoding=\"async\" alt=\"Deux logos de certification circulaires sur fond bleu d&amp;#39;eau avec du texte fran\u00e7ais ci-dessous indiquant la certification v\u00e9g\u00e9talienne et biologique.\" src=\"https:\/\/m.media-amazon.com\/images\/S\/aplus-media-library-service-media\/f72683ea-8147-4b09-80d6-72cfc7afc0d9.__CR0,0,362,453_PT0_SX362_V1___.jpg\">  <\/p>\n<p> Is discontinued by manufacturer                                            \u200f                                            :                                            \u200e                                            No   <br \/> Package Dimensions                                            \u200f                                            :                                            \u200e                                            25.7 x 16.4 x 4.8 cm; 250 g   <br \/> Manufacturer                                            \u200f                                            :                                            \u200e                                            Made in France   <br \/> ASIN                                            \u200f                                            :                                            \u200e                                            B01L7KQAJQ   <br \/> Item model number                                            \u200f                                            :                                            \u200e                                            3701076201021   <br \/> Country of origin                                            \u200f                                            :                                            \u200e                                            France   <br \/>  Customer reviews:                                                                                            4.5               4.5 out of 5 stars                                  (1,387)                                              var dpAcrHasRegisteredArcLinkClickAction;                    P.when(&#8216;A&#8217;, &#8216;ready&#8217;).execute(function(A) {                        if (dpAcrHasRegisteredArcLinkClickAction !== true) {                            dpAcrHasRegisteredArcLinkClickAction = true;                            A.declarative(                                &#8216;acrLink-click-metrics&#8217;, &#8216;click&#8217;,                                { &#8220;allowLinkDefault&#8221;: true },                                function (event) {                                    if (window.ue) {                                        ue.count(&#8220;acrLinkClickCount&#8221;, (ue.count(&#8220;acrLinkClickCount&#8221;) || 0) + 1);                                    }                                }                            );                        }                    });                                             P.when(&#8216;A&#8217;, &#8216;cf&#8217;).execute(function(A) {                A.declarative(&#8216;acrStarsLink-click-metrics&#8217;, &#8216;click&#8217;, { &#8220;allowLinkDefault&#8221; : true },  function(event){                    if(window.ue) {                        ue.count(&#8220;acrStarsLinkWithPopoverClickCount&#8221;, (ue.count(&#8220;acrStarsLinkWithPopoverClickCount&#8221;) || 0) + 1);                    }                });            });                          <br \/>REVITALIZING DAMAGED NAILS &#8211; If you are struggling with discolored, worn or brittle nails, our exclusive formula is here to help. Epsom salts combined with powerful essential oils work deeply to nourish and strengthen your nails. Say goodbye to annoying mushrooms and unattractive appearance.<br \/>Athlete&#8217;s Foot Recovery &#8211; Our magnesium-enriched Epsom salts provide a relaxing bath that improves circulation and relieves swelling. Say goodbye to heavy and tired feet, and hello to a feeling of lightness and freshness.<br \/>PREVENTIVE APPROACH FOR HEALTHY NAILS &#8211; Integrate our Epsom salts into your skincare routine to strengthen your nails and hydrate your skin. A preventive approach that will allow you to keep your feet and nails in perfect condition, day after day.<br \/>Revitalizing Scrub &#8211; Salt crystals work gently to remove dead skin, revealing soft and smooth skin.<br \/>DEEP STRENGTHENING &#8211; Our unique formula combines the benefits of Epsom salt and essential oils to harden fragile nails and provide antifungal support.<\/p>\n\n","protected":false},"excerpt":{"rendered":"<p> From the brand MEILLEURES VENTES FORMATS PROFESSIONNELS NOS FAVORIS Le voyage a commenc\u00e9 dans le nord-ouest de la France, o\u00f9 la fondatrice de bleu &amp; marine Bretagne a grandi en se promenant sur la plage et en s\u2019\u00e9merveillant de la normalit\u00e9 avec laquelle les habitants ramassaient des algues pour fabriquer [&hellip;]<\/p>\n","protected":false},"featured_media":23113,"comment_status":"open","ping_status":"closed","template":"","meta":{"_gspb_post_css":"","om_disable_all_campaigns":false,"_monsterinsights_skip_tracking":false,"_monsterinsights_sitenote_active":false,"_monsterinsights_sitenote_note":"","_monsterinsights_sitenote_category":0},"store":[],"product_brand":[],"product_cat":[152],"product_tag":[415,4156,1933,1060,5949,513,4501,4503,287,177,514,1446,3564,1347,5464,4595,5950,810],"class_list":{"0":"post-23112","1":"product","2":"type-product","3":"status-publish","4":"has-post-thumbnail","6":"product_cat-magnesium-marin","7":"product_tag-500g","8":"product_tag-athletes","9":"product_tag-bath","10":"product_tag-damaged","11":"product_tag-epsom","12":"product_tag-essential","13":"product_tag-feet","14":"product_tag-foot","15":"product_tag-magnesium","16":"product_tag-nails","17":"product_tag-oils","18":"product_tag-purifying","19":"product_tag-relief","20":"product_tag-repair","21":"product_tag-salt","22":"product_tag-salts","23":"product_tag-scrub","24":"product_tag-ultra","26":"first","27":"instock","28":"sale","29":"shipping-taxable","30":"product-type-external"},"aioseo_notices":[],"jetpack_sharing_enabled":true,"_links":{"self":[{"href":"https:\/\/www.zolattitude.com\/index.php\/wp-json\/wp\/v2\/product\/23112","targetHints":{"allow":["GET"]}}],"collection":[{"href":"https:\/\/www.zolattitude.com\/index.php\/wp-json\/wp\/v2\/product"}],"about":[{"href":"https:\/\/www.zolattitude.com\/index.php\/wp-json\/wp\/v2\/types\/product"}],"replies":[{"embeddable":true,"href":"https:\/\/www.zolattitude.com\/index.php\/wp-json\/wp\/v2\/comments?post=23112"}],"wp:featuredmedia":[{"embeddable":true,"href":"https:\/\/www.zolattitude.com\/index.php\/wp-json\/wp\/v2\/media\/23113"}],"wp:attachment":[{"href":"https:\/\/www.zolattitude.com\/index.php\/wp-json\/wp\/v2\/media?parent=23112"}],"wp:term":[{"taxonomy":"store","embeddable":true,"href":"https:\/\/www.zolattitude.com\/index.php\/wp-json\/wp\/v2\/store?post=23112"},{"taxonomy":"product_brand","embeddable":true,"href":"https:\/\/www.zolattitude.com\/index.php\/wp-json\/wp\/v2\/product_brand?post=23112"},{"taxonomy":"product_cat","embeddable":true,"href":"https:\/\/www.zolattitude.com\/index.php\/wp-json\/wp\/v2\/product_cat?post=23112"},{"taxonomy":"product_tag","embeddable":true,"href":"https:\/\/www.zolattitude.com\/index.php\/wp-json\/wp\/v2\/product_tag?post=23112"}],"curies":[{"name":"wp","href":"https:\/\/api.w.org\/{rel}","templated":true}]}}