{"id":23139,"date":"2026-03-03T00:13:15","date_gmt":"2026-03-03T00:13:15","guid":{"rendered":"https:\/\/www.zolattitude.com\/index.php\/product\/ashwagandha-patented-ksm-66-210-capsules-7200-mg-ashwagandha-pure-600-mg-extract-121-extra-strength-min-5-withanolides-pure-sleep-berry-extract-stress-energy-wellness-100-vegan\/"},"modified":"2026-03-03T00:13:25","modified_gmt":"2026-03-03T00:13:25","slug":"ashwagandha-patented-ksm-66-210-capsules-7200-mg-ashwagandha-pure-600-mg-extract-121-extra-strength-min-5-withanolides-pure-sleep-berry-extract-stress-energy-wellness-100-vegan","status":"publish","type":"product","link":"https:\/\/www.zolattitude.com\/index.php\/product\/ashwagandha-patented-ksm-66-210-capsules-7200-mg-ashwagandha-pure-600-mg-extract-121-extra-strength-min-5-withanolides-pure-sleep-berry-extract-stress-energy-wellness-100-vegan\/","title":{"rendered":"Ashwagandha Patented KSM-66, 210 Capsules, 7200 mg Ashwagandha Pure 600 mg Extract (12:1), Extra Strength: Min 5% Withanolides, Pure Sleep Berry Extract, Stress, Energy, Wellness, 100% Vegan"},"content":{"rendered":"<p>Price: <span style=\"color:#b12704\">\u20ac24.99<\/span><br \/><i><small>(as of Mar 03, 2026 00:13:16 UTC &#8211; <span class=\"wp_automatic_amazon_disclaimer\" title=\"Product prices and availability are accurate as of the date\/time indicated and are subject to change. Any price and availability information displayed on [relevant Amazon Site(s), as applicable] at the time of purchase will apply to the purchase of this product.\">Details<\/span>)<\/small><\/i><br \/><a href=\"https:\/\/amazon.fr\/dp\/B0CCPGTNXC?tag=onamzmoukoubl-21\"><img decoding=\"async\" src=\"https:\/\/valvepress.s3.amazonaws.com\/imgs\/buy_now.png\"><\/a><br \/>\n<\/p>\n<p>                                             Product Description   <\/p>\n<p>                                                                                                       <img decoding=\"async\" alt=\"avec \u00e9tiquette orange tenue \u00e0 la main sur fond en tissu beige, avec le texte fran\u00e7ais \u00ab Trouvez votre calme \u00bb affich\u00e9\" src=\"https:\/\/images-na.ssl-images-amazon.com\/images\/G\/01\/x-locale\/common\/grey-pixel.gif\" class=\"a-lazy-loaded\" data-src=\"https:\/\/m.media-amazon.com\/images\/S\/aplus-media-library-service-media\/c5443e1d-f235-4320-ab3d-f99c7db1da09.__CR0,0,1464,600_PT0_SX1464_V1___.jpg\"><img decoding=\"async\" alt=\"avec \u00e9tiquette orange tenue \u00e0 la main sur fond en tissu beige, avec le texte fran\u00e7ais \u00ab Trouvez votre calme \u00bb affich\u00e9\" src=\"https:\/\/m.media-amazon.com\/images\/S\/aplus-media-library-service-media\/c5443e1d-f235-4320-ab3d-f99c7db1da09.__CR0,0,1464,600_PT0_SX1464_V1___.jpg\">                                               <\/p>\n<p>                                                                                  <img decoding=\"async\" alt=\"Main tenant de petites capsules ou pilules jaunes sur fond clair. Le texte d\u00e9crit l&amp;#39;ashwagandha comme une plante ayurv\u00e9dique pour soulager le stress\" src=\"https:\/\/m.media-amazon.com\/images\/S\/aplus-media-library-service-media\/ed3b3257-5876-4070-be25-71a32bd84692.__CR0,0,1464,600_PT0_SX1464_V1___.jpg\">       <\/p>\n<p>                                                                                  <img decoding=\"async\" alt=\"Gros plan de capsules de m\u00e9dicaments dans une paume, avec un texte fran\u00e7ais indiquant les instructions posologiques quotidiennes visibles ci-dessous.\" src=\"https:\/\/m.media-amazon.com\/images\/S\/aplus-media-library-service-media\/c7f95123-5fa7-4845-8885-77588d371081.__CR0,0,1464,600_PT0_SX1464_V1___.jpg\">       <\/p>\n<p>                                                                                  <img decoding=\"async\" alt=\"Gros plan d&amp;#39;une paume tenant un petit \u00e9chantillon de produit, avec une superposition de texte fran\u00e7ais sur les normes de production\" src=\"https:\/\/m.media-amazon.com\/images\/S\/aplus-media-library-service-media\/16343a0f-fe60-4d94-831d-139bf9983e2f.__CR0,0,1464,600_PT0_SX1464_V1___.jpg\">       <\/p>\n<p>                                                                                  <img decoding=\"async\" alt=\"Gros plan de mains tenant un petit objet dor\u00e9. Zone de texte orange au premier plan avec la langue fran\u00e7aise visible.\" src=\"https:\/\/m.media-amazon.com\/images\/S\/aplus-media-library-service-media\/ab56ee26-c30d-413e-b288-227fbf45a30f.__CR0,0,1464,600_PT0_SX1464_V1___.jpg\">       <\/p>\n<p>                                                                                  <img decoding=\"async\" alt=\"Flacon de suppl\u00e9ment avec \u00e9tiquette orange indiquant les informations sur le produit en texte fran\u00e7ais, avec les d\u00e9tails de la formule scientifique.\" src=\"https:\/\/m.media-amazon.com\/images\/S\/aplus-media-library-service-media\/67136910-56ef-4dc4-a3dc-91daa8bcb643.__CR0,0,1464,600_PT0_SX1464_V1___.jpg\">       <\/p>\n<p>                                                                                  <img decoding=\"async\" alt=\"Graphique informatif orange et blanc sur l&amp;#39;ashwagandha KSM-66, affichant les d\u00e9tails et les sp\u00e9cifications du produit\" src=\"https:\/\/m.media-amazon.com\/images\/S\/aplus-media-library-service-media\/81983cd1-f226-48c3-a163-180bd8f4484d.__CR0,0,1464,600_PT0_SX1464_V1___.jpg\">       <\/p>\n<p>                                                                                  <img decoding=\"async\" alt=\"en orange et bleu montrant l&amp;#39;organigramme des informations sur le produit KSM-66 Ashwagandha avec un texte en fran\u00e7ais\" src=\"https:\/\/m.media-amazon.com\/images\/S\/aplus-media-library-service-media\/cf6eea06-967e-4fd0-bc62-04ae15aa1136.__CR0,0,1464,600_PT0_SX1464_V1___.jpg\">       <\/p>\n<p>                                                                                  <img decoding=\"async\" alt=\"en fran\u00e7ais pr\u00e9sentant des \u00ab preuves d&amp;#39;efficacit\u00e9 \u00bb avec quatre points num\u00e9rot\u00e9s d\u00e9crivant les \u00e9tudes de\" src=\"https:\/\/m.media-amazon.com\/images\/S\/aplus-media-library-service-media\/01a177d0-5d50-426a-93bb-8419e2189479.__CR0,0,1464,600_PT0_SX1464_V1___.jpg\">       <\/p>\n<p>                                                                                  <img decoding=\"async\" alt=\"Image du produit de compl\u00e9ment alimentaire. Les caract\u00e9ristiques comprennent un approvisionnement de 3 mois, 2 capsules par portion, 100 % v\u00e9g\u00e9talienne. Flacon et capsules visibles sur l&amp;#39;image.\" src=\"https:\/\/m.media-amazon.com\/images\/S\/aplus-media-library-service-media\/d6fae71e-6376-4e84-9d66-8b0fc7ad5f97.__CR0,0,1464,600_PT0_SX1464_V1___.jpg\">       <\/p>\n<p>                                                                                  <img decoding=\"async\" alt=\"\u00c9cran de certification du produit montrant la marque de certification v\u00e9g\u00e9talienne V-Label en vert, avec un texte d&amp;#39;accompagnement et un emballage contenant des capsules\" src=\"https:\/\/m.media-amazon.com\/images\/S\/aplus-media-library-service-media\/ba3534f5-3485-46ad-96b7-c0edc9104497.__CR0,0,1464,600_PT0_SX1464_V1___.jpg\">       <\/p>\n<p>                                                                                  <img decoding=\"async\" alt=\"pour les produits biologiques, affichant du texte en fran\u00e7ais et le logo biologique de l&amp;#39;UE. Indique la conformit\u00e9 aux r\u00e9glementations de l&amp;#39;agriculture biologique.\" src=\"https:\/\/m.media-amazon.com\/images\/S\/aplus-media-library-service-media\/a3588af8-c356-46e2-9ada-6f84d8475ca9.__CR0,0,1464,600_PT0_SX1464_V1___.jpg\">       <\/p>\n<p>                                                                                  <img decoding=\"async\" alt=\"Femme en pull orange tenant une bouteille bleue de suppl\u00e9ment nutritionnel. Le texte en fran\u00e7ais traite du d\u00e9veloppement de produits et de leurs bienfaits pour la sant\u00e9.\" src=\"https:\/\/m.media-amazon.com\/images\/S\/aplus-media-library-service-media\/d486d77e-4af3-4a41-9cc9-ca9c3a4eb432.__CR0,0,1464,600_PT0_SX1464_V1___.jpg\">       <\/p>\n<p>                                                                                  <img decoding=\"async\" alt=\"creatine\" src=\"https:\/\/m.media-amazon.com\/images\/S\/aplus-media-library-service-media\/905983f7-5b78-4d9f-b8fe-00d6e0fc840c.__CR0,0,1464,600_PT0_SX1464_V1___.jpg\">       <\/p>\n<p>                                                                                  <img decoding=\"async\" alt=\"Document de contr\u00f4le qualit\u00e9 en fran\u00e7ais d\u00e9taillant les proc\u00e9dures de tests analytiques et les sp\u00e9cifications de s\u00e9curit\u00e9 des produits, pr\u00e9sent\u00e9 sur fond teint\u00e9 rose\" src=\"https:\/\/m.media-amazon.com\/images\/S\/aplus-media-library-service-media\/7c821a8e-63a7-44a3-9921-994f526e2048.__CR0,0,1464,600_PT0_SX1464_V1___.jpg\">       <\/p>\n<p>                                                                                  <img decoding=\"async\" alt=\"en fran\u00e7ais pour plus de 100 produits de bien-\u00eatre, mettant en sc\u00e8ne deux personnes regardant une tablette ou un ordinateur portable.\" src=\"https:\/\/m.media-amazon.com\/images\/S\/aplus-media-library-service-media\/6c9b276b-771d-4023-995d-c65dcc534851.__CR0,0,1464,600_PT0_SX1464_V1___.jpg\">       <\/p>\n<h3 class=\"a-text-center aplus-h1 a-text-bold\"> Comparaison des produits <\/h3>\n<p>                         Add To Basket  <\/p>\n<p>                         Add To Basket  <\/p>\n<p>                         Add To Basket  <\/p>\n<p>                         Add To Basket  <\/p>\n<p>                                                       <img decoding=\"async\" alt=\"\" src=\"https:\/\/m.media-amazon.com\/images\/S\/aplus-media-library-service-media\/6133596e-5595-4561-9981-b1f2ef361fe4.__CR84,0,1340,1508_PT0_SX200_V1___.jpg\">  <\/p>\n<p class=\"product-title\"> Vitamine D3+K2 Gouttes <\/p>\n<p>                         Add To Basket  <\/p>\n<p>                                     Customer Reviews  <\/p>\n<p>                    4.4 out of 5 stars  376  <\/p>\n<p>                    4.5 out of 5 stars  745  <\/p>\n<p>                    4.3 out of 5 stars  21,319  <\/p>\n<p>                    4.2 out of 5 stars  1,991  <\/p>\n<p>                \u2014                                     <\/p>\n<p>                    4.4 out of 5 stars  2,326  <\/p>\n<p>                                     Price  <\/p>\n<p>                                                        \u20ac24.99\u20ac24.99     <\/p>\n<p>                                                        \u20ac15.99\u20ac15.99     <\/p>\n<p>                                                        \u20ac19.99\u20ac19.99     <\/p>\n<p>                                                        \u20ac12.99\u20ac12.99     <\/p>\n<p>                                                        \u2014    <\/p>\n<p>                                                        \u20ac9.99\u20ac9.99     <\/p>\n<p>                                     Ingr\u00e9dients principaux  <\/p>\n<p>                                                Ashwagandha     <\/p>\n<p>                                                Vitamine E D-alpha-tocoph\u00e9rol    <\/p>\n<p>                                                Multivitamines et min\u00e9raux    <\/p>\n<p>                                                Carbonate de calcium    <\/p>\n<p>                                                Chol\u00e9calcif\u00e9rol    <\/p>\n<p>                                                Chol\u00e9calcif\u00e9rol    <\/p>\n<p>                                     Directions  <\/p>\n<p>                                                2 capsules par jour    <\/p>\n<p>                                                2 capsules par jour    <\/p>\n<p>                                                1 comprim\u00e9 par jour    <\/p>\n<p>                                                2 comprim\u00e9s par jour    <\/p>\n<p>                                                1 goutte non dilu\u00e9e par jour    <\/p>\n<p>                                                1 goutte non dilu\u00e9e par jour    <\/p>\n<p>                                     Quantit\u00e9  <\/p>\n<p>                                                210 capsules    <\/p>\n<p>                                                210 capsules    <\/p>\n<p>                                                450 comprim\u00e9s    <\/p>\n<p>                                                180 comprim\u00e9s    <\/p>\n<p>                                                1700 gouttes    <\/p>\n<p>                                                1700 gouttes    <\/p>\n<p>                                     Fourniture  <\/p>\n<p>                                                3 mois    <\/p>\n<p>                                                Environ 3 mois    <\/p>\n<p>                                                15 mois    <\/p>\n<p>                                                3 mois    <\/p>\n<p>                                                1 an et plus    <\/p>\n<p>                                                1 an et plus    <\/p>\n<p>                                     V\u00e9g\u00e9talien  <\/p>\n<p>                                                    \u2714       <\/p>\n<p>                                                    \u2718      <\/p>\n<p>                                                    \u2718      <\/p>\n<p>                                                    \u2714       <\/p>\n<p>                                                    \u2718      <\/p>\n<p>                                                    \u2718      <\/p>\n<p>                                     Sans gluten, sans lactose  <\/p>\n<p>                                                    \u2714       <\/p>\n<p>                                                    \u2714       <\/p>\n<p>                                                    \u2714       <\/p>\n<p>                                                    \u2714       <\/p>\n<p>                                                    \u2714       <\/p>\n<p>                                                    \u2714       <\/p>\n<p> Product Dimensions                                            \u200f                                            :                                            \u200e                                            7.8 x 7.8 x 13.08 cm; 120 g   <br \/> Manufacturer                                            \u200f                                            :                                            \u200e                                            Gloryfeel   <br \/> ASIN                                            \u200f                                            :                                            \u200e                                            B0CCPGTNXC   <br \/> Manufacturer reference                                            \u200f                                            :                                            \u200e                                            gf-ashwagandha-ksm-66   <br \/> Country of origin                                            \u200f                                            :                                            \u200e                                            Germany   <br \/>  Customer reviews:                                                                                            4.4               4.4 out of 5 stars                                  (376)                                              var dpAcrHasRegisteredArcLinkClickAction;                    P.when(&#8216;A&#8217;, &#8216;ready&#8217;).execute(function(A) {                        if (dpAcrHasRegisteredArcLinkClickAction !== true) {                            dpAcrHasRegisteredArcLinkClickAction = true;                            A.declarative(                                &#8216;acrLink-click-metrics&#8217;, &#8216;click&#8217;,                                { &#8220;allowLinkDefault&#8221;: true },                                function (event) {                                    if (window.ue) {                                        ue.count(&#8220;acrLinkClickCount&#8221;, (ue.count(&#8220;acrLinkClickCount&#8221;) || 0) + 1);                                    }                                }                            );                        }                    });                                             P.when(&#8216;A&#8217;, &#8216;cf&#8217;).execute(function(A) {                A.declarative(&#8216;acrStarsLink-click-metrics&#8217;, &#8216;click&#8217;, { &#8220;allowLinkDefault&#8221; : true },  function(event){                    if(window.ue) {                        ue.count(&#8220;acrStarsLinkWithPopoverClickCount&#8221;, (ue.count(&#8220;acrStarsLinkWithPopoverClickCount&#8221;) || 0) + 1);                    }                });            });                          <br \/>HIGHLY DOSED ASHWAGANDHA WITH KSM-66 &#8211; You get 600 mg of pure ashwagandha extract in just 2 small, easy-to-swallow capsules per day. Our ashwagandha contains the patented ingredient KSM-66, which guarantees a minimum content of 5% withanolides (30 mg). Our bottle of 210 capsules lasts more than 4 months!<br \/>Ayurveda \u2013 Ashwagandha, also called the &#8220;sleep berry&#8221;, has been used for thousands of years. Root powder is said to have calming properties and improve sleep quality.<br \/>CERTIFIED AND PATENTED QUALITY FROM INDIA &#8211; Our ashwagandha is a brand raw material of Ixoreal Biomed Inc. and is considered the most concentrated and bioavailable root extract on the current market. Thus, all natural components of the grass are maintained in their original balance. KSM-66 is characterized by the highest withanolide content of any brand extracts currently available.<br \/>100% VEGAN &#038; NO ADDITIVES &#8211; Our organic ashwagandha is produced without artificial additives such as anti-caking agents, flavourings, dyes, stabilizers, fillers and of course GMO FREE. Guaranteed gluten free &#038; preservatives.<br \/>New standards of quality and stability \u2013 gloryfeel products are manufactured in Germany and undergo extensive stability tests to maintain a consistent quality over a long period of time. Our commitment to exceed industry standards underscores our leadership position in quality assurance. Discover our certificates of analysis for more transparency and trust. Keep out of reach of children and not recommended for children under 6 years old.<\/p>\n\n","protected":false},"excerpt":{"rendered":"<p> Product Description Comparaison des produits Add To Basket Add To Basket Add To Basket Add To Basket Vitamine D3+K2 Gouttes Add To Basket Customer Reviews 4.4 out of 5 stars 376 4.5 out of 5 stars 745 4.3 out of 5 stars 21,319 4.2 out of 5 stars 1,991 \u2014 [&hellip;]<\/p>\n","protected":false},"featured_media":23140,"comment_status":"open","ping_status":"closed","template":"","meta":{"_gspb_post_css":"","om_disable_all_campaigns":false,"_monsterinsights_skip_tracking":false,"_monsterinsights_sitenote_active":false,"_monsterinsights_sitenote_note":"","_monsterinsights_sitenote_category":0},"store":[],"product_brand":[],"product_cat":[147],"product_tag":[493,471,198,289,455,422,496,3443,298,213,405,1145,278,261,250,2270],"class_list":{"0":"post-23139","1":"product","2":"type-product","3":"status-publish","4":"has-post-thumbnail","6":"product_cat-racines-adaptogenes","7":"product_tag-ashwagandha","8":"product_tag-berry","9":"product_tag-capsules","10":"product_tag-energy","11":"product_tag-extra","12":"product_tag-extract","13":"product_tag-ksm66","14":"product_tag-min","15":"product_tag-patented","16":"product_tag-pure","17":"product_tag-sleep","18":"product_tag-strength","19":"product_tag-stress","20":"product_tag-vegan","21":"product_tag-wellness","22":"product_tag-withanolides","24":"first","25":"instock","26":"shipping-taxable","27":"product-type-external"},"aioseo_notices":[],"jetpack_sharing_enabled":true,"_links":{"self":[{"href":"https:\/\/www.zolattitude.com\/index.php\/wp-json\/wp\/v2\/product\/23139","targetHints":{"allow":["GET"]}}],"collection":[{"href":"https:\/\/www.zolattitude.com\/index.php\/wp-json\/wp\/v2\/product"}],"about":[{"href":"https:\/\/www.zolattitude.com\/index.php\/wp-json\/wp\/v2\/types\/product"}],"replies":[{"embeddable":true,"href":"https:\/\/www.zolattitude.com\/index.php\/wp-json\/wp\/v2\/comments?post=23139"}],"wp:featuredmedia":[{"embeddable":true,"href":"https:\/\/www.zolattitude.com\/index.php\/wp-json\/wp\/v2\/media\/23140"}],"wp:attachment":[{"href":"https:\/\/www.zolattitude.com\/index.php\/wp-json\/wp\/v2\/media?parent=23139"}],"wp:term":[{"taxonomy":"store","embeddable":true,"href":"https:\/\/www.zolattitude.com\/index.php\/wp-json\/wp\/v2\/store?post=23139"},{"taxonomy":"product_brand","embeddable":true,"href":"https:\/\/www.zolattitude.com\/index.php\/wp-json\/wp\/v2\/product_brand?post=23139"},{"taxonomy":"product_cat","embeddable":true,"href":"https:\/\/www.zolattitude.com\/index.php\/wp-json\/wp\/v2\/product_cat?post=23139"},{"taxonomy":"product_tag","embeddable":true,"href":"https:\/\/www.zolattitude.com\/index.php\/wp-json\/wp\/v2\/product_tag?post=23139"}],"curies":[{"name":"wp","href":"https:\/\/api.w.org\/{rel}","templated":true}]}}