{"id":23148,"date":"2026-03-03T00:28:24","date_gmt":"2026-03-03T00:28:24","guid":{"rendered":"https:\/\/www.zolattitude.com\/index.php\/product\/smoothie-powder-spirulina-spinach-ginger-kale-kale-mango-and-kiwi-100-natural-freeze-dried-fruits-and-vegetables-superfoods-100g\/"},"modified":"2026-03-03T00:28:32","modified_gmt":"2026-03-03T00:28:32","slug":"smoothie-powder-spirulina-spinach-ginger-kale-kale-mango-and-kiwi-100-natural-freeze-dried-fruits-and-vegetables-superfoods-100g","status":"publish","type":"product","link":"https:\/\/www.zolattitude.com\/index.php\/product\/smoothie-powder-spirulina-spinach-ginger-kale-kale-mango-and-kiwi-100-natural-freeze-dried-fruits-and-vegetables-superfoods-100g\/","title":{"rendered":"Smoothie Powder Spirulina, Spinach, Ginger, Kale Kale, Mango and Kiwi. 100% Natural Freeze-dried Fruits and Vegetables. Superfoods. 100g"},"content":{"rendered":"<p>Price: <span style=\"color:#b12704\">\u20ac21.99<\/span><br \/><i><small>(as of Mar 03, 2026 00:28:24 UTC &#8211; <span class=\"wp_automatic_amazon_disclaimer\" title=\"Product prices and availability are accurate as of the date\/time indicated and are subject to change. Any price and availability information displayed on [relevant Amazon Site(s), as applicable] at the time of purchase will apply to the purchase of this product.\">Details<\/span>)<\/small><\/i><br \/><a href=\"https:\/\/amazon.fr\/dp\/B0DP3FHM6G?tag=onamzmoukoubl-21\"><img decoding=\"async\" src=\"https:\/\/valvepress.s3.amazonaws.com\/imgs\/buy_now.png\"><\/a><br \/>\n<\/p>\n<p>                                             Product Description   <\/p>\n<p>                                                                                                       <img decoding=\"async\" alt=\"Image alimentaire color\u00e9e avec des fruits orange tranch\u00e9s, des feuilles vertes et des graines ou des c\u00e9r\u00e9ales \u00e9parpill\u00e9es. Le texte \u00ab Greenora Real Food \u00bb est affich\u00e9 bien en \u00e9vidence en lettres\" src=\"https:\/\/images-na.ssl-images-amazon.com\/images\/G\/01\/x-locale\/common\/grey-pixel.gif\" class=\"a-lazy-loaded\" data-src=\"https:\/\/m.media-amazon.com\/images\/S\/aplus-media-library-service-media\/22ff8b44-5ec3-4f35-b464-229b05d06f21.__CR0,0,2928,1200_PT0_SX1464_V1___.png\"><img decoding=\"async\" alt=\"Image alimentaire color\u00e9e avec des fruits orange tranch\u00e9s, des feuilles vertes et des graines ou des c\u00e9r\u00e9ales \u00e9parpill\u00e9es. Le texte \u00ab Greenora Real Food \u00bb est affich\u00e9 bien en \u00e9vidence en lettres\" src=\"https:\/\/m.media-amazon.com\/images\/S\/aplus-media-library-service-media\/22ff8b44-5ec3-4f35-b464-229b05d06f21.__CR0,0,2928,1200_PT0_SX1464_V1___.png\">                                               <\/p>\n<p>                                                                                                       <img decoding=\"async\" alt=\"aplus content image\" src=\"https:\/\/images-na.ssl-images-amazon.com\/images\/G\/01\/x-locale\/common\/grey-pixel.gif\" class=\"a-lazy-loaded\" data-src=\"https:\/\/m.media-amazon.com\/images\/S\/aplus-media-library-service-media\/58f84312-1f3a-4481-a06b-79074318845e.__CR0,0,2928,1200_PT0_SX1464_V1___.png\"><img decoding=\"async\" alt=\"aplus content image\" src=\"https:\/\/m.media-amazon.com\/images\/S\/aplus-media-library-service-media\/58f84312-1f3a-4481-a06b-79074318845e.__CR0,0,2928,1200_PT0_SX1464_V1___.png\">                                               <\/p>\n<p>                                                                                                       <img decoding=\"async\" alt=\"aplus content image\" src=\"https:\/\/images-na.ssl-images-amazon.com\/images\/G\/01\/x-locale\/common\/grey-pixel.gif\" class=\"a-lazy-loaded\" data-src=\"https:\/\/m.media-amazon.com\/images\/S\/aplus-media-library-service-media\/a884a788-deb0-442d-b538-caaa6b76d877.__CR0,0,2928,1200_PT0_SX1464_V1___.png\"><img decoding=\"async\" alt=\"aplus content image\" src=\"https:\/\/m.media-amazon.com\/images\/S\/aplus-media-library-service-media\/a884a788-deb0-442d-b538-caaa6b76d877.__CR0,0,2928,1200_PT0_SX1464_V1___.png\">                                               <\/p>\n<p>                                                                                  <img decoding=\"async\" alt=\"Bo\u00eete en carton avec inscription \u00ab Hello ! \u00bb \u00e9crit dessus, \u00e0 c\u00f4t\u00e9 de l&amp;#39;emballage vert. La main verse le liquide rose du sachet dans le verre. Texte : \u00ab Ouvrez simplement le sachet Greenora et ajoutez de l&amp;#39;eau, du lait ou du yaourt \u00e0 votre\" src=\"https:\/\/m.media-amazon.com\/images\/S\/aplus-media-library-service-media\/ce58a0be-bd8f-4bcf-ab5f-74f9823392f9.__CR0,0,2928,1200_PT0_SX1464_V1___.png\">       <\/p>\n<p>                                                                                  <img decoding=\"async\" alt=\"aplus content image\" src=\"https:\/\/m.media-amazon.com\/images\/S\/aplus-media-library-service-media\/03b2ce54-6b4f-49df-b0b4-aee35a1b44b2.__CR0,0,2928,1200_PT0_SX1464_V1___.png\">       <\/p>\n<p>                                                                                  <img decoding=\"async\" alt=\"aplus content image\" src=\"https:\/\/m.media-amazon.com\/images\/S\/aplus-media-library-service-media\/5cdc18d0-a6fc-4e45-8ee5-bce562fe9fc2.__CR0,0,2928,1200_PT0_SX1464_V1___.png\">       <\/p>\n<p>                                                                                                       <img decoding=\"async\" alt=\"aplus content image\" src=\"https:\/\/images-na.ssl-images-amazon.com\/images\/G\/01\/x-locale\/common\/grey-pixel.gif\" class=\"a-lazy-loaded\" data-src=\"https:\/\/m.media-amazon.com\/images\/S\/aplus-media-library-service-media\/baae87d2-0c56-4c7e-b6f8-8d692f1a2955.__CR0,0,2928,1200_PT0_SX1464_V1___.png\"><img decoding=\"async\" alt=\"aplus content image\" src=\"https:\/\/m.media-amazon.com\/images\/S\/aplus-media-library-service-media\/baae87d2-0c56-4c7e-b6f8-8d692f1a2955.__CR0,0,2928,1200_PT0_SX1464_V1___.png\">                                               <\/p>\n<h3 class=\"a-text-center aplus-h1 a-text-bold\"> Greenora  <\/h3>\n<p>                         Add To Basket  <\/p>\n<p>                                                                                                         <img decoding=\"async\" alt=\"\" src=\"https:\/\/m.media-amazon.com\/images\/S\/aplus-media-library-service-media\/a37b2766-5f74-45da-9d6f-7e69438b821d.__CR0,0,1200,1350_PT0_SX200_V1___.jpg\">  <\/p>\n<p class=\"product-title\">  Fruits frais <\/p>\n<p>                                     Customer Reviews  <\/p>\n<p>                    3.8 out of 5 stars  331  <\/p>\n<p>                    3.8 out of 5 stars  331  <\/p>\n<p>                    3.8 out of 5 stars  331  <\/p>\n<p>                    3.8 out of 5 stars  331  <\/p>\n<p>                \u2014<br \/>\n                                     Price  <\/p>\n<p>                                                        \u2014    <\/p>\n<p>                                                        \u20ac21.99\u20ac21.99     <\/p>\n<p>                                                        \u2014    <\/p>\n<p>                                                        \u2014    <\/p>\n<p>                                                        \u2014    <\/p>\n<p>                                     Pr\u00e9paration  <\/p>\n<p>                                                M\u00e9l. eau\/lait    <\/p>\n<p>                                                M\u00e9l. eau\/lait    <\/p>\n<p>                                                M\u00e9l. eau\/lait    <\/p>\n<p>                                                M\u00e9l. eau\/lait    <\/p>\n<p>                                                Laver, \u00e9plucher et couper    <\/p>\n<p>                                     B\u00e9n\u00e9fices  <\/p>\n<p>                                                Vitamines, min\u00e9raux et fibres    <\/p>\n<p>                                                Vitamines, min\u00e9raux et fibres    <\/p>\n<p>                                                Vitamines, min\u00e9raux et fibres    <\/p>\n<p>                                                Vitamines, min\u00e9raux et fibres    <\/p>\n<p>                                                Vitamines, min\u00e9raux et fibres    <\/p>\n<p>                                     Dur\u00e9e de conservation  <\/p>\n<p>                                                1 an    <\/p>\n<p>                                                1 an    <\/p>\n<p>                                                1 an    <\/p>\n<p>                                                1 an    <\/p>\n<p>                                                Moins de 5 jours    <\/p>\n<p>                                     Ingr\u00e9dients  <\/p>\n<p>                                                Fruit 100 % naturel    <\/p>\n<p>                                                Fruit 100 % naturel    <\/p>\n<p>                                                Fruit 100 % naturel    <\/p>\n<p>                                                Fruit 100 % naturel    <\/p>\n<p>                                                Fruit 100 % naturel    <\/p>\n<p>                                     Go\u00fbt  <\/p>\n<p>                                                Naturel    <\/p>\n<p>                                                Naturel    <\/p>\n<p>                                                Naturel    <\/p>\n<p>                                                Naturel    <\/p>\n<p>                                                Naturel    <\/p>\n<p>                                      Additifs  <\/p>\n<p>                                                    \u2718      <\/p>\n<p>                                                    \u2718      <\/p>\n<p>                                                    \u2718      <\/p>\n<p>                                                    \u2718      <\/p>\n<p>                                                    \u2718      <\/p>\n<p> Product Dimensions                                            \u200f                                            :                                            \u200e                                            22.5 x 7 x 13 cm; 110 g   <br \/> Manufacturer                                            \u200f                                            :                                            \u200e                                            THE SPB GLOBAL CORPORATION, S.L.   <br \/> ASIN                                            \u200f                                            :                                            \u200e                                            B0DJDFTCSH   <br \/> Item model number                                            \u200f                                            :                                            \u200e                                            8412353505   <br \/> Country of origin                                            \u200f                                            :                                            \u200e                                            Spain   <br \/>  Customer reviews:                                                                                            3.8               3.8 out of 5 stars                                  (331)                                              var dpAcrHasRegisteredArcLinkClickAction;                    P.when(&#8216;A&#8217;, &#8216;ready&#8217;).execute(function(A) {                        if (dpAcrHasRegisteredArcLinkClickAction !== true) {                            dpAcrHasRegisteredArcLinkClickAction = true;                            A.declarative(                                &#8216;acrLink-click-metrics&#8217;, &#8216;click&#8217;,                                { &#8220;allowLinkDefault&#8221;: true },                                function (event) {                                    if (window.ue) {                                        ue.count(&#8220;acrLinkClickCount&#8221;, (ue.count(&#8220;acrLinkClickCount&#8221;) || 0) + 1);                                    }                                }                            );                        }                    });                                             P.when(&#8216;A&#8217;, &#8216;cf&#8217;).execute(function(A) {                A.declarative(&#8216;acrStarsLink-click-metrics&#8217;, &#8216;click&#8217;, { &#8220;allowLinkDefault&#8221; : true },  function(event){                    if(window.ue) {                        ue.count(&#8220;acrStarsLinkWithPopoverClickCount&#8221;, (ue.count(&#8220;acrStarsLinkWithPopoverClickCount&#8221;) || 0) + 1);                    }                });            });                          <br \/>Superfoods: Spirulina is a rich source of protein and antioxidants, ideal for detoxifying the body; Kale cabbage, rich in vitamins A, C and K, contributes to bone and skin health; and spinach, rich in iron and fiber, helps improve digestion and fight fatigue<br \/>\ud83c\udf41 100% NATURAL FRUITS AND VEGETABLES POWDER WITHOUT ADDITIVES: Simply fruit, without additives or preservatives, for a pure and nutritious product<br \/>Easy preparation: Open your bag and mix with water, milk or yogurt to enjoy your daily dose of fruit in seconds<br \/>\u23f3 LONG LIFE: With a shelf life of up to 1 year, enjoy the benefits of fruit at all times<br \/>A MIX OF FRUITS AND VEGETABLES IN A SHAKE: Mango (58%), Kiwi (28%), Spinach (6%), Spirulina (4%), Ginger (2%) and Kale (2%)<\/p>\n\n","protected":false},"excerpt":{"rendered":"<p> Product Description Greenora Add To Basket Fruits frais Customer Reviews 3.8 out of 5 stars 331 3.8 out of 5 stars 331 3.8 out of 5 stars 331 3.8 out of 5 stars 331 \u2014 Price \u2014 \u20ac21.99\u20ac21.99 \u2014 \u2014 \u2014 Pr\u00e9paration M\u00e9l. eau\/lait M\u00e9l. eau\/lait M\u00e9l. eau\/lait M\u00e9l. eau\/lait [&hellip;]<\/p>\n","protected":false},"featured_media":23149,"comment_status":"open","ping_status":"closed","template":"","meta":{"_gspb_post_css":"","om_disable_all_campaigns":false,"_monsterinsights_skip_tracking":false,"_monsterinsights_sitenote_active":false,"_monsterinsights_sitenote_note":"","_monsterinsights_sitenote_category":0},"store":[],"product_brand":[],"product_cat":[146],"product_tag":[352,473,1217,364,5384,5951,4552,260,214,2115,2421,338,827,3331],"class_list":{"0":"post-23148","1":"product","2":"type-product","3":"status-publish","4":"has-post-thumbnail","6":"product_cat-superaliments-verts","7":"product_tag-100g","8":"product_tag-freezedried","9":"product_tag-fruits","10":"product_tag-ginger","11":"product_tag-kale","12":"product_tag-kiwi","13":"product_tag-mango","14":"product_tag-natural","15":"product_tag-powder","16":"product_tag-smoothie","17":"product_tag-spinach","18":"product_tag-spirulina","19":"product_tag-superfoods","20":"product_tag-vegetables","22":"first","23":"instock","24":"shipping-taxable","25":"product-type-external"},"aioseo_notices":[],"jetpack_sharing_enabled":true,"_links":{"self":[{"href":"https:\/\/www.zolattitude.com\/index.php\/wp-json\/wp\/v2\/product\/23148","targetHints":{"allow":["GET"]}}],"collection":[{"href":"https:\/\/www.zolattitude.com\/index.php\/wp-json\/wp\/v2\/product"}],"about":[{"href":"https:\/\/www.zolattitude.com\/index.php\/wp-json\/wp\/v2\/types\/product"}],"replies":[{"embeddable":true,"href":"https:\/\/www.zolattitude.com\/index.php\/wp-json\/wp\/v2\/comments?post=23148"}],"wp:featuredmedia":[{"embeddable":true,"href":"https:\/\/www.zolattitude.com\/index.php\/wp-json\/wp\/v2\/media\/23149"}],"wp:attachment":[{"href":"https:\/\/www.zolattitude.com\/index.php\/wp-json\/wp\/v2\/media?parent=23148"}],"wp:term":[{"taxonomy":"store","embeddable":true,"href":"https:\/\/www.zolattitude.com\/index.php\/wp-json\/wp\/v2\/store?post=23148"},{"taxonomy":"product_brand","embeddable":true,"href":"https:\/\/www.zolattitude.com\/index.php\/wp-json\/wp\/v2\/product_brand?post=23148"},{"taxonomy":"product_cat","embeddable":true,"href":"https:\/\/www.zolattitude.com\/index.php\/wp-json\/wp\/v2\/product_cat?post=23148"},{"taxonomy":"product_tag","embeddable":true,"href":"https:\/\/www.zolattitude.com\/index.php\/wp-json\/wp\/v2\/product_tag?post=23148"}],"curies":[{"name":"wp","href":"https:\/\/api.w.org\/{rel}","templated":true}]}}