{"id":23366,"date":"2026-03-05T00:15:22","date_gmt":"2026-03-05T00:15:22","guid":{"rendered":"https:\/\/www.zolattitude.com\/index.php\/product\/organic-monte-nativo-ginger-powder-500g-organic-ginger-powder-organic-ginger-powder-dried-with-care-ideal-for-cooking-and-seasoning-intense-aroma-and-taste\/"},"modified":"2026-03-05T00:15:28","modified_gmt":"2026-03-05T00:15:28","slug":"organic-monte-nativo-ginger-powder-500g-organic-ginger-powder-organic-ginger-powder-dried-with-care-ideal-for-cooking-and-seasoning-intense-aroma-and-taste","status":"publish","type":"product","link":"https:\/\/www.zolattitude.com\/index.php\/product\/organic-monte-nativo-ginger-powder-500g-organic-ginger-powder-organic-ginger-powder-dried-with-care-ideal-for-cooking-and-seasoning-intense-aroma-and-taste\/","title":{"rendered":"Organic Monte Nativo Ginger Powder (500g) &#8211; Organic Ginger Powder &#8211; Organic Ginger Powder &#8211; Dried with care, ideal for cooking and seasoning &#8211; Intense aroma and taste"},"content":{"rendered":"<p>Price: <span style=\"color:#b12704\">\u20ac13.95<\/span><br \/><i><small>(as of Mar 05, 2026 00:15:22 UTC &#8211; <span class=\"wp_automatic_amazon_disclaimer\" title=\"Product prices and availability are accurate as of the date\/time indicated and are subject to change. Any price and availability information displayed on [relevant Amazon Site(s), as applicable] at the time of purchase will apply to the purchase of this product.\">Details<\/span>)<\/small><\/i><br \/><a href=\"https:\/\/amazon.fr\/dp\/B09DX99128?tag=onamzmoukoubl-21\"><img decoding=\"async\" src=\"https:\/\/valvepress.s3.amazonaws.com\/imgs\/buy_now.png\"><\/a><br \/>\n<\/p>\n<p>                                             Product Description   <\/p>\n<h3 class=\"a-size-extra-large aplus-13-heading-text a-text-bold\"> Vous cherchez une poudre de gingembre bio v\u00e9g\u00e9talienne sans additifs ind\u00e9sirables ? <\/h3>\n<p class=\"description\"> Vous faites attention \u00e0 une alimentation saine et vous voulez affiner facilement de d\u00e9licieuses boissons telles que les smoothies, le th\u00e9 ou le lait ? Vous voulez peut-\u00eatre ajouter une touche inspirante \u00e0 vos plats de viande ou v\u00e9g\u00e9tariens ? <\/p>\n<p class=\"description\"> La poudre de gingembre bio de Monte Nativo est fabriqu\u00e9e \u00e0 partir de racines de gingembre s\u00e9ch\u00e9es. Il est donc id\u00e9al pour un style de vie v\u00e9g\u00e9talien et une alimentation \u00e9quilibr\u00e9e. <\/p>\n<p>                                                  <img decoding=\"async\" alt=\"gingembre bio\" src=\"https:\/\/images-na.ssl-images-amazon.com\/images\/G\/01\/x-locale\/common\/grey-pixel.gif\" class=\"a-lazy-loaded\" data-src=\"https:\/\/m.media-amazon.com\/images\/S\/aplus-media-library-service-media\/ce4ee7d0-7bf6-473f-80f9-896988a1d1c0.__CR0,492,1920,594_PT0_SX970_V1___.jpg\"><img decoding=\"async\" alt=\"gingembre bio\" src=\"https:\/\/m.media-amazon.com\/images\/S\/aplus-media-library-service-media\/ce4ee7d0-7bf6-473f-80f9-896988a1d1c0.__CR0,492,1920,594_PT0_SX970_V1___.jpg\">  <\/p>\n<p>                                                      <img decoding=\"async\" alt=\"Gingembre\" src=\"https:\/\/images-na.ssl-images-amazon.com\/images\/G\/01\/x-locale\/common\/grey-pixel.gif\" class=\"a-spacing-mini a-lazy-loaded\" data-src=\"https:\/\/m.media-amazon.com\/images\/S\/aplus-media-library-service-media\/b3f1e178-dcc3-45b8-a9d8-ddb20d46121a.__CR250,0,1500,2000_PT0_SX300_V1___.png\"><img decoding=\"async\" alt=\"Gingembre\" src=\"https:\/\/m.media-amazon.com\/images\/S\/aplus-media-library-service-media\/b3f1e178-dcc3-45b8-a9d8-ddb20d46121a.__CR250,0,1500,2000_PT0_SX300_V1___.png\">  <\/p>\n<p>                                                              <img decoding=\"async\" alt=\"Gingembre\" src=\"https:\/\/images-na.ssl-images-amazon.com\/images\/G\/01\/x-locale\/common\/grey-pixel.gif\" class=\"a-spacing-mini a-lazy-loaded\" data-src=\"https:\/\/m.media-amazon.com\/images\/S\/aplus-media-library-service-media\/9ab712c5-e615-48dd-8dc8-f220379a8669.__CR0,70,1920,960_PT0_SX350_V1___.jpg\"><img decoding=\"async\" alt=\"Gingembre\" src=\"https:\/\/m.media-amazon.com\/images\/S\/aplus-media-library-service-media\/9ab712c5-e615-48dd-8dc8-f220379a8669.__CR0,70,1920,960_PT0_SX350_V1___.jpg\">                                          Poudre de gingembre bio de Monte Nativo &#8211; Les propri\u00e9t\u00e9s exceptionnelles en un coup d&#8217;\u0153il :                                                                      Produit bio pur v\u00e9g\u00e9tal       Proc\u00e9d\u00e9 de production sp\u00e9cial pour pr\u00e9server les substances essentielles       Go\u00fbt poivr\u00e9, l\u00e9g\u00e8rement sucr\u00e9 avec un ar\u00f4me fort et \u00e9pic\u00e9       Nombreux nutriments, vitamines et min\u00e9raux       <\/p>\n<h3 class=\"a-spacing-mini\"> Monte Nativo Poudre de gingembre bio 500 g <\/h3>\n<p class=\"a-spacing-base\"> Le gingembre est une plante \u00e0 fleurs tropicales originaire d&#8217;Asie du Sud-Est. La racine est \u00e9troitement li\u00e9e au curcuma, \u00e0 la cardamome et au galgan. C&#8217;est l&#8217;une des \u00e9pices les plus saines et les plus nutritives au monde. <\/p>\n<p class=\"a-spacing-base\"> Les racines de gingembre peuvent \u00eatre utilis\u00e9es fra\u00eeches, s\u00e9ch\u00e9es, sous forme d&#8217;huile, sous forme de jus ou en poudre. <\/p>\n<p class=\"a-spacing-base\"> Gr\u00e2ce \u00e0 sa forme en poudre pratique, ce produit est facile \u00e0 stocker et id\u00e9al pour affiner les boissons, les collations et de nombreux plats. <\/p>\n<p>                                                          Vous recevrez 500 g de poudre de gingembre biologique.       Le sac pratique est refermable.       Le gingembre vient d&#8217;Inde et est emball\u00e9 en Allemagne.       Utilisation simple et polyvalente.       Sans sucre, sans gluten ni lactose.      <\/p>\n<p class=\"apm-text-center\">\n                                                      <img decoding=\"async\" alt=\"Monte Nativo\" src=\"https:\/\/images-na.ssl-images-amazon.com\/images\/G\/01\/x-locale\/common\/grey-pixel.gif\" class=\"a-lazy-loaded\" data-src=\"https:\/\/m.media-amazon.com\/images\/S\/aplus-media\/sc\/8e8994c0-7c87-488e-aa6b-1b7196d8d987.__CR0,0,330,330_PT0_SX220_V1___.jpg\"><\/p>\n<p><img decoding=\"async\" alt=\"Monte Nativo\" src=\"https:\/\/m.media-amazon.com\/images\/S\/aplus-media\/sc\/8e8994c0-7c87-488e-aa6b-1b7196d8d987.__CR0,0,330,330_PT0_SX220_V1___.jpg\">  <\/p>\n<p class=\"a-size-small\"> Un engagement absolu pour la qualit\u00e9 : avec l&#8217;amour du moindre d\u00e9tail <\/p>\n<p class=\"a-size-small\"> Chacun de nos produits a sa propre belle histoire \u00e0 raconter. <\/p>\n<p class=\"a-size-small\"> Une fois qu&#8217;une id\u00e9e de produit est n\u00e9e, nous recherchons les meilleures mati\u00e8res premi\u00e8res dans le monde entier. Nos sp\u00e9cialistes investissent des semaines dans la recherche des ingr\u00e9dients organiques les plus prometteurs. Aucun co\u00fbt et effort n&#8217;est \u00e9pargn\u00e9. <\/p>\n<p class=\"a-size-small\"> Ensuite, nous envoyons une vari\u00e9t\u00e9 d&#8217;\u00e9chantillons qui sont soigneusement test\u00e9s par des laboratoires ind\u00e9pendants*. Seules les mati\u00e8res premi\u00e8res les plus pures et de la plus haute qualit\u00e9 p\u00e9n\u00e8trent dans nos produits. Ainsi, les mati\u00e8res premi\u00e8res sont s\u00e9lectionn\u00e9es chez Monte Nativo \u2013 avec un soin particulier et une attention particuli\u00e8re aux d\u00e9tails. <\/p>\n<p class=\"a-size-small\"> *Test\u00e9 en laboratoire par AGROLAB LUFA GmbH, 2020. <\/p>\n<p class=\"apm-text-center\">\n                                                      <img decoding=\"async\" alt=\"Monte Nativo\" src=\"https:\/\/images-na.ssl-images-amazon.com\/images\/G\/01\/x-locale\/common\/grey-pixel.gif\" class=\"a-lazy-loaded\" data-src=\"https:\/\/m.media-amazon.com\/images\/S\/aplus-media\/sc\/46f02170-bb40-4aa4-a890-b6f69a3c1c54.__CR0,0,330,330_PT0_SX220_V1___.jpg\"><\/p>\n<p><img decoding=\"async\" alt=\"Monte Nativo\" src=\"https:\/\/m.media-amazon.com\/images\/S\/aplus-media\/sc\/46f02170-bb40-4aa4-a890-b6f69a3c1c54.__CR0,0,330,330_PT0_SX220_V1___.jpg\">  <\/p>\n<p class=\"a-size-small\"> Aussi naturel que possible, sans additifs ind\u00e9sirables : avec soin et enthousiasme <\/p>\n<p class=\"a-size-small\"> Nous proposons des aliments naturels, des compl\u00e9ments alimentaires et des produits de soins personnels qui sont trait\u00e9s de mani\u00e8re durable et douce, sans colorants, go\u00fbts, conservateurs et autres produits chimiques ajout\u00e9s. Tout tourne autour de votre sant\u00e9. <\/p>\n<p class=\"apm-text-center\">\n                                                      <img decoding=\"async\" alt=\"Monte Nativo\" src=\"https:\/\/images-na.ssl-images-amazon.com\/images\/G\/01\/x-locale\/common\/grey-pixel.gif\" class=\"a-lazy-loaded\" data-src=\"https:\/\/m.media-amazon.com\/images\/S\/aplus-media\/sc\/4e10da79-2bff-4ea6-9d50-24dd6ec06bd3.__CR0,0,330,330_PT0_SX220_V1___.jpg\"><\/p>\n<p><img decoding=\"async\" alt=\"Monte Nativo\" src=\"https:\/\/m.media-amazon.com\/images\/S\/aplus-media\/sc\/4e10da79-2bff-4ea6-9d50-24dd6ec06bd3.__CR0,0,330,330_PT0_SX220_V1___.jpg\">  <\/p>\n<p class=\"a-size-small\"> 100% BIO : Respect et d\u00e9vouement \u00e0 la nature <\/p>\n<p class=\"a-size-small\"> Nous ne faisons aucun compromis sur la s\u00e9lection de nos ingr\u00e9dients &#8211; tous sont 100 % biologiques et sont produits de mani\u00e8re durable avec des m\u00e9thodes d&#8217;agriculture \u00e9cologique et r\u00e9g\u00e9n\u00e9rative qui profitent \u00e0 l&#8217;environnement. <\/p>\n<p class=\"apm-text-center\">\n                                                      <img decoding=\"async\" alt=\"Monte Nativo\" src=\"https:\/\/images-na.ssl-images-amazon.com\/images\/G\/01\/x-locale\/common\/grey-pixel.gif\" class=\"a-lazy-loaded\" data-src=\"https:\/\/m.media-amazon.com\/images\/S\/aplus-media\/sc\/e03cd279-60c2-4ced-b62f-f075360efe40.__CR0,0,330,330_PT0_SX220_V1___.jpg\"><\/p>\n<p><img decoding=\"async\" alt=\"Monte Nativo\" src=\"https:\/\/m.media-amazon.com\/images\/S\/aplus-media\/sc\/e03cd279-60c2-4ced-b62f-f075360efe40.__CR0,0,330,330_PT0_SX220_V1___.jpg\">  <\/p>\n<p class=\"a-size-small\"> Sourire et rester en bonne sant\u00e9 : Le message de nos produits <\/p>\n<p class=\"a-size-small\"> Soyez en bonne sant\u00e9, heureux et plein d&#8217;\u00e9nergie, quel que soit votre sexe ou votre \u00e2ge. Trouvez votre plus grande force et dirigez-la dans la bonne direction. Restez concentr\u00e9 et calme. Surmontez vos propres limites et soyez votre meilleur soi chaque jour. <\/p>\n<p class=\"a-size-small\"> Vous \u00eates au centre de l&#8217;attention. <\/p>\n<p>                                                                             <img decoding=\"async\" alt=\"Monte Nativo Poudre de curcuma bio\" src=\"https:\/\/images-na.ssl-images-amazon.com\/images\/G\/01\/x-locale\/common\/grey-pixel.gif\" class=\"a-spacing-base a-lazy-loaded\" data-src=\"https:\/\/m.media-amazon.com\/images\/S\/aplus-media\/sc\/114c2f57-5638-4d7b-9b88-84a9b7231425.__CR0,0,2400,1485_PT0_SX970_V1___.jpg\"><img decoding=\"async\" alt=\"Monte Nativo Poudre de curcuma bio\" src=\"https:\/\/m.media-amazon.com\/images\/S\/aplus-media\/sc\/114c2f57-5638-4d7b-9b88-84a9b7231425.__CR0,0,2400,1485_PT0_SX970_V1___.jpg\">                                                                    <\/p>\n<p>                         Add To Basket  <\/p>\n<p>                         Add To Basket  <\/p>\n<p>                             Customer Reviews  <\/p>\n<p>                    4.5 out of 5 stars  768  <\/p>\n<p>                    4.4 out of 5 stars  329  <\/p>\n<p>                    4.6 out of 5 stars  5,640  <\/p>\n<p>                    4.7 out of 5 stars  6,396  <\/p>\n<p>                             Price  <\/p>\n<p>                                    \u20ac18.95\u20ac18.95<br \/>\n                                            \u2014 no data<\/p>\n<p>                                            \u2014 no data<br \/>\n                                                       \u20ac17.95\u20ac17.95              <\/p>\n<p>                             Test\u00e9 en laboratoire  <\/p>\n<p>                                              \u2713<\/p>\n<p>                                              \u2713<\/p>\n<p>                                              \u2713<\/p>\n<p>                                              \u2713<\/p>\n<p>                             100 % naturel  <\/p>\n<p>                                              \u2713<\/p>\n<p>                                              \u2713<\/p>\n<p>                                              \u2713<\/p>\n<p>                                              \u2713<\/p>\n<p>                             V\u00e9g\u00e9talien  <\/p>\n<p>                                              \u2713<\/p>\n<p>                                              \u2713<\/p>\n<p>                                              \u2713<\/p>\n<p>                                              \u2713<\/p>\n<p>                             Qualit\u00e9 biologique  <\/p>\n<p>                                              \u2713<\/p>\n<p>                                              \u2713<\/p>\n<p>                                              \u2713<\/p>\n<p>                                              \u2713<\/p>\n<p> Package Dimensions                                            \u200f                                            :                                            \u200e                                            27.5 x 18.3 x 4.5 cm; 500 g   <br \/> Manufacturer                                            \u200f                                            :                                            \u200e                                            Monte Nativo   <br \/> ASIN                                            \u200f                                            :                                            \u200e                                            B09DX99128   <br \/> Manufacturer reference                                            \u200f                                            :                                            \u200e                                            CS-DVSM-1G6H   <br \/> Country of origin                                            \u200f                                            :                                            \u200e                                            India   <br \/>  Customer reviews:                                                                                            4.7               4.7 out of 5 stars                                  (181)                                              var dpAcrHasRegisteredArcLinkClickAction;                    P.when(&#8216;A&#8217;, &#8216;ready&#8217;).execute(function(A) {                        if (dpAcrHasRegisteredArcLinkClickAction !== true) {                            dpAcrHasRegisteredArcLinkClickAction = true;                            A.declarative(                                &#8216;acrLink-click-metrics&#8217;, &#8216;click&#8217;,                                { &#8220;allowLinkDefault&#8221;: true },                                function (event) {                                    if (window.ue) {                                        ue.count(&#8220;acrLinkClickCount&#8221;, (ue.count(&#8220;acrLinkClickCount&#8221;) || 0) + 1);                                    }                                }                            );                        }                    });                                             P.when(&#8216;A&#8217;, &#8216;cf&#8217;).execute(function(A) {                A.declarative(&#8216;acrStarsLink-click-metrics&#8217;, &#8216;click&#8217;, { &#8220;allowLinkDefault&#8221; : true },  function(event){                    if(window.ue) {                        ue.count(&#8220;acrStarsLinkWithPopoverClickCount&#8221;, (ue.count(&#8220;acrStarsLinkWithPopoverClickCount&#8221;) || 0) + 1);                    }                });            });                          <br \/>Health benefits: Ginger is one of the oldest aromatic plants in the world. For thousands of years, it has been considered an effective medicinal plant, once used to treat many disorders. Traditionally, ginger is used in cases of loss of appetite, to support digestive function and to treat nausea. Also, ginger is supposed to be useful in case of colds.<br \/>100% organic ginger powder: a pure plant product of superior organic quality guaranteed. Produced with care in India using environmentally friendly cultivation methods. Obtained from high quality ginger roots. Our ginger powder is full of healthy nutrients and antioxidants and contains no unwanted additives, dyes or preservatives.<br \/>A superfood powder: Ginger is a pungent spice and not only gives a delicious taste to food, but it also contains countless vitamins and minerals. Suitable for vegans and vegetarians.<br \/>Ginger tea or ginger shot: you can mix the powder with turmeric, pepper, honey and lemon and make yourself a shot of Immun Boost ginger. This shot is just perfect for boosting your immune system.<br \/>Health benefits: Ginger is one of the oldest aromatic plants in the world. For thousands of years it is considered u.many disorders. Traditionally, ginger is used in cases of loss of appetite, to support digestive function and to treat nausea. Also, ginger is supposed to be useful in case of colds<\/p>\n\n","protected":false},"excerpt":{"rendered":"<p> Product Description Vous cherchez une poudre de gingembre bio v\u00e9g\u00e9talienne sans additifs ind\u00e9sirables ? Vous faites attention \u00e0 une alimentation saine et vous voulez affiner facilement de d\u00e9licieuses boissons telles que les smoothies, le th\u00e9 ou le lait ? Vous voulez peut-\u00eatre ajouter une touche inspirante \u00e0 vos plats de [&hellip;]<\/p>\n","protected":false},"featured_media":23367,"comment_status":"open","ping_status":"closed","template":"","meta":{"_gspb_post_css":"","om_disable_all_campaigns":false,"_monsterinsights_skip_tracking":false,"_monsterinsights_sitenote_active":false,"_monsterinsights_sitenote_note":"","_monsterinsights_sitenote_category":0},"store":[],"product_brand":[],"product_cat":[147],"product_tag":[415,246,597,4031,842,364,388,269,1351,1352,238,214,5988,922],"class_list":{"0":"post-23366","1":"product","2":"type-product","3":"status-publish","4":"has-post-thumbnail","6":"product_cat-racines-adaptogenes","7":"product_tag-500g","8":"product_tag-aroma","9":"product_tag-care","10":"product_tag-cooking","11":"product_tag-dried","12":"product_tag-ginger","13":"product_tag-ideal","14":"product_tag-intense","15":"product_tag-monte","16":"product_tag-nativo","17":"product_tag-organic","18":"product_tag-powder","19":"product_tag-seasoning","20":"product_tag-taste","22":"first","23":"instock","24":"shipping-taxable","25":"product-type-external"},"aioseo_notices":[],"jetpack_sharing_enabled":true,"_links":{"self":[{"href":"https:\/\/www.zolattitude.com\/index.php\/wp-json\/wp\/v2\/product\/23366","targetHints":{"allow":["GET"]}}],"collection":[{"href":"https:\/\/www.zolattitude.com\/index.php\/wp-json\/wp\/v2\/product"}],"about":[{"href":"https:\/\/www.zolattitude.com\/index.php\/wp-json\/wp\/v2\/types\/product"}],"replies":[{"embeddable":true,"href":"https:\/\/www.zolattitude.com\/index.php\/wp-json\/wp\/v2\/comments?post=23366"}],"wp:featuredmedia":[{"embeddable":true,"href":"https:\/\/www.zolattitude.com\/index.php\/wp-json\/wp\/v2\/media\/23367"}],"wp:attachment":[{"href":"https:\/\/www.zolattitude.com\/index.php\/wp-json\/wp\/v2\/media?parent=23366"}],"wp:term":[{"taxonomy":"store","embeddable":true,"href":"https:\/\/www.zolattitude.com\/index.php\/wp-json\/wp\/v2\/store?post=23366"},{"taxonomy":"product_brand","embeddable":true,"href":"https:\/\/www.zolattitude.com\/index.php\/wp-json\/wp\/v2\/product_brand?post=23366"},{"taxonomy":"product_cat","embeddable":true,"href":"https:\/\/www.zolattitude.com\/index.php\/wp-json\/wp\/v2\/product_cat?post=23366"},{"taxonomy":"product_tag","embeddable":true,"href":"https:\/\/www.zolattitude.com\/index.php\/wp-json\/wp\/v2\/product_tag?post=23366"}],"curies":[{"name":"wp","href":"https:\/\/api.w.org\/{rel}","templated":true}]}}