{"id":25270,"date":"2026-03-22T21:42:01","date_gmt":"2026-03-22T21:42:01","guid":{"rendered":"https:\/\/www.zolattitude.com\/index.php\/product\/organic-rosemary-shampoo-100ml-hydrolyzed-keratin-shampoo-with-rosemary-organic-rosemary-shampoo-for-thinning-hair-for-women-and-men-nourishes-and-strengthens-hair-3pc\/"},"modified":"2026-03-22T21:42:09","modified_gmt":"2026-03-22T21:42:09","slug":"organic-rosemary-shampoo-100ml-hydrolyzed-keratin-shampoo-with-rosemary-organic-rosemary-shampoo-for-thinning-hair-for-women-and-men-nourishes-and-strengthens-hair-3pc","status":"publish","type":"product","link":"https:\/\/www.zolattitude.com\/index.php\/product\/organic-rosemary-shampoo-100ml-hydrolyzed-keratin-shampoo-with-rosemary-organic-rosemary-shampoo-for-thinning-hair-for-women-and-men-nourishes-and-strengthens-hair-3pc\/","title":{"rendered":"Organic Rosemary Shampoo 100ml, Hydrolyzed Keratin Shampoo with Rosemary, Organic Rosemary Shampoo for Thinning Hair for Women and Men, Nourishes and Strengthens Hair (3pc)"},"content":{"rendered":"<p>Price: <span style=\"color:#b12704\">\u20ac18.99<\/span><br \/><i><small>(as of Mar 22, 2026 21:42:02 UTC &#8211; <span class=\"wp_automatic_amazon_disclaimer\" title=\"Product prices and availability are accurate as of the date\/time indicated and are subject to change. Any price and availability information displayed on [relevant Amazon Site(s), as applicable] at the time of purchase will apply to the purchase of this product.\">Details<\/span>)<\/small><\/i><br \/><a href=\"https:\/\/amazon.fr\/dp\/B0G46QLQGN?tag=onamzmoukoubl-21\"><img decoding=\"async\" src=\"https:\/\/valvepress.s3.amazonaws.com\/imgs\/buy_now.png\"><\/a><br \/>\n<\/p>\n<p>                                             Product Description   <\/p>\n<p>                                                                             <img decoding=\"async\" alt=\"Le texte se lit comme suit : \u00ab Shampoing \u00e0 la k\u00e9ratine hydrolys\u00e9e au romarin \u00bb et \u00ab CONVIENT \u00c0 TOUS LES TYPES DE CHEVEUX \u00bb. Les images du produit sont pr\u00e9sent\u00e9es sur un fond ext\u00e9rieur naturel avec de l&amp;#39;herbe et des fleurs.\" src=\"https:\/\/images-na.ssl-images-amazon.com\/images\/G\/01\/x-locale\/common\/grey-pixel.gif\" class=\"a-spacing-base a-lazy-loaded\" data-src=\"https:\/\/m.media-amazon.com\/images\/S\/aplus-media-library-service-media\/c39c6d6e-d34b-4511-8a69-197dd6ceac7c.__CR0,0,970,600_PT0_SX970_V1___.jpg\"><img decoding=\"async\" alt=\"Le texte se lit comme suit : \u00ab Shampoing \u00e0 la k\u00e9ratine hydrolys\u00e9e au romarin \u00bb et \u00ab CONVIENT \u00c0 TOUS LES TYPES DE CHEVEUX \u00bb. Les images du produit sont pr\u00e9sent\u00e9es sur un fond ext\u00e9rieur naturel avec de l&amp;#39;herbe et des fleurs.\" src=\"https:\/\/m.media-amazon.com\/images\/S\/aplus-media-library-service-media\/c39c6d6e-d34b-4511-8a69-197dd6ceac7c.__CR0,0,970,600_PT0_SX970_V1___.jpg\">                                                                    <\/p>\n<p>                                                                             <img decoding=\"async\" alt=\"Le texte indique \u00ab Nettoyant, hydratant, volumateur, contr\u00f4le du s\u00e9bum \u00bb avec des ic\u00f4nes. Texte fran\u00e7ais : \u00ab EFFET VOLUMATEUR, NOURRISSANT ET HYDRATANT, RAFRAICHISSANT ET \u00bb. Les bouteilles du produit et les \u00e9l\u00e9ments naturels sont montr\u00e9s sur la surface en marbre.\" src=\"https:\/\/images-na.ssl-images-amazon.com\/images\/G\/01\/x-locale\/common\/grey-pixel.gif\" class=\"a-spacing-base a-lazy-loaded\" data-src=\"https:\/\/m.media-amazon.com\/images\/S\/aplus-media-library-service-media\/3b044248-5582-48bc-b17e-5c564aa12611.__CR0,0,970,600_PT0_SX970_V1___.jpg\"><img decoding=\"async\" alt=\"Le texte indique \u00ab Nettoyant, hydratant, volumateur, contr\u00f4le du s\u00e9bum \u00bb avec des ic\u00f4nes. Texte fran\u00e7ais : \u00ab EFFET VOLUMATEUR, NOURRISSANT ET HYDRATANT, RAFRAICHISSANT ET \u00bb. Les bouteilles du produit et les \u00e9l\u00e9ments naturels sont montr\u00e9s sur la surface en marbre.\" src=\"https:\/\/m.media-amazon.com\/images\/S\/aplus-media-library-service-media\/3b044248-5582-48bc-b17e-5c564aa12611.__CR0,0,970,600_PT0_SX970_V1___.jpg\">                                                                    <\/p>\n<p>                                                                             <img decoding=\"async\" alt=\"Le texte indique \u00ab PRINCIPAUX INGR\u00c9DIENTS \u00bb, \u00ab Romarin \u00bb, \u00ab Hydrolys\u00e9e de k\u00e9ratine \u00bb. Plusieurs \u00e9tiquettes de produits indiquant les ingr\u00e9dients et les informations sur les produits de soins capillaires en fran\u00e7ais.\" src=\"https:\/\/images-na.ssl-images-amazon.com\/images\/G\/01\/x-locale\/common\/grey-pixel.gif\" class=\"a-spacing-base a-lazy-loaded\" data-src=\"https:\/\/m.media-amazon.com\/images\/S\/aplus-media-library-service-media\/718624c6-aac8-472e-a38d-3b80650e94c6.__CR0,0,970,600_PT0_SX970_V1___.jpg\"><img decoding=\"async\" alt=\"Le texte indique \u00ab PRINCIPAUX INGR\u00c9DIENTS \u00bb, \u00ab Romarin \u00bb, \u00ab Hydrolys\u00e9e de k\u00e9ratine \u00bb. Plusieurs \u00e9tiquettes de produits indiquant les ingr\u00e9dients et les informations sur les produits de soins capillaires en fran\u00e7ais.\" src=\"https:\/\/m.media-amazon.com\/images\/S\/aplus-media-library-service-media\/718624c6-aac8-472e-a38d-3b80650e94c6.__CR0,0,970,600_PT0_SX970_V1___.jpg\">                                                                    <\/p>\n<p>                                                                             <img decoding=\"async\" alt=\"Le texte indique \u00ab COMPARAISON DES EFFETS \u00bb, suivi de photos de comparaison avant\/apr\u00e8s le traitement capillaire montrant des am\u00e9liorations de la texture et de l&amp;#39;apparence des cheveux.\" src=\"https:\/\/images-na.ssl-images-amazon.com\/images\/G\/01\/x-locale\/common\/grey-pixel.gif\" class=\"a-spacing-base a-lazy-loaded\" data-src=\"https:\/\/m.media-amazon.com\/images\/S\/aplus-media-library-service-media\/402df451-46f9-4145-b11a-66736486f3d8.__CR0,0,970,600_PT0_SX970_V1___.jpg\"><img decoding=\"async\" alt=\"Le texte indique \u00ab COMPARAISON DES EFFETS \u00bb, suivi de photos de comparaison avant\/apr\u00e8s le traitement capillaire montrant des am\u00e9liorations de la texture et de l&amp;#39;apparence des cheveux.\" src=\"https:\/\/m.media-amazon.com\/images\/S\/aplus-media-library-service-media\/402df451-46f9-4145-b11a-66736486f3d8.__CR0,0,970,600_PT0_SX970_V1___.jpg\">                                                                    <\/p>\n<p> Product Dimensions                                            \u200f                                            :                                            \u200e                                            3.8 x 3.8 x 12.8 cm; 128 g   <br \/> Manufacturer                                            \u200f                                            :                                            \u200e                                            RadiantRe   <br \/> ASIN                                            \u200f                                            :                                            \u200e                                            B0G46QLQGN   <br \/> Manufacturer reference                                            \u200f                                            :                                            \u200e                                            rosemary shampoo   <br \/> Country of origin                                            \u200f                                            :                                            \u200e                                            China   <br \/>  Customer reviews:                                                                                            4.2               4.2 out of 5 stars                                  (11)                                              var dpAcrHasRegisteredArcLinkClickAction;                    P.when(&#8216;A&#8217;, &#8216;ready&#8217;).execute(function(A) {                        if (dpAcrHasRegisteredArcLinkClickAction !== true) {                            dpAcrHasRegisteredArcLinkClickAction = true;                            A.declarative(                                &#8216;acrLink-click-metrics&#8217;, &#8216;click&#8217;,                                { &#8220;allowLinkDefault&#8221;: true },                                function (event) {                                    if (window.ue) {                                        ue.count(&#8220;acrLinkClickCount&#8221;, (ue.count(&#8220;acrLinkClickCount&#8221;) || 0) + 1);                                    }                                }                            );                        }                    });                                             P.when(&#8216;A&#8217;, &#8216;cf&#8217;).execute(function(A) {                A.declarative(&#8216;acrStarsLink-click-metrics&#8217;, &#8216;click&#8217;, { &#8220;allowLinkDefault&#8221; : true },  function(event){                    if(window.ue) {                        ue.count(&#8220;acrStarsLinkWithPopoverClickCount&#8221;, (ue.count(&#8220;acrStarsLinkWithPopoverClickCount&#8221;) || 0) + 1);                    }                });            });                          <br \/>Nourishes &#038; Strengthens Hair &#8211; Infused with rich rosemary extract, this shampoo deeply nourishes the scalp, promotes scalp health, balances oil and moisture and keeps hair hydrated and smooth for long time<br \/>ROSEARY HYDROLIZED KERATIN SHAMPOO &#8211; Containing hair care ingredients like rosemary oil and keratin, this rosemary shampoo strengthens the hairline, rejuvenates hair vitality and promotes your thicker, smoother hair<br \/>Mild Ingredients: Enriched with Rosemary Extract and Hydrolyzed Keratin, Rosemary Hydrolyzed Keratin Shampoo cleanses and nourishes your hair. Its formula helps improve hair texture and refresh the scalp<br \/>EASY TO USE &#8211; With its foaming formulation, the organic rosemary shampoo is easy to use and provides a refreshing cleansing experience. Simply wet your hair, apply shampoo and massage gently. Rinse thoroughly with warm water to reveal a refreshed hair<br \/>SUITABLE FOR ALL HAIR TYPES &#8211; Hydrolyzed Keratin Shampoo with Rosemary is gentle enough for all hair types. Whether you have oily, dry or damaged hair, this organic rosemary shampoo will effectively cleanse and nourish your hair and scalp gently<\/p>\n\n","protected":false},"excerpt":{"rendered":"<p> Product Description Product Dimensions \u200f : \u200e 3.8 x 3.8 x 12.8 cm; 128 g Manufacturer \u200f : \u200e RadiantRe ASIN \u200f : \u200e B0G46QLQGN Manufacturer reference \u200f : \u200e rosemary shampoo Country of origin \u200f : \u200e China Customer reviews: 4.2 4.2 out of 5 stars (11) var dpAcrHasRegisteredArcLinkClickAction; [&hellip;]<\/p>\n","protected":false},"featured_media":25271,"comment_status":"open","ping_status":"closed","template":"","meta":{"_gspb_post_css":"","om_disable_all_campaigns":false,"_monsterinsights_skip_tracking":false,"_monsterinsights_sitenote_active":false,"_monsterinsights_sitenote_note":"","_monsterinsights_sitenote_category":0},"store":[],"product_brand":[],"product_cat":[139],"product_tag":[1788,6303,175,881,171,1122,2528,238,2412,2134,1109,6353,1123],"class_list":{"0":"post-25270","1":"product","2":"type-product","3":"status-publish","4":"has-post-thumbnail","6":"product_cat-keratine-vitamine-e","7":"product_tag-100ml","8":"product_tag-3pc","9":"product_tag-hair","10":"product_tag-hydrolyzed","11":"product_tag-keratin","12":"product_tag-men","13":"product_tag-nourishes","14":"product_tag-organic","15":"product_tag-rosemary","16":"product_tag-shampoo","17":"product_tag-strengthens","18":"product_tag-thinning","19":"product_tag-women","21":"first","22":"instock","23":"shipping-taxable","24":"product-type-external"},"aioseo_notices":[],"jetpack_sharing_enabled":true,"_links":{"self":[{"href":"https:\/\/www.zolattitude.com\/index.php\/wp-json\/wp\/v2\/product\/25270","targetHints":{"allow":["GET"]}}],"collection":[{"href":"https:\/\/www.zolattitude.com\/index.php\/wp-json\/wp\/v2\/product"}],"about":[{"href":"https:\/\/www.zolattitude.com\/index.php\/wp-json\/wp\/v2\/types\/product"}],"replies":[{"embeddable":true,"href":"https:\/\/www.zolattitude.com\/index.php\/wp-json\/wp\/v2\/comments?post=25270"}],"wp:featuredmedia":[{"embeddable":true,"href":"https:\/\/www.zolattitude.com\/index.php\/wp-json\/wp\/v2\/media\/25271"}],"wp:attachment":[{"href":"https:\/\/www.zolattitude.com\/index.php\/wp-json\/wp\/v2\/media?parent=25270"}],"wp:term":[{"taxonomy":"store","embeddable":true,"href":"https:\/\/www.zolattitude.com\/index.php\/wp-json\/wp\/v2\/store?post=25270"},{"taxonomy":"product_brand","embeddable":true,"href":"https:\/\/www.zolattitude.com\/index.php\/wp-json\/wp\/v2\/product_brand?post=25270"},{"taxonomy":"product_cat","embeddable":true,"href":"https:\/\/www.zolattitude.com\/index.php\/wp-json\/wp\/v2\/product_cat?post=25270"},{"taxonomy":"product_tag","embeddable":true,"href":"https:\/\/www.zolattitude.com\/index.php\/wp-json\/wp\/v2\/product_tag?post=25270"}],"curies":[{"name":"wp","href":"https:\/\/api.w.org\/{rel}","templated":true}]}}