{"id":25693,"date":"2026-03-26T21:47:24","date_gmt":"2026-03-26T21:47:24","guid":{"rendered":"https:\/\/www.zolattitude.com\/index.php\/product\/be-life-hydraflex-dietary-supplement-joints-wellness-for-joint-comfort-collagen-hyaluronic-acid-60-capsules\/"},"modified":"2026-03-26T21:47:29","modified_gmt":"2026-03-26T21:47:29","slug":"be-life-hydraflex-dietary-supplement-joints-wellness-for-joint-comfort-collagen-hyaluronic-acid-60-capsules","status":"publish","type":"product","link":"https:\/\/www.zolattitude.com\/index.php\/product\/be-life-hydraflex-dietary-supplement-joints-wellness-for-joint-comfort-collagen-hyaluronic-acid-60-capsules\/","title":{"rendered":"BE-LIFE | Hydraflex | Dietary Supplement | Joints | Wellness| For Joint Comfort | Collagen &#038; Hyaluronic Acid | 60 Capsules"},"content":{"rendered":"<p>Price: <span style=\"color:#b12704\">\u20ac30.20<\/span><br \/><i><small>(as of Mar 26, 2026 21:47:24 UTC &#8211; <span class=\"wp_automatic_amazon_disclaimer\" title=\"Product prices and availability are accurate as of the date\/time indicated and are subject to change. Any price and availability information displayed on [relevant Amazon Site(s), as applicable] at the time of purchase will apply to the purchase of this product.\">Details<\/span>)<\/small><\/i><br \/><a href=\"https:\/\/amazon.fr\/dp\/B07X32VKNW?tag=onamzmoukoubl-21\"><img decoding=\"async\" src=\"https:\/\/valvepress.s3.amazonaws.com\/imgs\/buy_now.png\"><\/a><br \/>\n<\/p>\n<p>                                             Product Description   <\/p>\n<p>                                                                             <img decoding=\"async\" alt=\"BE-LIFE\" src=\"https:\/\/images-na.ssl-images-amazon.com\/images\/G\/01\/x-locale\/common\/grey-pixel.gif\" class=\"a-spacing-base a-lazy-loaded\" data-src=\"https:\/\/m.media-amazon.com\/images\/S\/aplus-media-library-service-media\/793b6251-f24e-4826-b048-6ae7b7078120.__CR0,0,1940,1200_PT0_SX970_V1___.png\"><img decoding=\"async\" alt=\"BE-LIFE\" src=\"https:\/\/m.media-amazon.com\/images\/S\/aplus-media-library-service-media\/793b6251-f24e-4826-b048-6ae7b7078120.__CR0,0,1940,1200_PT0_SX970_V1___.png\">                                                                    <\/p>\n<p>                                                                             <img decoding=\"async\" alt=\"Be-Life\" src=\"https:\/\/images-na.ssl-images-amazon.com\/images\/G\/01\/x-locale\/common\/grey-pixel.gif\" class=\"a-spacing-base a-lazy-loaded\" data-src=\"https:\/\/m.media-amazon.com\/images\/S\/aplus-media-library-service-media\/39172f5f-4750-4daf-b5a3-5ad11b924966.__CR0,6,1920,1188_PT0_SX970_V1___.png\"><img decoding=\"async\" alt=\"Be-Life\" src=\"https:\/\/m.media-amazon.com\/images\/S\/aplus-media-library-service-media\/39172f5f-4750-4daf-b5a3-5ad11b924966.__CR0,6,1920,1188_PT0_SX970_V1___.png\">                                                                       <\/p>\n<p>                                                                             <img decoding=\"async\" alt=\"Be-Life\" src=\"https:\/\/images-na.ssl-images-amazon.com\/images\/G\/01\/x-locale\/common\/grey-pixel.gif\" class=\"a-spacing-base a-lazy-loaded\" data-src=\"https:\/\/m.media-amazon.com\/images\/S\/aplus-media-library-service-media\/4d8e45c3-ed1b-4248-b9e2-93214eeb45fb.__CR0,6,1920,1188_PT0_SX970_V1___.png\"><img decoding=\"async\" alt=\"Be-Life\" src=\"https:\/\/m.media-amazon.com\/images\/S\/aplus-media-library-service-media\/4d8e45c3-ed1b-4248-b9e2-93214eeb45fb.__CR0,6,1920,1188_PT0_SX970_V1___.png\">                                                                    <\/p>\n<p class=\"apm-text-center\">\n                                                      <img decoding=\"async\" alt=\"BE-LIFE\" src=\"https:\/\/images-na.ssl-images-amazon.com\/images\/G\/01\/x-locale\/common\/grey-pixel.gif\" class=\"a-spacing-mini a-lazy-loaded\" data-src=\"https:\/\/m.media-amazon.com\/images\/S\/aplus-media-library-service-media\/95626f21-26f9-40c9-af51-c840ddc5caef.__CR0,0,300,300_PT0_SX300_V1___.png\"><\/p>\n<p><img decoding=\"async\" alt=\"BE-LIFE\" src=\"https:\/\/m.media-amazon.com\/images\/S\/aplus-media-library-service-media\/95626f21-26f9-40c9-af51-c840ddc5caef.__CR0,0,300,300_PT0_SX300_V1___.png\"><br \/>\n                                                    Efficaces                                       <\/p>\n<p> Nos compl\u00e9ments alimentaires sont le r\u00e9sultat de 30 ans d\u2019expertise et d\u2019une s\u00e9lection d\u2019actifs de qualit\u00e9 premium. Ils sont hautement assimilables gr\u00e2ce \u00e0 l\u2019utilisation de transporteurs physiologiques et de cofacteurs dans des formules bien pens\u00e9es. Aussi, ils vous sont propos\u00e9s en diff\u00e9rents dosages pour s\u2019adapter au m\u00e9tabolisme de chacun, selon les besoins sp\u00e9cifiques. <\/p>\n<p class=\"apm-text-center\">\n                                                      <img decoding=\"async\" alt=\"BE-LIFE\" src=\"https:\/\/images-na.ssl-images-amazon.com\/images\/G\/01\/x-locale\/common\/grey-pixel.gif\" class=\"a-spacing-mini a-lazy-loaded\" data-src=\"https:\/\/m.media-amazon.com\/images\/S\/aplus-media-library-service-media\/4b57d37c-a2de-44ea-b3f7-356336bc4356.__CR0,0,300,300_PT0_SX300_V1___.png\"><\/p>\n<p><img decoding=\"async\" alt=\"BE-LIFE\" src=\"https:\/\/m.media-amazon.com\/images\/S\/aplus-media-library-service-media\/4b57d37c-a2de-44ea-b3f7-356336bc4356.__CR0,0,300,300_PT0_SX300_V1___.png\"><br \/>\n                                                    Accessibles                                       <\/p>\n<p> Nos produits de sant\u00e9 sont d\u00e9velopp\u00e9s avec la volont\u00e9 de les rendre accessibles au plus grand nombre. Cela passe par la recherche constante d\u2019un excellent rapport qualit\u00e9\/prix et par un large r\u00e9seau de distribution: tous nos produits sont disponibles en pharmacies, parapharmacies et magasins bio. <\/p>\n<p class=\"apm-text-center\">\n                                                      <img decoding=\"async\" alt=\"BE-LIFE\" src=\"https:\/\/images-na.ssl-images-amazon.com\/images\/G\/01\/x-locale\/common\/grey-pixel.gif\" class=\"a-spacing-mini a-lazy-loaded\" data-src=\"https:\/\/m.media-amazon.com\/images\/S\/aplus-media-library-service-media\/73687112-84ed-47e4-8890-871aa5c7c175.__CR0,0,300,300_PT0_SX300_V1___.png\"><\/p>\n<p><img decoding=\"async\" alt=\"BE-LIFE\" src=\"https:\/\/m.media-amazon.com\/images\/S\/aplus-media-library-service-media\/73687112-84ed-47e4-8890-871aa5c7c175.__CR0,0,300,300_PT0_SX300_V1___.png\"><br \/>\n                                                    En harmonie avec la nature                                       <\/p>\n<p> Loin de r\u00e9pondre \u00e0 un effet de mode, notre engagement en faveur de l\u2019\u00e9cologie est ancr\u00e9 depuis la cr\u00e9ation de l\u2019entreprise, en 1991. La gamme est compos\u00e9e de produits naturels qui <\/p>\n<p> font la part belle aux extraits de plantes bio et <\/p>\n<p> aux principes actifs d\u2019origine naturelle. Quant \u00e0 notre emballage, il est 100% v\u00e9g\u00e9tal. <\/p>\n<p> Product Dimensions                                            \u200f                                            :                                            \u200e                                            6 x 6 x 10 cm; 42.2 g   <br \/> Manufacturer                                            \u200f                                            :                                            \u200e                                            Bio-Life   <br \/> ASIN                                            \u200f                                            :                                            \u200e                                            B07X32VKNW   <br \/> Manufacturer reference                                            \u200f                                            :                                            \u200e                                            PF01611   <br \/> Country of origin                                            \u200f                                            :                                            \u200e                                            France   <br \/>  Customer reviews:                                                                                            3.8               3.8 out of 5 stars                                  (7)                                              var dpAcrHasRegisteredArcLinkClickAction;                    P.when(&#8216;A&#8217;, &#8216;ready&#8217;).execute(function(A) {                        if (dpAcrHasRegisteredArcLinkClickAction !== true) {                            dpAcrHasRegisteredArcLinkClickAction = true;                            A.declarative(                                &#8216;acrLink-click-metrics&#8217;, &#8216;click&#8217;,                                { &#8220;allowLinkDefault&#8221;: true },                                function (event) {                                    if (window.ue) {                                        ue.count(&#8220;acrLinkClickCount&#8221;, (ue.count(&#8220;acrLinkClickCount&#8221;) || 0) + 1);                                    }                                }                            );                        }                    });                                             P.when(&#8216;A&#8217;, &#8216;cf&#8217;).execute(function(A) {                A.declarative(&#8216;acrStarsLink-click-metrics&#8217;, &#8216;click&#8217;, { &#8220;allowLinkDefault&#8221; : true },  function(event){                    if(window.ue) {                        ue.count(&#8220;acrStarsLinkWithPopoverClickCount&#8221;, (ue.count(&#8220;acrStarsLinkWithPopoverClickCount&#8221;) || 0) + 1);                    }                });            });                          <br \/>HydraFlex | HydraFlex dietary supplement is a complete synergy of various specific ingredients for everyday articulavire comfort. All this will help you preserve or regain the pleasure of moving flexibly and without discomfort.<br \/>JOINT HEALTH | HydraFlex helps strengthen cartilage and improves joint lubrication thanks to its collagen and hyaluronic acid complex. OptiMSM contributes to good tissue condition and collagen formation. Turmeric maintains flexibility of joints, muscles and tendons.<br \/>TIPS FOR USE | 2-3 capsules per day, in the evening with a meal.<br \/>BE-LIFE | Healthcare products that are effective, accessible and in harmony with nature &#8211; 100% plant-based, plastic-free packaging.<br \/>CONTENT | 1 x 60 HydraFlex capsules &#8211; Be-Life<\/p>\n\n","protected":false},"excerpt":{"rendered":"<p> Product Description Efficaces Nos compl\u00e9ments alimentaires sont le r\u00e9sultat de 30 ans d\u2019expertise et d\u2019une s\u00e9lection d\u2019actifs de qualit\u00e9 premium. Ils sont hautement assimilables gr\u00e2ce \u00e0 l\u2019utilisation de transporteurs physiologiques et de cofacteurs dans des formules bien pens\u00e9es. Aussi, ils vous sont propos\u00e9s en diff\u00e9rents dosages pour s\u2019adapter au m\u00e9tabolisme [&hellip;]<\/p>\n","protected":false},"featured_media":25694,"comment_status":"open","ping_status":"closed","template":"","meta":{"_gspb_post_css":"","om_disable_all_campaigns":false,"_monsterinsights_skip_tracking":false,"_monsterinsights_sitenote_active":false,"_monsterinsights_sitenote_note":"","_monsterinsights_sitenote_category":0},"store":[],"product_brand":[],"product_cat":[138],"product_tag":[188,3909,198,168,444,299,187,6464,244,416,200,250],"class_list":{"0":"post-25693","1":"product","2":"type-product","3":"status-publish","4":"has-post-thumbnail","6":"product_cat-acide-hyaluronique-msm","7":"product_tag-acid","8":"product_tag-belife","9":"product_tag-capsules","10":"product_tag-collagen","11":"product_tag-comfort","12":"product_tag-dietary","13":"product_tag-hyaluronic","14":"product_tag-hydraflex","15":"product_tag-joint","16":"product_tag-joints","17":"product_tag-supplement","18":"product_tag-wellness","20":"first","21":"instock","22":"shipping-taxable","23":"product-type-external"},"aioseo_notices":[],"jetpack_sharing_enabled":true,"_links":{"self":[{"href":"https:\/\/www.zolattitude.com\/index.php\/wp-json\/wp\/v2\/product\/25693","targetHints":{"allow":["GET"]}}],"collection":[{"href":"https:\/\/www.zolattitude.com\/index.php\/wp-json\/wp\/v2\/product"}],"about":[{"href":"https:\/\/www.zolattitude.com\/index.php\/wp-json\/wp\/v2\/types\/product"}],"replies":[{"embeddable":true,"href":"https:\/\/www.zolattitude.com\/index.php\/wp-json\/wp\/v2\/comments?post=25693"}],"wp:featuredmedia":[{"embeddable":true,"href":"https:\/\/www.zolattitude.com\/index.php\/wp-json\/wp\/v2\/media\/25694"}],"wp:attachment":[{"href":"https:\/\/www.zolattitude.com\/index.php\/wp-json\/wp\/v2\/media?parent=25693"}],"wp:term":[{"taxonomy":"store","embeddable":true,"href":"https:\/\/www.zolattitude.com\/index.php\/wp-json\/wp\/v2\/store?post=25693"},{"taxonomy":"product_brand","embeddable":true,"href":"https:\/\/www.zolattitude.com\/index.php\/wp-json\/wp\/v2\/product_brand?post=25693"},{"taxonomy":"product_cat","embeddable":true,"href":"https:\/\/www.zolattitude.com\/index.php\/wp-json\/wp\/v2\/product_cat?post=25693"},{"taxonomy":"product_tag","embeddable":true,"href":"https:\/\/www.zolattitude.com\/index.php\/wp-json\/wp\/v2\/product_tag?post=25693"}],"curies":[{"name":"wp","href":"https:\/\/api.w.org\/{rel}","templated":true}]}}