{"id":26216,"date":"2026-03-31T21:51:53","date_gmt":"2026-03-31T21:51:53","guid":{"rendered":"https:\/\/www.zolattitude.com\/index.php\/product\/poudre-dacide-hyaluronique-100-g-poudre-dacide-hyaluronique-pour-hydrater-le-visage-serum-cosmetique-a-lacide-hyaluronique-serum-hydratant-pour-le-visage-diy\/"},"modified":"2026-03-31T21:52:04","modified_gmt":"2026-03-31T21:52:04","slug":"poudre-dacide-hyaluronique-100-g-poudre-dacide-hyaluronique-pour-hydrater-le-visage-serum-cosmetique-a-lacide-hyaluronique-serum-hydratant-pour-le-visage-diy","status":"publish","type":"product","link":"https:\/\/www.zolattitude.com\/index.php\/product\/poudre-dacide-hyaluronique-100-g-poudre-dacide-hyaluronique-pour-hydrater-le-visage-serum-cosmetique-a-lacide-hyaluronique-serum-hydratant-pour-le-visage-diy\/","title":{"rendered":"Poudre d&#8217;acide hyaluronique 100 g, poudre d&#8217;acide hyaluronique pour hydrater le visage, s\u00e9rum cosm\u00e9tique \u00e0 l&#8217;acide hyaluronique, s\u00e9rum hydratant pour le visage DIY"},"content":{"rendered":"<p>Price: <span style=\"color:#b12704\">\u20ac13.99<\/span><br \/><i><small>(as of Mar 31, 2026 21:51:53 UTC &#8211; <span class=\"wp_automatic_amazon_disclaimer\" title=\"Product prices and availability are accurate as of the date\/time indicated and are subject to change. Any price and availability information displayed on [relevant Amazon Site(s), as applicable] at the time of purchase will apply to the purchase of this product.\">Details<\/span>)<\/small><\/i><br \/><a href=\"https:\/\/amazon.fr\/dp\/B0FC2BRQ5B?tag=onamzmoukoubl-21\"><img decoding=\"async\" src=\"https:\/\/valvepress.s3.amazonaws.com\/imgs\/buy_now.png\"><\/a><br \/>\n<\/p>\n<p>                                             From the brand   <\/p>\n<p>                                              <img decoding=\"async\" alt=\"\" src=\"https:\/\/images-na.ssl-images-amazon.com\/images\/G\/01\/x-locale\/common\/grey-pixel.gif\" class=\"a-lazy-loaded\" data-src=\"https:\/\/m.media-amazon.com\/images\/S\/aplus-media-library-service-media\/8b8706fc-aabb-4460-bacf-0a1c465c5516.__CR0,0,1464,625_PT0_SX1464_V1___.jpg\"><img decoding=\"async\" alt=\"\" src=\"https:\/\/m.media-amazon.com\/images\/S\/aplus-media-library-service-media\/8b8706fc-aabb-4460-bacf-0a1c465c5516.__CR0,0,1464,625_PT0_SX1464_V1___.jpg\">  <\/p>\n<h3> QUANHAO <\/h3>\n<p> Nous vous invitons \u00e0 d\u00e9couvrir nos produits et sommes ravis de pouvoir prendre soin de votre peau. <\/p>\n<p>                                              <img decoding=\"async\" alt=\"aplus content image\" src=\"https:\/\/images-na.ssl-images-amazon.com\/images\/G\/01\/x-locale\/common\/grey-pixel.gif\" class=\"a-lazy-loaded\" data-src=\"https:\/\/m.media-amazon.com\/images\/S\/aplus-media-library-service-media\/6cd8a184-0724-4c81-8a26-040063cc9b0f.__CR0,0,362,453_PT0_SX362_V1___.jpg\"><img decoding=\"async\" alt=\"aplus content image\" src=\"https:\/\/m.media-amazon.com\/images\/S\/aplus-media-library-service-media\/6cd8a184-0724-4c81-8a26-040063cc9b0f.__CR0,0,362,453_PT0_SX362_V1___.jpg\">  <\/p>\n<p>                                              <img decoding=\"async\" alt=\"aplus content image\" src=\"https:\/\/images-na.ssl-images-amazon.com\/images\/G\/01\/x-locale\/common\/grey-pixel.gif\" class=\"a-lazy-loaded\" data-src=\"https:\/\/m.media-amazon.com\/images\/S\/aplus-media-library-service-media\/73a28704-a685-441f-8adb-4cd06d306858.__CR0,0,362,453_PT0_SX362_V1___.jpg\"><img decoding=\"async\" alt=\"aplus content image\" src=\"https:\/\/m.media-amazon.com\/images\/S\/aplus-media-library-service-media\/73a28704-a685-441f-8adb-4cd06d306858.__CR0,0,362,453_PT0_SX362_V1___.jpg\">  <\/p>\n<h3> Pr\u00e9sentation des produits <\/h3>\n<p>                                              <img decoding=\"async\" alt=\"aplus content image\" src=\"https:\/\/images-na.ssl-images-amazon.com\/images\/G\/01\/x-locale\/common\/grey-pixel.gif\" class=\"a-lazy-loaded\" data-src=\"https:\/\/m.media-amazon.com\/images\/S\/aplus-media-library-service-media\/005fd83a-95b4-4d52-a635-c8478fa320ed.__CR0,0,362,453_PT0_SX362_V1___.jpg\"><img decoding=\"async\" alt=\"aplus content image\" src=\"https:\/\/m.media-amazon.com\/images\/S\/aplus-media-library-service-media\/005fd83a-95b4-4d52-a635-c8478fa320ed.__CR0,0,362,453_PT0_SX362_V1___.jpg\">  <\/p>\n<h3> Pr\u00e9sentation des produits <\/h3>\n<h3> Pr\u00e9sentation des produits <\/h3>\n<p> Package Dimensions                                            \u200f                                            :                                            \u200e                                            18.4 x 13.8 x 1 cm; 100 g   <br \/> Manufacturer                                            \u200f                                            :                                            \u200e                                            QUANHAO   <br \/> ASIN                                            \u200f                                            :                                            \u200e                                            B0FC2BRQ5B   <br \/>  Customer reviews:                                                                                            4.4               4.4 out of 5 stars                                  (47)                                              var dpAcrHasRegisteredArcLinkClickAction;                    P.when(&#8216;A&#8217;, &#8216;ready&#8217;).execute(function(A) {                        if (dpAcrHasRegisteredArcLinkClickAction !== true) {                            dpAcrHasRegisteredArcLinkClickAction = true;                            A.declarative(                                &#8216;acrLink-click-metrics&#8217;, &#8216;click&#8217;,                                { &#8220;allowLinkDefault&#8221;: true },                                function (event) {                                    if (window.ue) {                                        ue.count(&#8220;acrLinkClickCount&#8221;, (ue.count(&#8220;acrLinkClickCount&#8221;) || 0) + 1);                                    }                                }                            );                        }                    });                                             P.when(&#8216;A&#8217;, &#8216;cf&#8217;).execute(function(A) {                A.declarative(&#8216;acrStarsLink-click-metrics&#8217;, &#8216;click&#8217;, { &#8220;allowLinkDefault&#8221; : true },  function(event){                    if(window.ue) {                        ue.count(&#8220;acrStarsLinkWithPopoverClickCount&#8221;, (ue.count(&#8220;acrStarsLinkWithPopoverClickCount&#8221;) || 0) + 1);                    }                });            });                          <br \/>Poudre d&#8217;acide hyaluronique : la poudre d&#8217;acide hyaluronique ultra pure est un produit de soin de la peau puissant qui hydrate, lisse et repulpe votre peau<br \/>Technologie double poids mol\u00e9culaire : cette poudre d&#8217;acide hyaluronique dispose \u00e0 la fois de technologies de poids mol\u00e9culaire \u00e9lev\u00e9 et faible. L&#8217;acide hyaluronique de faible poids mol\u00e9culaire aide \u00e0 retenir l&#8217;humidit\u00e9 et \u00e0 am\u00e9liorer l&#8217;apparence de la structure de la peau, de la fermet\u00e9 et des ridules. L&#8217;HA de haut poids mol\u00e9culaire forme une barri\u00e8re l\u00e9g\u00e8re qui emprisonne l&#8217;humidit\u00e9 et soutient la barri\u00e8re naturelle de l&#8217;hydratation de la peau<br \/>Essence d&#8217;humidit\u00e9 DIY : vous pouvez cr\u00e9er votre propre essence en combinant diff\u00e9rentes quantit\u00e9s ou en les m\u00e9langeant avec d&#8217;autres essences d&#8217;humidit\u00e9. Parfait pour les s\u00e9rums DIY ou pour am\u00e9liorer votre routine de soins de la peau. Il soutient la barri\u00e8re cutan\u00e9e, combat les signes visibles du vieillissement et donne \u00e0 votre peau un \u00e9clat frais et sain<br \/>Ingr\u00e9dients auxquels vous pouvez faire confiance : ce produit est compos\u00e9 \u00e0 100 % d&#8217;acide hyaluronique pur (hyaluronate de sodium), sans OGM et ne contient pas d&#8217;additifs, de conservateurs, de colorants artificiels, de parfums, de soja, de charges ou de gluten<br \/>Simple et soluble dans l&#8217;eau : se dissout rapidement, se m\u00e9lange facilement dans les soins de la peau. Cr\u00e9ez des masques et s\u00e9rums personnalis\u00e9s<\/p>\n\n","protected":false},"excerpt":{"rendered":"<p> From the brand QUANHAO Nous vous invitons \u00e0 d\u00e9couvrir nos produits et sommes ravis de pouvoir prendre soin de votre peau. Pr\u00e9sentation des produits Pr\u00e9sentation des produits Pr\u00e9sentation des produits Package Dimensions \u200f : \u200e 18.4 x 13.8 x 1 cm; 100 g Manufacturer \u200f : \u200e QUANHAO ASIN \u200f [&hellip;]<\/p>\n","protected":false},"featured_media":26217,"comment_status":"open","ping_status":"closed","template":"","meta":{"_gspb_post_css":"","om_disable_all_campaigns":false,"_monsterinsights_skip_tracking":false,"_monsterinsights_sitenote_active":false,"_monsterinsights_sitenote_note":"","_monsterinsights_sitenote_category":0},"store":[],"product_brand":[],"product_cat":[138],"product_tag":[6375,6567,3139,6181,1083,6568,6569,2020,302,1392,778],"class_list":{"0":"post-26216","1":"product","2":"type-product","3":"status-publish","4":"has-post-thumbnail","6":"product_cat-acide-hyaluronique-msm","7":"product_tag-cosmetique","8":"product_tag-dacide","9":"product_tag-diy","10":"product_tag-hyaluronique","11":"product_tag-hydratant","12":"product_tag-hydrater","13":"product_tag-lacide","14":"product_tag-poudre","15":"product_tag-pour","16":"product_tag-serum","17":"product_tag-visage","19":"first","20":"instock","21":"shipping-taxable","22":"product-type-external"},"aioseo_notices":[],"jetpack_sharing_enabled":true,"_links":{"self":[{"href":"https:\/\/www.zolattitude.com\/index.php\/wp-json\/wp\/v2\/product\/26216","targetHints":{"allow":["GET"]}}],"collection":[{"href":"https:\/\/www.zolattitude.com\/index.php\/wp-json\/wp\/v2\/product"}],"about":[{"href":"https:\/\/www.zolattitude.com\/index.php\/wp-json\/wp\/v2\/types\/product"}],"replies":[{"embeddable":true,"href":"https:\/\/www.zolattitude.com\/index.php\/wp-json\/wp\/v2\/comments?post=26216"}],"wp:featuredmedia":[{"embeddable":true,"href":"https:\/\/www.zolattitude.com\/index.php\/wp-json\/wp\/v2\/media\/26217"}],"wp:attachment":[{"href":"https:\/\/www.zolattitude.com\/index.php\/wp-json\/wp\/v2\/media?parent=26216"}],"wp:term":[{"taxonomy":"store","embeddable":true,"href":"https:\/\/www.zolattitude.com\/index.php\/wp-json\/wp\/v2\/store?post=26216"},{"taxonomy":"product_brand","embeddable":true,"href":"https:\/\/www.zolattitude.com\/index.php\/wp-json\/wp\/v2\/product_brand?post=26216"},{"taxonomy":"product_cat","embeddable":true,"href":"https:\/\/www.zolattitude.com\/index.php\/wp-json\/wp\/v2\/product_cat?post=26216"},{"taxonomy":"product_tag","embeddable":true,"href":"https:\/\/www.zolattitude.com\/index.php\/wp-json\/wp\/v2\/product_tag?post=26216"}],"curies":[{"name":"wp","href":"https:\/\/api.w.org\/{rel}","templated":true}]}}