{"id":26463,"date":"2026-04-02T23:42:56","date_gmt":"2026-04-02T23:42:56","guid":{"rendered":"https:\/\/www.zolattitude.com\/index.php\/product\/fairvital-milk-thistle-extract-750mg-90-tablets-highly-dosed-with-750mg-milk-thistle-extract-per-tablet-vegan-80-silymarin\/"},"modified":"2026-04-02T23:42:59","modified_gmt":"2026-04-02T23:42:59","slug":"fairvital-milk-thistle-extract-750mg-90-tablets-highly-dosed-with-750mg-milk-thistle-extract-per-tablet-vegan-80-silymarin","status":"publish","type":"product","link":"https:\/\/www.zolattitude.com\/index.php\/product\/fairvital-milk-thistle-extract-750mg-90-tablets-highly-dosed-with-750mg-milk-thistle-extract-per-tablet-vegan-80-silymarin\/","title":{"rendered":"fairvital Milk Thistle Extract 750mg, 90 Tablets, HIGHLY DOSED with 750mg Milk Thistle Extract Per Tablet, VEGAN, 80% Silymarin"},"content":{"rendered":"<p>Price: <span style=\"color:#b12704\">\u20ac21.95<\/span><br \/><i><small>(as of Apr 02, 2026 23:42:56 UTC &#8211; <span class=\"wp_automatic_amazon_disclaimer\" title=\"Product prices and availability are accurate as of the date\/time indicated and are subject to change. Any price and availability information displayed on [relevant Amazon Site(s), as applicable] at the time of purchase will apply to the purchase of this product.\">Details<\/span>)<\/small><\/i><br \/><a href=\"https:\/\/amazon.fr\/dp\/B076JCD5J5?tag=onamzmoukoubl-21\"><img decoding=\"async\" src=\"https:\/\/valvepress.s3.amazonaws.com\/imgs\/buy_now.png\"><\/a><br \/>\n<\/p>\n<p>                                             Product Description   <\/p>\n<p>                                                                             <img decoding=\"async\" alt=\"la photo d&amp;#39;une feuille avec le texte \u00ab est vital pour Fairborn \u00bb...\" src=\"https:\/\/images-na.ssl-images-amazon.com\/images\/G\/01\/x-locale\/common\/grey-pixel.gif\" class=\"a-spacing-base a-lazy-loaded\" data-src=\"https:\/\/m.media-amazon.com\/images\/S\/aplus-media-library-service-media\/f354dd6d-9206-42ec-bc9e-36f0211c2601.__CR0,0,970,600_PT0_SX970_V1___.jpg\"><img decoding=\"async\" alt=\"la photo d&amp;#39;une feuille avec le texte \u00ab est vital pour Fairborn \u00bb...\" src=\"https:\/\/m.media-amazon.com\/images\/S\/aplus-media-library-service-media\/f354dd6d-9206-42ec-bc9e-36f0211c2601.__CR0,0,970,600_PT0_SX970_V1___.jpg\">                                                                    <\/p>\n<p class=\"apm-text-center\">\n                                                      <img decoding=\"async\" alt=\"goutte d&amp;#39;eau sur une feuille\" src=\"https:\/\/images-na.ssl-images-amazon.com\/images\/G\/01\/x-locale\/common\/grey-pixel.gif\" class=\"a-spacing-mini a-lazy-loaded\" data-src=\"https:\/\/m.media-amazon.com\/images\/S\/aplus-media-library-service-media\/fb803744-ce48-43de-8c2d-1703f1cdc7d9.__CR0,0,300,300_PT0_SX300_V1___.jpg\"><\/p>\n<p><img decoding=\"async\" alt=\"goutte d&amp;#39;eau sur une feuille\" src=\"https:\/\/m.media-amazon.com\/images\/S\/aplus-media-library-service-media\/fb803744-ce48-43de-8c2d-1703f1cdc7d9.__CR0,0,300,300_PT0_SX300_V1___.jpg\"><br \/>\n                                                    Plus de 400 substances vitales                                       <\/p>\n<p> Chaque jour, nous faisons de notre mieux pour que vous vous sentiez en de bonnes mains chez nous. Notre gamme de plus de 400 produits de qualit\u00e9, qui ne cesse de s&#8217;\u00e9largir, saura vous convaincre. Nous pouvons vous assurer que d\u00e8s qu&#8217;une nouvelle id\u00e9e de produit voit le jour, notre \u00e9quipe d&#8217;experts s&#8217;efforce de suivre les derni\u00e8res tendances avec le plus grand soin et toujours en tenant compte des normes scientifiques actuelles. <\/p>\n<p class=\"apm-text-center\">\n                                                      <img decoding=\"async\" alt=\"pour la journ\u00e9e internationale de la femme\" src=\"https:\/\/images-na.ssl-images-amazon.com\/images\/G\/01\/x-locale\/common\/grey-pixel.gif\" class=\"a-spacing-mini a-lazy-loaded\" data-src=\"https:\/\/m.media-amazon.com\/images\/S\/aplus-media-library-service-media\/1c105bb4-de16-4a1b-81db-cc7845cc9e67.__CR0,0,300,300_PT0_SX300_V1___.jpg\"><\/p>\n<p><img decoding=\"async\" alt=\"pour la journ\u00e9e internationale de la femme\" src=\"https:\/\/m.media-amazon.com\/images\/S\/aplus-media-library-service-media\/1c105bb4-de16-4a1b-81db-cc7845cc9e67.__CR0,0,300,300_PT0_SX300_V1___.jpg\"><br \/>\n                                                    La nature vous donne ce dont vous avez besoin                                       <\/p>\n<p> Par amour de la nature, nous misons 100% sur l&#8217;\u00e9lectricit\u00e9 verte. <\/p>\n<p class=\"apm-text-center\">\n                                                      <img decoding=\"async\" alt=\"une vari\u00e9t\u00e9 de plantes et de plantes en laboratoire\" src=\"https:\/\/images-na.ssl-images-amazon.com\/images\/G\/01\/x-locale\/common\/grey-pixel.gif\" class=\"a-spacing-mini a-lazy-loaded\" data-src=\"https:\/\/m.media-amazon.com\/images\/S\/aplus-media-library-service-media\/cefd7d2e-37dd-41af-894c-6d14f3031ca6.__CR0,0,300,300_PT0_SX300_V1___.jpg\"><\/p>\n<p><img decoding=\"async\" alt=\"une vari\u00e9t\u00e9 de plantes et de plantes en laboratoire\" src=\"https:\/\/m.media-amazon.com\/images\/S\/aplus-media-library-service-media\/cefd7d2e-37dd-41af-894c-6d14f3031ca6.__CR0,0,300,300_PT0_SX300_V1___.jpg\"><br \/>\n                                                    Naturellement faire confiance \u00e0 fairvital                                       <\/p>\n<p> La composition de nos produits est bas\u00e9e sur les connaissances scientifiques les plus r\u00e9centes et sur le contr\u00f4le de l&#8217;utilisation exclusive de mati\u00e8res premi\u00e8res naturelles. Cela signifie que nous veillons non seulement \u00e0 une combinaison et \u00e0 une composition optimales des diff\u00e9rentes substances ou principes actifs, mais aussi \u00e0 une biodisponibilit\u00e9 \u00e9lev\u00e9e des substances, qui donnent au corps exactement ce dont il a besoin et ce qu&#8217;il peut utiliser. <\/p>\n<p>                                                  <img decoding=\"async\" alt=\"fabriqu\u00e9e en Allemagne avec la carte de l&amp;#39;Allemagne\" src=\"https:\/\/images-na.ssl-images-amazon.com\/images\/G\/01\/x-locale\/common\/grey-pixel.gif\" class=\"a-lazy-loaded\" data-src=\"https:\/\/m.media-amazon.com\/images\/S\/aplus-media-library-service-media\/73049c82-0072-4952-ab7c-3336fc98c69b.__CR0,0,300,300_PT0_SX300_V1___.jpg\"><img decoding=\"async\" alt=\"fabriqu\u00e9e en Allemagne avec la carte de l&amp;#39;Allemagne\" src=\"https:\/\/m.media-amazon.com\/images\/S\/aplus-media-library-service-media\/73049c82-0072-4952-ab7c-3336fc98c69b.__CR0,0,300,300_PT0_SX300_V1___.jpg\">  <\/p>\n<h3 class=\"a-spacing-mini\"> Fabriqu\u00e9 en Allemagne <\/h3>\n<p> La qualit\u00e9 de nos produits ne se retrouve pas seulement dans la puret\u00e9 des ingr\u00e9dients, mais aussi dans le soin apport\u00e9 \u00e0 la production en Allemagne. Chaque produit, chaque lot de production r\u00e9pond donc aux normes \u00e9lev\u00e9es de qualit\u00e9, de production et d&#8217;hygi\u00e8ne allemandes. C&#8217;est pourquoi nos produits sont particuli\u00e8rement appr\u00e9ci\u00e9s non seulement par nos clients dans toute l&#8217;Europe, mais aussi jusqu&#8217;en extr\u00eame-Orient ! <\/p>\n<p class=\"apm-text-center\">\n                                                      <img decoding=\"async\" alt=\"un contenant en plastique vert avec couvercle\" src=\"https:\/\/images-na.ssl-images-amazon.com\/images\/G\/01\/x-locale\/common\/grey-pixel.gif\" class=\"a-lazy-loaded\" data-src=\"https:\/\/m.media-amazon.com\/images\/S\/aplus-media-library-service-media\/4fd056c9-7fea-498a-98b2-bd3886394db4.__CR0,0,860,860_PT0_SX220_V1___.jpg\"><\/p>\n<p><img decoding=\"async\" alt=\"un contenant en plastique vert avec couvercle\" src=\"https:\/\/m.media-amazon.com\/images\/S\/aplus-media-library-service-media\/4fd056c9-7fea-498a-98b2-bd3886394db4.__CR0,0,860,860_PT0_SX220_V1___.jpg\"><br \/>\n                                                    Manipulation et dosage pratiques                                    <\/p>\n<p class=\"apm-text-center\">\n                                                      <img decoding=\"async\" alt=\"Mod\u00e8le 3D d&amp;#39;une bo\u00eete en plastique verte\" src=\"https:\/\/images-na.ssl-images-amazon.com\/images\/G\/01\/x-locale\/common\/grey-pixel.gif\" class=\"a-lazy-loaded\" data-src=\"https:\/\/m.media-amazon.com\/images\/S\/aplus-media-library-service-media\/f92723f6-150a-423d-8167-6d1c26234aeb.__CR0,0,220,220_PT0_SX220_V1___.jpg\"><\/p>\n<p><img decoding=\"async\" alt=\"Mod\u00e8le 3D d&amp;#39;une bo\u00eete en plastique verte\" src=\"https:\/\/m.media-amazon.com\/images\/S\/aplus-media-library-service-media\/f92723f6-150a-423d-8167-6d1c26234aeb.__CR0,0,220,220_PT0_SX220_V1___.jpg\"><br \/>\n                                                    Attrape&#8230; et c&#8217;est parti !                                    <\/p>\n<p class=\"apm-text-center\">\n                                                      <img decoding=\"async\" alt=\"un contenant en plastique vert avec un couvercle sur fond blanc.\" src=\"https:\/\/images-na.ssl-images-amazon.com\/images\/G\/01\/x-locale\/common\/grey-pixel.gif\" class=\"a-lazy-loaded\" data-src=\"https:\/\/m.media-amazon.com\/images\/S\/aplus-media-library-service-media\/11fd8d70-d4e9-4c30-b062-5e7151b55c27.__CR0,0,220,220_PT0_SX220_V1___.jpg\"><\/p>\n<p><img decoding=\"async\" alt=\"un contenant en plastique vert avec un couvercle sur fond blanc.\" src=\"https:\/\/m.media-amazon.com\/images\/S\/aplus-media-library-service-media\/11fd8d70-d4e9-4c30-b062-5e7151b55c27.__CR0,0,220,220_PT0_SX220_V1___.jpg\"><br \/>\n                                                    Dose quotidienne de vitamines                                    <\/p>\n<p class=\"apm-text-center\">\n                                                      <img decoding=\"async\" alt=\"une bouteille de taches de rousseurs blondes\" src=\"https:\/\/images-na.ssl-images-amazon.com\/images\/G\/01\/x-locale\/common\/grey-pixel.gif\" class=\"a-lazy-loaded\" data-src=\"https:\/\/m.media-amazon.com\/images\/S\/aplus-media-library-service-media\/34b770cb-986c-48a7-bec7-a78745981a0a.__CR0,0,220,220_PT0_SX220_V1___.jpg\"><\/p>\n<p><img decoding=\"async\" alt=\"une bouteille de taches de rousseurs blondes\" src=\"https:\/\/m.media-amazon.com\/images\/S\/aplus-media-library-service-media\/34b770cb-986c-48a7-bec7-a78745981a0a.__CR0,0,220,220_PT0_SX220_V1___.jpg\"><br \/>\n                                                    Couvercle rabattable innovant                                    <\/p>\n<p class=\"apm-text-center\">\n                                                      <img decoding=\"async\" alt=\"sans exp\u00e9rimentation animale\" src=\"https:\/\/images-na.ssl-images-amazon.com\/images\/G\/01\/x-locale\/common\/grey-pixel.gif\" class=\"a-spacing-mini a-lazy-loaded\" data-src=\"https:\/\/m.media-amazon.com\/images\/S\/aplus-media-library-service-media\/b944b914-faeb-481a-91b0-f343ae0d82a1.__CR0,0,300,300_PT0_SX300_V1___.jpg\"><\/p>\n<p><img decoding=\"async\" alt=\"sans exp\u00e9rimentation animale\" src=\"https:\/\/m.media-amazon.com\/images\/S\/aplus-media-library-service-media\/b944b914-faeb-481a-91b0-f343ae0d82a1.__CR0,0,300,300_PT0_SX300_V1___.jpg\"><br \/>\n                                                    Les tests sur les animaux ? Non, merci !                                       <\/p>\n<p> Le bien-\u00eatre des animaux est pour nous une affaire de c\u0153ur, c&#8217;est pourquoi fairvital renonce totalement \u00e0 l&#8217;exp\u00e9rimentation animale ! Parce qu&#8217;elles sont pour nous \u00e9thiquement ind\u00e9fendables et scientifiquement inutiles. <\/p>\n<p class=\"apm-text-center\">\n                                                      <img decoding=\"async\" alt=\"un cercle vert avec une goutte de phytoplancton au centre\" src=\"https:\/\/images-na.ssl-images-amazon.com\/images\/G\/01\/x-locale\/common\/grey-pixel.gif\" class=\"a-spacing-mini a-lazy-loaded\" data-src=\"https:\/\/m.media-amazon.com\/images\/S\/aplus-media-library-service-media\/24b40a00-f370-4b00-aa29-dcbce80a7cf9.__CR0,0,300,300_PT0_SX300_V1___.jpg\"><\/p>\n<p><img decoding=\"async\" alt=\"un cercle vert avec une goutte de phytoplancton au centre\" src=\"https:\/\/m.media-amazon.com\/images\/S\/aplus-media-library-service-media\/24b40a00-f370-4b00-aa29-dcbce80a7cf9.__CR0,0,300,300_PT0_SX300_V1___.jpg\"><br \/>\n                                                    Toutes les bo\u00eetes (emballage) sont exemptes de phtalates                                       <\/p>\n<p> Nos emballages sont fabriqu\u00e9s en PET et en HDPE, qui ne pr\u00e9sentent aucun risque pour la sant\u00e9. Nos emballages sont exempts de polycarbonate, de PVC et de polystyr\u00e8ne. <\/p>\n<p class=\"apm-text-center\">\n                                                      <img decoding=\"async\" alt=\"en cercle\" src=\"https:\/\/images-na.ssl-images-amazon.com\/images\/G\/01\/x-locale\/common\/grey-pixel.gif\" class=\"a-spacing-mini a-lazy-loaded\" data-src=\"https:\/\/m.media-amazon.com\/images\/S\/aplus-media-library-service-media\/f83f1fa6-eab5-4db4-9092-91d195d1067e.__CR0,0,300,300_PT0_SX300_V1___.jpg\"><\/p>\n<p><img decoding=\"async\" alt=\"en cercle\" src=\"https:\/\/m.media-amazon.com\/images\/S\/aplus-media-library-service-media\/f83f1fa6-eab5-4db4-9092-91d195d1067e.__CR0,0,300,300_PT0_SX300_V1___.jpg\"><br \/>\n                                                    L&#8217;emballage de nos produits est recyclable \u00e0 100 %.                                       <\/p>\n<p> Les emballages d&#8217;exp\u00e9dition Fairvital sont d\u00e9j\u00e0 enti\u00e8rement compos\u00e9s de mat\u00e9riaux recycl\u00e9s et en partie de coussins d&#8217;air biod\u00e9gradables. Nous n&#8217;utilisons pas d&#8217;emballages composites ou d&#8217;emballages \u00e9cologiques trompeurs. <\/p>\n<p>                                                         <img decoding=\"async\" alt=\"le logo de fairtrava, une entreprise qui produit des produits biologiques depuis quelques ann\u00e9es\" src=\"https:\/\/images-na.ssl-images-amazon.com\/images\/G\/01\/x-locale\/common\/grey-pixel.gif\" class=\"a-lazy-loaded\" data-src=\"https:\/\/m.media-amazon.com\/images\/S\/aplus-media-library-service-media\/d239275c-98f9-455f-9aaa-a825dcc55d64.__CR0,0,600,180_PT0_SX600_V1___.jpg\"><img decoding=\"async\" alt=\"le logo de fairtrava, une entreprise qui produit des produits biologiques depuis quelques ann\u00e9es\" src=\"https:\/\/m.media-amazon.com\/images\/S\/aplus-media-library-service-media\/d239275c-98f9-455f-9aaa-a825dcc55d64.__CR0,0,600,180_PT0_SX600_V1___.jpg\">      <\/p>\n<p> Is discontinued by manufacturer                                            \u200f                                            :                                            \u200e                                            No   <br \/> Package Dimensions                                            \u200f                                            :                                            \u200e                                            11.4 x 6 x 5.8 cm; 135 g   <br \/> Manufacturer                                            \u200f                                            :                                            \u200e                                            fairvital   <br \/> ASIN                                            \u200f                                            :                                            \u200e                                            B076JCD5J5   <br \/> Manufacturer reference                                            \u200f                                            :                                            \u200e                                            94409   <br \/> Country of origin                                            \u200f                                            :                                            \u200e                                            Germany   <br \/>  Customer reviews:                                                                                            4.5               4.5 out of 5 stars                                  (145)                                              var dpAcrHasRegisteredArcLinkClickAction;                    P.when(&#8216;A&#8217;, &#8216;ready&#8217;).execute(function(A) {                        if (dpAcrHasRegisteredArcLinkClickAction !== true) {                            dpAcrHasRegisteredArcLinkClickAction = true;                            A.declarative(                                &#8216;acrLink-click-metrics&#8217;, &#8216;click&#8217;,                                { &#8220;allowLinkDefault&#8221;: true },                                function (event) {                                    if (window.ue) {                                        ue.count(&#8220;acrLinkClickCount&#8221;, (ue.count(&#8220;acrLinkClickCount&#8221;) || 0) + 1);                                    }                                }                            );                        }                    });                                             P.when(&#8216;A&#8217;, &#8216;cf&#8217;).execute(function(A) {                A.declarative(&#8216;acrStarsLink-click-metrics&#8217;, &#8216;click&#8217;, { &#8220;allowLinkDefault&#8221; : true },  function(event){                    if(window.ue) {                        ue.count(&#8220;acrStarsLinkWithPopoverClickCount&#8221;, (ue.count(&#8220;acrStarsLinkWithPopoverClickCount&#8221;) || 0) + 1);                    }                });            });                          <br \/>\u2714 fairvital GERMAN QUALITY: Daily dose: 1 tablet per day containing 750 mg milk thistle seed extract, 600mg silymarin thereof. High dosages! Great value for money! Normalized to 80% silymarin.<br \/>\u2714 BIOAVAILABLE &#038; WITHOUT Gluten, Lactose, Fructose, Magnesium Stearate, Preservatives, Soy, Yeast, Pesticides, Fungicides, Fertilizers, Colorants, Stabilizers, and Genetic Engineering (Non-GMO). Vegan milk thistle tablets without animal ingredients!<br \/>\u2714 3 month overview: long shelf life in airtight box. 90 milk thistle extract tablets &#8211; more effective than powder and liquid! With practical dosing lid!<br \/>\u2714 MICROBIOLOGICAL QUALITY &#8211; Made in Germany: We work in compliance with HACCP quality standards &#8211; Our raw materials come from the EU and third countries<\/p>\n\n","protected":false},"excerpt":{"rendered":"<p> Product Description Plus de 400 substances vitales Chaque jour, nous faisons de notre mieux pour que vous vous sentiez en de bonnes mains chez nous. Notre gamme de plus de 400 produits de qualit\u00e9, qui ne cesse de s&#8217;\u00e9largir, saura vous convaincre. Nous pouvons vous assurer que d\u00e8s qu&#8217;une nouvelle [&hellip;]<\/p>\n","protected":false},"featured_media":26464,"comment_status":"open","ping_status":"closed","template":"","meta":{"_gspb_post_css":"","om_disable_all_campaigns":false,"_monsterinsights_skip_tracking":false,"_monsterinsights_sitenote_active":false,"_monsterinsights_sitenote_note":"","_monsterinsights_sitenote_category":0},"store":[],"product_brand":[],"product_cat":[156],"product_tag":[1900,430,422,2159,944,541,1722,1025,179,542,261],"class_list":{"0":"post-26463","1":"product","2":"type-product","3":"status-publish","4":"has-post-thumbnail","6":"product_cat-foie-drainage","7":"product_tag-750mg","8":"product_tag-dosed","9":"product_tag-extract","10":"product_tag-fairvital","11":"product_tag-highly","12":"product_tag-milk","13":"product_tag-silymarin","14":"product_tag-tablet","15":"product_tag-tablets","16":"product_tag-thistle","17":"product_tag-vegan","19":"first","20":"instock","21":"shipping-taxable","22":"product-type-external"},"aioseo_notices":[],"jetpack_sharing_enabled":true,"_links":{"self":[{"href":"https:\/\/www.zolattitude.com\/index.php\/wp-json\/wp\/v2\/product\/26463","targetHints":{"allow":["GET"]}}],"collection":[{"href":"https:\/\/www.zolattitude.com\/index.php\/wp-json\/wp\/v2\/product"}],"about":[{"href":"https:\/\/www.zolattitude.com\/index.php\/wp-json\/wp\/v2\/types\/product"}],"replies":[{"embeddable":true,"href":"https:\/\/www.zolattitude.com\/index.php\/wp-json\/wp\/v2\/comments?post=26463"}],"wp:featuredmedia":[{"embeddable":true,"href":"https:\/\/www.zolattitude.com\/index.php\/wp-json\/wp\/v2\/media\/26464"}],"wp:attachment":[{"href":"https:\/\/www.zolattitude.com\/index.php\/wp-json\/wp\/v2\/media?parent=26463"}],"wp:term":[{"taxonomy":"store","embeddable":true,"href":"https:\/\/www.zolattitude.com\/index.php\/wp-json\/wp\/v2\/store?post=26463"},{"taxonomy":"product_brand","embeddable":true,"href":"https:\/\/www.zolattitude.com\/index.php\/wp-json\/wp\/v2\/product_brand?post=26463"},{"taxonomy":"product_cat","embeddable":true,"href":"https:\/\/www.zolattitude.com\/index.php\/wp-json\/wp\/v2\/product_cat?post=26463"},{"taxonomy":"product_tag","embeddable":true,"href":"https:\/\/www.zolattitude.com\/index.php\/wp-json\/wp\/v2\/product_tag?post=26463"}],"curies":[{"name":"wp","href":"https:\/\/api.w.org\/{rel}","templated":true}]}}