{"id":26468,"date":"2026-04-02T23:45:01","date_gmt":"2026-04-02T23:45:01","guid":{"rendered":"https:\/\/www.zolattitude.com\/index.php\/product\/primal-harvest-probiotics-30-capsules-for-healthy-gut-flora-15-dynamic-strains-of-probiotic-gut-flora-for-digestive-health\/"},"modified":"2026-04-02T23:45:08","modified_gmt":"2026-04-02T23:45:08","slug":"primal-harvest-probiotics-30-capsules-for-healthy-gut-flora-15-dynamic-strains-of-probiotic-gut-flora-for-digestive-health","status":"publish","type":"product","link":"https:\/\/www.zolattitude.com\/index.php\/product\/primal-harvest-probiotics-30-capsules-for-healthy-gut-flora-15-dynamic-strains-of-probiotic-gut-flora-for-digestive-health\/","title":{"rendered":"Primal Harvest Probiotics &#8211; 30 Capsules For Healthy Gut Flora &#8211; 15 Dynamic Strains of Probiotic Gut Flora for Digestive Health"},"content":{"rendered":"<p>Price: <span style=\"color:#b12704\">\u20ac34.99<\/span><br \/><i><small>(as of Apr 02, 2026 23:45:01 UTC &#8211; <span class=\"wp_automatic_amazon_disclaimer\" title=\"Product prices and availability are accurate as of the date\/time indicated and are subject to change. Any price and availability information displayed on [relevant Amazon Site(s), as applicable] at the time of purchase will apply to the purchase of this product.\">Details<\/span>)<\/small><\/i><br \/><a href=\"https:\/\/amazon.fr\/dp\/B09RX5BB7J?tag=onamzmoukoubl-21\"><img decoding=\"async\" src=\"https:\/\/valvepress.s3.amazonaws.com\/imgs\/buy_now.png\"><\/a><br \/>\n<\/p>\n<p>                                             From the brand   <\/p>\n<p>                                              <img decoding=\"async\" alt=\"une femme jette une noix dans un bol.\" src=\"https:\/\/images-na.ssl-images-amazon.com\/images\/G\/01\/x-locale\/common\/grey-pixel.gif\" class=\"a-lazy-loaded\" data-src=\"https:\/\/m.media-amazon.com\/images\/S\/aplus-media-library-service-media\/44714d2e-0ce0-4a5e-b12e-2ace9bd71ac9.__CR0,0,1464,625_PT0_SX1464_V1___.jpg\"><img decoding=\"async\" alt=\"une femme jette une noix dans un bol.\" src=\"https:\/\/m.media-amazon.com\/images\/S\/aplus-media-library-service-media\/44714d2e-0ce0-4a5e-b12e-2ace9bd71ac9.__CR0,0,1464,625_PT0_SX1464_V1___.jpg\">  <\/p>\n<p>                                              <img decoding=\"async\" alt=\"\" src=\"https:\/\/images-na.ssl-images-amazon.com\/images\/G\/01\/x-locale\/common\/grey-pixel.gif\" class=\"a-lazy-loaded\" data-src=\"https:\/\/m.media-amazon.com\/images\/S\/aplus-media-library-service-media\/e3bc7e14-a514-4780-9234-836601436c15.__CR0,0,315,145_PT0_SX315_V1___.jpg\"><img decoding=\"async\" alt=\"\" src=\"https:\/\/m.media-amazon.com\/images\/S\/aplus-media-library-service-media\/e3bc7e14-a514-4780-9234-836601436c15.__CR0,0,315,145_PT0_SX315_V1___.jpg\">  <\/p>\n<p> Nous faisons toujours le maximum pour fournir des produits de la plus haute qualit\u00e9. Pour tenir cette promesse envers nos clients, nous prenons toutes les mesures n\u00e9cessaires pour \u00eatre honn\u00eates et transparents sur la qualit\u00e9 de nos produits. Cela signifie que nous respectons et observons strictement les normes de fabrication et de proc\u00e9dure. <\/p>\n<p>                                              <img decoding=\"async\" alt=\"une femme m\u00e9ditant au sommet d&amp;#39;une montagne\" src=\"https:\/\/images-na.ssl-images-amazon.com\/images\/G\/01\/x-locale\/common\/grey-pixel.gif\" class=\"a-lazy-loaded\" data-src=\"https:\/\/m.media-amazon.com\/images\/S\/aplus-media-library-service-media\/8a6ff6f7-6fa6-458f-b71d-14143bee1bea.__CR0,0,362,453_PT0_SX362_V1___.jpg\"><img decoding=\"async\" alt=\"une femme m\u00e9ditant au sommet d&amp;#39;une montagne\" src=\"https:\/\/m.media-amazon.com\/images\/S\/aplus-media-library-service-media\/8a6ff6f7-6fa6-458f-b71d-14143bee1bea.__CR0,0,362,453_PT0_SX362_V1___.jpg\">  <\/p>\n<h3> Primal Harvest <\/h3>\n<p class=\"apm-brand-story-stores-link\">\n<p>                                              <img decoding=\"async\" alt=\"\" src=\"https:\/\/images-na.ssl-images-amazon.com\/images\/G\/01\/x-locale\/common\/grey-pixel.gif\" class=\"a-lazy-loaded\" data-src=\"https:\/\/m.media-amazon.com\/images\/S\/aplus-media-library-service-media\/e3bc7e14-a514-4780-9234-836601436c15.__CR0,0,315,145_PT0_SX315_V1___.jpg\"><img decoding=\"async\" alt=\"\" src=\"https:\/\/m.media-amazon.com\/images\/S\/aplus-media-library-service-media\/e3bc7e14-a514-4780-9234-836601436c15.__CR0,0,315,145_PT0_SX315_V1___.jpg\">  <\/p>\n<p> Chez Primal Harvest, nous d\u00e9fendons une approche holistique du bien-\u00eatre. C&#8217;est pourquoi nous utilisons exclusivement des ingr\u00e9dients naturels pour r\u00e9tablir l&#8217;\u00e9quilibre du corps, de l&#8217;esprit et de l&#8217;\u00e2me. Votre bien-\u00eatre est notre priorit\u00e9 absolue. <\/p>\n<h3> Primal Harvest <\/h3>\n<p class=\"apm-brand-story-stores-link\">\n<p> Product Dimensions                                            \u200f                                            :                                            \u200e                                            9.7 x 9.7 x 4.7 cm; 60 g   <br \/> Manufacturer                                            \u200f                                            :                                            \u200e                                            Primal Harvest   <br \/> ASIN                                            \u200f                                            :                                            \u200e                                            B09RX5BB7J   <br \/> Item model number                                            \u200f                                            :                                            \u200e                                            Probiotic   <br \/> Country of origin                                            \u200f                                            :                                            \u200e                                            Germany   <br \/>  Customer reviews:                                                                                            4.4               4.4 out of 5 stars                                  (555)                                              var dpAcrHasRegisteredArcLinkClickAction;                    P.when(&#8216;A&#8217;, &#8216;ready&#8217;).execute(function(A) {                        if (dpAcrHasRegisteredArcLinkClickAction !== true) {                            dpAcrHasRegisteredArcLinkClickAction = true;                            A.declarative(                                &#8216;acrLink-click-metrics&#8217;, &#8216;click&#8217;,                                { &#8220;allowLinkDefault&#8221;: true },                                function (event) {                                    if (window.ue) {                                        ue.count(&#8220;acrLinkClickCount&#8221;, (ue.count(&#8220;acrLinkClickCount&#8221;) || 0) + 1);                                    }                                }                            );                        }                    });                                             P.when(&#8216;A&#8217;, &#8216;cf&#8217;).execute(function(A) {                A.declarative(&#8216;acrStarsLink-click-metrics&#8217;, &#8216;click&#8217;, { &#8220;allowLinkDefault&#8221; : true },  function(event){                    if(window.ue) {                        ue.count(&#8220;acrStarsLinkWithPopoverClickCount&#8221;, (ue.count(&#8220;acrStarsLinkWithPopoverClickCount&#8221;) || 0) + 1);                    }                });            });                          <br \/>CAREFULLY SELECTED BACTERIAL STRAINS FOR DURABLE INTESTINAL BALANCE &#8211; The 15 resistant strains contained in our probiotic capsules have a high level of survival, allowing them to reach the intestine and restore bacterial balance.<br \/>OPTIMAL DIGESTION &#8211; The 80 billion CFUs enrich the gut with pro- and prebiotics, balancing the intestinal flora and promoting healthy digestion.<br \/>STRENGTHENED IMMUNE SYSTEM &#8211; The intestine influences almost all body functions, including the immune system. Our prebiotic and probiotic complex supports the normal functioning of the immune system.<br \/>WELLNESS AND OVERALL ENERGY &#8211; The bacterial strains of our probiotic complex help to optimally metabolize nutrients, improving your overall well-being.<br \/>PREBIOTICS FOR HEALTHY INTESTINAL FLORA-Our PreforPro cocktail of bacteriophage prebiotics helps ensure optimal conditions in your digestive system, so that the right bacteria can grow &#8211; for more energy and vitality.<\/p>\n\n","protected":false},"excerpt":{"rendered":"<p> From the brand Nous faisons toujours le maximum pour fournir des produits de la plus haute qualit\u00e9. Pour tenir cette promesse envers nos clients, nous prenons toutes les mesures n\u00e9cessaires pour \u00eatre honn\u00eates et transparents sur la qualit\u00e9 de nos produits. Cela signifie que nous respectons et observons strictement les [&hellip;]<\/p>\n","protected":false},"featured_media":26469,"comment_status":"open","ping_status":"closed","template":"","meta":{"_gspb_post_css":"","om_disable_all_campaigns":false,"_monsterinsights_skip_tracking":false,"_monsterinsights_sitenote_active":false,"_monsterinsights_sitenote_note":"","_monsterinsights_sitenote_category":0},"store":[],"product_brand":[],"product_cat":[154],"product_tag":[198,487,6606,435,1429,3425,245,392,3424,433,490,492],"class_list":{"0":"post-26468","1":"product","2":"type-product","3":"status-publish","4":"has-post-thumbnail","6":"product_cat-sante-intestinale","7":"product_tag-capsules","8":"product_tag-digestive","9":"product_tag-dynamic","10":"product_tag-flora","11":"product_tag-gut","12":"product_tag-harvest","13":"product_tag-health","14":"product_tag-healthy","15":"product_tag-primal","16":"product_tag-probiotic","17":"product_tag-probiotics","18":"product_tag-strains","20":"first","21":"instock","22":"shipping-taxable","23":"product-type-external"},"aioseo_notices":[],"jetpack_sharing_enabled":true,"_links":{"self":[{"href":"https:\/\/www.zolattitude.com\/index.php\/wp-json\/wp\/v2\/product\/26468","targetHints":{"allow":["GET"]}}],"collection":[{"href":"https:\/\/www.zolattitude.com\/index.php\/wp-json\/wp\/v2\/product"}],"about":[{"href":"https:\/\/www.zolattitude.com\/index.php\/wp-json\/wp\/v2\/types\/product"}],"replies":[{"embeddable":true,"href":"https:\/\/www.zolattitude.com\/index.php\/wp-json\/wp\/v2\/comments?post=26468"}],"wp:featuredmedia":[{"embeddable":true,"href":"https:\/\/www.zolattitude.com\/index.php\/wp-json\/wp\/v2\/media\/26469"}],"wp:attachment":[{"href":"https:\/\/www.zolattitude.com\/index.php\/wp-json\/wp\/v2\/media?parent=26468"}],"wp:term":[{"taxonomy":"store","embeddable":true,"href":"https:\/\/www.zolattitude.com\/index.php\/wp-json\/wp\/v2\/store?post=26468"},{"taxonomy":"product_brand","embeddable":true,"href":"https:\/\/www.zolattitude.com\/index.php\/wp-json\/wp\/v2\/product_brand?post=26468"},{"taxonomy":"product_cat","embeddable":true,"href":"https:\/\/www.zolattitude.com\/index.php\/wp-json\/wp\/v2\/product_cat?post=26468"},{"taxonomy":"product_tag","embeddable":true,"href":"https:\/\/www.zolattitude.com\/index.php\/wp-json\/wp\/v2\/product_tag?post=26468"}],"curies":[{"name":"wp","href":"https:\/\/api.w.org\/{rel}","templated":true}]}}