{"id":26477,"date":"2026-04-02T23:46:01","date_gmt":"2026-04-02T23:46:01","guid":{"rendered":"https:\/\/www.zolattitude.com\/index.php\/product\/magnesium-complex-6-sources-300-mg-per-day-high-bioavailability-360-piulife-capsules-with-magnesium-bisglycinate-citrate-pidolate-energy-sleep-muscles\/"},"modified":"2026-04-02T23:46:12","modified_gmt":"2026-04-02T23:46:12","slug":"magnesium-complex-6-sources-300-mg-per-day-high-bioavailability-360-piulife-capsules-with-magnesium-bisglycinate-citrate-pidolate-energy-sleep-muscles","status":"publish","type":"product","link":"https:\/\/www.zolattitude.com\/index.php\/product\/magnesium-complex-6-sources-300-mg-per-day-high-bioavailability-360-piulife-capsules-with-magnesium-bisglycinate-citrate-pidolate-energy-sleep-muscles\/","title":{"rendered":"Magnesium Complex 6 Sources \u2013 300 mg per day, High Bioavailability \u2013 360 Pi\u00f9Life Capsules with Magnesium Bisglycinate, Citrate, Pidolate \u2013 Energy, Sleep, Muscles"},"content":{"rendered":"<p>Price: <span style=\"color:#b12704\">\u20ac34.90<\/span><br \/><i><small>(as of Apr 02, 2026 23:46:01 UTC &#8211; <span class=\"wp_automatic_amazon_disclaimer\" title=\"Product prices and availability are accurate as of the date\/time indicated and are subject to change. Any price and availability information displayed on [relevant Amazon Site(s), as applicable] at the time of purchase will apply to the purchase of this product.\">Details<\/span>)<\/small><\/i><br \/><a href=\"https:\/\/amazon.fr\/dp\/B0CTMQHH2B?tag=onamzmoukoubl-21\"><img decoding=\"async\" src=\"https:\/\/valvepress.s3.amazonaws.com\/imgs\/buy_now.png\"><\/a><br \/>\n<\/p>\n<p>                                             From the brand   <\/p>\n<p>                                              <img decoding=\"async\" alt=\"\" src=\"https:\/\/images-na.ssl-images-amazon.com\/images\/G\/01\/x-locale\/common\/grey-pixel.gif\" class=\"a-lazy-loaded\" data-src=\"https:\/\/m.media-amazon.com\/images\/S\/aplus-media-library-service-media\/0ef654a1-40df-4cc3-84f9-5ce7f3ed6892.__CR0,0,1464,625_PT0_SX1464_V1___.jpg\"><img decoding=\"async\" alt=\"\" src=\"https:\/\/m.media-amazon.com\/images\/S\/aplus-media-library-service-media\/0ef654a1-40df-4cc3-84f9-5ce7f3ed6892.__CR0,0,1464,625_PT0_SX1464_V1___.jpg\">  <\/p>\n<p>                                              <img decoding=\"async\" alt=\"\" src=\"https:\/\/images-na.ssl-images-amazon.com\/images\/G\/01\/x-locale\/common\/grey-pixel.gif\" class=\"a-lazy-loaded\" data-src=\"https:\/\/m.media-amazon.com\/images\/S\/aplus-media-library-service-media\/0f0f1d3b-a3c5-4342-a2e2-d54d374c74ee.__CR0,0,315,145_PT0_SX315_V1___.jpg\"><img decoding=\"async\" alt=\"\" src=\"https:\/\/m.media-amazon.com\/images\/S\/aplus-media-library-service-media\/0f0f1d3b-a3c5-4342-a2e2-d54d374c74ee.__CR0,0,315,145_PT0_SX315_V1___.jpg\">  <\/p>\n<p> Pi\u00f9Life est la ligne de compl\u00e9ments alimentaires con\u00e7ue pour ceux qui souhaitent ajouter quelque chose de plus \u00e0 la vie de tous les jours : \u00e9nergie, vitalit\u00e9 et bien-\u00eatre ! <\/p>\n<p> L&#8217;engagement italien rencontre l&#8217;excellence mondiale : les compl\u00e9ments Pi\u00f9Life sont fabriqu\u00e9s en Italie avec des mati\u00e8res premi\u00e8res choisies pour vous offrir le meilleur. <\/p>\n<h3> D\u00e9couvrez les actifs v\u00e9g\u00e9taux <\/h3>\n<p class=\"apm-brand-story-stores-link\">\n<h3> Antioxydants en action  <\/h3>\n<p class=\"apm-brand-story-stores-link\">\n<h3> Accordez-vous avec votre corps <\/h3>\n<p class=\"apm-brand-story-stores-link\">\n<h3> Chargez votre journ\u00e9e <\/h3>\n<p class=\"apm-brand-story-stores-link\">\n<h3> Votre bien-\u00eatre en un clic ! <\/h3>\n<p class=\"apm-brand-story-stores-link\">\n<p> Package Dimensions                                            \u200f                                            :                                            \u200e                                            21.1 x 17 x 11.9 cm; 400 g   <br \/> Manufacturer                                            \u200f                                            :                                            \u200e                                            +LIFE   <br \/> ASIN                                            \u200f                                            :                                            \u200e                                            B0CTMQHH2B   <br \/> Country of origin                                            \u200f                                            :                                            \u200e                                            Italy   <br \/>  Customer reviews:                                                                                            4.4               4.4 out of 5 stars                                  (798)                                              var dpAcrHasRegisteredArcLinkClickAction;                    P.when(&#8216;A&#8217;, &#8216;ready&#8217;).execute(function(A) {                        if (dpAcrHasRegisteredArcLinkClickAction !== true) {                            dpAcrHasRegisteredArcLinkClickAction = true;                            A.declarative(                                &#8216;acrLink-click-metrics&#8217;, &#8216;click&#8217;,                                { &#8220;allowLinkDefault&#8221;: true },                                function (event) {                                    if (window.ue) {                                        ue.count(&#8220;acrLinkClickCount&#8221;, (ue.count(&#8220;acrLinkClickCount&#8221;) || 0) + 1);                                    }                                }                            );                        }                    });                                             P.when(&#8216;A&#8217;, &#8216;cf&#8217;).execute(function(A) {                A.declarative(&#8216;acrStarsLink-click-metrics&#8217;, &#8216;click&#8217;, { &#8220;allowLinkDefault&#8221; : true },  function(event){                    if(window.ue) {                        ue.count(&#8220;acrStarsLinkWithPopoverClickCount&#8221;, (ue.count(&#8220;acrStarsLinkWithPopoverClickCount&#8221;) || 0) + 1);                    }                });            });                          <br \/>Pi\u00f9Life Magnesium Complex is the perfect companion to support your well-being to the fullest! It has six different sources of magnesium &#8211; from magnesium bisglycinate to pidolate magnesium citrate &#8211; this supplement offers a full range of benefits. It helps support muscles and nerves, promotes the well-being of bones and mind, and fights physical fatigue. With a concentrated daily dose, you will feel better naturally!<br \/>6 Sources &#8211; Choosing a magnesium capsule supplement with different sources is a smart decision! With a variety of forms of pure magnesium, the body can absorb and use this mineral in different ways, ensuring optimal benefit. In short, more sources mean more benefits for you and your well-being!<br \/>For maximum benefits, take 3 capsules per day! Pi\u00f9Life has a wide range of magnesium supplement to meet all your needs: magnesium powder (with magnesium carbonate and citric acid), magnesium and potassium (with potassium citrate and magnesium citrate) and magnesium bisglycinate (from organic magnesium salts)<br \/>Gluten &#038; Lactose Free &#8211; Magnesium complex gluten-free, lactose free is the ideal choice to integrate nutrients in a practical and sustainable way, respecting the different food needs and preferences<br \/>For synergistic action, combine Pi\u00f9Life Complete Magnesium with Pi\u00f9Life B Complex Vitamin B Complex, to support energy and mental well-being, and Coenzyme Q10 Pi\u00f9Life, ideal for promoting vitality and cellular function<\/p>\n\n","protected":false},"excerpt":{"rendered":"<p> From the brand Pi\u00f9Life est la ligne de compl\u00e9ments alimentaires con\u00e7ue pour ceux qui souhaitent ajouter quelque chose de plus \u00e0 la vie de tous les jours : \u00e9nergie, vitalit\u00e9 et bien-\u00eatre ! L&#8217;engagement italien rencontre l&#8217;excellence mondiale : les compl\u00e9ments Pi\u00f9Life sont fabriqu\u00e9s en Italie avec des mati\u00e8res premi\u00e8res [&hellip;]<\/p>\n","protected":false},"featured_media":26478,"comment_status":"open","ping_status":"closed","template":"","meta":{"_gspb_post_css":"","om_disable_all_campaigns":false,"_monsterinsights_skip_tracking":false,"_monsterinsights_sitenote_active":false,"_monsterinsights_sitenote_note":"","_monsterinsights_sitenote_category":0},"store":[],"product_brand":[],"product_cat":[152],"product_tag":[1119,293,198,2475,173,280,289,294,287,1008,4359,774,405,2285],"class_list":{"0":"post-26477","1":"product","2":"type-product","3":"status-publish","4":"has-post-thumbnail","6":"product_cat-magnesium-marin","7":"product_tag-bioavailability","8":"product_tag-bisglycinate","9":"product_tag-capsules","10":"product_tag-citrate","11":"product_tag-complex","12":"product_tag-day","13":"product_tag-energy","14":"product_tag-high","15":"product_tag-magnesium","16":"product_tag-muscles","17":"product_tag-pidolate","18":"product_tag-piulife","19":"product_tag-sleep","20":"product_tag-sources","22":"first","23":"instock","24":"shipping-taxable","25":"product-type-external"},"aioseo_notices":[],"jetpack_sharing_enabled":true,"_links":{"self":[{"href":"https:\/\/www.zolattitude.com\/index.php\/wp-json\/wp\/v2\/product\/26477","targetHints":{"allow":["GET"]}}],"collection":[{"href":"https:\/\/www.zolattitude.com\/index.php\/wp-json\/wp\/v2\/product"}],"about":[{"href":"https:\/\/www.zolattitude.com\/index.php\/wp-json\/wp\/v2\/types\/product"}],"replies":[{"embeddable":true,"href":"https:\/\/www.zolattitude.com\/index.php\/wp-json\/wp\/v2\/comments?post=26477"}],"wp:featuredmedia":[{"embeddable":true,"href":"https:\/\/www.zolattitude.com\/index.php\/wp-json\/wp\/v2\/media\/26478"}],"wp:attachment":[{"href":"https:\/\/www.zolattitude.com\/index.php\/wp-json\/wp\/v2\/media?parent=26477"}],"wp:term":[{"taxonomy":"store","embeddable":true,"href":"https:\/\/www.zolattitude.com\/index.php\/wp-json\/wp\/v2\/store?post=26477"},{"taxonomy":"product_brand","embeddable":true,"href":"https:\/\/www.zolattitude.com\/index.php\/wp-json\/wp\/v2\/product_brand?post=26477"},{"taxonomy":"product_cat","embeddable":true,"href":"https:\/\/www.zolattitude.com\/index.php\/wp-json\/wp\/v2\/product_cat?post=26477"},{"taxonomy":"product_tag","embeddable":true,"href":"https:\/\/www.zolattitude.com\/index.php\/wp-json\/wp\/v2\/product_tag?post=26477"}],"curies":[{"name":"wp","href":"https:\/\/api.w.org\/{rel}","templated":true}]}}