{"id":26489,"date":"2026-04-03T00:37:55","date_gmt":"2026-04-03T00:37:55","guid":{"rendered":"https:\/\/www.zolattitude.com\/index.php\/product\/rhodiola-rosea-soulage-le-stress-ameliore-lhumeur-et-la-concentration-fonction-immunitaire-sans-ogm\/"},"modified":"2026-04-03T00:37:58","modified_gmt":"2026-04-03T00:37:58","slug":"rhodiola-rosea-soulage-le-stress-ameliore-lhumeur-et-la-concentration-fonction-immunitaire-sans-ogm","status":"publish","type":"product","link":"https:\/\/www.zolattitude.com\/index.php\/product\/rhodiola-rosea-soulage-le-stress-ameliore-lhumeur-et-la-concentration-fonction-immunitaire-sans-ogm\/","title":{"rendered":"Rhodiola rosea &#8211; soulage le stress, am\u00e9liore l&#8217;humeur et la concentration &#8211; fonction immunitaire, sans OGM"},"content":{"rendered":"<p>Price: <span style=\"color:#b12704\">\u20ac32.99<\/span><br \/><i><small>(as of Apr 03, 2026 00:37:55 UTC &#8211; <span class=\"wp_automatic_amazon_disclaimer\" title=\"Product prices and availability are accurate as of the date\/time indicated and are subject to change. Any price and availability information displayed on [relevant Amazon Site(s), as applicable] at the time of purchase will apply to the purchase of this product.\">Details<\/span>)<\/small><\/i><br \/><a href=\"https:\/\/amazon.fr\/dp\/B0GT556NNQ?tag=onamzmoukoubl-21\"><img decoding=\"async\" src=\"https:\/\/valvepress.s3.amazonaws.com\/imgs\/buy_now.png\"><\/a><br \/>\n<br \/>\n    <span>Description du produit :<br \/>1 pi\u00e8ces<br \/>\u00c0 propos de nos services :<br \/>Nous continuerons \u00e0 vous offrir des produits et services de haute qualit\u00e9 et \u00e0 profiter de vos achats !<br \/>Je te souhaite une vie heureuse !<\/span>    <br \/> Package Dimensions                                            \u200f                                            :                                            \u200e                                            9 x 8 x 6 cm; 453.59 g   <br \/> Manufacturer                                            \u200f                                            :                                            \u200e                                            G\u00e9n\u00e9rique   <br \/> ASIN                                            \u200f                                            :                                            \u200e                                            B0GT556NNQ   <br \/> Country of origin                                            \u200f                                            :                                            \u200e                                            China   <br \/>Dites adieu \u00e0 la fatigue et soulagez profond\u00e9ment le stress<br \/>Am\u00e9liorer l&#8217;humeur et am\u00e9liorer la concentration c\u00e9r\u00e9brale<br \/>Am\u00e9liorer l&#8217;immunit\u00e9, stabiliser l&#8217;humeur, \u00e9quilibrer l&#8217;\u00e9tat<\/p>\n\n","protected":false},"excerpt":{"rendered":"<p> Description du produit :1 pi\u00e8ces\u00c0 propos de nos services :Nous continuerons \u00e0 vous offrir des produits et services de haute qualit\u00e9 et \u00e0 profiter de vos achats !Je te souhaite une vie heureuse ! Package Dimensions \u200f : \u200e 9 x 8 x 6 cm; 453.59 g Manufacturer \u200f : [&hellip;]<\/p>\n","protected":false},"featured_media":26490,"comment_status":"open","ping_status":"closed","template":"","meta":{"_gspb_post_css":"","om_disable_all_campaigns":false,"_monsterinsights_skip_tracking":false,"_monsterinsights_sitenote_active":false,"_monsterinsights_sitenote_note":"","_monsterinsights_sitenote_category":0},"store":[],"product_brand":[],"product_cat":[150],"product_tag":[6608,321,6422,6423,6609,6424,419,420,309,6607,278],"class_list":{"0":"post-26489","1":"product","2":"type-product","3":"status-publish","4":"has-post-thumbnail","6":"product_cat-anti-stress-adaptogenes","7":"product_tag-ameliore","8":"product_tag-concentration","9":"product_tag-fonction","10":"product_tag-immunitaire","11":"product_tag-lhumeur","12":"product_tag-ogm","13":"product_tag-rhodiola","14":"product_tag-rosea","15":"product_tag-sans","16":"product_tag-soulage","17":"product_tag-stress","19":"first","20":"instock","21":"shipping-taxable","22":"product-type-external"},"aioseo_notices":[],"jetpack_sharing_enabled":true,"_links":{"self":[{"href":"https:\/\/www.zolattitude.com\/index.php\/wp-json\/wp\/v2\/product\/26489","targetHints":{"allow":["GET"]}}],"collection":[{"href":"https:\/\/www.zolattitude.com\/index.php\/wp-json\/wp\/v2\/product"}],"about":[{"href":"https:\/\/www.zolattitude.com\/index.php\/wp-json\/wp\/v2\/types\/product"}],"replies":[{"embeddable":true,"href":"https:\/\/www.zolattitude.com\/index.php\/wp-json\/wp\/v2\/comments?post=26489"}],"wp:featuredmedia":[{"embeddable":true,"href":"https:\/\/www.zolattitude.com\/index.php\/wp-json\/wp\/v2\/media\/26490"}],"wp:attachment":[{"href":"https:\/\/www.zolattitude.com\/index.php\/wp-json\/wp\/v2\/media?parent=26489"}],"wp:term":[{"taxonomy":"store","embeddable":true,"href":"https:\/\/www.zolattitude.com\/index.php\/wp-json\/wp\/v2\/store?post=26489"},{"taxonomy":"product_brand","embeddable":true,"href":"https:\/\/www.zolattitude.com\/index.php\/wp-json\/wp\/v2\/product_brand?post=26489"},{"taxonomy":"product_cat","embeddable":true,"href":"https:\/\/www.zolattitude.com\/index.php\/wp-json\/wp\/v2\/product_cat?post=26489"},{"taxonomy":"product_tag","embeddable":true,"href":"https:\/\/www.zolattitude.com\/index.php\/wp-json\/wp\/v2\/product_tag?post=26489"}],"curies":[{"name":"wp","href":"https:\/\/api.w.org\/{rel}","templated":true}]}}