{"id":26553,"date":"2026-04-04T00:00:41","date_gmt":"2026-04-04T00:00:41","guid":{"rendered":"https:\/\/www.zolattitude.com\/index.php\/product\/histoires-du-soir-pour-les-adultes-20-contes-apaisants-pour-une-nuit-de-sommeil-reparateur-et-une-evasion-sereine-du-stress-quotidien\/"},"modified":"2026-04-04T00:00:41","modified_gmt":"2026-04-04T00:00:41","slug":"histoires-du-soir-pour-les-adultes-20-contes-apaisants-pour-une-nuit-de-sommeil-reparateur-et-une-evasion-sereine-du-stress-quotidien","status":"publish","type":"product","link":"https:\/\/www.zolattitude.com\/index.php\/product\/histoires-du-soir-pour-les-adultes-20-contes-apaisants-pour-une-nuit-de-sommeil-reparateur-et-une-evasion-sereine-du-stress-quotidien\/","title":{"rendered":"Histoires du Soir pour les Adultes: 20 Contes Apaisants pour une Nuit de Sommeil R\u00e9parateur et une \u00c9vasion Sereine du Stress Quotidien"},"content":{"rendered":"<p>Price: <span style=\"color:#b12704\">\u20ac13.70<\/span><br \/><i><small>(as of Apr 04, 2026 00:00:41 UTC &#8211; <span class=\"wp_automatic_amazon_disclaimer\" title=\"Product prices and availability are accurate as of the date\/time indicated and are subject to change. Any price and availability information displayed on [relevant Amazon Site(s), as applicable] at the time of purchase will apply to the purchase of this product.\">Details<\/span>)<\/small><\/i><br \/><a href=\"https:\/\/amazon.fr\/dp\/B0FH2G14ZM?tag=onamzmoukoubl-21\"><img decoding=\"async\" src=\"https:\/\/valvepress.s3.amazonaws.com\/imgs\/buy_now.png\"><\/a><br \/>\n<\/p>\n<p>Dans le rythme effr\u00e9n\u00e9 du monde moderne, les moments de calme semblent de plus en plus difficiles \u00e0 trouver. Le stress persiste bien apr\u00e8s la fin de la journ\u00e9e, rendant le sommeil r\u00e9parateur presque inaccessible. Histoires du Soir pour les Adultes est une invitation \u00e0 vous \u00e9loigner du bruit et \u00e0 retrouver la paix int\u00e9rieure.<\/p>\n<p>Cette collection de r\u00e9cits apaisants a \u00e9t\u00e9 con\u00e7ue pour calmer l\u2019esprit et pr\u00e9parer un sommeil profond et r\u00e9parateur. Chaque histoire est un voyage doux \u00e0 travers des paysages sereins \u2014 for\u00eats baign\u00e9es de clair de lune, cabanes chaleureuses, jardins secrets rafra\u00eechis par la pluie, et lacs \u00e9toil\u00e9s. Sans conflit, sans suspense ni tension, ces r\u00e9cits offrent un rythme rassurant d\u2019images et d\u2019ambiances qui aident \u00e0 rel\u00e2cher les soucis de la journ\u00e9e.<\/p>\n<p>Que vous lisiez seulement quelques pages avant de dormir ou que vous plongiez dans une histoire enti\u00e8re, vous trouverez dans chaque r\u00e9cit une couverture douce pour l\u2019esprit \u2014 tranquille, r\u00e9confortante et rassurante.<\/p>\n<p>\u00c0 l\u2019int\u00e9rieur, vous d\u00e9couvrirez :<\/p>\n<p>20 histoires du soir magnifiquement \u00e9crites pour favoriser la d\u00e9tente<\/p>\n<p>Des images apaisantes qui encouragent la pleine conscience et la s\u00e9r\u00e9nit\u00e9<\/p>\n<p>Des r\u00e9cits doux et bienveillants qui vous accompagnent vers le sommeil<\/p>\n<p>Si vous avez du mal \u00e0 d\u00e9crocher le soir, ce livre est un sanctuaire de tranquillit\u00e9 \u00e0 garder sur votre table de chevet. Laissez les mots ralentir votre souffle, adoucir vos pens\u00e9es et vous conduire vers le sommeil paisible que vous m\u00e9ritez.<\/p>\n<p>\u2728 Endormez-vous en paix. R\u00e9veillez-vous repos\u00e9. \u2728<\/p>\n\n","protected":false},"excerpt":{"rendered":"<p> Dans le rythme effr\u00e9n\u00e9 du monde moderne, les moments de calme semblent de plus en plus difficiles \u00e0 trouver. Le stress persiste bien apr\u00e8s la fin de la journ\u00e9e, rendant le sommeil r\u00e9parateur presque inaccessible. Histoires du Soir pour les Adultes est une invitation \u00e0 vous \u00e9loigner du bruit et [&hellip;]<\/p>\n","protected":false},"featured_media":26554,"comment_status":"open","ping_status":"closed","template":"","meta":{"_gspb_post_css":"","om_disable_all_campaigns":false,"_monsterinsights_skip_tracking":false,"_monsterinsights_sitenote_active":false,"_monsterinsights_sitenote_note":"","_monsterinsights_sitenote_category":0},"store":[],"product_brand":[],"product_cat":[151],"product_tag":[6631,6633,6632,6634,6630,1073,2039,302,6420,6000,6635,4211,4803,278,5322],"class_list":{"0":"post-26553","1":"product","2":"type-product","3":"status-publish","4":"has-post-thumbnail","6":"product_cat-sommeil-relaxation","7":"product_tag-adultes","8":"product_tag-apaisants","9":"product_tag-contes","10":"product_tag-evasion","11":"product_tag-histoires","12":"product_tag-les","13":"product_tag-nuit","14":"product_tag-pour","15":"product_tag-quotidien","16":"product_tag-reparateur","17":"product_tag-sereine","18":"product_tag-soir","19":"product_tag-sommeil","20":"product_tag-stress","21":"product_tag-une","23":"first","24":"instock","25":"shipping-taxable","26":"product-type-external"},"aioseo_notices":[],"jetpack_sharing_enabled":true,"_links":{"self":[{"href":"https:\/\/www.zolattitude.com\/index.php\/wp-json\/wp\/v2\/product\/26553","targetHints":{"allow":["GET"]}}],"collection":[{"href":"https:\/\/www.zolattitude.com\/index.php\/wp-json\/wp\/v2\/product"}],"about":[{"href":"https:\/\/www.zolattitude.com\/index.php\/wp-json\/wp\/v2\/types\/product"}],"replies":[{"embeddable":true,"href":"https:\/\/www.zolattitude.com\/index.php\/wp-json\/wp\/v2\/comments?post=26553"}],"wp:featuredmedia":[{"embeddable":true,"href":"https:\/\/www.zolattitude.com\/index.php\/wp-json\/wp\/v2\/media\/26554"}],"wp:attachment":[{"href":"https:\/\/www.zolattitude.com\/index.php\/wp-json\/wp\/v2\/media?parent=26553"}],"wp:term":[{"taxonomy":"store","embeddable":true,"href":"https:\/\/www.zolattitude.com\/index.php\/wp-json\/wp\/v2\/store?post=26553"},{"taxonomy":"product_brand","embeddable":true,"href":"https:\/\/www.zolattitude.com\/index.php\/wp-json\/wp\/v2\/product_brand?post=26553"},{"taxonomy":"product_cat","embeddable":true,"href":"https:\/\/www.zolattitude.com\/index.php\/wp-json\/wp\/v2\/product_cat?post=26553"},{"taxonomy":"product_tag","embeddable":true,"href":"https:\/\/www.zolattitude.com\/index.php\/wp-json\/wp\/v2\/product_tag?post=26553"}],"curies":[{"name":"wp","href":"https:\/\/api.w.org\/{rel}","templated":true}]}}