{"id":26565,"date":"2026-04-04T00:43:46","date_gmt":"2026-04-04T00:43:46","guid":{"rendered":"https:\/\/www.zolattitude.com\/index.php\/product\/coque-pour-iphone-14-acaia-tree-nature-vitrail\/"},"modified":"2026-04-04T00:43:51","modified_gmt":"2026-04-04T00:43:51","slug":"coque-pour-iphone-14-acaia-tree-nature-vitrail","status":"publish","type":"product","link":"https:\/\/www.zolattitude.com\/index.php\/product\/coque-pour-iphone-14-acaia-tree-nature-vitrail\/","title":{"rendered":"Coque pour iPhone 14 Acaia Tree Nature Vitrail"},"content":{"rendered":"<p>Price: <span style=\"color:#b12704\">\u20ac17.99<\/span><br \/><i><small>(as of Apr 04, 2026 00:43:46 UTC &#8211; <span class=\"wp_automatic_amazon_disclaimer\" title=\"Product prices and availability are accurate as of the date\/time indicated and are subject to change. Any price and availability information displayed on [relevant Amazon Site(s), as applicable] at the time of purchase will apply to the purchase of this product.\">Details<\/span>)<\/small><\/i><br \/><a href=\"https:\/\/amazon.fr\/dp\/B0CW3VV4CM?tag=onamzmoukoubl-21\"><img decoding=\"async\" src=\"https:\/\/valvepress.s3.amazonaws.com\/imgs\/buy_now.png\"><\/a><br \/>\n<br \/>\n<br \/>Graphique en verre teint\u00e9 Acaia Tree Nature pour les fans d&#8217;Acaia Tree<br \/>Pour les personnes qui pensent aux accessoires esth\u00e9tiques pour arbre d&#8217;acaia<br \/>Coque de protection en deux parties compos\u00e9 d&#8217;une coque en polycarbonate de premi\u00e8re qualit\u00e9 r\u00e9sistant aux rayures et d&#8217;une doublure en TPU absorbant les chocs et prot\u00e9geant contre les chutes<br \/>Installation facile<\/p>\n\n","protected":false},"excerpt":{"rendered":"<p> Graphique en verre teint\u00e9 Acaia Tree Nature pour les fans d&#8217;Acaia TreePour les personnes qui pensent aux accessoires esth\u00e9tiques pour arbre d&#8217;acaiaCoque de protection en deux parties compos\u00e9 d&#8217;une coque en polycarbonate de premi\u00e8re qualit\u00e9 r\u00e9sistant aux rayures et d&#8217;une doublure en TPU absorbant les chocs et prot\u00e9geant contre les [&hellip;]<\/p>\n","protected":false},"featured_media":26566,"comment_status":"open","ping_status":"closed","template":"","meta":{"_gspb_post_css":"","om_disable_all_campaigns":false,"_monsterinsights_skip_tracking":false,"_monsterinsights_sitenote_active":false,"_monsterinsights_sitenote_note":"","_monsterinsights_sitenote_category":0},"store":[],"product_brand":[],"product_cat":[148],"product_tag":[6637,6636,5987,344,302,3936,6638],"class_list":{"0":"post-26565","1":"product","2":"type-product","3":"status-publish","4":"has-post-thumbnail","6":"product_cat-superaliments-exotiques","7":"product_tag-acaia","8":"product_tag-coque","9":"product_tag-iphone","10":"product_tag-nature","11":"product_tag-pour","12":"product_tag-tree","13":"product_tag-vitrail","15":"first","16":"instock","17":"shipping-taxable","18":"product-type-external"},"aioseo_notices":[],"jetpack_sharing_enabled":true,"_links":{"self":[{"href":"https:\/\/www.zolattitude.com\/index.php\/wp-json\/wp\/v2\/product\/26565","targetHints":{"allow":["GET"]}}],"collection":[{"href":"https:\/\/www.zolattitude.com\/index.php\/wp-json\/wp\/v2\/product"}],"about":[{"href":"https:\/\/www.zolattitude.com\/index.php\/wp-json\/wp\/v2\/types\/product"}],"replies":[{"embeddable":true,"href":"https:\/\/www.zolattitude.com\/index.php\/wp-json\/wp\/v2\/comments?post=26565"}],"wp:featuredmedia":[{"embeddable":true,"href":"https:\/\/www.zolattitude.com\/index.php\/wp-json\/wp\/v2\/media\/26566"}],"wp:attachment":[{"href":"https:\/\/www.zolattitude.com\/index.php\/wp-json\/wp\/v2\/media?parent=26565"}],"wp:term":[{"taxonomy":"store","embeddable":true,"href":"https:\/\/www.zolattitude.com\/index.php\/wp-json\/wp\/v2\/store?post=26565"},{"taxonomy":"product_brand","embeddable":true,"href":"https:\/\/www.zolattitude.com\/index.php\/wp-json\/wp\/v2\/product_brand?post=26565"},{"taxonomy":"product_cat","embeddable":true,"href":"https:\/\/www.zolattitude.com\/index.php\/wp-json\/wp\/v2\/product_cat?post=26565"},{"taxonomy":"product_tag","embeddable":true,"href":"https:\/\/www.zolattitude.com\/index.php\/wp-json\/wp\/v2\/product_tag?post=26565"}],"curies":[{"name":"wp","href":"https:\/\/api.w.org\/{rel}","templated":true}]}}