{"id":26662,"date":"2026-04-05T23:44:51","date_gmt":"2026-04-05T23:44:51","guid":{"rendered":"https:\/\/www.zolattitude.com\/index.php\/product\/les-pissenlits\/"},"modified":"2026-04-05T23:44:51","modified_gmt":"2026-04-05T23:44:51","slug":"les-pissenlits","status":"publish","type":"product","link":"https:\/\/www.zolattitude.com\/index.php\/product\/les-pissenlits\/","title":{"rendered":"Les Pissenlits"},"content":{"rendered":"<p>Price: <span style=\"color:#b12704\">\u20ac7.40<\/span><br \/><i><small>(as of Apr 05, 2026 23:44:51 UTC &#8211; <span class=\"wp_automatic_amazon_disclaimer\" title=\"Product prices and availability are accurate as of the date\/time indicated and are subject to change. Any price and availability information displayed on [relevant Amazon Site(s), as applicable] at the time of purchase will apply to the purchase of this product.\">Details<\/span>)<\/small><\/i><br \/><a href=\"https:\/\/amazon.fr\/dp\/2253194913?tag=onamzmoukoubl-21\"><img decoding=\"async\" src=\"https:\/\/valvepress.s3.amazonaws.com\/imgs\/buy_now.png\"><\/a><br \/>\n<\/p>\n<p>En quittant l\u2019h\u00f4pital psychiatrique o\u00f9 ils ont laiss\u00e9 Ineko, qui souffre de c\u00e9cit\u00e9 partielle, une maladie mentale qui a n\u00e9cessit\u00e9 son internement, sa m\u00e8re et son amant, Hisano, poursuivent dans un paysage \u00e9tincelant de pissenlits en fleur une conversation \u00e9trange et surr\u00e9aliste o\u00f9 se d\u00e9ploient confidences intimes et souvenirs. In\u00e9dit en France, ce roman inachev\u00e9 d\u00e9voile une nouvelle facette de la virtuosit\u00e9 litt\u00e9raire de Kawabata.<\/p>\n<p>\u00ab Les Pissenlits laisse sur sur le lecteur une profonde empreinte lumineuse et m\u00e9lancolique. \u00bb (C. Renou-Nativel, La Croix)<\/p>\n<p>Publisher                                            \u200f                                            :                                            \u200e                                                        Le Livre de Poche       <br \/> Publication date                                            \u200f                                            :                                            \u200e                                                        11 Jun. 2014       <br \/> Language                                            \u200f                                            :                                            \u200e                                            French   <br \/> Print length                                            \u200f                                            :                                            \u200e                                                        216 pages       <br \/> ISBN-10                                            \u200f                                            :                                            \u200e                                                        2253194913       <br \/> ISBN-13                                            \u200f                                            :                                            \u200e                                                        978-2253194910       <br \/> Item weight                                            \u200f                                            :                                            \u200e                                            136 g   <br \/> Dimensions                                            \u200f                                            :                                            \u200e                                                        11 x 1 x 17.8 cm       <br \/>       Best Sellers Rank:  349,904 in Books (See Top 100 in Books)    724 in Japanese Literature      <br \/>  Customer reviews:                                                                                            4.7               4.7 out of 5 stars                                  (16)                                              var dpAcrHasRegisteredArcLinkClickAction;                    P.when(&#8216;A&#8217;, &#8216;ready&#8217;).execute(function(A) {                        if (dpAcrHasRegisteredArcLinkClickAction !== true) {                            dpAcrHasRegisteredArcLinkClickAction = true;                            A.declarative(                                &#8216;acrLink-click-metrics&#8217;, &#8216;click&#8217;,                                { &#8220;allowLinkDefault&#8221;: true },                                function (event) {                                    if (window.ue) {                                        ue.count(&#8220;acrLinkClickCount&#8221;, (ue.count(&#8220;acrLinkClickCount&#8221;) || 0) + 1);                                    }                                }                            );                        }                    });                                             P.when(&#8216;A&#8217;, &#8216;cf&#8217;).execute(function(A) {                A.declarative(&#8216;acrStarsLink-click-metrics&#8217;, &#8216;click&#8217;, { &#8220;allowLinkDefault&#8221; : true },  function(event){                    if(window.ue) {                        ue.count(&#8220;acrStarsLinkWithPopoverClickCount&#8221;, (ue.count(&#8220;acrStarsLinkWithPopoverClickCount&#8221;) || 0) + 1);                    }                });            });                          <br \/><\/p>\n","protected":false},"excerpt":{"rendered":"<p> En quittant l\u2019h\u00f4pital psychiatrique o\u00f9 ils ont laiss\u00e9 Ineko, qui souffre de c\u00e9cit\u00e9 partielle, une maladie mentale qui a n\u00e9cessit\u00e9 son internement, sa m\u00e8re et son amant, Hisano, poursuivent dans un paysage \u00e9tincelant de pissenlits en fleur une conversation \u00e9trange et surr\u00e9aliste o\u00f9 se d\u00e9ploient confidences intimes et souvenirs. In\u00e9dit [&hellip;]<\/p>\n","protected":false},"featured_media":26663,"comment_status":"open","ping_status":"closed","template":"","meta":{"_gspb_post_css":"","om_disable_all_campaigns":false,"_monsterinsights_skip_tracking":false,"_monsterinsights_sitenote_active":false,"_monsterinsights_sitenote_note":"","_monsterinsights_sitenote_category":0},"store":[],"product_brand":[],"product_cat":[156],"product_tag":[1073,6661],"class_list":{"0":"post-26662","1":"product","2":"type-product","3":"status-publish","4":"has-post-thumbnail","6":"product_cat-foie-drainage","7":"product_tag-les","8":"product_tag-pissenlits","10":"first","11":"instock","12":"shipping-taxable","13":"product-type-external"},"aioseo_notices":[],"jetpack_sharing_enabled":true,"_links":{"self":[{"href":"https:\/\/www.zolattitude.com\/index.php\/wp-json\/wp\/v2\/product\/26662","targetHints":{"allow":["GET"]}}],"collection":[{"href":"https:\/\/www.zolattitude.com\/index.php\/wp-json\/wp\/v2\/product"}],"about":[{"href":"https:\/\/www.zolattitude.com\/index.php\/wp-json\/wp\/v2\/types\/product"}],"replies":[{"embeddable":true,"href":"https:\/\/www.zolattitude.com\/index.php\/wp-json\/wp\/v2\/comments?post=26662"}],"wp:featuredmedia":[{"embeddable":true,"href":"https:\/\/www.zolattitude.com\/index.php\/wp-json\/wp\/v2\/media\/26663"}],"wp:attachment":[{"href":"https:\/\/www.zolattitude.com\/index.php\/wp-json\/wp\/v2\/media?parent=26662"}],"wp:term":[{"taxonomy":"store","embeddable":true,"href":"https:\/\/www.zolattitude.com\/index.php\/wp-json\/wp\/v2\/store?post=26662"},{"taxonomy":"product_brand","embeddable":true,"href":"https:\/\/www.zolattitude.com\/index.php\/wp-json\/wp\/v2\/product_brand?post=26662"},{"taxonomy":"product_cat","embeddable":true,"href":"https:\/\/www.zolattitude.com\/index.php\/wp-json\/wp\/v2\/product_cat?post=26662"},{"taxonomy":"product_tag","embeddable":true,"href":"https:\/\/www.zolattitude.com\/index.php\/wp-json\/wp\/v2\/product_tag?post=26662"}],"curies":[{"name":"wp","href":"https:\/\/api.w.org\/{rel}","templated":true}]}}