{"id":26671,"date":"2026-04-06T00:00:54","date_gmt":"2026-04-06T00:00:54","guid":{"rendered":"https:\/\/www.zolattitude.com\/index.php\/product\/valerian-100-capsules-of-480-mg-based-on-valerian-root-and-melatonin-by-bioherba\/"},"modified":"2026-04-06T00:01:10","modified_gmt":"2026-04-06T00:01:10","slug":"valerian-100-capsules-of-480-mg-based-on-valerian-root-and-melatonin-by-bioherba","status":"publish","type":"product","link":"https:\/\/www.zolattitude.com\/index.php\/product\/valerian-100-capsules-of-480-mg-based-on-valerian-root-and-melatonin-by-bioherba\/","title":{"rendered":"Valerian \u2013 100 Capsules of 480 mg | Based on valerian root and melatonin \u2013 by BIOHERBA"},"content":{"rendered":"<p>Price: <span style=\"color:#b12704\">\u20ac13.49<\/span><br \/><i><small>(as of Apr 06, 2026 00:00:55 UTC &#8211; <span class=\"wp_automatic_amazon_disclaimer\" title=\"Product prices and availability are accurate as of the date\/time indicated and are subject to change. Any price and availability information displayed on [relevant Amazon Site(s), as applicable] at the time of purchase will apply to the purchase of this product.\">Details<\/span>)<\/small><\/i><br \/><a href=\"https:\/\/amazon.fr\/dp\/B0DS2SZ8PD?tag=onamzmoukoubl-21\"><img decoding=\"async\" src=\"https:\/\/valvepress.s3.amazonaws.com\/imgs\/buy_now.png\"><\/a><br \/>\n<\/p>\n<p>                                             Product Description   <\/p>\n<p>                                                  <img decoding=\"async\" alt=\"Fond blanc avec des formes circulaires vertes et bleues. Texte \u00ab bioherba \u00bb en lettres minuscules bleues avec un logo en forme de feuille stylis\u00e9\" src=\"https:\/\/images-na.ssl-images-amazon.com\/images\/G\/01\/x-locale\/common\/grey-pixel.gif\" class=\"a-lazy-loaded\" data-src=\"https:\/\/m.media-amazon.com\/images\/S\/aplus-media-library-service-media\/80e33345-b909-49e9-a815-5f8dc0f93d7b.__CR0,0,2021,625_PT0_SX970_V1___.jpg\"><img decoding=\"async\" alt=\"Fond blanc avec des formes circulaires vertes et bleues. Texte \u00ab bioherba \u00bb en lettres minuscules bleues avec un logo en forme de feuille stylis\u00e9\" src=\"https:\/\/m.media-amazon.com\/images\/S\/aplus-media-library-service-media\/80e33345-b909-49e9-a815-5f8dc0f93d7b.__CR0,0,2021,625_PT0_SX970_V1___.jpg\">  <\/p>\n<p>                                                                             <img decoding=\"async\" alt=\"Flacon noir de suppl\u00e9ment d&amp;#39;extrait de racine de val\u00e9riane Bioherba. Contient 480 mg par g\u00e9lule, 100 g\u00e9lules au total. Fond vert et bleu avec texte fran\u00e7ais faisant la promotion des produits Bioherba\" src=\"https:\/\/images-na.ssl-images-amazon.com\/images\/G\/01\/x-locale\/common\/grey-pixel.gif\" class=\"a-spacing-base a-lazy-loaded\" data-src=\"https:\/\/m.media-amazon.com\/images\/S\/aplus-media-library-service-media\/07899496-d957-4691-ac12-a66ca8fb679a.__CR0,0,970,600_PT0_SX970_V1___.jpg\"><img decoding=\"async\" alt=\"Flacon noir de suppl\u00e9ment d&amp;#39;extrait de racine de val\u00e9riane Bioherba. Contient 480 mg par g\u00e9lule, 100 g\u00e9lules au total. Fond vert et bleu avec texte fran\u00e7ais faisant la promotion des produits Bioherba\" src=\"https:\/\/m.media-amazon.com\/images\/S\/aplus-media-library-service-media\/07899496-d957-4691-ac12-a66ca8fb679a.__CR0,0,970,600_PT0_SX970_V1___.jpg\">                                                                    <\/p>\n<p>                         Add To Basket  <\/p>\n<p>                         Add To Basket  <\/p>\n<p>                         Add To Basket  <\/p>\n<p>                             Customer Reviews  <\/p>\n<p>                    4.2 out of 5 stars  139  <\/p>\n<p>                \u2014                                   <\/p>\n<p>                    4.5 out of 5 stars  45  <\/p>\n<p>                \u2014                                   <\/p>\n<p>                    4.6 out of 5 stars  343  <\/p>\n<p>                             Price  <\/p>\n<p>                                    \u20ac14.99\u20ac14.99<br \/>\n                                            \u2014 no data<br \/>\n                                                       \u20ac13.49\u20ac13.49<br \/>\n                                            \u2014 no data<br \/>\n                                                       \u20ac14.49\u20ac14.49           <\/p>\n<p>                             Admission<br \/>\n                                Gelules                Gelules                Gelules                Gelules                Gelules            <\/p>\n<p> Package Dimensions                                            \u200f                                            :                                            \u200e                                            10.7 x 4.6 x 4.4 cm; 80 g   <br \/> Manufacturer                                            \u200f                                            :                                            \u200e                                            Bioherba Reichenbach GmbH   <br \/> ASIN                                            \u200f                                            :                                            \u200e                                            B0DS2SZ8PD   <br \/> Country of origin                                            \u200f                                            :                                            \u200e                                            Germany   <br \/>  Customer reviews:                                                                                            4.1               4.1 out of 5 stars                                  (6)                                              var dpAcrHasRegisteredArcLinkClickAction;                    P.when(&#8216;A&#8217;, &#8216;ready&#8217;).execute(function(A) {                        if (dpAcrHasRegisteredArcLinkClickAction !== true) {                            dpAcrHasRegisteredArcLinkClickAction = true;                            A.declarative(                                &#8216;acrLink-click-metrics&#8217;, &#8216;click&#8217;,                                { &#8220;allowLinkDefault&#8221;: true },                                function (event) {                                    if (window.ue) {                                        ue.count(&#8220;acrLinkClickCount&#8221;, (ue.count(&#8220;acrLinkClickCount&#8221;) || 0) + 1);                                    }                                }                            );                        }                    });                                             P.when(&#8216;A&#8217;, &#8216;cf&#8217;).execute(function(A) {                A.declarative(&#8216;acrStarsLink-click-metrics&#8217;, &#8216;click&#8217;, { &#8220;allowLinkDefault&#8221; : true },  function(event){                    if(window.ue) {                        ue.count(&#8220;acrStarsLinkWithPopoverClickCount&#8221;, (ue.count(&#8220;acrStarsLinkWithPopoverClickCount&#8221;) || 0) + 1);                    }                });            });                          <br \/>PLANTS + MELATONIN FORMULA &#8211; Each capsule contains 480mg of valerian root extract with melatonin, a combination inspired by herbal medicine traditions.<br \/>SLEEP CYCLE SUPPORT &#8211; Melatonin helps reduce sleep time when taken before bedtime. *<br \/>Traditional use \u2013 Valerian has long been used in alternative medicines to promote relaxation and inner calm. *<br \/>Suitable for a Night Routine &#8211; Ideal for accompanying healthy sleep hygiene, no addiction.<br \/>No artificial additives \u2013 practical capsules, without preservatives or dyes.<\/p>\n\n","protected":false},"excerpt":{"rendered":"<p> Product Description Add To Basket Add To Basket Add To Basket Customer Reviews 4.2 out of 5 stars 139 \u2014 4.5 out of 5 stars 45 \u2014 4.6 out of 5 stars 343 Price \u20ac14.99\u20ac14.99 \u2014 no data \u20ac13.49\u20ac13.49 \u2014 no data \u20ac14.49\u20ac14.49 Admission Gelules Gelules Gelules Gelules Gelules Package [&hellip;]<\/p>\n","protected":false},"featured_media":26672,"comment_status":"open","ping_status":"closed","template":"","meta":{"_gspb_post_css":"","om_disable_all_campaigns":false,"_monsterinsights_skip_tracking":false,"_monsterinsights_sitenote_active":false,"_monsterinsights_sitenote_note":"","_monsterinsights_sitenote_category":0},"store":[],"product_brand":[],"product_cat":[151],"product_tag":[1942,1235,198,429,359,505],"class_list":{"0":"post-26671","1":"product","2":"type-product","3":"status-publish","4":"has-post-thumbnail","6":"product_cat-sommeil-relaxation","7":"product_tag-based","8":"product_tag-bioherba","9":"product_tag-capsules","10":"product_tag-melatonin","11":"product_tag-root","12":"product_tag-valerian","14":"first","15":"instock","16":"shipping-taxable","17":"product-type-external"},"aioseo_notices":[],"jetpack_sharing_enabled":true,"_links":{"self":[{"href":"https:\/\/www.zolattitude.com\/index.php\/wp-json\/wp\/v2\/product\/26671","targetHints":{"allow":["GET"]}}],"collection":[{"href":"https:\/\/www.zolattitude.com\/index.php\/wp-json\/wp\/v2\/product"}],"about":[{"href":"https:\/\/www.zolattitude.com\/index.php\/wp-json\/wp\/v2\/types\/product"}],"replies":[{"embeddable":true,"href":"https:\/\/www.zolattitude.com\/index.php\/wp-json\/wp\/v2\/comments?post=26671"}],"wp:featuredmedia":[{"embeddable":true,"href":"https:\/\/www.zolattitude.com\/index.php\/wp-json\/wp\/v2\/media\/26672"}],"wp:attachment":[{"href":"https:\/\/www.zolattitude.com\/index.php\/wp-json\/wp\/v2\/media?parent=26671"}],"wp:term":[{"taxonomy":"store","embeddable":true,"href":"https:\/\/www.zolattitude.com\/index.php\/wp-json\/wp\/v2\/store?post=26671"},{"taxonomy":"product_brand","embeddable":true,"href":"https:\/\/www.zolattitude.com\/index.php\/wp-json\/wp\/v2\/product_brand?post=26671"},{"taxonomy":"product_cat","embeddable":true,"href":"https:\/\/www.zolattitude.com\/index.php\/wp-json\/wp\/v2\/product_cat?post=26671"},{"taxonomy":"product_tag","embeddable":true,"href":"https:\/\/www.zolattitude.com\/index.php\/wp-json\/wp\/v2\/product_tag?post=26671"}],"curies":[{"name":"wp","href":"https:\/\/api.w.org\/{rel}","templated":true}]}}