{"id":26720,"date":"2026-04-06T01:15:36","date_gmt":"2026-04-06T01:15:36","guid":{"rendered":"https:\/\/www.zolattitude.com\/index.php\/product\/now-foods-magnesium-glycinate-200mg-magnesium-180-vegan-tablets-lab-tested-vegetarian-gluten-free-soy-free-non-gmo\/"},"modified":"2026-04-06T01:15:46","modified_gmt":"2026-04-06T01:15:46","slug":"now-foods-magnesium-glycinate-200mg-magnesium-180-vegan-tablets-lab-tested-vegetarian-gluten-free-soy-free-non-gmo","status":"publish","type":"product","link":"https:\/\/www.zolattitude.com\/index.php\/product\/now-foods-magnesium-glycinate-200mg-magnesium-180-vegan-tablets-lab-tested-vegetarian-gluten-free-soy-free-non-gmo\/","title":{"rendered":"Now Foods, Magnesium Glycinate, 200mg Magnesium, 180 Vegan Tablets, Lab Tested, Vegetarian, Gluten Free, Soy Free, Non-GMO"},"content":{"rendered":"<p>Price: <span style=\"color:#b12704\">\u20ac32.90<\/span><br \/><i><small>(as of Apr 06, 2026 01:15:37 UTC &#8211; <span class=\"wp_automatic_amazon_disclaimer\" title=\"Product prices and availability are accurate as of the date\/time indicated and are subject to change. Any price and availability information displayed on [relevant Amazon Site(s), as applicable] at the time of purchase will apply to the purchase of this product.\">Details<\/span>)<\/small><\/i><br \/><a href=\"https:\/\/amazon.fr\/dp\/B0BNN7BXBL?tag=onamzmoukoubl-21\"><img decoding=\"async\" src=\"https:\/\/valvepress.s3.amazonaws.com\/imgs\/buy_now.png\"><\/a><br \/>\n<\/p>\n<p>                                             From the brand   <\/p>\n<p>                                              <img decoding=\"async\" alt=\"une s\u00e9lection de vitamines et de min\u00e9raux.\" src=\"https:\/\/images-na.ssl-images-amazon.com\/images\/G\/01\/x-locale\/common\/grey-pixel.gif\" class=\"a-lazy-loaded\" data-src=\"https:\/\/m.media-amazon.com\/images\/S\/aplus-media-library-service-media\/d4b9f2d7-1335-4896-8533-656022d57fd0.__CR0,773,4757,2031_PT0_SX1464_V1___.jpg\"><img decoding=\"async\" alt=\"une s\u00e9lection de vitamines et de min\u00e9raux.\" src=\"https:\/\/m.media-amazon.com\/images\/S\/aplus-media-library-service-media\/d4b9f2d7-1335-4896-8533-656022d57fd0.__CR0,773,4757,2031_PT0_SX1464_V1___.jpg\">  <\/p>\n<p>                                              <img decoding=\"async\" alt=\"\" src=\"https:\/\/images-na.ssl-images-amazon.com\/images\/G\/01\/x-locale\/common\/grey-pixel.gif\" class=\"a-lazy-loaded\" data-src=\"https:\/\/m.media-amazon.com\/images\/S\/aplus-media-library-service-media\/4c83165e-6253-4b27-8c13-b21dc483dab7.__CR0,0,754,944_PT0_SX362_V1___.jpg\"><img decoding=\"async\" alt=\"\" src=\"https:\/\/m.media-amazon.com\/images\/S\/aplus-media-library-service-media\/4c83165e-6253-4b27-8c13-b21dc483dab7.__CR0,0,754,944_PT0_SX362_V1___.jpg\">  <\/p>\n<p> NOW Foods a \u00e9t\u00e9 fond\u00e9e en 1968 pour promouvoir une vie saine. Aujourd&#8217;hui, nous sommes l&#8217;une des entreprises les plus connues de notre secteur. <\/p>\n<p>                                                         Qui sommes-nous ?                                       <\/p>\n<p> NOW est une marque familiale de longue tradition qui travaille sans rel\u00e2che pour am\u00e9liorer le secteur des produits naturels et des compl\u00e9ments nutritionnels. Aujourd&#8217;hui, nous sommes l&#8217;une des marques les plus reconnues de notre secteur et nous nous effor\u00e7ons de continuer \u00e0 nous d\u00e9passer, notamment gr\u00e2ce \u00e0 notre large gamme de compl\u00e9ments nutritionnels de haute qualit\u00e9. <\/p>\n<p>                                                         Qu&#8217;est-ce qui nous distingue ?                                       <\/p>\n<p> Le naturel est l&#8217;objectif de NOW depuis sa fondation. Nous croyons fermement que les produits naturels sont plus s\u00fbrs et plus efficaces que ceux fabriqu\u00e9s exclusivement avec des ingr\u00e9dients artificiels. <\/p>\n<h3> Plus d&#8217;options dans la boutique NOW <\/h3>\n<p class=\"apm-brand-story-stores-link\">\n<p>                                                         Nos produits sont-ils de haute qualit\u00e9 ?                                       <\/p>\n<p> Nos produits r\u00e9pondent \u00e0 nos normes strictes de qualit\u00e9 et de s\u00e9curit\u00e9 avant, pendant et apr\u00e8s le processus de fabrication. Chaque \u00e9tape du processus de production est strictement contr\u00f4l\u00e9e. <\/p>\n<p>                                                         Les produits NOW sont-ils s\u00fbrs ?                                       <\/p>\n<p> Nous disposons d&#8217;un laboratoire d&#8217;analyse interne qui v\u00e9rifie l&#8217;identit\u00e9, la puret\u00e9, les m\u00e9taux lourds, les pesticides, les produits agrochimiques et d&#8217;\u00e9ventuelles fallations des mati\u00e8res premi\u00e8res. <\/p>\n<p> La production est contr\u00f4l\u00e9e du d\u00e9but \u00e0 la fin et le produit final est soumis \u00e0 des contr\u00f4les de qualit\u00e9 suppl\u00e9mentaires. <\/p>\n<p> Package Dimensions                                            \u200f                                            :                                            \u200e                                            11.9 x 6.5 x 6.3 cm; 250 g   <br \/> Manufacturer                                            \u200f                                            :                                            \u200e                                            NOW   <br \/> ASIN                                            \u200f                                            :                                            \u200e                                            B0BNN7BXBL   <br \/> Manufacturer reference                                            \u200f                                            :                                            \u200e                                            NOW-2070   <br \/> Country of origin                                            \u200f                                            :                                            \u200e                                            USA   <br \/>  Customer reviews:                                                                                            4.4               4.4 out of 5 stars                                  (317)                                              var dpAcrHasRegisteredArcLinkClickAction;                    P.when(&#8216;A&#8217;, &#8216;ready&#8217;).execute(function(A) {                        if (dpAcrHasRegisteredArcLinkClickAction !== true) {                            dpAcrHasRegisteredArcLinkClickAction = true;                            A.declarative(                                &#8216;acrLink-click-metrics&#8217;, &#8216;click&#8217;,                                { &#8220;allowLinkDefault&#8221;: true },                                function (event) {                                    if (window.ue) {                                        ue.count(&#8220;acrLinkClickCount&#8221;, (ue.count(&#8220;acrLinkClickCount&#8221;) || 0) + 1);                                    }                                }                            );                        }                    });                                             P.when(&#8216;A&#8217;, &#8216;cf&#8217;).execute(function(A) {                A.declarative(&#8216;acrStarsLink-click-metrics&#8217;, &#8216;click&#8217;, { &#8220;allowLinkDefault&#8221; : true },  function(event){                    if(window.ue) {                        ue.count(&#8220;acrStarsLinkWithPopoverClickCount&#8221;, (ue.count(&#8220;acrStarsLinkWithPopoverClickCount&#8221;) || 0) + 1);                    }                });            });                          <br \/>HIGH DOSE: One dose, two tablets, Magnesium Glycinate from Now Foods contains 200mg of magnesium that you can bring to your body every day<br \/>GOOD BIOAVAILABILITY: Now Foods Magnesium Glycinate is characterized by good bioavailability and is produced without gluten, soy and non-GMO<br \/>HIGH QUALITY: The quality and purity of Now Foods magnesium tablets are tested in independent laboratories<br \/>FREE OF UNDESIRABLE ADDITIVES: Now Foods Magnesium Tablets are made gluten-free and non-GMO<br \/>IMPORTANT NUTRIMENTS: Magnesium Glycinate from Now Foods contains 200 mg of magnesium, an important nutrient that is involved in many processes in the human body<\/p>\n\n","protected":false},"excerpt":{"rendered":"<p> From the brand NOW Foods a \u00e9t\u00e9 fond\u00e9e en 1968 pour promouvoir une vie saine. Aujourd&#8217;hui, nous sommes l&#8217;une des entreprises les plus connues de notre secteur. Qui sommes-nous ? NOW est une marque familiale de longue tradition qui travaille sans rel\u00e2che pour am\u00e9liorer le secteur des produits naturels et [&hellip;]<\/p>\n","protected":false},"featured_media":26721,"comment_status":"open","ping_status":"closed","template":"","meta":{"_gspb_post_css":"","om_disable_all_campaigns":false,"_monsterinsights_skip_tracking":false,"_monsterinsights_sitenote_active":false,"_monsterinsights_sitenote_note":"","_monsterinsights_sitenote_category":0},"store":[],"product_brand":[],"product_cat":[143],"product_tag":[2821,204,263,310,3494,587,287,362,1061,179,951,261,1062],"class_list":{"0":"post-26720","1":"product","2":"type-product","3":"status-publish","4":"has-post-thumbnail","6":"product_cat-mineraux","7":"product_tag-200mg","8":"product_tag-foods","9":"product_tag-free","10":"product_tag-gluten","11":"product_tag-glycinate","12":"product_tag-lab","13":"product_tag-magnesium","14":"product_tag-nongmo","15":"product_tag-soy","16":"product_tag-tablets","17":"product_tag-tested","18":"product_tag-vegan","19":"product_tag-vegetarian","21":"first","22":"instock","23":"shipping-taxable","24":"product-type-external"},"aioseo_notices":[],"jetpack_sharing_enabled":true,"_links":{"self":[{"href":"https:\/\/www.zolattitude.com\/index.php\/wp-json\/wp\/v2\/product\/26720","targetHints":{"allow":["GET"]}}],"collection":[{"href":"https:\/\/www.zolattitude.com\/index.php\/wp-json\/wp\/v2\/product"}],"about":[{"href":"https:\/\/www.zolattitude.com\/index.php\/wp-json\/wp\/v2\/types\/product"}],"replies":[{"embeddable":true,"href":"https:\/\/www.zolattitude.com\/index.php\/wp-json\/wp\/v2\/comments?post=26720"}],"wp:featuredmedia":[{"embeddable":true,"href":"https:\/\/www.zolattitude.com\/index.php\/wp-json\/wp\/v2\/media\/26721"}],"wp:attachment":[{"href":"https:\/\/www.zolattitude.com\/index.php\/wp-json\/wp\/v2\/media?parent=26720"}],"wp:term":[{"taxonomy":"store","embeddable":true,"href":"https:\/\/www.zolattitude.com\/index.php\/wp-json\/wp\/v2\/store?post=26720"},{"taxonomy":"product_brand","embeddable":true,"href":"https:\/\/www.zolattitude.com\/index.php\/wp-json\/wp\/v2\/product_brand?post=26720"},{"taxonomy":"product_cat","embeddable":true,"href":"https:\/\/www.zolattitude.com\/index.php\/wp-json\/wp\/v2\/product_cat?post=26720"},{"taxonomy":"product_tag","embeddable":true,"href":"https:\/\/www.zolattitude.com\/index.php\/wp-json\/wp\/v2\/product_tag?post=26720"}],"curies":[{"name":"wp","href":"https:\/\/api.w.org\/{rel}","templated":true}]}}