{"id":26768,"date":"2026-04-06T23:14:56","date_gmt":"2026-04-06T23:14:56","guid":{"rendered":"https:\/\/www.zolattitude.com\/index.php\/product\/growth-stimulating-hair-mask-moisturizing-night-care-for-stronger-thicker-hair-promotes-scalp-health-with-caffeine-biotin-and-niacinamide-200-ml\/"},"modified":"2026-04-06T23:15:04","modified_gmt":"2026-04-06T23:15:04","slug":"growth-stimulating-hair-mask-moisturizing-night-care-for-stronger-thicker-hair-promotes-scalp-health-with-caffeine-biotin-and-niacinamide-200-ml","status":"publish","type":"product","link":"https:\/\/www.zolattitude.com\/index.php\/product\/growth-stimulating-hair-mask-moisturizing-night-care-for-stronger-thicker-hair-promotes-scalp-health-with-caffeine-biotin-and-niacinamide-200-ml\/","title":{"rendered":"Growth Stimulating Hair Mask, Moisturizing Night Care for Stronger, Thicker Hair, Promotes Scalp Health with Caffeine, Biotin and Niacinamide. 200 ml"},"content":{"rendered":"<p>Price: <span style=\"color:#b12704\">\u20ac36.99<\/span><br \/><i><small>(as of Apr 06, 2026 23:14:56 UTC &#8211; <span class=\"wp_automatic_amazon_disclaimer\" title=\"Product prices and availability are accurate as of the date\/time indicated and are subject to change. Any price and availability information displayed on [relevant Amazon Site(s), as applicable] at the time of purchase will apply to the purchase of this product.\">Details<\/span>)<\/small><\/i><br \/><a href=\"https:\/\/amazon.fr\/dp\/B0G2MDLVVH?tag=onamzmoukoubl-21\"><img decoding=\"async\" src=\"https:\/\/valvepress.s3.amazonaws.com\/imgs\/buy_now.png\"><\/a><br \/>\n<\/p>\n<p>                                             Product Description   <\/p>\n<p>                                                                                                       <img decoding=\"async\" alt=\"aplus content image\" src=\"https:\/\/images-na.ssl-images-amazon.com\/images\/G\/01\/x-locale\/common\/grey-pixel.gif\" class=\"a-lazy-loaded\" data-src=\"https:\/\/m.media-amazon.com\/images\/S\/aplus-media-library-service-media\/9a3e0044-fe83-4199-b340-43b8ba58d2ab.__CR0,0,1464,600_PT0_SX1464_V1___.jpg\"><img decoding=\"async\" alt=\"aplus content image\" src=\"https:\/\/m.media-amazon.com\/images\/S\/aplus-media-library-service-media\/9a3e0044-fe83-4199-b340-43b8ba58d2ab.__CR0,0,1464,600_PT0_SX1464_V1___.jpg\">                                               <\/p>\n<p>                                                                                                       <img decoding=\"async\" alt=\"Vue de dessus d&amp;#39;un ensemble d&amp;#39;ic\u00f4nes montrant divers symboles li\u00e9s au bien-\u00eatre dans des motifs circulaires sur un fond d\u00e9grad\u00e9 de couleur p\u00eache.\" src=\"https:\/\/images-na.ssl-images-amazon.com\/images\/G\/01\/x-locale\/common\/grey-pixel.gif\" class=\"a-lazy-loaded\" data-src=\"https:\/\/m.media-amazon.com\/images\/S\/aplus-media-library-service-media\/1c7d5d67-94f8-4ce8-979e-31b5484ccfbe.__CR0,0,1464,600_PT0_SX1464_V1___.jpg\"><img decoding=\"async\" alt=\"Vue de dessus d&amp;#39;un ensemble d&amp;#39;ic\u00f4nes montrant divers symboles li\u00e9s au bien-\u00eatre dans des motifs circulaires sur un fond d\u00e9grad\u00e9 de couleur p\u00eache.\" src=\"https:\/\/m.media-amazon.com\/images\/S\/aplus-media-library-service-media\/1c7d5d67-94f8-4ce8-979e-31b5484ccfbe.__CR0,0,1464,600_PT0_SX1464_V1___.jpg\">                                               <\/p>\n<p>                                                                                                       <img decoding=\"async\" alt=\"Le texte se lit comme suit : \u00ab R\u00c9VEILLEZ-VOUS AVEC DES CHEVEUX PLUS DOUX \u00bb. Montre deux aiguilles avec des ic\u00f4nes \u00e9tiquet\u00e9es \u00ab HAIR BREAKAGE \u00bb et \u00ab EXCESS SHEDDING \u00bb.\" src=\"https:\/\/images-na.ssl-images-amazon.com\/images\/G\/01\/x-locale\/common\/grey-pixel.gif\" class=\"a-lazy-loaded\" data-src=\"https:\/\/m.media-amazon.com\/images\/S\/aplus-media-library-service-media\/f155d189-2004-48d2-9ee9-f1aeb8c18581.__CR0,0,1464,600_PT0_SX1464_V1___.jpg\"><img decoding=\"async\" alt=\"Le texte se lit comme suit : \u00ab R\u00c9VEILLEZ-VOUS AVEC DES CHEVEUX PLUS DOUX \u00bb. Montre deux aiguilles avec des ic\u00f4nes \u00e9tiquet\u00e9es \u00ab HAIR BREAKAGE \u00bb et \u00ab EXCESS SHEDDING \u00bb.\" src=\"https:\/\/m.media-amazon.com\/images\/S\/aplus-media-library-service-media\/f155d189-2004-48d2-9ee9-f1aeb8c18581.__CR0,0,1464,600_PT0_SX1464_V1___.jpg\">                                               <\/p>\n<p>                                                                                                       <img decoding=\"async\" alt=\"S\u00e9rie d&amp;#39;ic\u00f4nes pr\u00e9sentant diff\u00e9rentes fonctionnalit\u00e9s ou services li\u00e9s \u00e0 la coiffure, y compris des coupes de cheveux et des options de style.\" src=\"https:\/\/images-na.ssl-images-amazon.com\/images\/G\/01\/x-locale\/common\/grey-pixel.gif\" class=\"a-lazy-loaded\" data-src=\"https:\/\/m.media-amazon.com\/images\/S\/aplus-media-library-service-media\/878da064-c68c-41ae-b1ab-b8295d5dda77.__CR0,0,1464,600_PT0_SX1464_V1___.jpg\"><img decoding=\"async\" alt=\"S\u00e9rie d&amp;#39;ic\u00f4nes pr\u00e9sentant diff\u00e9rentes fonctionnalit\u00e9s ou services li\u00e9s \u00e0 la coiffure, y compris des coupes de cheveux et des options de style.\" src=\"https:\/\/m.media-amazon.com\/images\/S\/aplus-media-library-service-media\/878da064-c68c-41ae-b1ab-b8295d5dda77.__CR0,0,1464,600_PT0_SX1464_V1___.jpg\">                                               <\/p>\n<p>                                                                                                       <img decoding=\"async\" alt=\"Le texte se lit comme suit : \u00ab SENTEZ LE PICOTEMENT QUI EST LA FORMULE \u00c0 L&amp;#39;\u0152UVRE \u00bb en texte blanc sur fond rose, avec une rang\u00e9e d&amp;#39;ic\u00f4nes circulaires ci-dessous repr\u00e9sentant divers symboles ou certifications.\" src=\"https:\/\/images-na.ssl-images-amazon.com\/images\/G\/01\/x-locale\/common\/grey-pixel.gif\" class=\"a-lazy-loaded\" data-src=\"https:\/\/m.media-amazon.com\/images\/S\/aplus-media-library-service-media\/6a268fe2-f1b3-4a48-95fc-59abeee9d07e.__CR0,0,1464,600_PT0_SX1464_V1___.jpg\"><img decoding=\"async\" alt=\"Le texte se lit comme suit : \u00ab SENTEZ LE PICOTEMENT QUI EST LA FORMULE \u00c0 L&amp;#39;\u0152UVRE \u00bb en texte blanc sur fond rose, avec une rang\u00e9e d&amp;#39;ic\u00f4nes circulaires ci-dessous repr\u00e9sentant divers symboles ou certifications.\" src=\"https:\/\/m.media-amazon.com\/images\/S\/aplus-media-library-service-media\/6a268fe2-f1b3-4a48-95fc-59abeee9d07e.__CR0,0,1464,600_PT0_SX1464_V1___.jpg\">                                               <\/p>\n<p>                                                                                                       <img decoding=\"async\" alt=\"Le texte se lit comme suit : \u00ab NETTOYER ET PR\u00c9PARER \u00bb, \u00ab PROT\u00c9GER ET STIMULER \u00bb, \u00ab FAIRE REPOUSSER ET RENFORCER \u00bb. Sch\u00e9ma montrant les stades de croissance des cheveux avec des illustrations m\u00e9dicales des follicules pileux au cours des diff\u00e9rentes phases du traitement.\" src=\"https:\/\/images-na.ssl-images-amazon.com\/images\/G\/01\/x-locale\/common\/grey-pixel.gif\" class=\"a-lazy-loaded\" data-src=\"https:\/\/m.media-amazon.com\/images\/S\/aplus-media-library-service-media\/95b39745-5503-4100-ade8-e5be15f6de49.__CR0,0,1464,600_PT0_SX1464_V1___.jpg\"><img decoding=\"async\" alt=\"Le texte se lit comme suit : \u00ab NETTOYER ET PR\u00c9PARER \u00bb, \u00ab PROT\u00c9GER ET STIMULER \u00bb, \u00ab FAIRE REPOUSSER ET RENFORCER \u00bb. Sch\u00e9ma montrant les stades de croissance des cheveux avec des illustrations m\u00e9dicales des follicules pileux au cours des diff\u00e9rentes phases du traitement.\" src=\"https:\/\/m.media-amazon.com\/images\/S\/aplus-media-library-service-media\/95b39745-5503-4100-ade8-e5be15f6de49.__CR0,0,1464,600_PT0_SX1464_V1___.jpg\">                                               <\/p>\n<p> Product Dimensions                                            \u200f                                            :                                            \u200e                                            5.5 x 5.5 x 17.3 cm; 270 g   <br \/> Manufacturer                                            \u200f                                            :                                            \u200e                                            Anika Natural Products   <br \/> ASIN                                            \u200f                                            :                                            \u200e                                            B0G2MDLVVH   <br \/> Manufacturer reference                                            \u200f                                            :                                            \u200e                                            0796548918104_SOLS   <br \/> Country of origin                                            \u200f                                            :                                            \u200e                                            Australia   <br \/>THICKER HAIR AT NIGHT: Designed for those who experience thinning or more hair loss, this overnight mask helps to give hair a fuller and stronger look when you wake up.<br \/>DEEP CARE FOR DRY &#038; BRITISH HAIR &#8211; Rich and creamy mask that moisturizes dry and coarse hair, making it softer, smoother and less brittle when brushing and styling.<br \/>Caffeine, Biotin &#038; Niacinamide Blend: Caffeine stimulates the roots, while biotin and niacinamide nourish each strand, for visibly stronger and healthier hair over time.<br \/>Scalp Comfort While Sleeping: This mask works all night to soothe, refresh and balance the scalp, essential for fuller and healthier looking hair.<br \/>Easy Night Routine (200ml): Integrate this mask into your daily routine, even the most active. Apply it to damp hair, leave overnight, then rinse off when you wake up, as usual.<\/p>\n\n","protected":false},"excerpt":{"rendered":"<p> Product Description Product Dimensions \u200f : \u200e 5.5 x 5.5 x 17.3 cm; 270 g Manufacturer \u200f : \u200e Anika Natural Products ASIN \u200f : \u200e B0G2MDLVVH Manufacturer reference \u200f : \u200e 0796548918104_SOLS Country of origin \u200f : \u200e Australia THICKER HAIR AT NIGHT: Designed for those who experience thinning [&hellip;]<\/p>\n","protected":false},"featured_media":26769,"comment_status":"open","ping_status":"closed","template":"","meta":{"_gspb_post_css":"","om_disable_all_campaigns":false,"_monsterinsights_skip_tracking":false,"_monsterinsights_sitenote_active":false,"_monsterinsights_sitenote_note":"","_monsterinsights_sitenote_category":0},"store":[],"product_brand":[],"product_cat":[137],"product_tag":[170,1640,597,194,175,245,229,525,1206,2620,1275,6671,371,4733,6503],"class_list":{"0":"post-26768","1":"product","2":"type-product","3":"status-publish","4":"has-post-thumbnail","6":"product_cat-collagene-biotine","7":"product_tag-biotin","8":"product_tag-caffeine","9":"product_tag-care","10":"product_tag-growth","11":"product_tag-hair","12":"product_tag-health","13":"product_tag-mask","14":"product_tag-moisturizing","15":"product_tag-niacinamide","16":"product_tag-night","17":"product_tag-promotes","18":"product_tag-scalp","19":"product_tag-stimulating","20":"product_tag-stronger","21":"product_tag-thicker","23":"first","24":"instock","25":"shipping-taxable","26":"product-type-external"},"aioseo_notices":[],"jetpack_sharing_enabled":true,"_links":{"self":[{"href":"https:\/\/www.zolattitude.com\/index.php\/wp-json\/wp\/v2\/product\/26768","targetHints":{"allow":["GET"]}}],"collection":[{"href":"https:\/\/www.zolattitude.com\/index.php\/wp-json\/wp\/v2\/product"}],"about":[{"href":"https:\/\/www.zolattitude.com\/index.php\/wp-json\/wp\/v2\/types\/product"}],"replies":[{"embeddable":true,"href":"https:\/\/www.zolattitude.com\/index.php\/wp-json\/wp\/v2\/comments?post=26768"}],"wp:featuredmedia":[{"embeddable":true,"href":"https:\/\/www.zolattitude.com\/index.php\/wp-json\/wp\/v2\/media\/26769"}],"wp:attachment":[{"href":"https:\/\/www.zolattitude.com\/index.php\/wp-json\/wp\/v2\/media?parent=26768"}],"wp:term":[{"taxonomy":"store","embeddable":true,"href":"https:\/\/www.zolattitude.com\/index.php\/wp-json\/wp\/v2\/store?post=26768"},{"taxonomy":"product_brand","embeddable":true,"href":"https:\/\/www.zolattitude.com\/index.php\/wp-json\/wp\/v2\/product_brand?post=26768"},{"taxonomy":"product_cat","embeddable":true,"href":"https:\/\/www.zolattitude.com\/index.php\/wp-json\/wp\/v2\/product_cat?post=26768"},{"taxonomy":"product_tag","embeddable":true,"href":"https:\/\/www.zolattitude.com\/index.php\/wp-json\/wp\/v2\/product_tag?post=26768"}],"curies":[{"name":"wp","href":"https:\/\/api.w.org\/{rel}","templated":true}]}}