{"id":26777,"date":"2026-04-06T23:46:02","date_gmt":"2026-04-06T23:46:02","guid":{"rendered":"https:\/\/www.zolattitude.com\/index.php\/product\/nutri-expert-milk-thistle-liver-detox-supports-proper-liver-and-liver-function-promotes-drainage-100-natural-milk-thistle-extracts-suitable-for-vegans-pack-of-3-products\/"},"modified":"2026-04-06T23:46:02","modified_gmt":"2026-04-06T23:46:02","slug":"nutri-expert-milk-thistle-liver-detox-supports-proper-liver-and-liver-function-promotes-drainage-100-natural-milk-thistle-extracts-suitable-for-vegans-pack-of-3-products","status":"publish","type":"product","link":"https:\/\/www.zolattitude.com\/index.php\/product\/nutri-expert-milk-thistle-liver-detox-supports-proper-liver-and-liver-function-promotes-drainage-100-natural-milk-thistle-extracts-suitable-for-vegans-pack-of-3-products\/","title":{"rendered":"NUTRI EXPERT &#8211; Milk thistle &#8211; Liver detox- Supports proper liver and liver function &#8211; Promotes drainage &#8211; 100% natural milk thistle extracts &#8211; Suitable for vegans &#8211; Pack of 3 products"},"content":{"rendered":"<p>Price: <span style=\"color:#b12704\">\u20ac24.90<\/span><br \/><i><small>(as of Apr 06, 2026 23:46:02 UTC &#8211; <span class=\"wp_automatic_amazon_disclaimer\" title=\"Product prices and availability are accurate as of the date\/time indicated and are subject to change. Any price and availability information displayed on [relevant Amazon Site(s), as applicable] at the time of purchase will apply to the purchase of this product.\">Details<\/span>)<\/small><\/i><br \/><a href=\"https:\/\/amazon.fr\/dp\/B09KNSJ5R4?tag=onamzmoukoubl-21\"><img decoding=\"async\" src=\"https:\/\/valvepress.s3.amazonaws.com\/imgs\/buy_now.png\"><\/a><br \/>\n<\/p>\n<p>                                             Product Description   <\/p>\n<p>                                                         <img decoding=\"async\" alt=\"nutri\" src=\"https:\/\/images-na.ssl-images-amazon.com\/images\/G\/01\/x-locale\/common\/grey-pixel.gif\" class=\"a-lazy-loaded\" data-src=\"https:\/\/m.media-amazon.com\/images\/S\/aplus-media-library-service-media\/2c1d44a8-1395-47dc-a4cb-7b49d6679efd.__CR185,0,600,180_PT0_SX600_V1___.jpg\"><img decoding=\"async\" alt=\"nutri\" src=\"https:\/\/m.media-amazon.com\/images\/S\/aplus-media-library-service-media\/2c1d44a8-1395-47dc-a4cb-7b49d6679efd.__CR185,0,600,180_PT0_SX600_V1___.jpg\">      <\/p>\n<p>                                                                             <img decoding=\"async\" alt=\"chardon marie\" src=\"https:\/\/images-na.ssl-images-amazon.com\/images\/G\/01\/x-locale\/common\/grey-pixel.gif\" class=\"a-spacing-base a-lazy-loaded\" data-src=\"https:\/\/m.media-amazon.com\/images\/S\/aplus-media-library-service-media\/bc86b354-6ee6-4b7c-9fb3-01d65a4e23ba.__CR0,0,970,600_PT0_SX970_V1___.jpg\"><img decoding=\"async\" alt=\"chardon marie\" src=\"https:\/\/m.media-amazon.com\/images\/S\/aplus-media-library-service-media\/bc86b354-6ee6-4b7c-9fb3-01d65a4e23ba.__CR0,0,970,600_PT0_SX970_V1___.jpg\">                                                                       <\/p>\n<h3 class=\"a-size-extra-large aplus-13-heading-text a-text-bold\"> Soutenir le bon fonctionnement du foie <\/h3>\n<p class=\"description\"> Formul\u00e9 \u00e0 partir de 100% d\u2019extrait de Chardon Marie, le compl\u00e9ment alimentaire Chardon Marie NUTRI EXPERT tire profit des bienfaits de cette plante pour : <\/p>\n<p class=\"description\"> \u2022 Drainer et d\u00e9toxifier le foie ; <\/p>\n<p class=\"description\"> \u2022 Soutenir le bon fonctionnement h\u00e9patique ; <\/p>\n<p class=\"description\"> \u2022 Pr\u00e9server la sant\u00e9 du foie <\/p>\n<p class=\"description\"> Ce compl\u00e9ment alimentaire convient parfaitement aux r\u00e9gimes de type v\u00e9g\u00e9tarien et vegan. <\/p>\n<p>                                                                             <img decoding=\"async\" alt=\"g\" src=\"https:\/\/images-na.ssl-images-amazon.com\/images\/G\/01\/x-locale\/common\/grey-pixel.gif\" class=\"a-spacing-base a-lazy-loaded\" data-src=\"https:\/\/m.media-amazon.com\/images\/S\/aplus-media-library-service-media\/e51e6086-38f1-4769-8025-e45d4e157cc9.__CR0,0,970,600_PT0_SX970_V1___.jpg\"><img decoding=\"async\" alt=\"g\" src=\"https:\/\/m.media-amazon.com\/images\/S\/aplus-media-library-service-media\/e51e6086-38f1-4769-8025-e45d4e157cc9.__CR0,0,970,600_PT0_SX970_V1___.jpg\">                                                                       <\/p>\n<p>                         Add To Basket  <\/p>\n<p>                         Add To Basket  <\/p>\n<p>                             Customer Reviews  <\/p>\n<p>                    4.0 out of 5 stars  115  <\/p>\n<p>                \u2014                                   <\/p>\n<p>                    3.8 out of 5 stars  17  <\/p>\n<p>                             Price  <\/p>\n<p>                                    \u20ac21.69\u20ac21.69<br \/>\n                                            \u2014 no data<br \/>\n                                                       \u20ac12.90\u20ac12.90                 <\/p>\n<p>                             Actions<br \/>\n                                Favorise l&#8217;\u00e9limination des toxines du colon               Favorise l&#8217;\u00e9limination des toxines de l&#8217;organisme               Favorise l&#8217;\u00e9limination des toxines par les pores des pieds durant le sommeil                 <\/p>\n<p>                             Principaux Actifs<br \/>\n                                Extraits de Clou de Girofle et Gel d&#8217;Aloe Vera, racine de Gentiane et de R\u00e9glisse, Chlorelle, T\u00e9gument d\u2019Ispaghul, Fibre de Bl\u00e9 (Sans gluten)               Extraits d&#8217;Artichaut, Fenouil, Pissenlit, Bardane, Fumeterre, Ortie, Fr\u00eane, M\u00e9lisse, Radis noir et Th\u00e9 vert               Tourmaline, extrait de Bambou, feuilles de Loquat, Le Vinaigre de bois, Chitine, huile essentielle d&#8217;Orange, Vitamine C                  <\/p>\n<p> Manufacturer                                            \u200f                                            :                                            \u200e                                            NUTRI EXPERT   <br \/> ASIN                                            \u200f                                            :                                            \u200e                                            B09KNSJ5R4   <br \/> Country of origin                                            \u200f                                            :                                            \u200e                                            France   <br \/>  Customer reviews:                                                                                            4.3               4.3 out of 5 stars                                  (21)                                              var dpAcrHasRegisteredArcLinkClickAction;                    P.when(&#8216;A&#8217;, &#8216;ready&#8217;).execute(function(A) {                        if (dpAcrHasRegisteredArcLinkClickAction !== true) {                            dpAcrHasRegisteredArcLinkClickAction = true;                            A.declarative(                                &#8216;acrLink-click-metrics&#8217;, &#8216;click&#8217;,                                { &#8220;allowLinkDefault&#8221;: true },                                function (event) {                                    if (window.ue) {                                        ue.count(&#8220;acrLinkClickCount&#8221;, (ue.count(&#8220;acrLinkClickCount&#8221;) || 0) + 1);                                    }                                }                            );                        }                    });                                             P.when(&#8216;A&#8217;, &#8216;cf&#8217;).execute(function(A) {                A.declarative(&#8216;acrStarsLink-click-metrics&#8217;, &#8216;click&#8217;, { &#8220;allowLinkDefault&#8221; : true },  function(event){                    if(window.ue) {                        ue.count(&#8220;acrStarsLinkWithPopoverClickCount&#8221;, (ue.count(&#8220;acrStarsLinkWithPopoverClickCount&#8221;) || 0) + 1);                    }                });            });                          <br \/>DETOXIFIES &#038; DRAINE: Its reinforced formulation with natural active ingredients allows you to effectively drain the body and detoxify the liver for a renewed inner well-being.<br \/>100% CHARDON MARIE: The Milk Thistle food supplement from NUTRI EXPERT is composed of 100% milk thistle extract for optimal assimilation by the body.<br \/>COMPOSITION: Milk Thistle seed powder, vegetable capsule (HPMC, colorant: chlorophyllines copperic complex), anti-caking agent: magnesium stearate.<br \/>Directions for use: 2 to 4 capsules per day just before meals with a glass of water.<br \/>EXCELLENCE IN FOOD SUPPLEMENT: NUTRI EXPERT is a brand committed to offering premium quality food supplements. NUTRI EXPERT combines innovation, efficiency and safety to meet your health and wellness needs. Each product is carefully designed to help you achieve your vitality and balance goals.<\/p>\n\n","protected":false},"excerpt":{"rendered":"<p> Product Description Soutenir le bon fonctionnement du foie Formul\u00e9 \u00e0 partir de 100% d\u2019extrait de Chardon Marie, le compl\u00e9ment alimentaire Chardon Marie NUTRI EXPERT tire profit des bienfaits de cette plante pour : \u2022 Drainer et d\u00e9toxifier le foie ; \u2022 Soutenir le bon fonctionnement h\u00e9patique ; \u2022 Pr\u00e9server la [&hellip;]<\/p>\n","protected":false},"featured_media":26778,"comment_status":"open","ping_status":"closed","template":"","meta":{"_gspb_post_css":"","om_disable_all_campaigns":false,"_monsterinsights_skip_tracking":false,"_monsterinsights_sitenote_active":false,"_monsterinsights_sitenote_note":"","_monsterinsights_sitenote_category":0},"store":[],"product_brand":[],"product_cat":[156],"product_tag":[442,996,1211,3198,909,448,541,260,546,316,1934,1275,3340,1291,326,542,1293],"class_list":{"0":"post-26777","1":"product","2":"type-product","3":"status-publish","4":"has-post-thumbnail","6":"product_cat-foie-drainage","7":"product_tag-detox","8":"product_tag-drainage","9":"product_tag-expert","10":"product_tag-extracts","11":"product_tag-function","12":"product_tag-liver","13":"product_tag-milk","14":"product_tag-natural","15":"product_tag-nutri","16":"product_tag-pack","17":"product_tag-products","18":"product_tag-promotes","19":"product_tag-proper","20":"product_tag-suitable","21":"product_tag-supports","22":"product_tag-thistle","23":"product_tag-vegans","25":"first","26":"instock","27":"shipping-taxable","28":"product-type-external"},"aioseo_notices":[],"jetpack_sharing_enabled":true,"_links":{"self":[{"href":"https:\/\/www.zolattitude.com\/index.php\/wp-json\/wp\/v2\/product\/26777","targetHints":{"allow":["GET"]}}],"collection":[{"href":"https:\/\/www.zolattitude.com\/index.php\/wp-json\/wp\/v2\/product"}],"about":[{"href":"https:\/\/www.zolattitude.com\/index.php\/wp-json\/wp\/v2\/types\/product"}],"replies":[{"embeddable":true,"href":"https:\/\/www.zolattitude.com\/index.php\/wp-json\/wp\/v2\/comments?post=26777"}],"wp:featuredmedia":[{"embeddable":true,"href":"https:\/\/www.zolattitude.com\/index.php\/wp-json\/wp\/v2\/media\/26778"}],"wp:attachment":[{"href":"https:\/\/www.zolattitude.com\/index.php\/wp-json\/wp\/v2\/media?parent=26777"}],"wp:term":[{"taxonomy":"store","embeddable":true,"href":"https:\/\/www.zolattitude.com\/index.php\/wp-json\/wp\/v2\/store?post=26777"},{"taxonomy":"product_brand","embeddable":true,"href":"https:\/\/www.zolattitude.com\/index.php\/wp-json\/wp\/v2\/product_brand?post=26777"},{"taxonomy":"product_cat","embeddable":true,"href":"https:\/\/www.zolattitude.com\/index.php\/wp-json\/wp\/v2\/product_cat?post=26777"},{"taxonomy":"product_tag","embeddable":true,"href":"https:\/\/www.zolattitude.com\/index.php\/wp-json\/wp\/v2\/product_tag?post=26777"}],"curies":[{"name":"wp","href":"https:\/\/api.w.org\/{rel}","templated":true}]}}