{"id":26787,"date":"2026-04-06T23:50:43","date_gmt":"2026-04-06T23:50:43","guid":{"rendered":"https:\/\/www.zolattitude.com\/index.php\/product\/aragan-synactif-pack-of-2-magnactives-food-supplement-fatigue-nervous-balance-stress-magnesium-taurine-vitamin-b-120-capsules-2-to-3-months-taken-made-in-france\/"},"modified":"2026-04-06T23:50:51","modified_gmt":"2026-04-06T23:50:51","slug":"aragan-synactif-pack-of-2-magnactives-food-supplement-fatigue-nervous-balance-stress-magnesium-taurine-vitamin-b-120-capsules-2-to-3-months-taken-made-in-france","status":"publish","type":"product","link":"https:\/\/www.zolattitude.com\/index.php\/product\/aragan-synactif-pack-of-2-magnactives-food-supplement-fatigue-nervous-balance-stress-magnesium-taurine-vitamin-b-120-capsules-2-to-3-months-taken-made-in-france\/","title":{"rendered":"ARAGAN &#8211; Synactif Pack of 2 Magnactives &#8211; Food Supplement Fatigue, Nervous Balance, Stress &#8211; Magnesium, Taurine, Vitamin B &#8211; 120 capsules &#8211; 2 to 3 months taken &#8211; Made in France"},"content":{"rendered":"<p>Price: <span style=\"color:#b12704\">\u20ac34.11<\/span><br \/><i><small>(as of Apr 06, 2026 23:50:43 UTC &#8211; <span class=\"wp_automatic_amazon_disclaimer\" title=\"Product prices and availability are accurate as of the date\/time indicated and are subject to change. Any price and availability information displayed on [relevant Amazon Site(s), as applicable] at the time of purchase will apply to the purchase of this product.\">Details<\/span>)<\/small><\/i><br \/><a href=\"https:\/\/amazon.fr\/dp\/B00PVLUY7M?tag=onamzmoukoubl-21\"><img decoding=\"async\" src=\"https:\/\/valvepress.s3.amazonaws.com\/imgs\/buy_now.png\"><\/a><br \/>\n<\/p>\n<p>                                             Product Description   <\/p>\n<p>                                                  <img decoding=\"async\" alt=\"Fond noir avec texte blanc indiquant \u00ab ARAGAN \u00bb. suivi d&amp;#39;un point rouge.\" src=\"https:\/\/images-na.ssl-images-amazon.com\/images\/G\/01\/x-locale\/common\/grey-pixel.gif\" class=\"a-lazy-loaded\" data-src=\"https:\/\/m.media-amazon.com\/images\/S\/aplus-media-library-service-media\/4bfa8e61-47ef-4772-9887-b4c93bcb5fc3.__CR0,0,970,300_PT0_SX970_V1___.jpg\"><img decoding=\"async\" alt=\"Fond noir avec texte blanc indiquant \u00ab ARAGAN \u00bb. suivi d&amp;#39;un point rouge.\" src=\"https:\/\/m.media-amazon.com\/images\/S\/aplus-media-library-service-media\/4bfa8e61-47ef-4772-9887-b4c93bcb5fc3.__CR0,0,970,300_PT0_SX970_V1___.jpg\">  <\/p>\n<h3> L&#8217;expertise Aragan <\/h3>\n<p> Nos complexes s&#8217;inspirent pour cela des m\u00e9canismes naturels du vivant alliant nutriments et souches microbiotiques. &gt; visuel de biomim\u00e9tique <\/p>\n<p>                                                                             <img decoding=\"async\" alt=\"ARAGAN\" src=\"https:\/\/images-na.ssl-images-amazon.com\/images\/G\/01\/x-locale\/common\/grey-pixel.gif\" class=\"a-spacing-base a-lazy-loaded\" data-src=\"https:\/\/m.media-amazon.com\/images\/S\/aplus-media-library-service-media\/0f1cb731-5106-4710-9315-7472898be9b5.__CR0,0,1940,1200_PT0_SX970_V1___.jpg\"><img decoding=\"async\" alt=\"ARAGAN\" src=\"https:\/\/m.media-amazon.com\/images\/S\/aplus-media-library-service-media\/0f1cb731-5106-4710-9315-7472898be9b5.__CR0,0,1940,1200_PT0_SX970_V1___.jpg\">                                                                    <\/p>\n<p>                                                                             <img decoding=\"async\" alt=\"Emballage du produit pour le suppl\u00e9ment Magnactiv. Pr\u00e9tend r\u00e9duire la fatigue et favoriser une fonction musculaire normale. Contient du magn\u00e9sium, de la taurine et de la vitamine B6\" src=\"https:\/\/images-na.ssl-images-amazon.com\/images\/G\/01\/x-locale\/common\/grey-pixel.gif\" class=\"a-spacing-base a-lazy-loaded\" data-src=\"https:\/\/m.media-amazon.com\/images\/S\/aplus-media-library-service-media\/5b9871c4-a495-4c26-bd32-2d6114718932.__CR0,0,970,600_PT0_SX970_V1___.jpg\"><img decoding=\"async\" alt=\"Emballage du produit pour le suppl\u00e9ment Magnactiv. Pr\u00e9tend r\u00e9duire la fatigue et favoriser une fonction musculaire normale. Contient du magn\u00e9sium, de la taurine et de la vitamine B6\" src=\"https:\/\/m.media-amazon.com\/images\/S\/aplus-media-library-service-media\/5b9871c4-a495-4c26-bd32-2d6114718932.__CR0,0,970,600_PT0_SX970_V1___.jpg\">                                                                    <\/p>\n<p>                                                                             <img decoding=\"async\" alt=\"sur les avantages des suppl\u00e9ments de magn\u00e9sium. Design hexagonal avec des ic\u00f4nes repr\u00e9sentant la r\u00e9duction de la fatigue, la fonction musculaire et le soutien du syst\u00e8me nerveux. Nom de marque Synactifs visible.\" src=\"https:\/\/images-na.ssl-images-amazon.com\/images\/G\/01\/x-locale\/common\/grey-pixel.gif\" class=\"a-spacing-base a-lazy-loaded\" data-src=\"https:\/\/m.media-amazon.com\/images\/S\/aplus-media-library-service-media\/7cc1d998-4e3f-4750-9805-827e83cbb2d9.__CR0,0,1940,1200_PT0_SX970_V1___.jpg\"><img decoding=\"async\" alt=\"sur les avantages des suppl\u00e9ments de magn\u00e9sium. Design hexagonal avec des ic\u00f4nes repr\u00e9sentant la r\u00e9duction de la fatigue, la fonction musculaire et le soutien du syst\u00e8me nerveux. Nom de marque Synactifs visible.\" src=\"https:\/\/m.media-amazon.com\/images\/S\/aplus-media-library-service-media\/7cc1d998-4e3f-4750-9805-827e83cbb2d9.__CR0,0,1940,1200_PT0_SX970_V1___.jpg\">                                                                    <\/p>\n<p>                                                                             <img decoding=\"async\" alt=\"Sch\u00e9ma hexagonal illustrant \u00ab La synergie des sciences \u00bb avec six ic\u00f4nes interconnect\u00e9es repr\u00e9sentant diff\u00e9rents concepts scientifiques, centr\u00e9es autour\" src=\"https:\/\/images-na.ssl-images-amazon.com\/images\/G\/01\/x-locale\/common\/grey-pixel.gif\" class=\"a-spacing-base a-lazy-loaded\" data-src=\"https:\/\/m.media-amazon.com\/images\/S\/aplus-media-library-service-media\/654ff42a-7f6e-45c4-9265-8c0e6a3d123c.__CR0,0,970,600_PT0_SX970_V1___.jpg\"><img decoding=\"async\" alt=\"Sch\u00e9ma hexagonal illustrant \u00ab La synergie des sciences \u00bb avec six ic\u00f4nes interconnect\u00e9es repr\u00e9sentant diff\u00e9rents concepts scientifiques, centr\u00e9es autour\" src=\"https:\/\/m.media-amazon.com\/images\/S\/aplus-media-library-service-media\/654ff42a-7f6e-45c4-9265-8c0e6a3d123c.__CR0,0,970,600_PT0_SX970_V1___.jpg\">                                                                    <\/p>\n<p>                                                                             <img decoding=\"async\" alt=\"Infographie d\u00e9crivant la technologie IPF avec quatre \u00e9l\u00e9ments circulaires : action rapide, efficacit\u00e9 stable, effet intense et action prolong\u00e9e. Montre la combinaison de trois facteurs.\" src=\"https:\/\/images-na.ssl-images-amazon.com\/images\/G\/01\/x-locale\/common\/grey-pixel.gif\" class=\"a-spacing-base a-lazy-loaded\" data-src=\"https:\/\/m.media-amazon.com\/images\/S\/aplus-media-library-service-media\/d647c85f-e5ff-4a1c-8140-fddbf51119f3.__CR0,0,970,600_PT0_SX970_V1___.jpg\"><img decoding=\"async\" alt=\"Infographie d\u00e9crivant la technologie IPF avec quatre \u00e9l\u00e9ments circulaires : action rapide, efficacit\u00e9 stable, effet intense et action prolong\u00e9e. Montre la combinaison de trois facteurs.\" src=\"https:\/\/m.media-amazon.com\/images\/S\/aplus-media-library-service-media\/d647c85f-e5ff-4a1c-8140-fddbf51119f3.__CR0,0,970,600_PT0_SX970_V1___.jpg\">                                                                    <\/p>\n<p>                         Add To Basket  <\/p>\n<p>                         Add To Basket  <\/p>\n<p>                             Customer Reviews  <\/p>\n<p>                    4.5 out of 5 stars  111  <\/p>\n<p>                    4.2 out of 5 stars  70  <\/p>\n<p>                             Price  <\/p>\n<p>                                    \u20ac59.46\u20ac59.46                  \u20ac35.89\u20ac35.89                    <\/p>\n<p>                             Action<br \/>\n                                En relais pour une action renforc\u00e9e sur la beaut\u00e9 des cheveux               R\u00e9duit le temps d&#8217;endormissement, contribue au sommeil naturel et r\u00e9parateur                    <\/p>\n<p> Is discontinued by manufacturer                                            \u200f                                            :                                            \u200e                                            No   <br \/> Package Dimensions                                            \u200f                                            :                                            \u200e                                            11.3 x 8.9 x 7.7 cm; 110 g   <br \/> Manufacturer                                            \u200f                                            :                                            \u200e                                            SYNActifs   <br \/> ASIN                                            \u200f                                            :                                            \u200e                                            B00PVLUY7M   <br \/> Item model number                                            \u200f                                            :                                            \u200e                                            271164DH3   <br \/> Country of origin                                            \u200f                                            :                                            \u200e                                            France   <br \/>  Customer reviews:                                                                                            4.4               4.4 out of 5 stars                                  (92)                                              var dpAcrHasRegisteredArcLinkClickAction;                    P.when(&#8216;A&#8217;, &#8216;ready&#8217;).execute(function(A) {                        if (dpAcrHasRegisteredArcLinkClickAction !== true) {                            dpAcrHasRegisteredArcLinkClickAction = true;                            A.declarative(                                &#8216;acrLink-click-metrics&#8217;, &#8216;click&#8217;,                                { &#8220;allowLinkDefault&#8221;: true },                                function (event) {                                    if (window.ue) {                                        ue.count(&#8220;acrLinkClickCount&#8221;, (ue.count(&#8220;acrLinkClickCount&#8221;) || 0) + 1);                                    }                                }                            );                        }                    });                                             P.when(&#8216;A&#8217;, &#8216;cf&#8217;).execute(function(A) {                A.declarative(&#8216;acrStarsLink-click-metrics&#8217;, &#8216;click&#8217;, { &#8220;allowLinkDefault&#8221; : true },  function(event){                    if(window.ue) {                        ue.count(&#8220;acrStarsLinkWithPopoverClickCount&#8221;, (ue.count(&#8220;acrStarsLinkWithPopoverClickCount&#8221;) || 0) + 1);                    }                });            });                          <br \/>ANTI STRESS FOOD SUPPLEMENT: Our food supplement Aragan Magnactifs helps promote relaxation and relaxation, soothe tension and improve psychological resistance thanks to its 3 active ingredients known for their action, magnesium, taurine and vitamin B6.<br \/>VITALITY GAIN: The food supplement Magnactifs of Aragan based on magnesium, taurine and vitamin B6 helps reduce fatigue thanks to its 3 active ingredients that play a key role on energy metabolism and muscle function.<br \/>MAGNESIUM, TAURINE, VITAMIN B6 &#8211; THE ANTI FATIGUE TRIO: The formula of our Magnactifs Aragan food supplement has been specially designed, based on magnesium (marine and bisglicynate), taurine and vitamin B6, to help reduce fatigue, soothe nervous and muscle tension. A complete formula that provides 80% of NRVs in magnesium and 143% of the NRVs in vitamin B (Nutritional Reference Values).<br \/>USE: The recommendation for the use of the food supplement Magnactifs of Aragan based on magnesium, taurine and vitamin B6 is 1 to 2 tablets per day, to be taken during the meal with a glass of water. This pack contains 120 tablets for 2 to 3 months of use. Our Magnactifs food supplement is made in France in Vend\u00e9e.<br \/>TO DISCOVER ALSO: Aragan offers a range of dietary supplements dedicated to female well-being, including CIRCACTIFS to act on circulation problems or DERMACTIVES To preserve the skin from signs of ageing<\/p>\n\n","protected":false},"excerpt":{"rendered":"<p> Product Description L&#8217;expertise Aragan Nos complexes s&#8217;inspirent pour cela des m\u00e9canismes naturels du vivant alliant nutriments et souches microbiotiques. &gt; visuel de biomim\u00e9tique Add To Basket Add To Basket Customer Reviews 4.5 out of 5 stars 111 4.2 out of 5 stars 70 Price \u20ac59.46\u20ac59.46 \u20ac35.89\u20ac35.89 Action En relais pour [&hellip;]<\/p>\n","protected":false},"featured_media":26788,"comment_status":"open","ping_status":"closed","template":"","meta":{"_gspb_post_css":"","om_disable_all_campaigns":false,"_monsterinsights_skip_tracking":false,"_monsterinsights_sitenote_active":false,"_monsterinsights_sitenote_note":"","_monsterinsights_sitenote_category":0},"store":[],"product_brand":[],"product_cat":[152],"product_tag":[2543,254,198,270,199,201,6673,287,195,290,316,278,200,6672,1279,178],"class_list":{"0":"post-26787","1":"product","2":"type-product","3":"status-publish","4":"has-post-thumbnail","6":"product_cat-magnesium-marin","7":"product_tag-aragan","8":"product_tag-balance","9":"product_tag-capsules","10":"product_tag-fatigue","11":"product_tag-food","12":"product_tag-france","13":"product_tag-magnactives","14":"product_tag-magnesium","15":"product_tag-months","16":"product_tag-nervous","17":"product_tag-pack","18":"product_tag-stress","19":"product_tag-supplement","20":"product_tag-synactif","21":"product_tag-taurine","22":"product_tag-vitamin","24":"first","25":"instock","26":"shipping-taxable","27":"product-type-external"},"aioseo_notices":[],"jetpack_sharing_enabled":true,"_links":{"self":[{"href":"https:\/\/www.zolattitude.com\/index.php\/wp-json\/wp\/v2\/product\/26787","targetHints":{"allow":["GET"]}}],"collection":[{"href":"https:\/\/www.zolattitude.com\/index.php\/wp-json\/wp\/v2\/product"}],"about":[{"href":"https:\/\/www.zolattitude.com\/index.php\/wp-json\/wp\/v2\/types\/product"}],"replies":[{"embeddable":true,"href":"https:\/\/www.zolattitude.com\/index.php\/wp-json\/wp\/v2\/comments?post=26787"}],"wp:featuredmedia":[{"embeddable":true,"href":"https:\/\/www.zolattitude.com\/index.php\/wp-json\/wp\/v2\/media\/26788"}],"wp:attachment":[{"href":"https:\/\/www.zolattitude.com\/index.php\/wp-json\/wp\/v2\/media?parent=26787"}],"wp:term":[{"taxonomy":"store","embeddable":true,"href":"https:\/\/www.zolattitude.com\/index.php\/wp-json\/wp\/v2\/store?post=26787"},{"taxonomy":"product_brand","embeddable":true,"href":"https:\/\/www.zolattitude.com\/index.php\/wp-json\/wp\/v2\/product_brand?post=26787"},{"taxonomy":"product_cat","embeddable":true,"href":"https:\/\/www.zolattitude.com\/index.php\/wp-json\/wp\/v2\/product_cat?post=26787"},{"taxonomy":"product_tag","embeddable":true,"href":"https:\/\/www.zolattitude.com\/index.php\/wp-json\/wp\/v2\/product_tag?post=26787"}],"curies":[{"name":"wp","href":"https:\/\/api.w.org\/{rel}","templated":true}]}}