{"id":26807,"date":"2026-04-07T00:46:28","date_gmt":"2026-04-07T00:46:28","guid":{"rendered":"https:\/\/www.zolattitude.com\/index.php\/product\/ashwagandha-ksm-66-pure-high-bioavailability-with-black-pepper-5-withanolides-support-for-wellness-and-emotional-balance-energy-and-mental-clarity\/"},"modified":"2026-04-07T00:46:40","modified_gmt":"2026-04-07T00:46:40","slug":"ashwagandha-ksm-66-pure-high-bioavailability-with-black-pepper-5-withanolides-support-for-wellness-and-emotional-balance-energy-and-mental-clarity","status":"publish","type":"product","link":"https:\/\/www.zolattitude.com\/index.php\/product\/ashwagandha-ksm-66-pure-high-bioavailability-with-black-pepper-5-withanolides-support-for-wellness-and-emotional-balance-energy-and-mental-clarity\/","title":{"rendered":"Ashwagandha KSM-66 Pure \u2013 High Bioavailability \u2013 With Black Pepper \u2013 5% Withanolides \u2013 Support for Wellness and Emotional Balance \u2013 Energy and Mental Clarity \u2013 120 Vegetable Capsules"},"content":{"rendered":"<p>Price: <span style=\"color:#b12704\">\u20ac22.90<\/span><br \/><i><small>(as of Apr 07, 2026 00:46:28 UTC &#8211; <span class=\"wp_automatic_amazon_disclaimer\" title=\"Product prices and availability are accurate as of the date\/time indicated and are subject to change. Any price and availability information displayed on [relevant Amazon Site(s), as applicable] at the time of purchase will apply to the purchase of this product.\">Details<\/span>)<\/small><\/i><br \/><a href=\"https:\/\/amazon.fr\/dp\/B0FD35TG7L?tag=onamzmoukoubl-21\"><img decoding=\"async\" src=\"https:\/\/valvepress.s3.amazonaws.com\/imgs\/buy_now.png\"><\/a><br \/>\n<\/p>\n<p>                                             From the brand   <\/p>\n<p>                                              <img decoding=\"async\" alt=\"aplus content image\" src=\"https:\/\/images-na.ssl-images-amazon.com\/images\/G\/01\/x-locale\/common\/grey-pixel.gif\" class=\"a-lazy-loaded\" data-src=\"https:\/\/m.media-amazon.com\/images\/S\/aplus-media-library-service-media\/43d0c9dd-7971-44e3-aca9-e8d7bc70430d.__CR0,0,1464,625_PT0_SX1464_V1___.png\"><img decoding=\"async\" alt=\"aplus content image\" src=\"https:\/\/m.media-amazon.com\/images\/S\/aplus-media-library-service-media\/43d0c9dd-7971-44e3-aca9-e8d7bc70430d.__CR0,0,1464,625_PT0_SX1464_V1___.png\">  <\/p>\n<p>                                              <img decoding=\"async\" alt=\"Fond noir avec texte blanc faisant la promotion de Sevens Nutrition. Le texte traite des suppl\u00e9ments naturels pour stimuler la routine et am\u00e9liorer la sant\u00e9 pour une long\u00e9vit\u00e9 et un potentiel humain maximal.\" src=\"https:\/\/images-na.ssl-images-amazon.com\/images\/G\/01\/x-locale\/common\/grey-pixel.gif\" class=\"a-lazy-loaded\" data-src=\"https:\/\/m.media-amazon.com\/images\/S\/aplus-media-library-service-media\/c6b0a468-50e0-4094-a0c4-bfc7b0b08780.__CR0,1,362,453_PT0_SX362_V1___.png\"><img decoding=\"async\" alt=\"Fond noir avec texte blanc faisant la promotion de Sevens Nutrition. Le texte traite des suppl\u00e9ments naturels pour stimuler la routine et am\u00e9liorer la sant\u00e9 pour une long\u00e9vit\u00e9 et un potentiel humain maximal.\" src=\"https:\/\/m.media-amazon.com\/images\/S\/aplus-media-library-service-media\/c6b0a468-50e0-4094-a0c4-bfc7b0b08780.__CR0,1,362,453_PT0_SX362_V1___.png\">  <\/p>\n<h3> Choisis le naturel <\/h3>\n<p>                                              <img decoding=\"async\" alt=\"Flacon en verre ambr\u00e9 du suppl\u00e9ment de collag\u00e8ne Sevens Nutrition. Contient du collag\u00e8ne marin avec du magn\u00e9sium, de l&amp;#39;acide hyaluronique et de la coenzyme Q10. Le texte fran\u00e7ais indique qu&amp;#39;il s&amp;#39;agit d&amp;#39;un best-seller\" src=\"https:\/\/images-na.ssl-images-amazon.com\/images\/G\/01\/x-locale\/common\/grey-pixel.gif\" class=\"a-lazy-loaded\" data-src=\"https:\/\/m.media-amazon.com\/images\/S\/aplus-media-library-service-media\/9dacad7c-785a-472a-af39-c3df115f5ec2.__CR0,1,362,453_PT0_SX362_V1___.png\"><img decoding=\"async\" alt=\"Flacon en verre ambr\u00e9 du suppl\u00e9ment de collag\u00e8ne Sevens Nutrition. Contient du collag\u00e8ne marin avec du magn\u00e9sium, de l&amp;#39;acide hyaluronique et de la coenzyme Q10. Le texte fran\u00e7ais indique qu&amp;#39;il s&amp;#39;agit d&amp;#39;un best-seller\" src=\"https:\/\/m.media-amazon.com\/images\/S\/aplus-media-library-service-media\/9dacad7c-785a-472a-af39-c3df115f5ec2.__CR0,1,362,453_PT0_SX362_V1___.png\">  <\/p>\n<p>                                              <img decoding=\"async\" alt=\"Publicit\u00e9 pour des produits pharmaceutiques avec texte en fran\u00e7ais. L&amp;#39;arri\u00e8re-plan montre un cadre m\u00e9dical avec des \u00e9clairages op\u00e9ratoires. Met l&amp;#39;accent sur les ingr\u00e9dients de qualit\u00e9 et les tests de laboratoire.\" src=\"https:\/\/images-na.ssl-images-amazon.com\/images\/G\/01\/x-locale\/common\/grey-pixel.gif\" class=\"a-lazy-loaded\" data-src=\"https:\/\/m.media-amazon.com\/images\/S\/aplus-media-library-service-media\/82e571b2-fbf9-41b4-8327-69802232ad92.__CR0,1,362,453_PT0_SX362_V1___.png\"><img decoding=\"async\" alt=\"Publicit\u00e9 pour des produits pharmaceutiques avec texte en fran\u00e7ais. L&amp;#39;arri\u00e8re-plan montre un cadre m\u00e9dical avec des \u00e9clairages op\u00e9ratoires. Met l&amp;#39;accent sur les ingr\u00e9dients de qualit\u00e9 et les tests de laboratoire.\" src=\"https:\/\/m.media-amazon.com\/images\/S\/aplus-media-library-service-media\/82e571b2-fbf9-41b4-8327-69802232ad92.__CR0,1,362,453_PT0_SX362_V1___.png\">  <\/p>\n<p>                                              <img decoding=\"async\" alt=\"Sevens Nutrition\" src=\"https:\/\/images-na.ssl-images-amazon.com\/images\/G\/01\/x-locale\/common\/grey-pixel.gif\" class=\"a-lazy-loaded\" data-src=\"https:\/\/m.media-amazon.com\/images\/S\/aplus-media-library-service-media\/cd6ef573-c04b-464e-92df-38ff06385d85.__CR0,1,362,453_PT0_SX362_V1___.png\"><img decoding=\"async\" alt=\"Sevens Nutrition\" src=\"https:\/\/m.media-amazon.com\/images\/S\/aplus-media-library-service-media\/cd6ef573-c04b-464e-92df-38ff06385d85.__CR0,1,362,453_PT0_SX362_V1___.png\">  <\/p>\n<p>                                              <img decoding=\"async\" alt=\"Le texte se lit comme suit : \u00ab Le plus vendu... \u00bb \u00c9cran marketing avec fond sombre montrant des images de produits surlign\u00e9es en bleu.\" src=\"https:\/\/images-na.ssl-images-amazon.com\/images\/G\/01\/x-locale\/common\/grey-pixel.gif\" class=\"a-lazy-loaded\" data-src=\"https:\/\/m.media-amazon.com\/images\/S\/aplus-media-library-service-media\/a8ebb606-5aae-4079-9015-51c112e2835b.__CR0,1,362,453_PT0_SX362_V1___.png\"><img decoding=\"async\" alt=\"Le texte se lit comme suit : \u00ab Le plus vendu... \u00bb \u00c9cran marketing avec fond sombre montrant des images de produits surlign\u00e9es en bleu.\" src=\"https:\/\/m.media-amazon.com\/images\/S\/aplus-media-library-service-media\/a8ebb606-5aae-4079-9015-51c112e2835b.__CR0,1,362,453_PT0_SX362_V1___.png\">  <\/p>\n<p>                                              <img decoding=\"async\" alt=\"en noir et blanc affichant 7 ic\u00f4nes repr\u00e9sentant les piliers du bien-\u00eatre : Equilibre, Habitudes, Energie, ADN, Renouveau, Esprit et Relations. Chaque ic\u00f4ne poss\u00e8de une image symbolique et une \u00e9tiquette fran\u00e7aise.\" src=\"https:\/\/images-na.ssl-images-amazon.com\/images\/G\/01\/x-locale\/common\/grey-pixel.gif\" class=\"a-lazy-loaded\" data-src=\"https:\/\/m.media-amazon.com\/images\/S\/aplus-media-library-service-media\/a5c9cbf3-f8d1-4ade-ad7a-7f2e3566b182.__CR0,1,362,453_PT0_SX362_V1___.png\"><img decoding=\"async\" alt=\"en noir et blanc affichant 7 ic\u00f4nes repr\u00e9sentant les piliers du bien-\u00eatre : Equilibre, Habitudes, Energie, ADN, Renouveau, Esprit et Relations. Chaque ic\u00f4ne poss\u00e8de une image symbolique et une \u00e9tiquette fran\u00e7aise.\" src=\"https:\/\/m.media-amazon.com\/images\/S\/aplus-media-library-service-media\/a5c9cbf3-f8d1-4ade-ad7a-7f2e3566b182.__CR0,1,362,453_PT0_SX362_V1___.png\">  <\/p>\n<p>                                              <img decoding=\"async\" alt=\"aplus content image\" src=\"https:\/\/images-na.ssl-images-amazon.com\/images\/G\/01\/x-locale\/common\/grey-pixel.gif\" class=\"a-lazy-loaded\" data-src=\"https:\/\/m.media-amazon.com\/images\/S\/aplus-media-library-service-media\/d5314168-d2b2-4df0-898b-c97dab7a388a.__CR0,1,362,453_PT0_SX362_V1___.png\"><img decoding=\"async\" alt=\"aplus content image\" src=\"https:\/\/m.media-amazon.com\/images\/S\/aplus-media-library-service-media\/d5314168-d2b2-4df0-898b-c97dab7a388a.__CR0,1,362,453_PT0_SX362_V1___.png\">  <\/p>\n<p>                                              <img decoding=\"async\" alt=\"Fond noir avec texte blanc : \u00ab Abonne-toi et \u00e9conomie \u00bb. Ic\u00f4ne en forme de plus dans un cercle. Bascule en deux parties affichant les options de r\u00e9duction \u00ab 5 % \u00bb et \u00ab 10 % \u00bb.\" src=\"https:\/\/images-na.ssl-images-amazon.com\/images\/G\/01\/x-locale\/common\/grey-pixel.gif\" class=\"a-lazy-loaded\" data-src=\"https:\/\/m.media-amazon.com\/images\/S\/aplus-media-library-service-media\/a23cbf49-2051-4f11-b6de-f0daeb39d2e2.__CR0,1,362,453_PT0_SX362_V1___.png\"><img decoding=\"async\" alt=\"Fond noir avec texte blanc : \u00ab Abonne-toi et \u00e9conomie \u00bb. Ic\u00f4ne en forme de plus dans un cercle. Bascule en deux parties affichant les options de r\u00e9duction \u00ab 5 % \u00bb et \u00ab 10 % \u00bb.\" src=\"https:\/\/m.media-amazon.com\/images\/S\/aplus-media-library-service-media\/a23cbf49-2051-4f11-b6de-f0daeb39d2e2.__CR0,1,362,453_PT0_SX362_V1___.png\">  <\/p>\n<p>                                              <img decoding=\"async\" alt=\"aplus content image\" src=\"https:\/\/images-na.ssl-images-amazon.com\/images\/G\/01\/x-locale\/common\/grey-pixel.gif\" class=\"a-lazy-loaded\" data-src=\"https:\/\/m.media-amazon.com\/images\/S\/aplus-media-library-service-media\/0551f89e-f468-4a57-914a-a59e38b9ebd7.__CR0,1,362,453_PT0_SX362_V1___.png\"><img decoding=\"async\" alt=\"aplus content image\" src=\"https:\/\/m.media-amazon.com\/images\/S\/aplus-media-library-service-media\/0551f89e-f468-4a57-914a-a59e38b9ebd7.__CR0,1,362,453_PT0_SX362_V1___.png\">  <\/p>\n<p>                                              <img decoding=\"async\" alt=\"Le texte se lit comme suit : \u00ab Nouveaut\u00e9 ! \u00bb. Les images des produits montrent des contenants de suppl\u00e9ments de m\u00e9latonine g\u00e9lifi\u00e9s dans un emballage sombre avec une pr\u00e9sentation du produit illumin\u00e9e.\" src=\"https:\/\/images-na.ssl-images-amazon.com\/images\/G\/01\/x-locale\/common\/grey-pixel.gif\" class=\"a-lazy-loaded\" data-src=\"https:\/\/m.media-amazon.com\/images\/S\/aplus-media-library-service-media\/deabf70f-bec3-46d6-808e-bd3cd29a6088.__CR0,1,362,453_PT0_SX362_V1___.png\"><img decoding=\"async\" alt=\"Le texte se lit comme suit : \u00ab Nouveaut\u00e9 ! \u00bb. Les images des produits montrent des contenants de suppl\u00e9ments de m\u00e9latonine g\u00e9lifi\u00e9s dans un emballage sombre avec une pr\u00e9sentation du produit illumin\u00e9e.\" src=\"https:\/\/m.media-amazon.com\/images\/S\/aplus-media-library-service-media\/deabf70f-bec3-46d6-808e-bd3cd29a6088.__CR0,1,362,453_PT0_SX362_V1___.png\">  <\/p>\n<p>                                              <img decoding=\"async\" alt=\"Le texte se lit comme suit : \u00ab Nouveaut\u00e9 ! \u00bb Plusieurs pots de produits pr\u00e9sent\u00e9s, y compris des suppl\u00e9ments ou des produits de bien-\u00eatre dans des contenants bruns et blancs avec \u00e9tiquettes.\" src=\"https:\/\/images-na.ssl-images-amazon.com\/images\/G\/01\/x-locale\/common\/grey-pixel.gif\" class=\"a-lazy-loaded\" data-src=\"https:\/\/m.media-amazon.com\/images\/S\/aplus-media-library-service-media\/1bcafedd-56ce-421c-bea2-8aa13fcf1622.__CR0,1,362,453_PT0_SX362_V1___.png\"><img decoding=\"async\" alt=\"Le texte se lit comme suit : \u00ab Nouveaut\u00e9 ! \u00bb Plusieurs pots de produits pr\u00e9sent\u00e9s, y compris des suppl\u00e9ments ou des produits de bien-\u00eatre dans des contenants bruns et blancs avec \u00e9tiquettes.\" src=\"https:\/\/m.media-amazon.com\/images\/S\/aplus-media-library-service-media\/1bcafedd-56ce-421c-bea2-8aa13fcf1622.__CR0,1,362,453_PT0_SX362_V1___.png\">  <\/p>\n<p> Product Dimensions                                            \u200f                                            :                                            \u200e                                            4.6 x 4.6 x 8.9 cm; 55 g   <br \/> Manufacturer                                            \u200f                                            :                                            \u200e                                            BestYou Healthy S.L   <br \/> ASIN                                            \u200f                                            :                                            \u200e                                            B0FD35TG7L   <br \/> Item model number                                            \u200f                                            :                                            \u200e                                            ASHWAGANDHA   <br \/> Country of origin                                            \u200f                                            :                                            \u200e                                            Spain   <br \/>  Customer reviews:                                                                                            4.4               4.4 out of 5 stars                                  (201)                                              var dpAcrHasRegisteredArcLinkClickAction;                    P.when(&#8216;A&#8217;, &#8216;ready&#8217;).execute(function(A) {                        if (dpAcrHasRegisteredArcLinkClickAction !== true) {                            dpAcrHasRegisteredArcLinkClickAction = true;                            A.declarative(                                &#8216;acrLink-click-metrics&#8217;, &#8216;click&#8217;,                                { &#8220;allowLinkDefault&#8221;: true },                                function (event) {                                    if (window.ue) {                                        ue.count(&#8220;acrLinkClickCount&#8221;, (ue.count(&#8220;acrLinkClickCount&#8221;) || 0) + 1);                                    }                                }                            );                        }                    });                                             P.when(&#8216;A&#8217;, &#8216;cf&#8217;).execute(function(A) {                A.declarative(&#8216;acrStarsLink-click-metrics&#8217;, &#8216;click&#8217;, { &#8220;allowLinkDefault&#8221; : true },  function(event){                    if(window.ue) {                        ue.count(&#8220;acrStarsLinkWithPopoverClickCount&#8221;, (ue.count(&#8220;acrStarsLinkWithPopoverClickCount&#8221;) || 0) + 1);                    }                });            });                          <br \/>\u2743 BALANCE AND WELLNESS: Ashwagandha KSM-66 with black pepper, known to promote relaxation and mental well-being, without sedative effect or habituation. A natural support in the face of everyday tensions.<br \/>Premium High Absorption Ashwagandha: 600mg KSM-66 root extract per dose, equivalent to 6,000mg dry plant, standardized to 5% withanolides and enriched with black pepper for better bioavailability.<br \/>DAILY WELLNESS, ENERGY &#038; Mental Clarity &#8211; Ashwagandha Complex supports emotional balance and helps to stay focused on a daily basis. Ideal for intense lifestyles, periods of tension or temporary fatigue.<br \/>HIGH QUALITY:120 KSM-66 Ashwagandha Concentrated Vegetable Capsules 60-day cure. Tasteless, Gluten Free, Lactose Free, Non-GMO and 100% Vegan.<br \/>Made in the EU: made with high-quality ingredients, without unnecessary additives. Total transparency for a secure and effective grip on a daily basis.<\/p>\n\n","protected":false},"excerpt":{"rendered":"<p> From the brand Choisis le naturel Product Dimensions \u200f : \u200e 4.6 x 4.6 x 8.9 cm; 55 g Manufacturer \u200f : \u200e BestYou Healthy S.L ASIN \u200f : \u200e B0FD35TG7L Item model number \u200f : \u200e ASHWAGANDHA Country of origin \u200f : \u200e Spain Customer reviews: 4.4 4.4 out [&hellip;]<\/p>\n","protected":false},"featured_media":26808,"comment_status":"open","ping_status":"closed","template":"","meta":{"_gspb_post_css":"","om_disable_all_campaigns":false,"_monsterinsights_skip_tracking":false,"_monsterinsights_sitenote_active":false,"_monsterinsights_sitenote_note":"","_monsterinsights_sitenote_category":0},"store":[],"product_brand":[],"product_cat":[148],"product_tag":[493,254,1119,353,198,3344,1764,289,294,496,590,358,213,1238,197,250,2270],"class_list":{"0":"post-26807","1":"product","2":"type-product","3":"status-publish","4":"has-post-thumbnail","6":"product_cat-superaliments-exotiques","7":"product_tag-ashwagandha","8":"product_tag-balance","9":"product_tag-bioavailability","10":"product_tag-black","11":"product_tag-capsules","12":"product_tag-clarity","13":"product_tag-emotional","14":"product_tag-energy","15":"product_tag-high","16":"product_tag-ksm66","17":"product_tag-mental","18":"product_tag-pepper","19":"product_tag-pure","20":"product_tag-support","21":"product_tag-vegetable","22":"product_tag-wellness","23":"product_tag-withanolides","25":"first","26":"instock","27":"shipping-taxable","28":"product-type-external"},"aioseo_notices":[],"jetpack_sharing_enabled":true,"_links":{"self":[{"href":"https:\/\/www.zolattitude.com\/index.php\/wp-json\/wp\/v2\/product\/26807","targetHints":{"allow":["GET"]}}],"collection":[{"href":"https:\/\/www.zolattitude.com\/index.php\/wp-json\/wp\/v2\/product"}],"about":[{"href":"https:\/\/www.zolattitude.com\/index.php\/wp-json\/wp\/v2\/types\/product"}],"replies":[{"embeddable":true,"href":"https:\/\/www.zolattitude.com\/index.php\/wp-json\/wp\/v2\/comments?post=26807"}],"wp:featuredmedia":[{"embeddable":true,"href":"https:\/\/www.zolattitude.com\/index.php\/wp-json\/wp\/v2\/media\/26808"}],"wp:attachment":[{"href":"https:\/\/www.zolattitude.com\/index.php\/wp-json\/wp\/v2\/media?parent=26807"}],"wp:term":[{"taxonomy":"store","embeddable":true,"href":"https:\/\/www.zolattitude.com\/index.php\/wp-json\/wp\/v2\/store?post=26807"},{"taxonomy":"product_brand","embeddable":true,"href":"https:\/\/www.zolattitude.com\/index.php\/wp-json\/wp\/v2\/product_brand?post=26807"},{"taxonomy":"product_cat","embeddable":true,"href":"https:\/\/www.zolattitude.com\/index.php\/wp-json\/wp\/v2\/product_cat?post=26807"},{"taxonomy":"product_tag","embeddable":true,"href":"https:\/\/www.zolattitude.com\/index.php\/wp-json\/wp\/v2\/product_tag?post=26807"}],"curies":[{"name":"wp","href":"https:\/\/api.w.org\/{rel}","templated":true}]}}