{"id":26828,"date":"2026-04-07T01:09:03","date_gmt":"2026-04-07T01:09:03","guid":{"rendered":"https:\/\/www.zolattitude.com\/index.php\/product\/natural-astaxanthin-astapure-with-coenzyme-q10-extra-virgin-olive-oil-powerful-antioxidants-for-eyes-skin-immunity-60-high-absorption-softgels-sevens\/"},"modified":"2026-04-07T01:09:14","modified_gmt":"2026-04-07T01:09:14","slug":"natural-astaxanthin-astapure-with-coenzyme-q10-extra-virgin-olive-oil-powerful-antioxidants-for-eyes-skin-immunity-60-high-absorption-softgels-sevens","status":"publish","type":"product","link":"https:\/\/www.zolattitude.com\/index.php\/product\/natural-astaxanthin-astapure-with-coenzyme-q10-extra-virgin-olive-oil-powerful-antioxidants-for-eyes-skin-immunity-60-high-absorption-softgels-sevens\/","title":{"rendered":"Natural Astaxanthin Astapure with Coenzyme Q10 &#038; Extra Virgin Olive Oil &#8211; Powerful Antioxidants for Eyes Skin Immunity &#8211; 60 High Absorption Softgels &#8211; Sevens"},"content":{"rendered":"<p>Price: <span style=\"color:#b12704\">\u20ac21.90<\/span><br \/><i><small>(as of Apr 07, 2026 01:09:04 UTC &#8211; <span class=\"wp_automatic_amazon_disclaimer\" title=\"Product prices and availability are accurate as of the date\/time indicated and are subject to change. Any price and availability information displayed on [relevant Amazon Site(s), as applicable] at the time of purchase will apply to the purchase of this product.\">Details<\/span>)<\/small><\/i><br \/><a href=\"https:\/\/amazon.fr\/dp\/B0DNN2PHTZ?tag=onamzmoukoubl-21\"><img decoding=\"async\" src=\"https:\/\/valvepress.s3.amazonaws.com\/imgs\/buy_now.png\"><\/a><br \/>\n<\/p>\n<p>                                             From the brand   <\/p>\n<p>                                              <img decoding=\"async\" alt=\"aplus content image\" src=\"https:\/\/images-na.ssl-images-amazon.com\/images\/G\/01\/x-locale\/common\/grey-pixel.gif\" class=\"a-lazy-loaded\" data-src=\"https:\/\/m.media-amazon.com\/images\/S\/aplus-media-library-service-media\/43d0c9dd-7971-44e3-aca9-e8d7bc70430d.__CR0,0,1464,625_PT0_SX1464_V1___.png\"><img decoding=\"async\" alt=\"aplus content image\" src=\"https:\/\/m.media-amazon.com\/images\/S\/aplus-media-library-service-media\/43d0c9dd-7971-44e3-aca9-e8d7bc70430d.__CR0,0,1464,625_PT0_SX1464_V1___.png\">  <\/p>\n<p>                                              <img decoding=\"async\" alt=\"Fond noir avec texte blanc faisant la promotion de Sevens Nutrition. Le texte traite des suppl\u00e9ments naturels pour stimuler la routine et am\u00e9liorer la sant\u00e9 pour une long\u00e9vit\u00e9 et un potentiel humain maximal.\" src=\"https:\/\/images-na.ssl-images-amazon.com\/images\/G\/01\/x-locale\/common\/grey-pixel.gif\" class=\"a-lazy-loaded\" data-src=\"https:\/\/m.media-amazon.com\/images\/S\/aplus-media-library-service-media\/c6b0a468-50e0-4094-a0c4-bfc7b0b08780.__CR0,1,362,453_PT0_SX362_V1___.png\"><img decoding=\"async\" alt=\"Fond noir avec texte blanc faisant la promotion de Sevens Nutrition. Le texte traite des suppl\u00e9ments naturels pour stimuler la routine et am\u00e9liorer la sant\u00e9 pour une long\u00e9vit\u00e9 et un potentiel humain maximal.\" src=\"https:\/\/m.media-amazon.com\/images\/S\/aplus-media-library-service-media\/c6b0a468-50e0-4094-a0c4-bfc7b0b08780.__CR0,1,362,453_PT0_SX362_V1___.png\">  <\/p>\n<h3> Choisis le naturel <\/h3>\n<p>                                              <img decoding=\"async\" alt=\"Flacon en verre ambr\u00e9 du suppl\u00e9ment de collag\u00e8ne Sevens Nutrition. Contient du collag\u00e8ne marin avec du magn\u00e9sium, de l&amp;#39;acide hyaluronique et de la coenzyme Q10. Le texte fran\u00e7ais indique qu&amp;#39;il s&amp;#39;agit d&amp;#39;un best-seller\" src=\"https:\/\/images-na.ssl-images-amazon.com\/images\/G\/01\/x-locale\/common\/grey-pixel.gif\" class=\"a-lazy-loaded\" data-src=\"https:\/\/m.media-amazon.com\/images\/S\/aplus-media-library-service-media\/9dacad7c-785a-472a-af39-c3df115f5ec2.__CR0,1,362,453_PT0_SX362_V1___.png\"><img decoding=\"async\" alt=\"Flacon en verre ambr\u00e9 du suppl\u00e9ment de collag\u00e8ne Sevens Nutrition. Contient du collag\u00e8ne marin avec du magn\u00e9sium, de l&amp;#39;acide hyaluronique et de la coenzyme Q10. Le texte fran\u00e7ais indique qu&amp;#39;il s&amp;#39;agit d&amp;#39;un best-seller\" src=\"https:\/\/m.media-amazon.com\/images\/S\/aplus-media-library-service-media\/9dacad7c-785a-472a-af39-c3df115f5ec2.__CR0,1,362,453_PT0_SX362_V1___.png\">  <\/p>\n<p>                                              <img decoding=\"async\" alt=\"Publicit\u00e9 pour des produits pharmaceutiques avec texte en fran\u00e7ais. L&amp;#39;arri\u00e8re-plan montre un cadre m\u00e9dical avec des \u00e9clairages op\u00e9ratoires. Met l&amp;#39;accent sur les ingr\u00e9dients de qualit\u00e9 et les tests de laboratoire.\" src=\"https:\/\/images-na.ssl-images-amazon.com\/images\/G\/01\/x-locale\/common\/grey-pixel.gif\" class=\"a-lazy-loaded\" data-src=\"https:\/\/m.media-amazon.com\/images\/S\/aplus-media-library-service-media\/82e571b2-fbf9-41b4-8327-69802232ad92.__CR0,1,362,453_PT0_SX362_V1___.png\"><img decoding=\"async\" alt=\"Publicit\u00e9 pour des produits pharmaceutiques avec texte en fran\u00e7ais. L&amp;#39;arri\u00e8re-plan montre un cadre m\u00e9dical avec des \u00e9clairages op\u00e9ratoires. Met l&amp;#39;accent sur les ingr\u00e9dients de qualit\u00e9 et les tests de laboratoire.\" src=\"https:\/\/m.media-amazon.com\/images\/S\/aplus-media-library-service-media\/82e571b2-fbf9-41b4-8327-69802232ad92.__CR0,1,362,453_PT0_SX362_V1___.png\">  <\/p>\n<p>                                              <img decoding=\"async\" alt=\"Sevens Nutrition\" src=\"https:\/\/images-na.ssl-images-amazon.com\/images\/G\/01\/x-locale\/common\/grey-pixel.gif\" class=\"a-lazy-loaded\" data-src=\"https:\/\/m.media-amazon.com\/images\/S\/aplus-media-library-service-media\/cd6ef573-c04b-464e-92df-38ff06385d85.__CR0,1,362,453_PT0_SX362_V1___.png\"><img decoding=\"async\" alt=\"Sevens Nutrition\" src=\"https:\/\/m.media-amazon.com\/images\/S\/aplus-media-library-service-media\/cd6ef573-c04b-464e-92df-38ff06385d85.__CR0,1,362,453_PT0_SX362_V1___.png\">  <\/p>\n<p>                                              <img decoding=\"async\" alt=\"Le texte se lit comme suit : \u00ab Le plus vendu... \u00bb \u00c9cran marketing avec fond sombre montrant des images de produits surlign\u00e9es en bleu.\" src=\"https:\/\/images-na.ssl-images-amazon.com\/images\/G\/01\/x-locale\/common\/grey-pixel.gif\" class=\"a-lazy-loaded\" data-src=\"https:\/\/m.media-amazon.com\/images\/S\/aplus-media-library-service-media\/a8ebb606-5aae-4079-9015-51c112e2835b.__CR0,1,362,453_PT0_SX362_V1___.png\"><img decoding=\"async\" alt=\"Le texte se lit comme suit : \u00ab Le plus vendu... \u00bb \u00c9cran marketing avec fond sombre montrant des images de produits surlign\u00e9es en bleu.\" src=\"https:\/\/m.media-amazon.com\/images\/S\/aplus-media-library-service-media\/a8ebb606-5aae-4079-9015-51c112e2835b.__CR0,1,362,453_PT0_SX362_V1___.png\">  <\/p>\n<p>                                              <img decoding=\"async\" alt=\"en noir et blanc affichant 7 ic\u00f4nes repr\u00e9sentant les piliers du bien-\u00eatre : Equilibre, Habitudes, Energie, ADN, Renouveau, Esprit et Relations. Chaque ic\u00f4ne poss\u00e8de une image symbolique et une \u00e9tiquette fran\u00e7aise.\" src=\"https:\/\/images-na.ssl-images-amazon.com\/images\/G\/01\/x-locale\/common\/grey-pixel.gif\" class=\"a-lazy-loaded\" data-src=\"https:\/\/m.media-amazon.com\/images\/S\/aplus-media-library-service-media\/a5c9cbf3-f8d1-4ade-ad7a-7f2e3566b182.__CR0,1,362,453_PT0_SX362_V1___.png\"><img decoding=\"async\" alt=\"en noir et blanc affichant 7 ic\u00f4nes repr\u00e9sentant les piliers du bien-\u00eatre : Equilibre, Habitudes, Energie, ADN, Renouveau, Esprit et Relations. Chaque ic\u00f4ne poss\u00e8de une image symbolique et une \u00e9tiquette fran\u00e7aise.\" src=\"https:\/\/m.media-amazon.com\/images\/S\/aplus-media-library-service-media\/a5c9cbf3-f8d1-4ade-ad7a-7f2e3566b182.__CR0,1,362,453_PT0_SX362_V1___.png\">  <\/p>\n<p>                                              <img decoding=\"async\" alt=\"aplus content image\" src=\"https:\/\/images-na.ssl-images-amazon.com\/images\/G\/01\/x-locale\/common\/grey-pixel.gif\" class=\"a-lazy-loaded\" data-src=\"https:\/\/m.media-amazon.com\/images\/S\/aplus-media-library-service-media\/d5314168-d2b2-4df0-898b-c97dab7a388a.__CR0,1,362,453_PT0_SX362_V1___.png\"><img decoding=\"async\" alt=\"aplus content image\" src=\"https:\/\/m.media-amazon.com\/images\/S\/aplus-media-library-service-media\/d5314168-d2b2-4df0-898b-c97dab7a388a.__CR0,1,362,453_PT0_SX362_V1___.png\">  <\/p>\n<p>                                              <img decoding=\"async\" alt=\"Fond noir avec texte blanc : \u00ab Abonne-toi et \u00e9conomie \u00bb. Ic\u00f4ne en forme de plus dans un cercle. Bascule en deux parties affichant les options de r\u00e9duction \u00ab 5 % \u00bb et \u00ab 10 % \u00bb.\" src=\"https:\/\/images-na.ssl-images-amazon.com\/images\/G\/01\/x-locale\/common\/grey-pixel.gif\" class=\"a-lazy-loaded\" data-src=\"https:\/\/m.media-amazon.com\/images\/S\/aplus-media-library-service-media\/a23cbf49-2051-4f11-b6de-f0daeb39d2e2.__CR0,1,362,453_PT0_SX362_V1___.png\"><img decoding=\"async\" alt=\"Fond noir avec texte blanc : \u00ab Abonne-toi et \u00e9conomie \u00bb. Ic\u00f4ne en forme de plus dans un cercle. Bascule en deux parties affichant les options de r\u00e9duction \u00ab 5 % \u00bb et \u00ab 10 % \u00bb.\" src=\"https:\/\/m.media-amazon.com\/images\/S\/aplus-media-library-service-media\/a23cbf49-2051-4f11-b6de-f0daeb39d2e2.__CR0,1,362,453_PT0_SX362_V1___.png\">  <\/p>\n<p>                                              <img decoding=\"async\" alt=\"aplus content image\" src=\"https:\/\/images-na.ssl-images-amazon.com\/images\/G\/01\/x-locale\/common\/grey-pixel.gif\" class=\"a-lazy-loaded\" data-src=\"https:\/\/m.media-amazon.com\/images\/S\/aplus-media-library-service-media\/0551f89e-f468-4a57-914a-a59e38b9ebd7.__CR0,1,362,453_PT0_SX362_V1___.png\"><img decoding=\"async\" alt=\"aplus content image\" src=\"https:\/\/m.media-amazon.com\/images\/S\/aplus-media-library-service-media\/0551f89e-f468-4a57-914a-a59e38b9ebd7.__CR0,1,362,453_PT0_SX362_V1___.png\">  <\/p>\n<p>                                              <img decoding=\"async\" alt=\"Le texte se lit comme suit : \u00ab Nouveaut\u00e9 ! \u00bb. Les images des produits montrent des contenants de suppl\u00e9ments de m\u00e9latonine g\u00e9lifi\u00e9s dans un emballage sombre avec une pr\u00e9sentation du produit illumin\u00e9e.\" src=\"https:\/\/images-na.ssl-images-amazon.com\/images\/G\/01\/x-locale\/common\/grey-pixel.gif\" class=\"a-lazy-loaded\" data-src=\"https:\/\/m.media-amazon.com\/images\/S\/aplus-media-library-service-media\/deabf70f-bec3-46d6-808e-bd3cd29a6088.__CR0,1,362,453_PT0_SX362_V1___.png\"><img decoding=\"async\" alt=\"Le texte se lit comme suit : \u00ab Nouveaut\u00e9 ! \u00bb. Les images des produits montrent des contenants de suppl\u00e9ments de m\u00e9latonine g\u00e9lifi\u00e9s dans un emballage sombre avec une pr\u00e9sentation du produit illumin\u00e9e.\" src=\"https:\/\/m.media-amazon.com\/images\/S\/aplus-media-library-service-media\/deabf70f-bec3-46d6-808e-bd3cd29a6088.__CR0,1,362,453_PT0_SX362_V1___.png\">  <\/p>\n<p>                                              <img decoding=\"async\" alt=\"Le texte se lit comme suit : \u00ab Nouveaut\u00e9 ! \u00bb Plusieurs pots de produits pr\u00e9sent\u00e9s, y compris des suppl\u00e9ments ou des produits de bien-\u00eatre dans des contenants bruns et blancs avec \u00e9tiquettes.\" src=\"https:\/\/images-na.ssl-images-amazon.com\/images\/G\/01\/x-locale\/common\/grey-pixel.gif\" class=\"a-lazy-loaded\" data-src=\"https:\/\/m.media-amazon.com\/images\/S\/aplus-media-library-service-media\/1bcafedd-56ce-421c-bea2-8aa13fcf1622.__CR0,1,362,453_PT0_SX362_V1___.png\"><img decoding=\"async\" alt=\"Le texte se lit comme suit : \u00ab Nouveaut\u00e9 ! \u00bb Plusieurs pots de produits pr\u00e9sent\u00e9s, y compris des suppl\u00e9ments ou des produits de bien-\u00eatre dans des contenants bruns et blancs avec \u00e9tiquettes.\" src=\"https:\/\/m.media-amazon.com\/images\/S\/aplus-media-library-service-media\/1bcafedd-56ce-421c-bea2-8aa13fcf1622.__CR0,1,362,453_PT0_SX362_V1___.png\">  <\/p>\n<p> Product Dimensions                                            \u200f                                            :                                            \u200e                                            4.5 x 4.5 x 8.8 cm; 37.8 g   <br \/> Manufacturer                                            \u200f                                            :                                            \u200e                                            BestYou Healthy S.L   <br \/> ASIN                                            \u200f                                            :                                            \u200e                                            B0DNN2PHTZ   <br \/> Manufacturer reference                                            \u200f                                            :                                            \u200e                                            ASTAXANTINA   <br \/> Country of origin                                            \u200f                                            :                                            \u200e                                            Spain   <br \/>  Customer reviews:                                                                                            4.2               4.2 out of 5 stars                                  (318)                                              var dpAcrHasRegisteredArcLinkClickAction;                    P.when(&#8216;A&#8217;, &#8216;ready&#8217;).execute(function(A) {                        if (dpAcrHasRegisteredArcLinkClickAction !== true) {                            dpAcrHasRegisteredArcLinkClickAction = true;                            A.declarative(                                &#8216;acrLink-click-metrics&#8217;, &#8216;click&#8217;,                                { &#8220;allowLinkDefault&#8221;: true },                                function (event) {                                    if (window.ue) {                                        ue.count(&#8220;acrLinkClickCount&#8221;, (ue.count(&#8220;acrLinkClickCount&#8221;) || 0) + 1);                                    }                                }                            );                        }                    });                                             P.when(&#8216;A&#8217;, &#8216;cf&#8217;).execute(function(A) {                A.declarative(&#8216;acrStarsLink-click-metrics&#8217;, &#8216;click&#8217;, { &#8220;allowLinkDefault&#8221; : true },  function(event){                    if(window.ue) {                        ue.count(&#8220;acrStarsLinkWithPopoverClickCount&#8221;, (ue.count(&#8220;acrStarsLinkWithPopoverClickCount&#8221;) || 0) + 1);                    }                });            });                          <br \/>\ufe0f ULTRA POWERFUL NATURAL ANTIOXIDANT &#8211; Formulated with Natural Astaxanthin Astapure and Coenzyme Q10, this supplement protects cells from oxidative stress, being up to 6000 times more powerful than vitamin C. Ideal for strengthening overall well-being.<br \/>VISUAL SUPPORT AND SKIN BEAUTY \u2013 Astaxanthin is known for its beneficial effects on eye health and skin appearance. It helps to maintain bright and healthy skin while relieving visual fatigue.<br \/>STRENGTHENING IMMUNE SYSTEM \u2013 Thanks to its antioxidant action synergistic with extra virgin olive oil, this supplement stimulates the immune system and contributes to a balanced inflammatory response for long-lasting immune support.<br \/>EXTRA VIRGIN OLIVE OIL FORMULA &#8211; Each softgel contains extra virgin olive oil for optimal nutrient absorption. A natural source of essential fatty acids, it perfectly complements the benefits of Astaxanthine.<br \/>WITH COENZYME Q10 FOR CELL ENERGY &#8211; Coenzyme Q10 works in synergy with Astaxanthin to support cellular energy production, improve vitality, cardiovascular function and fight daily fatigue.<\/p>\n\n","protected":false},"excerpt":{"rendered":"<p> From the brand Choisis le naturel Product Dimensions \u200f : \u200e 4.5 x 4.5 x 8.8 cm; 37.8 g Manufacturer \u200f : \u200e BestYou Healthy S.L ASIN \u200f : \u200e B0DNN2PHTZ Manufacturer reference \u200f : \u200e ASTAXANTINA Country of origin \u200f : \u200e Spain Customer reviews: 4.2 4.2 out of [&hellip;]<\/p>\n","protected":false},"featured_media":26829,"comment_status":"open","ping_status":"closed","template":"","meta":{"_gspb_post_css":"","om_disable_all_campaigns":false,"_monsterinsights_skip_tracking":false,"_monsterinsights_sitenote_active":false,"_monsterinsights_sitenote_note":"","_monsterinsights_sitenote_category":0},"store":[],"product_brand":[],"product_cat":[146],"product_tag":[295,340,6678,1468,1349,455,2410,294,272,260,243,989,990,1350,3109,176,1601,241],"class_list":{"0":"post-26828","1":"product","2":"type-product","3":"status-publish","4":"has-post-thumbnail","6":"product_cat-superaliments-verts","7":"product_tag-absorption","8":"product_tag-antioxidants","9":"product_tag-astapure","10":"product_tag-astaxanthin","11":"product_tag-coenzyme","12":"product_tag-extra","13":"product_tag-eyes","14":"product_tag-high","15":"product_tag-immunity","16":"product_tag-natural","17":"product_tag-oil","18":"product_tag-olive","19":"product_tag-powerful","20":"product_tag-q10","21":"product_tag-sevens","22":"product_tag-skin","23":"product_tag-softgels","24":"product_tag-virgin","26":"first","27":"instock","28":"shipping-taxable","29":"product-type-external"},"aioseo_notices":[],"jetpack_sharing_enabled":true,"_links":{"self":[{"href":"https:\/\/www.zolattitude.com\/index.php\/wp-json\/wp\/v2\/product\/26828","targetHints":{"allow":["GET"]}}],"collection":[{"href":"https:\/\/www.zolattitude.com\/index.php\/wp-json\/wp\/v2\/product"}],"about":[{"href":"https:\/\/www.zolattitude.com\/index.php\/wp-json\/wp\/v2\/types\/product"}],"replies":[{"embeddable":true,"href":"https:\/\/www.zolattitude.com\/index.php\/wp-json\/wp\/v2\/comments?post=26828"}],"wp:featuredmedia":[{"embeddable":true,"href":"https:\/\/www.zolattitude.com\/index.php\/wp-json\/wp\/v2\/media\/26829"}],"wp:attachment":[{"href":"https:\/\/www.zolattitude.com\/index.php\/wp-json\/wp\/v2\/media?parent=26828"}],"wp:term":[{"taxonomy":"store","embeddable":true,"href":"https:\/\/www.zolattitude.com\/index.php\/wp-json\/wp\/v2\/store?post=26828"},{"taxonomy":"product_brand","embeddable":true,"href":"https:\/\/www.zolattitude.com\/index.php\/wp-json\/wp\/v2\/product_brand?post=26828"},{"taxonomy":"product_cat","embeddable":true,"href":"https:\/\/www.zolattitude.com\/index.php\/wp-json\/wp\/v2\/product_cat?post=26828"},{"taxonomy":"product_tag","embeddable":true,"href":"https:\/\/www.zolattitude.com\/index.php\/wp-json\/wp\/v2\/product_tag?post=26828"}],"curies":[{"name":"wp","href":"https:\/\/api.w.org\/{rel}","templated":true}]}}