{"id":26838,"date":"2026-04-07T01:16:59","date_gmt":"2026-04-07T01:16:59","guid":{"rendered":"https:\/\/www.zolattitude.com\/index.php\/product\/nunu-trading-attivi-puri-crema-vitamina-c-acido-ferulico-50-ml\/"},"modified":"2026-04-07T01:17:05","modified_gmt":"2026-04-07T01:17:05","slug":"nunu-trading-attivi-puri-crema-vitamina-c-acido-ferulico-50-ml","status":"publish","type":"product","link":"https:\/\/www.zolattitude.com\/index.php\/product\/nunu-trading-attivi-puri-crema-vitamina-c-acido-ferulico-50-ml\/","title":{"rendered":"NUNU TRADING Attivi Puri Crema Vitamina C + \u00c1cido Fer\u00falico 50 ml"},"content":{"rendered":"<p>Price: <span style=\"color:#b12704\">\u20ac36.95<\/span><br \/><i><small>(as of Apr 07, 2026 01:16:59 UTC &#8211; <span class=\"wp_automatic_amazon_disclaimer\" title=\"Product prices and availability are accurate as of the date\/time indicated and are subject to change. Any price and availability information displayed on [relevant Amazon Site(s), as applicable] at the time of purchase will apply to the purchase of this product.\">Details<\/span>)<\/small><\/i><br \/><a href=\"https:\/\/amazon.fr\/dp\/B08KJL7Y8K?tag=onamzmoukoubl-21\"><img decoding=\"async\" src=\"https:\/\/valvepress.s3.amazonaws.com\/imgs\/buy_now.png\"><\/a><br \/>\n<\/p>\n<p>                                             From the brand   <\/p>\n<p>                                              <img decoding=\"async\" alt=\"\" src=\"https:\/\/images-na.ssl-images-amazon.com\/images\/G\/01\/x-locale\/common\/grey-pixel.gif\" class=\"a-lazy-loaded\" data-src=\"https:\/\/m.media-amazon.com\/images\/S\/aplus-media-library-service-media\/466f6a7b-ac88-4522-a1af-dd4e73888b86.__CR0,0,1464,625_PT0_SX1464_V1___.jpg\"><img decoding=\"async\" alt=\"\" src=\"https:\/\/m.media-amazon.com\/images\/S\/aplus-media-library-service-media\/466f6a7b-ac88-4522-a1af-dd4e73888b86.__CR0,0,1464,625_PT0_SX1464_V1___.jpg\">  <\/p>\n<h3> Collistar <\/h3>\n<p>                                              <img decoding=\"async\" alt=\"\" src=\"https:\/\/images-na.ssl-images-amazon.com\/images\/G\/01\/x-locale\/common\/grey-pixel.gif\" class=\"a-lazy-loaded\" data-src=\"https:\/\/m.media-amazon.com\/images\/S\/aplus-media-library-service-media\/1344d4f5-3c11-483f-8bee-fe5d1e7d40f8.__CR0,0,362,453_PT0_SX362_V1___.jpg\"><img decoding=\"async\" alt=\"\" src=\"https:\/\/m.media-amazon.com\/images\/S\/aplus-media-library-service-media\/1344d4f5-3c11-483f-8bee-fe5d1e7d40f8.__CR0,0,362,453_PT0_SX362_V1___.jpg\">  <\/p>\n<h3> Gouttes magiques <\/h3>\n<p> Une goutte suffit pour avoir un teint dor\u00e9 et lumineux toute l&#8217;ann\u00e9e. <\/p>\n<h3> Visit our Store <\/h3>\n<p class=\"apm-brand-story-stores-link\">\n<p>                                              <img decoding=\"async\" alt=\"\" src=\"https:\/\/images-na.ssl-images-amazon.com\/images\/G\/01\/x-locale\/common\/grey-pixel.gif\" class=\"a-lazy-loaded\" data-src=\"https:\/\/m.media-amazon.com\/images\/S\/aplus-media-library-service-media\/239cb928-6156-4132-a37c-588c5078f82b.__CR0,0,362,453_PT0_SX362_V1___.jpg\"><img decoding=\"async\" alt=\"\" src=\"https:\/\/m.media-amazon.com\/images\/S\/aplus-media-library-service-media\/239cb928-6156-4132-a37c-588c5078f82b.__CR0,0,362,453_PT0_SX362_V1___.jpg\">  <\/p>\n<h3> visage <\/h3>\n<p> Un geste suffit pour exalter l&#8217;unicit\u00e9 de votre peau. <\/p>\n<h3> Visit our Store <\/h3>\n<p class=\"apm-brand-story-stores-link\">\n<p>                                              <img decoding=\"async\" alt=\"\" src=\"https:\/\/images-na.ssl-images-amazon.com\/images\/G\/01\/x-locale\/common\/grey-pixel.gif\" class=\"a-lazy-loaded\" data-src=\"https:\/\/m.media-amazon.com\/images\/S\/aplus-media-library-service-media\/69e4e89b-6553-47c2-aac7-a516ba186dbf.__CR0,0,362,453_PT0_SX362_V1___.jpg\"><img decoding=\"async\" alt=\"\" src=\"https:\/\/m.media-amazon.com\/images\/S\/aplus-media-library-service-media\/69e4e89b-6553-47c2-aac7-a516ba186dbf.__CR0,0,362,453_PT0_SX362_V1___.jpg\">  <\/p>\n<h3> corps <\/h3>\n<p> Un geste suffit pour exalter l&#8217;unicit\u00e9 de votre corps. <\/p>\n<h3> Visit our Store <\/h3>\n<p class=\"apm-brand-story-stores-link\">\n<p>                                              <img decoding=\"async\" alt=\"\" src=\"https:\/\/images-na.ssl-images-amazon.com\/images\/G\/01\/x-locale\/common\/grey-pixel.gif\" class=\"a-lazy-loaded\" data-src=\"https:\/\/m.media-amazon.com\/images\/S\/aplus-media-library-service-media\/490e630b-42ab-4fe0-ba2e-31c793eb3f36.__CR0,0,362,453_PT0_SX362_V1___.jpg\"><img decoding=\"async\" alt=\"\" src=\"https:\/\/m.media-amazon.com\/images\/S\/aplus-media-library-service-media\/490e630b-42ab-4fe0-ba2e-31c793eb3f36.__CR0,0,362,453_PT0_SX362_V1___.jpg\">  <\/p>\n<h3> Homme <\/h3>\n<p> Un geste suffit pour mettre en valeur votre style au quotidien. <\/p>\n<h3> Visit our Store <\/h3>\n<p class=\"apm-brand-story-stores-link\">\n<p>                                              <img decoding=\"async\" alt=\"\" src=\"https:\/\/images-na.ssl-images-amazon.com\/images\/G\/01\/x-locale\/common\/grey-pixel.gif\" class=\"a-lazy-loaded\" data-src=\"https:\/\/m.media-amazon.com\/images\/S\/aplus-media-library-service-media\/452356ad-cb82-4d8c-94c9-0a298154472d.__CR0,0,362,453_PT0_SX362_V1___.jpg\"><img decoding=\"async\" alt=\"\" src=\"https:\/\/m.media-amazon.com\/images\/S\/aplus-media-library-service-media\/452356ad-cb82-4d8c-94c9-0a298154472d.__CR0,0,362,453_PT0_SX362_V1___.jpg\">  <\/p>\n<h3> Make Up <\/h3>\n<p> Un geste suffit pour vous sentir dans toutes vos nuances. <\/p>\n<h3> Visit our Store <\/h3>\n<p class=\"apm-brand-story-stores-link\">\n<p>                                              <img decoding=\"async\" alt=\"\" src=\"https:\/\/images-na.ssl-images-amazon.com\/images\/G\/01\/x-locale\/common\/grey-pixel.gif\" class=\"a-lazy-loaded\" data-src=\"https:\/\/m.media-amazon.com\/images\/S\/aplus-media-library-service-media\/2a69be96-a11b-4208-a6e1-430cb0ae236f.__CR0,0,362,453_PT0_SX362_V1___.jpg\"><img decoding=\"async\" alt=\"\" src=\"https:\/\/m.media-amazon.com\/images\/S\/aplus-media-library-service-media\/2a69be96-a11b-4208-a6e1-430cb0ae236f.__CR0,0,362,453_PT0_SX362_V1___.jpg\">  <\/p>\n<h3> solaires <\/h3>\n<p> Un geste suffit pour profiter du soleil s\u00fbr et prot\u00e9g\u00e9 <\/p>\n<h3> Visit our Store <\/h3>\n<p class=\"apm-brand-story-stores-link\">\n<p>                                              <img decoding=\"async\" alt=\"\" src=\"https:\/\/images-na.ssl-images-amazon.com\/images\/G\/01\/x-locale\/common\/grey-pixel.gif\" class=\"a-lazy-loaded\" data-src=\"https:\/\/m.media-amazon.com\/images\/S\/aplus-media-library-service-media\/63288006-5b1e-46e5-ad41-079480a10e48.__CR0,0,315,145_PT0_SX315_V1___.jpg\"><img decoding=\"async\" alt=\"\" src=\"https:\/\/m.media-amazon.com\/images\/S\/aplus-media-library-service-media\/63288006-5b1e-46e5-ad41-079480a10e48.__CR0,0,315,145_PT0_SX315_V1___.jpg\">  <\/p>\n<p> Notre claim est une invitation \u00e0 adopter une approche de la beaut\u00e9 sans effort, exempte de sch\u00e9mas et de diktat qui nous sont impos\u00e9s par le contexte social et les m\u00e9dias. Nous proposons de red\u00e9couvrir ce \u00ab ce qu&#8217;il suffit \u00bb connatur\u00e9 dans le style des femmes italiennes, qui, avec une touche et les bons produits, peuvent vraiment \u00eatre et se sentir belle, ainsi que plus heureux. <\/p>\n<p> Batteries                                            \u200f                                            :                                            \u200e                                            1 A batteries required.   <br \/> Is discontinued by manufacturer                                            \u200f                                            :                                            \u200e                                            No   <br \/> Language                                            \u200f                                            :                                            \u200e                                            Italian   <br \/> Product Dimensions                                            \u200f                                            :                                            \u200e                                            8 x 8 x 8.4 cm; 230 g   <br \/> Date First Available                                            \u200f                                            :                                            \u200e                                            3 Oct. 2020   <br \/> Manufacturer                                            \u200f                                            :                                            \u200e                                            NUNU TRADING   <br \/> ASIN                                            \u200f                                            :                                            \u200e                                            B08KJL7Y8K   <br \/> Item model number                                            \u200f                                            :                                            \u200e                                            8015150218702   <br \/> Country of origin                                            \u200f                                            :                                            \u200e                                            Spain   <br \/>       Best Sellers Rank:  249,294 in Beauty (See Top 100 in Beauty)    10,343 in Day Creams      <br \/>  Customer reviews:                                                                                            4.4               4.4 out of 5 stars                                  (189)                                              var dpAcrHasRegisteredArcLinkClickAction;                    P.when(&#8216;A&#8217;, &#8216;ready&#8217;).execute(function(A) {                        if (dpAcrHasRegisteredArcLinkClickAction !== true) {                            dpAcrHasRegisteredArcLinkClickAction = true;                            A.declarative(                                &#8216;acrLink-click-metrics&#8217;, &#8216;click&#8217;,                                { &#8220;allowLinkDefault&#8221;: true },                                function (event) {                                    if (window.ue) {                                        ue.count(&#8220;acrLinkClickCount&#8221;, (ue.count(&#8220;acrLinkClickCount&#8221;) || 0) + 1);                                    }                                }                            );                        }                    });                                             P.when(&#8216;A&#8217;, &#8216;cf&#8217;).execute(function(A) {                A.declarative(&#8216;acrStarsLink-click-metrics&#8217;, &#8216;click&#8217;, { &#8220;allowLinkDefault&#8221; : true },  function(event){                    if(window.ue) {                        ue.count(&#8220;acrStarsLinkWithPopoverClickCount&#8221;, (ue.count(&#8220;acrStarsLinkWithPopoverClickCount&#8221;) || 0) + 1);                    }                });            });                          <br \/>NUNU TRADING Attivi Puri Crema Vitamina C + \u00c1cido Fer\u00falico 50 M &#8211; Genuine Skin Moisturiser Product,<br \/>Ideal for travel, provides immediate benefit,<br \/>Brings a sense of elegance to every use<br \/>Convenient size, high quality, easy to use and carry,<br \/>NUNU TRADING sustainable settlement with an elegant twist,<\/p>\n\n","protected":false},"excerpt":{"rendered":"<p> From the brand Collistar Gouttes magiques Une goutte suffit pour avoir un teint dor\u00e9 et lumineux toute l&#8217;ann\u00e9e. Visit our Store visage Un geste suffit pour exalter l&#8217;unicit\u00e9 de votre peau. Visit our Store corps Un geste suffit pour exalter l&#8217;unicit\u00e9 de votre corps. Visit our Store Homme Un geste [&hellip;]<\/p>\n","protected":false},"featured_media":26839,"comment_status":"open","ping_status":"closed","template":"","meta":{"_gspb_post_css":"","om_disable_all_campaigns":false,"_monsterinsights_skip_tracking":false,"_monsterinsights_sitenote_active":false,"_monsterinsights_sitenote_note":"","_monsterinsights_sitenote_category":0},"store":[],"product_brand":[],"product_cat":[143],"product_tag":[6684,6681,6683,6685,6679,6682,6680,1753],"class_list":{"0":"post-26838","1":"product","2":"type-product","3":"status-publish","4":"has-post-thumbnail","6":"product_cat-mineraux","7":"product_tag-acido","8":"product_tag-attivi","9":"product_tag-crema","10":"product_tag-ferulico","11":"product_tag-nunu","12":"product_tag-puri","13":"product_tag-trading","14":"product_tag-vitamina","16":"first","17":"instock","18":"shipping-taxable","19":"product-type-external"},"aioseo_notices":[],"jetpack_sharing_enabled":true,"_links":{"self":[{"href":"https:\/\/www.zolattitude.com\/index.php\/wp-json\/wp\/v2\/product\/26838","targetHints":{"allow":["GET"]}}],"collection":[{"href":"https:\/\/www.zolattitude.com\/index.php\/wp-json\/wp\/v2\/product"}],"about":[{"href":"https:\/\/www.zolattitude.com\/index.php\/wp-json\/wp\/v2\/types\/product"}],"replies":[{"embeddable":true,"href":"https:\/\/www.zolattitude.com\/index.php\/wp-json\/wp\/v2\/comments?post=26838"}],"wp:featuredmedia":[{"embeddable":true,"href":"https:\/\/www.zolattitude.com\/index.php\/wp-json\/wp\/v2\/media\/26839"}],"wp:attachment":[{"href":"https:\/\/www.zolattitude.com\/index.php\/wp-json\/wp\/v2\/media?parent=26838"}],"wp:term":[{"taxonomy":"store","embeddable":true,"href":"https:\/\/www.zolattitude.com\/index.php\/wp-json\/wp\/v2\/store?post=26838"},{"taxonomy":"product_brand","embeddable":true,"href":"https:\/\/www.zolattitude.com\/index.php\/wp-json\/wp\/v2\/product_brand?post=26838"},{"taxonomy":"product_cat","embeddable":true,"href":"https:\/\/www.zolattitude.com\/index.php\/wp-json\/wp\/v2\/product_cat?post=26838"},{"taxonomy":"product_tag","embeddable":true,"href":"https:\/\/www.zolattitude.com\/index.php\/wp-json\/wp\/v2\/product_tag?post=26838"}],"curies":[{"name":"wp","href":"https:\/\/api.w.org\/{rel}","templated":true}]}}