{"id":26845,"date":"2026-04-07T01:21:07","date_gmt":"2026-04-07T01:21:07","guid":{"rendered":"https:\/\/www.zolattitude.com\/index.php\/product\/nutri-vegan-multinutrients-vitamins-minerals-vegan-essentials-60-capsules-complete-preparation-daily-multivitamin-with-vitamin-b12-d3-iron-selenium-choline\/"},"modified":"2026-04-07T01:21:16","modified_gmt":"2026-04-07T01:21:16","slug":"nutri-vegan-multinutrients-vitamins-minerals-vegan-essentials-60-capsules-complete-preparation-daily-multivitamin-with-vitamin-b12-d3-iron-selenium-choline","status":"publish","type":"product","link":"https:\/\/www.zolattitude.com\/index.php\/product\/nutri-vegan-multinutrients-vitamins-minerals-vegan-essentials-60-capsules-complete-preparation-daily-multivitamin-with-vitamin-b12-d3-iron-selenium-choline\/","title":{"rendered":"Nutri + Vegan Multinutrients &#8211; Vitamins &#038; Minerals &#8211; Vegan Essentials 60 Capsules &#8211; Complete Preparation &#8211; Daily Multivitamin with Vitamin B12 D3 Iron Selenium Choline"},"content":{"rendered":"<p>Price: <span style=\"color:#b12704\">\u20ac12.99<\/span><br \/><i><small>(as of Apr 07, 2026 01:21:08 UTC &#8211; <span class=\"wp_automatic_amazon_disclaimer\" title=\"Product prices and availability are accurate as of the date\/time indicated and are subject to change. Any price and availability information displayed on [relevant Amazon Site(s), as applicable] at the time of purchase will apply to the purchase of this product.\">Details<\/span>)<\/small><\/i><br \/><a href=\"https:\/\/amazon.fr\/dp\/B08CDXZDNP?tag=onamzmoukoubl-21\"><img decoding=\"async\" src=\"https:\/\/valvepress.s3.amazonaws.com\/imgs\/buy_now.png\"><\/a><br \/>\n<\/p>\n<p>                                             Product Description   <\/p>\n<p>                                                                             <img decoding=\"async\" alt=\"vegan essentials vitamines min\u00e9raux essentiels v\u00e9g\u00e9talien-ne sans gluten sans g\u00e9latine v\u00e9gan\" src=\"https:\/\/images-na.ssl-images-amazon.com\/images\/G\/01\/x-locale\/common\/grey-pixel.gif\" class=\"a-spacing-base a-lazy-loaded\" data-src=\"https:\/\/m.media-amazon.com\/images\/S\/aplus-media-library-service-media\/44682851-5b58-4671-b93f-9ee1bba5d93a.__CR0,0,970,600_PT0_SX970_V1___.jpg\"><img decoding=\"async\" alt=\"vegan essentials vitamines min\u00e9raux essentiels v\u00e9g\u00e9talien-ne sans gluten sans g\u00e9latine v\u00e9gan\" src=\"https:\/\/m.media-amazon.com\/images\/S\/aplus-media-library-service-media\/44682851-5b58-4671-b93f-9ee1bba5d93a.__CR0,0,970,600_PT0_SX970_V1___.jpg\">                                                                    <\/p>\n<p>                                                  <img decoding=\"async\" alt=\"v\u00e9gan vegan v\u00e9g\u00e9talien essentials nutriments essentiels b12 d3 k2 iode choline capsules g\u00e9lules\" src=\"https:\/\/images-na.ssl-images-amazon.com\/images\/G\/01\/x-locale\/common\/grey-pixel.gif\" class=\"a-lazy-loaded\" data-src=\"https:\/\/m.media-amazon.com\/images\/S\/aplus-media-library-service-media\/9d761e39-1a86-4c43-968c-9969b2044e08.__CR0,0,300,300_PT0_SX300_V1___.jpg\"><img decoding=\"async\" alt=\"v\u00e9gan vegan v\u00e9g\u00e9talien essentials nutriments essentiels b12 d3 k2 iode choline capsules g\u00e9lules\" src=\"https:\/\/m.media-amazon.com\/images\/S\/aplus-media-library-service-media\/9d761e39-1a86-4c43-968c-9969b2044e08.__CR0,0,300,300_PT0_SX300_V1___.jpg\">  <\/p>\n<h3 class=\"a-spacing-mini\"> Vegan Essentials Capsules &#8211; Pr\u00e9paration de A \u00e0 Z pour une alimentation v\u00e9g\u00e9talienne <\/h3>\n<p> Notre nutri+ Vegan Essentials Capsules est un compl\u00e9ment alimentaire destin\u00e9 \u00e0 soutenir les personnes qui suivent un r\u00e9gime v\u00e9g\u00e9talien ou v\u00e9g\u00e9tarien. En effet, le fait de ne pas consommer d&#8217;aliments d&#8217;origine animale peut augmenter le risque d&#8217;un apport insuffisant en certains nutriments. <\/p>\n<\/p>\n<p>60 capsules hautement dos\u00e9es et faciles \u00e0 avalerid\u00e9al en cas d&#8217;alimentation v\u00e9g\u00e9talienne ou v\u00e9g\u00e9tarienneavec 9 vitamines et min\u00e9raux importants ainsi que de la cholineavec des vitamines B2, B12, D et K2 ainsi que du zinc, du fer, du calcium, du s\u00e9l\u00e9nium, de l&#8217;iode et de la choline      <\/p>\n<p> Remarque : en raison de la choline qu&#8217;il contient, le produit pr\u00e9sente une l\u00e9g\u00e8re odeur de poisson. Ceci est normal et ne pr\u00e9sente aucun risque. <\/p>\n<p class=\"apm-text-center\">\n                                                      <img decoding=\"async\" alt=\"mobilit\u00e9 jambes genoux articulations muscles cartilage v\u00e9g\u00e9tal capsules comprim\u00e9s v\u00e9g\u00e9talien\" src=\"https:\/\/images-na.ssl-images-amazon.com\/images\/G\/01\/x-locale\/common\/grey-pixel.gif\" class=\"a-spacing-mini a-lazy-loaded\" data-src=\"https:\/\/m.media-amazon.com\/images\/S\/aplus-media-library-service-media\/23f72e52-4a4a-4805-b1bc-8c12d1a718f3.__CR0,0,300,300_PT0_SX300_V1___.jpg\"><\/p>\n<p><img decoding=\"async\" alt=\"mobilit\u00e9 jambes genoux articulations muscles cartilage v\u00e9g\u00e9tal capsules comprim\u00e9s v\u00e9g\u00e9talien\" src=\"https:\/\/m.media-amazon.com\/images\/S\/aplus-media-library-service-media\/23f72e52-4a4a-4805-b1bc-8c12d1a718f3.__CR0,0,300,300_PT0_SX300_V1___.jpg\"><br \/>\n                                                    Combinaison de micronutriments v\u00e9g\u00e9taliens                                       <\/p>\n<p> Les vitamines B sont n\u00e9cessaires au m\u00e9tabolisme nerveux et \u00e0 la production de neurotransmetteurs dans le cerveau. <\/p>\n<p> Le zinc joue un r\u00f4le important dans la division cellulaire et contribue au fonctionnement normal du syst\u00e8me immunitaire. <\/p>\n<p> L&#8217;iode est n\u00e9cessaire \u00e0 la production des hormones thyro\u00efdiennes et est \u00e9galement important pour le cerveau et le syst\u00e8me nerveux. <\/p>\n<p> Remarque : en raison de la pr\u00e9sence de choline, le produit a une l\u00e9g\u00e8re odeur qui rappelle celle du poisson. Ceci est normal et ne pr\u00e9sente aucun risque. <\/p>\n<p class=\"apm-text-center\">\n                                                      <img decoding=\"async\" alt=\"capsules vitamines min\u00e9raux calcium iode s\u00e9l\u00e9nium zinc vitamine c vitamine b12 vitamine d v\u00e9gan\" src=\"https:\/\/images-na.ssl-images-amazon.com\/images\/G\/01\/x-locale\/common\/grey-pixel.gif\" class=\"a-spacing-mini a-lazy-loaded\" data-src=\"https:\/\/m.media-amazon.com\/images\/S\/aplus-media-library-service-media\/da5a9d41-000d-4bf6-ab87-9502ddab3504.__CR0,0,300,300_PT0_SX300_V1___.jpg\"><\/p>\n<p><img decoding=\"async\" alt=\"capsules vitamines min\u00e9raux calcium iode s\u00e9l\u00e9nium zinc vitamine c vitamine b12 vitamine d v\u00e9gan\" src=\"https:\/\/m.media-amazon.com\/images\/S\/aplus-media-library-service-media\/da5a9d41-000d-4bf6-ab87-9502ddab3504.__CR0,0,300,300_PT0_SX300_V1___.jpg\"><br \/>\n                                                    Hautement dos\u00e9 et efficace                                       <\/p>\n<p> Le s\u00e9l\u00e9nium contribue au fonctionnement normal du syst\u00e8me immunitaire et prot\u00e8ge les cellules contre le stress oxydatif. Tout comme l&#8217;iode, il est \u00e9galement important pour une fonction thyro\u00efdienne normale. <\/p>\n<p> La vitamine D contribue au fonctionnement normal du syst\u00e8me immunitaire. Le calcium est le principal mat\u00e9riau de construction des os. La vitamine D favorise l&#8217;absorption du calcium provenant de l&#8217;alimentation ainsi que son int\u00e9gration dans les os. <\/p>\n<p> Le fer est un composant de l&#8217;h\u00e9moglobine, la prot\u00e9ine qui transporte l&#8217;oxyg\u00e8ne dans les globules rouges. Comme il est responsable du transport de l&#8217;oxyg\u00e8ne dans le sang, il contribue \u00e0 r\u00e9duire la fatigue et l&#8217;\u00e9puisement. <\/p>\n<p class=\"apm-text-center\">\n                                                      <img decoding=\"async\" alt=\"capsules vitamines min\u00e9raux calcium iode s\u00e9l\u00e9nium zinc vitamine c vitamine b12 vitamine d v\u00e9gan\" src=\"https:\/\/images-na.ssl-images-amazon.com\/images\/G\/01\/x-locale\/common\/grey-pixel.gif\" class=\"a-spacing-mini a-lazy-loaded\" data-src=\"https:\/\/m.media-amazon.com\/images\/S\/aplus-media-library-service-media\/8ffb566e-73fa-4ae1-bf0c-671ea94df444.__CR0,0,300,300_PT0_SX300_V1___.jpg\"><\/p>\n<p><img decoding=\"async\" alt=\"capsules vitamines min\u00e9raux calcium iode s\u00e9l\u00e9nium zinc vitamine c vitamine b12 vitamine d v\u00e9gan\" src=\"https:\/\/m.media-amazon.com\/images\/S\/aplus-media-library-service-media\/8ffb566e-73fa-4ae1-bf0c-671ea94df444.__CR0,0,300,300_PT0_SX300_V1___.jpg\"><br \/>\n                                                    Qualit\u00e9 exceptionelle                                       <\/p>\n<p> Nutri+ est synonyme de nutrition fitness et de compl\u00e9ments sportifs de haute qualit\u00e9 pour rendre les entra\u00eenements encore plus efficaces et vous soutenir dans vos objectifs de mani\u00e8re v\u00e9g\u00e9talienne. <\/p>\n<p> Nos produits sont d\u00e9velopp\u00e9s et fabriqu\u00e9s par des nutritionnistes selon les normes de qualit\u00e9 les plus strictes (IFS\/GMP). Nous ne s\u00e9lectionnons que des mati\u00e8res premi\u00e8res qui nous convainquent \u00e0 100% en termes de qualit\u00e9, de puret\u00e9 et de s\u00e9curit\u00e9 du produit. En outre, ils sont valid\u00e9s par des laboratoires ind\u00e9pendants pour assurer leur s\u00e9curit\u00e9, leur qualit\u00e9 et leur puret\u00e9. <\/p>\n<p>                                                  <img decoding=\"async\" alt=\"sportif compl\u00e9ments alimentaire vitamines min\u00e9raux carnitine cr\u00e9atine bcaa eaa acides amin\u00e9s v\u00e9gan\" src=\"https:\/\/images-na.ssl-images-amazon.com\/images\/G\/01\/x-locale\/common\/grey-pixel.gif\" class=\"a-lazy-loaded\" data-src=\"https:\/\/m.media-amazon.com\/images\/S\/aplus-media-library-service-media\/70b1651a-0722-4a9b-9d36-84a028023633.__CR0,0,970,300_PT0_SX970_V1___.jpg\"><img decoding=\"async\" alt=\"sportif compl\u00e9ments alimentaire vitamines min\u00e9raux carnitine cr\u00e9atine bcaa eaa acides amin\u00e9s v\u00e9gan\" src=\"https:\/\/m.media-amazon.com\/images\/S\/aplus-media-library-service-media\/70b1651a-0722-4a9b-9d36-84a028023633.__CR0,0,970,300_PT0_SX970_V1___.jpg\">  <\/p>\n<p>                                                  <img decoding=\"async\" alt=\"nutrition sport fitness musculation vegan v\u00e9g\u00e9talien protein\" src=\"https:\/\/images-na.ssl-images-amazon.com\/images\/G\/01\/x-locale\/common\/grey-pixel.gif\" class=\"a-lazy-loaded\" data-src=\"https:\/\/m.media-amazon.com\/images\/S\/aplus-media-library-service-media\/f72583ff-fb50-4adf-86e8-5161cf935e6e.__CR0,0,300,300_PT0_SX300_V1___.png\"><img decoding=\"async\" alt=\"nutrition sport fitness musculation vegan v\u00e9g\u00e9talien protein\" src=\"https:\/\/m.media-amazon.com\/images\/S\/aplus-media-library-service-media\/f72583ff-fb50-4adf-86e8-5161cf935e6e.__CR0,0,300,300_PT0_SX300_V1___.png\">  <\/p>\n<h3 class=\"a-spacing-mini\"> Utilisez la force des plantes ! <\/h3>\n<p> De plus en plus d\u2019athl\u00e8tes suivent un r\u00e9gime v\u00e9g\u00e9talien. Depuis longtemps, l\u2019alimentation v\u00e9g\u00e9tale est plus qu\u2019une mode passag\u00e8re. Souhaitez-vous d\u2019am\u00e9liorer votre sant\u00e9 et augmenter votre vitalit\u00e9? Nous vous aiderons \u00e0 cet effet avec des conseils pr\u00e9cieux autour du th\u00e8me de l\u2019alimentation (sportive) v\u00e9g\u00e9talienne, de la forme physique et de la sant\u00e9. Nos suppl\u00e9ments alimentaires sont con\u00e7us sp\u00e9cifiquement pour l\u2019alimentation sportive v\u00e9g\u00e9talienne afin de vous aider \u00e0 obtenir les meilleurs r\u00e9sultats possibles de votre entra\u00eenement. <\/p>\n<p>                                                  <img decoding=\"async\" alt=\"nutrition sport fitness vegan v\u00e9g\u00e9talien musculation\" src=\"https:\/\/images-na.ssl-images-amazon.com\/images\/G\/01\/x-locale\/common\/grey-pixel.gif\" class=\"a-spacing-mini a-lazy-loaded\" data-src=\"https:\/\/m.media-amazon.com\/images\/S\/aplus-media-library-service-media\/d475ae47-50b1-4a36-818d-22cf76e46991.__CR0,0,300,300_PT0_SX300_V1___.png\"><img decoding=\"async\" alt=\"nutrition sport fitness vegan v\u00e9g\u00e9talien musculation\" src=\"https:\/\/m.media-amazon.com\/images\/S\/aplus-media-library-service-media\/d475ae47-50b1-4a36-818d-22cf76e46991.__CR0,0,300,300_PT0_SX300_V1___.png\">  <\/p>\n<h3 class=\"a-spacing-mini\"> Notre philosophie d\u2019entreprise <\/h3>\n<p> Avec nos produits nutri+, nous r\u00e9pondons sp\u00e9cifiquement aux besoins des personnes v\u00e9g\u00e9tariennes et v\u00e9g\u00e9taliennes. Pour nous, la passion pour le mode de vie v\u00e9g\u00e9talien et sportif est une conviction v\u00e9cue- sur le plan professionnel comme priv\u00e9. Par cons\u00e9quent, nous poursuivons l\u2019objectif d\u2019\u00e9duquer les gens des avantages d\u2019un mode de vie v\u00e9g\u00e9talien et de les inciter \u00e0 l\u2019adopter. <\/p>\n<p>                         Add To Basket  <\/p>\n<p>                         Add To Basket  <\/p>\n<p>                         Add To Basket  <\/p>\n<p>                         Add To Basket  <\/p>\n<p>                         Add To Basket  <\/p>\n<p>                         Add To Basket  <\/p>\n<p>                             Customer Reviews  <\/p>\n<p>                    4.4 out of 5 stars  556  <\/p>\n<p>                    4.4 out of 5 stars  109  <\/p>\n<p>                    4.2 out of 5 stars  236  <\/p>\n<p>                    4.5 out of 5 stars  282  <\/p>\n<p>                    4.5 out of 5 stars  166  <\/p>\n<p>                    3.8 out of 5 stars  280  <\/p>\n<p>                             Price  <\/p>\n<p>                                    \u20ac12.99\u20ac12.99                  \u20ac24.99\u20ac24.99                  \u20ac24.99\u20ac24.99                  \u20ac19.99\u20ac19.99                  \u20ac19.99\u20ac19.99                  \u20ac12.99\u20ac12.99        <\/p>\n<p>                             Forme<br \/>\n                                Pastilles               Capsules               Capsules               Capsules               Capsules               Capsules        <\/p>\n<p> Product Dimensions                                            \u200f                                            :                                            \u200e                                            4 x 4 x 8 cm; 48.4 g   <br \/> Manufacturer                                            \u200f                                            :                                            \u200e                                            Nutrition-Plus Germany   <br \/> ASIN                                            \u200f                                            :                                            \u200e                                            B08CDXZDNP   <br \/> Manufacturer reference                                            \u200f                                            :                                            \u200e                                            1   <br \/> Country of origin                                            \u200f                                            :                                            \u200e                                            Germany   <br \/>  Customer reviews:                                                                                            4.2               4.2 out of 5 stars                                  (68)                                              var dpAcrHasRegisteredArcLinkClickAction;                    P.when(&#8216;A&#8217;, &#8216;ready&#8217;).execute(function(A) {                        if (dpAcrHasRegisteredArcLinkClickAction !== true) {                            dpAcrHasRegisteredArcLinkClickAction = true;                            A.declarative(                                &#8216;acrLink-click-metrics&#8217;, &#8216;click&#8217;,                                { &#8220;allowLinkDefault&#8221;: true },                                function (event) {                                    if (window.ue) {                                        ue.count(&#8220;acrLinkClickCount&#8221;, (ue.count(&#8220;acrLinkClickCount&#8221;) || 0) + 1);                                    }                                }                            );                        }                    });                                             P.when(&#8216;A&#8217;, &#8216;cf&#8217;).execute(function(A) {                A.declarative(&#8216;acrStarsLink-click-metrics&#8217;, &#8216;click&#8217;, { &#8220;allowLinkDefault&#8221; : true },  function(event){                    if(window.ue) {                        ue.count(&#8220;acrStarsLinkWithPopoverClickCount&#8221;, (ue.count(&#8220;acrStarsLinkWithPopoverClickCount&#8221;) || 0) + 1);                    }                });            });                          <br \/>\u2714\ufe0f HIGHLY DOSED: Combination of different effective micronutrients to support the vegan diet &#8211; Vegan vitamin A-Z preparation to take daily &#8211; 2 month supplement<br \/>\u2714\ufe0f QUALITY: Complex of vital substances with iron to help reduce fatigue &#8211; Calcium and vitamin D to contribute to normal bones &#8211; B12 to contribute to a normal energy metabolism &#8211; Zinc to contribute to normal skin, hair and nails<br \/>\u2714\ufe0f VEGETALIAN: Contains vitamins D3, B2, B12, calcium, iron, zinc, iodine, selenium and vegan choline &#8211; Vegan Vitamins with deposition effect &#8211; Minerals &#038; trace elements without magnesium stearate<br \/>\u2714\ufe0f Product safety: developed by nutritionists &#8211; food supplement\/vital substances produced in Germany according to the highest quality standards &#8211; ISO 9001, HACCP and GMP &#8211; disposable PET box<br \/>\u2714\ufe0fInstructions: Take 1 cap HPMC plant per day with enough water &#8211; ideally take the dietary supplement in the morning &#8211; Multivitamin complex for men, women &#038; children<\/p>\n\n","protected":false},"excerpt":{"rendered":"<p> Product Description Vegan Essentials Capsules &#8211; Pr\u00e9paration de A \u00e0 Z pour une alimentation v\u00e9g\u00e9talienne Notre nutri+ Vegan Essentials Capsules est un compl\u00e9ment alimentaire destin\u00e9 \u00e0 soutenir les personnes qui suivent un r\u00e9gime v\u00e9g\u00e9talien ou v\u00e9g\u00e9tarien. En effet, le fait de ne pas consommer d&#8217;aliments d&#8217;origine animale peut augmenter le [&hellip;]<\/p>\n","protected":false},"featured_media":26846,"comment_status":"open","ping_status":"closed","template":"","meta":{"_gspb_post_css":"","om_disable_all_campaigns":false,"_monsterinsights_skip_tracking":false,"_monsterinsights_sitenote_active":false,"_monsterinsights_sitenote_note":"","_monsterinsights_sitenote_category":0},"store":[],"product_brand":[],"product_cat":[142],"product_tag":[1022,198,1398,2426,948,202,279,265,6686,266,546,930,192,261,178,274],"class_list":{"0":"post-26845","1":"product","2":"type-product","3":"status-publish","4":"has-post-thumbnail","6":"product_cat-multivitamines","7":"product_tag-b12","8":"product_tag-capsules","9":"product_tag-choline","10":"product_tag-complete","11":"product_tag-daily","12":"product_tag-essentials","13":"product_tag-iron","14":"product_tag-minerals","15":"product_tag-multinutrients","16":"product_tag-multivitamin","17":"product_tag-nutri","18":"product_tag-preparation","19":"product_tag-selenium","20":"product_tag-vegan","21":"product_tag-vitamin","22":"product_tag-vitamins","24":"first","25":"instock","26":"shipping-taxable","27":"product-type-external"},"aioseo_notices":[],"jetpack_sharing_enabled":true,"_links":{"self":[{"href":"https:\/\/www.zolattitude.com\/index.php\/wp-json\/wp\/v2\/product\/26845","targetHints":{"allow":["GET"]}}],"collection":[{"href":"https:\/\/www.zolattitude.com\/index.php\/wp-json\/wp\/v2\/product"}],"about":[{"href":"https:\/\/www.zolattitude.com\/index.php\/wp-json\/wp\/v2\/types\/product"}],"replies":[{"embeddable":true,"href":"https:\/\/www.zolattitude.com\/index.php\/wp-json\/wp\/v2\/comments?post=26845"}],"wp:featuredmedia":[{"embeddable":true,"href":"https:\/\/www.zolattitude.com\/index.php\/wp-json\/wp\/v2\/media\/26846"}],"wp:attachment":[{"href":"https:\/\/www.zolattitude.com\/index.php\/wp-json\/wp\/v2\/media?parent=26845"}],"wp:term":[{"taxonomy":"store","embeddable":true,"href":"https:\/\/www.zolattitude.com\/index.php\/wp-json\/wp\/v2\/store?post=26845"},{"taxonomy":"product_brand","embeddable":true,"href":"https:\/\/www.zolattitude.com\/index.php\/wp-json\/wp\/v2\/product_brand?post=26845"},{"taxonomy":"product_cat","embeddable":true,"href":"https:\/\/www.zolattitude.com\/index.php\/wp-json\/wp\/v2\/product_cat?post=26845"},{"taxonomy":"product_tag","embeddable":true,"href":"https:\/\/www.zolattitude.com\/index.php\/wp-json\/wp\/v2\/product_tag?post=26845"}],"curies":[{"name":"wp","href":"https:\/\/api.w.org\/{rel}","templated":true}]}}