{"id":26898,"date":"2026-04-07T23:46:49","date_gmt":"2026-04-07T23:46:49","guid":{"rendered":"https:\/\/www.zolattitude.com\/index.php\/product\/milk-thistle-complex-with-artichoke-and-dandelion-90-vegan-capsules-for-3-months-high-dosed-250-mg-extract-with-80-silymarin-natural-food-supplement-without-additi\/"},"modified":"2026-04-07T23:47:01","modified_gmt":"2026-04-07T23:47:01","slug":"milk-thistle-complex-with-artichoke-and-dandelion-90-vegan-capsules-for-3-months-high-dosed-250-mg-extract-with-80-silymarin-natural-food-supplement-without-additi","status":"publish","type":"product","link":"https:\/\/www.zolattitude.com\/index.php\/product\/milk-thistle-complex-with-artichoke-and-dandelion-90-vegan-capsules-for-3-months-high-dosed-250-mg-extract-with-80-silymarin-natural-food-supplement-without-additi\/","title":{"rendered":"Milk Thistle Complex with Artichoke and Dandelion &#8211; 90 Vegan Capsules for 3 Months High Dosed &#8211; 250 mg Extract with 80% Silymarin &#8211; Natural Food Supplement without Additi"},"content":{"rendered":"<p>Price: <span style=\"color:#b12704\">\u20ac16.97<\/span><br \/><i><small>(as of Apr 07, 2026 23:46:50 UTC &#8211; <span class=\"wp_automatic_amazon_disclaimer\" title=\"Product prices and availability are accurate as of the date\/time indicated and are subject to change. Any price and availability information displayed on [relevant Amazon Site(s), as applicable] at the time of purchase will apply to the purchase of this product.\">Details<\/span>)<\/small><\/i><br \/><a href=\"https:\/\/amazon.fr\/dp\/B0BT4ZGYQK?tag=onamzmoukoubl-21\"><img decoding=\"async\" src=\"https:\/\/valvepress.s3.amazonaws.com\/imgs\/buy_now.png\"><\/a><br \/>\n<\/p>\n<p>                                             From the brand   <\/p>\n<p>                                              <img decoding=\"async\" alt=\"Images marketing ou promotionnelles affich\u00e9es sur des affichages num\u00e9riques ou des \u00e9crans sur fond sombre.\" src=\"https:\/\/images-na.ssl-images-amazon.com\/images\/G\/01\/x-locale\/common\/grey-pixel.gif\" class=\"a-lazy-loaded\" data-src=\"https:\/\/m.media-amazon.com\/images\/S\/aplus-media-library-service-media\/2ed6bc55-5a93-405f-88a4-f3697866e4b8.__CR0,0,2928,1250_PT0_SX1464_V1___.png\"><img decoding=\"async\" alt=\"Images marketing ou promotionnelles affich\u00e9es sur des affichages num\u00e9riques ou des \u00e9crans sur fond sombre.\" src=\"https:\/\/m.media-amazon.com\/images\/S\/aplus-media-library-service-media\/2ed6bc55-5a93-405f-88a4-f3697866e4b8.__CR0,0,2928,1250_PT0_SX1464_V1___.png\">  <\/p>\n<p>                                              <img decoding=\"async\" alt=\"aplus content image\" src=\"https:\/\/images-na.ssl-images-amazon.com\/images\/G\/01\/x-locale\/common\/grey-pixel.gif\" class=\"a-lazy-loaded\" data-src=\"https:\/\/m.media-amazon.com\/images\/S\/aplus-media-library-service-media\/604a7ffa-ceac-43b4-8e19-27868d33d09b.__CR0,0,362,453_PT0_SX362_V1___.jpg\"><img decoding=\"async\" alt=\"aplus content image\" src=\"https:\/\/m.media-amazon.com\/images\/S\/aplus-media-library-service-media\/604a7ffa-ceac-43b4-8e19-27868d33d09b.__CR0,0,362,453_PT0_SX362_V1___.jpg\">  <\/p>\n<p>                                              <img decoding=\"async\" alt=\"aplus content image\" src=\"https:\/\/images-na.ssl-images-amazon.com\/images\/G\/01\/x-locale\/common\/grey-pixel.gif\" class=\"a-lazy-loaded\" data-src=\"https:\/\/m.media-amazon.com\/images\/S\/aplus-media-library-service-media\/43105dd8-5c32-4689-9a3a-b2183b989960.__CR0,0,362,453_PT0_SX362_V1___.jpg\"><img decoding=\"async\" alt=\"aplus content image\" src=\"https:\/\/m.media-amazon.com\/images\/S\/aplus-media-library-service-media\/43105dd8-5c32-4689-9a3a-b2183b989960.__CR0,0,362,453_PT0_SX362_V1___.jpg\">  <\/p>\n<p>                                              <img decoding=\"async\" alt=\"aplus content image\" src=\"https:\/\/images-na.ssl-images-amazon.com\/images\/G\/01\/x-locale\/common\/grey-pixel.gif\" class=\"a-lazy-loaded\" data-src=\"https:\/\/m.media-amazon.com\/images\/S\/aplus-media-library-service-media\/b869badb-20e4-4c4f-a9b2-be4f39d3b6c4.__CR0,0,362,453_PT0_SX362_V1___.jpg\"><img decoding=\"async\" alt=\"aplus content image\" src=\"https:\/\/m.media-amazon.com\/images\/S\/aplus-media-library-service-media\/b869badb-20e4-4c4f-a9b2-be4f39d3b6c4.__CR0,0,362,453_PT0_SX362_V1___.jpg\">  <\/p>\n<h3> BESTSELLER <\/h3>\n<p class=\"apm-brand-story-stores-link\">\n<h3> La vitamine D3 du soleil <\/h3>\n<p class=\"apm-brand-story-stores-link\">\n<p>                                              <img decoding=\"async\" alt=\"aplus content image\" src=\"https:\/\/images-na.ssl-images-amazon.com\/images\/G\/01\/x-locale\/common\/grey-pixel.gif\" class=\"a-lazy-loaded\" data-src=\"https:\/\/m.media-amazon.com\/images\/S\/aplus-media-library-service-media\/5af87493-ba96-43d8-8e7a-1346b5833044.__CR0,0,362,453_PT0_SX362_V1___.jpg\"><img decoding=\"async\" alt=\"aplus content image\" src=\"https:\/\/m.media-amazon.com\/images\/S\/aplus-media-library-service-media\/5af87493-ba96-43d8-8e7a-1346b5833044.__CR0,0,362,453_PT0_SX362_V1___.jpg\">  <\/p>\n<h3> D\u00e9couvrir de nouvelles choses <\/h3>\n<p class=\"apm-brand-story-stores-link\">\n<p>                                              <img decoding=\"async\" alt=\"aplus content image\" src=\"https:\/\/images-na.ssl-images-amazon.com\/images\/G\/01\/x-locale\/common\/grey-pixel.gif\" class=\"a-lazy-loaded\" data-src=\"https:\/\/m.media-amazon.com\/images\/S\/aplus-media-library-service-media\/11abc2f1-4a77-4ce7-adab-2d634f5d1439.__CR0,0,362,453_PT0_SX362_V1___.jpg\"><img decoding=\"async\" alt=\"aplus content image\" src=\"https:\/\/m.media-amazon.com\/images\/S\/aplus-media-library-service-media\/11abc2f1-4a77-4ce7-adab-2d634f5d1439.__CR0,0,362,453_PT0_SX362_V1___.jpg\">  <\/p>\n<p>                                              <img decoding=\"async\" alt=\"Plusieurs images montrant une personne en tenue de sport faisant des \u00e9tirements ou des mouvements d&amp;#39;exercice sur un fond sombre, portant une tenue athl\u00e9tique de couleur bleu\/bleu sarcelle.\" src=\"https:\/\/images-na.ssl-images-amazon.com\/images\/G\/01\/x-locale\/common\/grey-pixel.gif\" class=\"a-lazy-loaded\" data-src=\"https:\/\/m.media-amazon.com\/images\/S\/aplus-media-library-service-media\/9584740f-f710-4692-ad45-1ab8b03a32a7.__CR0,0,362,453_PT0_SX362_V1___.jpg\"><img decoding=\"async\" alt=\"Plusieurs images montrant une personne en tenue de sport faisant des \u00e9tirements ou des mouvements d&amp;#39;exercice sur un fond sombre, portant une tenue athl\u00e9tique de couleur bleu\/bleu sarcelle.\" src=\"https:\/\/m.media-amazon.com\/images\/S\/aplus-media-library-service-media\/9584740f-f710-4692-ad45-1ab8b03a32a7.__CR0,0,362,453_PT0_SX362_V1___.jpg\">  <\/p>\n<p>                                              <img decoding=\"async\" alt=\"Le texte indique \u00ab Gratuit de \u00bb, \u00ab additifs \u00bb, suivi de trois ic\u00f4nes circulaires avec des symboles li\u00e9s aux caract\u00e9ristiques du produit. Fond sombre avec texte et graphiques blancs.\" src=\"https:\/\/images-na.ssl-images-amazon.com\/images\/G\/01\/x-locale\/common\/grey-pixel.gif\" class=\"a-lazy-loaded\" data-src=\"https:\/\/m.media-amazon.com\/images\/S\/aplus-media-library-service-media\/2ae93e20-1269-42ce-b158-5c485559aa32.__CR0,0,362,453_PT0_SX362_V1___.jpg\"><img decoding=\"async\" alt=\"Le texte indique \u00ab Gratuit de \u00bb, \u00ab additifs \u00bb, suivi de trois ic\u00f4nes circulaires avec des symboles li\u00e9s aux caract\u00e9ristiques du produit. Fond sombre avec texte et graphiques blancs.\" src=\"https:\/\/m.media-amazon.com\/images\/S\/aplus-media-library-service-media\/2ae93e20-1269-42ce-b158-5c485559aa32.__CR0,0,362,453_PT0_SX362_V1___.jpg\">  <\/p>\n<p> Product Dimensions                                            \u200f                                            :                                            \u200e                                            10.4 x 5 x 5 cm; 80 g   <br \/> Manufacturer                                            \u200f                                            :                                            \u200e                                            Vitamaze &#8211; amazing life   <br \/> ASIN                                            \u200f                                            :                                            \u200e                                            B0BT4ZGYQK   <br \/> Manufacturer reference                                            \u200f                                            :                                            \u200e                                            4260435489238   <br \/> Country of origin                                            \u200f                                            :                                            \u200e                                            Germany   <br \/>  Customer reviews:                                                                                            4.4               4.4 out of 5 stars                                  (456)                                              var dpAcrHasRegisteredArcLinkClickAction;                    P.when(&#8216;A&#8217;, &#8216;ready&#8217;).execute(function(A) {                        if (dpAcrHasRegisteredArcLinkClickAction !== true) {                            dpAcrHasRegisteredArcLinkClickAction = true;                            A.declarative(                                &#8216;acrLink-click-metrics&#8217;, &#8216;click&#8217;,                                { &#8220;allowLinkDefault&#8221;: true },                                function (event) {                                    if (window.ue) {                                        ue.count(&#8220;acrLinkClickCount&#8221;, (ue.count(&#8220;acrLinkClickCount&#8221;) || 0) + 1);                                    }                                }                            );                        }                    });                                             P.when(&#8216;A&#8217;, &#8216;cf&#8217;).execute(function(A) {                A.declarative(&#8216;acrStarsLink-click-metrics&#8217;, &#8216;click&#8217;, { &#8220;allowLinkDefault&#8221; : true },  function(event){                    if(window.ue) {                        ue.count(&#8220;acrStarsLinkWithPopoverClickCount&#8221;, (ue.count(&#8220;acrStarsLinkWithPopoverClickCount&#8221;) || 0) + 1);                    }                });            });                          <br \/>HIGH DOSE: 250 mg milk thistle extract with 80% silymarin per daily dose (1 capsule). 90 vegan capsules for 3 months. Enriched with 200mg of artichoke extract and 75mg of dandelion extract for your inner well-being.<br \/>RECOGNISING ACTIVES: In the Middle Ages, the beneficial effects of milk thistle were already known. Today it is one of the most popular medicinal plants in Europe. It is silymarin that is responsible for the positive properties of milk thistle.<br \/>BEST BIOAVAILABILITY: Without the controversial additive magnesium stearate (magnesium salts of dietary fatty acids) for optimal activity. Many other manufacturers use magnesium stearate as an anti-caking agent during manufacturing.<br \/>GERMAN QUALITY PRODUCT: We only produce in Germany. Our production complies with the HACCP concept. We work closely with scientists and experts for the development and manufacture of our products.<br \/>SATISFACTION GUARANTEE: Satisfied customers are important to us, please feel free to contact us if you have any questions about our products. Buy today RISK-FREE at the best value on the market, we give you 30 days free return.<\/p>\n\n","protected":false},"excerpt":{"rendered":"<p> From the brand BESTSELLER La vitamine D3 du soleil D\u00e9couvrir de nouvelles choses Product Dimensions \u200f : \u200e 10.4 x 5 x 5 cm; 80 g Manufacturer \u200f : \u200e Vitamaze &#8211; amazing life ASIN \u200f : \u200e B0BT4ZGYQK Manufacturer reference \u200f : \u200e 4260435489238 Country of origin \u200f : [&hellip;]<\/p>\n","protected":false},"featured_media":26899,"comment_status":"open","ping_status":"closed","template":"","meta":{"_gspb_post_css":"","om_disable_all_campaigns":false,"_monsterinsights_skip_tracking":false,"_monsterinsights_sitenote_active":false,"_monsterinsights_sitenote_note":"","_monsterinsights_sitenote_category":0},"store":[],"product_brand":[],"product_cat":[156],"product_tag":[6691,445,198,173,568,430,422,199,294,541,195,260,1722,200,542,261],"class_list":{"0":"post-26898","1":"product","2":"type-product","3":"status-publish","4":"has-post-thumbnail","6":"product_cat-foie-drainage","7":"product_tag-additi","8":"product_tag-artichoke","9":"product_tag-capsules","10":"product_tag-complex","11":"product_tag-dandelion","12":"product_tag-dosed","13":"product_tag-extract","14":"product_tag-food","15":"product_tag-high","16":"product_tag-milk","17":"product_tag-months","18":"product_tag-natural","19":"product_tag-silymarin","20":"product_tag-supplement","21":"product_tag-thistle","22":"product_tag-vegan","24":"first","25":"instock","26":"shipping-taxable","27":"product-type-external"},"aioseo_notices":[],"jetpack_sharing_enabled":true,"_links":{"self":[{"href":"https:\/\/www.zolattitude.com\/index.php\/wp-json\/wp\/v2\/product\/26898","targetHints":{"allow":["GET"]}}],"collection":[{"href":"https:\/\/www.zolattitude.com\/index.php\/wp-json\/wp\/v2\/product"}],"about":[{"href":"https:\/\/www.zolattitude.com\/index.php\/wp-json\/wp\/v2\/types\/product"}],"replies":[{"embeddable":true,"href":"https:\/\/www.zolattitude.com\/index.php\/wp-json\/wp\/v2\/comments?post=26898"}],"wp:featuredmedia":[{"embeddable":true,"href":"https:\/\/www.zolattitude.com\/index.php\/wp-json\/wp\/v2\/media\/26899"}],"wp:attachment":[{"href":"https:\/\/www.zolattitude.com\/index.php\/wp-json\/wp\/v2\/media?parent=26898"}],"wp:term":[{"taxonomy":"store","embeddable":true,"href":"https:\/\/www.zolattitude.com\/index.php\/wp-json\/wp\/v2\/store?post=26898"},{"taxonomy":"product_brand","embeddable":true,"href":"https:\/\/www.zolattitude.com\/index.php\/wp-json\/wp\/v2\/product_brand?post=26898"},{"taxonomy":"product_cat","embeddable":true,"href":"https:\/\/www.zolattitude.com\/index.php\/wp-json\/wp\/v2\/product_cat?post=26898"},{"taxonomy":"product_tag","embeddable":true,"href":"https:\/\/www.zolattitude.com\/index.php\/wp-json\/wp\/v2\/product_tag?post=26898"}],"curies":[{"name":"wp","href":"https:\/\/api.w.org\/{rel}","templated":true}]}}