{"id":26909,"date":"2026-04-07T23:50:03","date_gmt":"2026-04-07T23:50:03","guid":{"rendered":"https:\/\/www.zolattitude.com\/index.php\/product\/isn-mafloril-10m-dietary-supplement-based-on-probiotics-and-prebiotic-acacia-fibres-7-probiotic-strains-prebiotic-fibres-support-the-intestinal-microbiota-30-day-cure\/"},"modified":"2026-04-07T23:50:11","modified_gmt":"2026-04-07T23:50:11","slug":"isn-mafloril-10m-dietary-supplement-based-on-probiotics-and-prebiotic-acacia-fibres-7-probiotic-strains-prebiotic-fibres-support-the-intestinal-microbiota-30-day-cure","status":"publish","type":"product","link":"https:\/\/www.zolattitude.com\/index.php\/product\/isn-mafloril-10m-dietary-supplement-based-on-probiotics-and-prebiotic-acacia-fibres-7-probiotic-strains-prebiotic-fibres-support-the-intestinal-microbiota-30-day-cure\/","title":{"rendered":"ISN &#8211; Mafloril 10M &#8211; Dietary supplement based on probiotics and prebiotic acacia fibres &#8211; 7 probiotic strains + prebiotic fibres &#8211; Support the intestinal microbiota &#8211; 30-day cure"},"content":{"rendered":"<p>Price: <span style=\"color:#b12704\"><del>\u20ac20.98<\/del> - \u20ac18.72<\/span><br \/><i><small>(as of Apr 07, 2026 23:50:03 UTC &#8211; <span class=\"wp_automatic_amazon_disclaimer\" title=\"Product prices and availability are accurate as of the date\/time indicated and are subject to change. Any price and availability information displayed on [relevant Amazon Site(s), as applicable] at the time of purchase will apply to the purchase of this product.\">Details<\/span>)<\/small><\/i><br \/><a href=\"https:\/\/amazon.fr\/dp\/B074N45Y94?tag=onamzmoukoubl-21\"><img decoding=\"async\" src=\"https:\/\/valvepress.s3.amazonaws.com\/imgs\/buy_now.png\"><\/a><br \/>\n<\/p>\n<p>                                             Product Description   <\/p>\n<p>                                                         <img decoding=\"async\" alt=\"repr\u00e9sentant \u00ab ISN \u00bb en grosses lettres grises, avec \u00ab INELDEA SANT\u00c9 NATURELLE \u00bb en dessous. Des points color\u00e9s s\u00e9parent les deux \u00e9l\u00e9ments de texte.\" src=\"https:\/\/images-na.ssl-images-amazon.com\/images\/G\/01\/x-locale\/common\/grey-pixel.gif\" class=\"a-lazy-loaded\" data-src=\"https:\/\/m.media-amazon.com\/images\/S\/aplus-media-library-service-media\/b1de3005-34a7-46fb-a2d2-3e89bbecdc9c.__CR0,120,972,292_PT0_SX600_V1___.png\"><img decoding=\"async\" alt=\"repr\u00e9sentant \u00ab ISN \u00bb en grosses lettres grises, avec \u00ab INELDEA SANT\u00c9 NATURELLE \u00bb en dessous. Des points color\u00e9s s\u00e9parent les deux \u00e9l\u00e9ments de texte.\" src=\"https:\/\/m.media-amazon.com\/images\/S\/aplus-media-library-service-media\/b1de3005-34a7-46fb-a2d2-3e89bbecdc9c.__CR0,120,972,292_PT0_SX600_V1___.png\">      <\/p>\n<p>                                                                             <img decoding=\"async\" alt=\"Bo\u00eete verte de suppl\u00e9ment probiotique ISN Mafloril&amp;#39;10M. Contient 7 souches probiotiques, 10 milliards de ferments. Approvisionnement de 30 jours, 1 capsule par jour. V\u00e9g\u00e9talien, sans lactose, sans gluten\" src=\"https:\/\/images-na.ssl-images-amazon.com\/images\/G\/01\/x-locale\/common\/grey-pixel.gif\" class=\"a-spacing-base a-lazy-loaded\" data-src=\"https:\/\/m.media-amazon.com\/images\/S\/aplus-media-library-service-media\/35c654a1-78b9-4266-a544-a8fdeb2ee384.__CR0,0,970,600_PT0_SX970_V1___.png\"><img decoding=\"async\" alt=\"Bo\u00eete verte de suppl\u00e9ment probiotique ISN Mafloril&amp;#39;10M. Contient 7 souches probiotiques, 10 milliards de ferments. Approvisionnement de 30 jours, 1 capsule par jour. V\u00e9g\u00e9talien, sans lactose, sans gluten\" src=\"https:\/\/m.media-amazon.com\/images\/S\/aplus-media-library-service-media\/35c654a1-78b9-4266-a544-a8fdeb2ee384.__CR0,0,970,600_PT0_SX970_V1___.png\">                                                                    <\/p>\n<p>                                                                             <img decoding=\"async\" alt=\"pour un service de bien-\u00eatre avec cinq images pr\u00e9sentant diff\u00e9rents aspects : sommeil, m\u00e9tabolisme, syst\u00e8me immunitaire, anti-\u00e2ge et traitements de sant\u00e9 f\u00e9minine\" src=\"https:\/\/images-na.ssl-images-amazon.com\/images\/G\/01\/x-locale\/common\/grey-pixel.gif\" class=\"a-spacing-base a-lazy-loaded\" data-src=\"https:\/\/m.media-amazon.com\/images\/S\/aplus-media-library-service-media\/ad60536b-5eaf-4aa7-9360-e7753c81514e.__CR0,0,970,600_PT0_SX970_V1___.png\"><img decoding=\"async\" alt=\"pour un service de bien-\u00eatre avec cinq images pr\u00e9sentant diff\u00e9rents aspects : sommeil, m\u00e9tabolisme, syst\u00e8me immunitaire, anti-\u00e2ge et traitements de sant\u00e9 f\u00e9minine\" src=\"https:\/\/m.media-amazon.com\/images\/S\/aplus-media-library-service-media\/ad60536b-5eaf-4aa7-9360-e7753c81514e.__CR0,0,970,600_PT0_SX970_V1___.png\">                                                                    <\/p>\n<p>                                                  <img decoding=\"async\" alt=\"Publicit\u00e9 textuelle simple pour ISN, mentionnant des produits de sant\u00e9 naturels. Les ic\u00f4nes repr\u00e9sentent les diff\u00e9rents avantages ou caract\u00e9ristiques du produit.\" src=\"https:\/\/images-na.ssl-images-amazon.com\/images\/G\/01\/x-locale\/common\/grey-pixel.gif\" class=\"a-lazy-loaded\" data-src=\"https:\/\/m.media-amazon.com\/images\/S\/aplus-media-library-service-media\/2014c4fb-db20-409c-a367-472d557ba2f1.__CR0,0,970,300_PT0_SX970_V1___.png\"><img decoding=\"async\" alt=\"Publicit\u00e9 textuelle simple pour ISN, mentionnant des produits de sant\u00e9 naturels. Les ic\u00f4nes repr\u00e9sentent les diff\u00e9rents avantages ou caract\u00e9ristiques du produit.\" src=\"https:\/\/m.media-amazon.com\/images\/S\/aplus-media-library-service-media\/2014c4fb-db20-409c-a367-472d557ba2f1.__CR0,0,970,300_PT0_SX970_V1___.png\">  <\/p>\n<p>                         Add To Basket  <\/p>\n<p>                         Add To Basket  <\/p>\n<p>                             Customer Reviews  <\/p>\n<p>                    4.0 out of 5 stars  5  <\/p>\n<p>                    4.0 out of 5 stars  46  <\/p>\n<p>                             Price  <\/p>\n<p>                                    \u20ac13.50\u20ac13.50                  \u20ac24.31\u20ac24.31                    <\/p>\n<p>                             Actions<br \/>\n                                Soutient la flore intestinale lors de la prise d&#8217;antibiotiques               Soutient la flore intestinale et la perte de poids                    <\/p>\n<p>                             Posologie<br \/>\n                                1 gelule par jour               1 g\u00e9lule par jour                    <\/p>\n<p>                             Dur\u00e9e de cure<br \/>\n                                10 jours               30 jours                    <\/p>\n<p>                             Contenance<br \/>\n                                10 g\u00e9lules               30 g\u00e9lules                    <\/p>\n<p>                             Excellence ISN<br \/>\n                                Sans allerg\u00e8ne, sans lactose               Sans allerg\u00e8ne, sans lactose                    <\/p>\n<p>                             Sans gluten  <\/p>\n<p>                                              \u2713<\/p>\n<p>                                              \u2713<\/p>\n<p>                             Vegan<br \/>\n                                  no data<br \/>\n                                                              no data<\/p>\n<p> Product Dimensions                                            \u200f                                            :                                            \u200e                                            10 x 8 x 12 cm; 30 g   <br \/> Manufacturer                                            \u200f                                            :                                            \u200e                                            INELDEA SANT\u00c9 NATURELLE   <br \/> ASIN                                            \u200f                                            :                                            \u200e                                            B074N45Y94   <br \/> Item model number                                            \u200f                                            :                                            \u200e                                            TP-3700225640780_568-0059_Vendor   <br \/> Country of origin                                            \u200f                                            :                                            \u200e                                            France   <br \/>  Customer reviews:                                                                                            3.9               3.9 out of 5 stars                                  (62)                                              var dpAcrHasRegisteredArcLinkClickAction;                    P.when(&#8216;A&#8217;, &#8216;ready&#8217;).execute(function(A) {                        if (dpAcrHasRegisteredArcLinkClickAction !== true) {                            dpAcrHasRegisteredArcLinkClickAction = true;                            A.declarative(                                &#8216;acrLink-click-metrics&#8217;, &#8216;click&#8217;,                                { &#8220;allowLinkDefault&#8221;: true },                                function (event) {                                    if (window.ue) {                                        ue.count(&#8220;acrLinkClickCount&#8221;, (ue.count(&#8220;acrLinkClickCount&#8221;) || 0) + 1);                                    }                                }                            );                        }                    });                                             P.when(&#8216;A&#8217;, &#8216;cf&#8217;).execute(function(A) {                A.declarative(&#8216;acrStarsLink-click-metrics&#8217;, &#8216;click&#8217;, { &#8220;allowLinkDefault&#8221; : true },  function(event){                    if(window.ue) {                        ue.count(&#8220;acrStarsLinkWithPopoverClickCount&#8221;, (ue.count(&#8220;acrStarsLinkWithPopoverClickCount&#8221;) || 0) + 1);                    }                });            });                          <br \/>INTESTINAL MICROBIOTE SUPPORT: Digestive disorders, intestinal discomfort, fatigue &#8216; Mafloril 10M food supplement offers a symbiotic formula combining probiotics and prebiotics. These are 7 strains of lactic ferments (Lactobacillus acidophilus,Bifidobacterium animalis ssp. Lactis, Bifidobacterium longum, Bifidobacterium breve, Lactobacillus paracasei, Lactobacillus plantarum, Lactobacillus rhamnosus) which have been carefully selected to help support the balance of intestinal flora.<br \/>REINFORCED ACTION: The formula of Mafloril 10M is supplemented with prebiotic Acacia Fibregum fibers (50mg per dose). Soluble and bifidogenic, these fibers enhance the action of lactic ferments by promoting the growth of &#8220;good&#8221; intestinal bacteria.<br \/>COMPOSITION: Formulated gluten-free, animal-derived ingredients and non-GMO, this product contains inulin and a mixture of lactic ferments from the Lactobacillus family and Bifidobacterium.<br \/>Directions for use: 1 capsule per day, preferably in the morning on an empty stomach or at a distance from meals, with a glass of water.<br \/>ISN is a brand specializing in dietary supplements focused on natural health. It offers a range of products that aim to meet diverse health needs, with a focus on quality natural ingredients. ISN is committed to providing effective solutions to improve consumers&#8217; well-being and quality of life, while meeting the highest safety and quality standards.<\/p>\n\n","protected":false},"excerpt":{"rendered":"<p> Product Description Add To Basket Add To Basket Customer Reviews 4.0 out of 5 stars 5 4.0 out of 5 stars 46 Price \u20ac13.50\u20ac13.50 \u20ac24.31\u20ac24.31 Actions Soutient la flore intestinale lors de la prise d&#8217;antibiotiques Soutient la flore intestinale et la perte de poids Posologie 1 gelule par jour 1 [&hellip;]<\/p>\n","protected":false},"featured_media":26910,"comment_status":"open","ping_status":"closed","template":"","meta":{"_gspb_post_css":"","om_disable_all_campaigns":false,"_monsterinsights_skip_tracking":false,"_monsterinsights_sitenote_active":false,"_monsterinsights_sitenote_note":"","_monsterinsights_sitenote_category":0},"store":[],"product_brand":[],"product_cat":[154],"product_tag":[6693,6694,6063,1942,196,299,547,434,2367,6692,436,491,433,490,492,200,1238],"class_list":{"0":"post-26909","1":"product","2":"type-product","3":"status-publish","4":"has-post-thumbnail","6":"product_cat-sante-intestinale","7":"product_tag-10m","8":"product_tag-30day","9":"product_tag-acacia","10":"product_tag-based","11":"product_tag-cure","12":"product_tag-dietary","13":"product_tag-fibres","14":"product_tag-intestinal","15":"product_tag-isn","16":"product_tag-mafloril","17":"product_tag-microbiota","18":"product_tag-prebiotic","19":"product_tag-probiotic","20":"product_tag-probiotics","21":"product_tag-strains","22":"product_tag-supplement","23":"product_tag-support","25":"first","26":"instock","27":"sale","28":"shipping-taxable","29":"product-type-external"},"aioseo_notices":[],"jetpack_sharing_enabled":true,"_links":{"self":[{"href":"https:\/\/www.zolattitude.com\/index.php\/wp-json\/wp\/v2\/product\/26909","targetHints":{"allow":["GET"]}}],"collection":[{"href":"https:\/\/www.zolattitude.com\/index.php\/wp-json\/wp\/v2\/product"}],"about":[{"href":"https:\/\/www.zolattitude.com\/index.php\/wp-json\/wp\/v2\/types\/product"}],"replies":[{"embeddable":true,"href":"https:\/\/www.zolattitude.com\/index.php\/wp-json\/wp\/v2\/comments?post=26909"}],"wp:featuredmedia":[{"embeddable":true,"href":"https:\/\/www.zolattitude.com\/index.php\/wp-json\/wp\/v2\/media\/26910"}],"wp:attachment":[{"href":"https:\/\/www.zolattitude.com\/index.php\/wp-json\/wp\/v2\/media?parent=26909"}],"wp:term":[{"taxonomy":"store","embeddable":true,"href":"https:\/\/www.zolattitude.com\/index.php\/wp-json\/wp\/v2\/store?post=26909"},{"taxonomy":"product_brand","embeddable":true,"href":"https:\/\/www.zolattitude.com\/index.php\/wp-json\/wp\/v2\/product_brand?post=26909"},{"taxonomy":"product_cat","embeddable":true,"href":"https:\/\/www.zolattitude.com\/index.php\/wp-json\/wp\/v2\/product_cat?post=26909"},{"taxonomy":"product_tag","embeddable":true,"href":"https:\/\/www.zolattitude.com\/index.php\/wp-json\/wp\/v2\/product_tag?post=26909"}],"curies":[{"name":"wp","href":"https:\/\/api.w.org\/{rel}","templated":true}]}}