{"id":26934,"date":"2026-04-08T00:44:58","date_gmt":"2026-04-08T00:44:58","guid":{"rendered":"https:\/\/www.zolattitude.com\/index.php\/product\/nutravita-ashwagandha-bio-ksm-66-500mg-60-vegan-capsules-full-spectrum-root-extract-high-quality-naturally-present-withanolides-certified-organic-ashwagandha-supplement\/"},"modified":"2026-04-08T00:45:12","modified_gmt":"2026-04-08T00:45:12","slug":"nutravita-ashwagandha-bio-ksm-66-500mg-60-vegan-capsules-full-spectrum-root-extract-high-quality-naturally-present-withanolides-certified-organic-ashwagandha-supplement","status":"publish","type":"product","link":"https:\/\/www.zolattitude.com\/index.php\/product\/nutravita-ashwagandha-bio-ksm-66-500mg-60-vegan-capsules-full-spectrum-root-extract-high-quality-naturally-present-withanolides-certified-organic-ashwagandha-supplement\/","title":{"rendered":"Nutravita Ashwagandha Bio KSM-66\u00ae 500mg &#8211; 60 Vegan Capsules &#8211; Full Spectrum Root Extract &#8211; High Quality &#8211; Naturally Present Withanolides &#8211; Certified Organic Ashwagandha Supplement"},"content":{"rendered":"<p>Price: <span style=\"color:#b12704\">\u20ac19.99<\/span><br \/><i><small>(as of Apr 08, 2026 00:44:58 UTC &#8211; <span class=\"wp_automatic_amazon_disclaimer\" title=\"Product prices and availability are accurate as of the date\/time indicated and are subject to change. Any price and availability information displayed on [relevant Amazon Site(s), as applicable] at the time of purchase will apply to the purchase of this product.\">Details<\/span>)<\/small><\/i><br \/><a href=\"https:\/\/amazon.fr\/dp\/B07DRHDJRT?tag=onamzmoukoubl-21\"><img decoding=\"async\" src=\"https:\/\/valvepress.s3.amazonaws.com\/imgs\/buy_now.png\"><\/a><br \/>\n<\/p>\n<p>                                             From the brand   <\/p>\n<p>                                              <img decoding=\"async\" alt=\"aplus content image\" src=\"https:\/\/images-na.ssl-images-amazon.com\/images\/G\/01\/x-locale\/common\/grey-pixel.gif\" class=\"a-lazy-loaded\" data-src=\"https:\/\/m.media-amazon.com\/images\/S\/aplus-media-library-service-media\/c60467f6-ec4f-4641-8669-7b4632df6c94.__CR0,0,2928,1250_PT0_SX1464_V1___.png\"><img decoding=\"async\" alt=\"aplus content image\" src=\"https:\/\/m.media-amazon.com\/images\/S\/aplus-media-library-service-media\/c60467f6-ec4f-4641-8669-7b4632df6c94.__CR0,0,2928,1250_PT0_SX1464_V1___.png\">  <\/p>\n<p>                                              <img decoding=\"async\" alt=\"aplus content image\" src=\"https:\/\/images-na.ssl-images-amazon.com\/images\/G\/01\/x-locale\/common\/grey-pixel.gif\" class=\"a-lazy-loaded\" data-src=\"https:\/\/m.media-amazon.com\/images\/S\/aplus-media-library-service-media\/31313aa2-75c1-43cf-a50d-8badea2fa699.__CR0,0,1200,1502_PT0_SX362_V1___.jpg\"><img decoding=\"async\" alt=\"aplus content image\" src=\"https:\/\/m.media-amazon.com\/images\/S\/aplus-media-library-service-media\/31313aa2-75c1-43cf-a50d-8badea2fa699.__CR0,0,1200,1502_PT0_SX362_V1___.jpg\">  <\/p>\n<h3> Immunit\u00e9 <\/h3>\n<p class=\"apm-brand-story-stores-link\">\n<p>                                              <img decoding=\"async\" alt=\"aplus content image\" src=\"https:\/\/images-na.ssl-images-amazon.com\/images\/G\/01\/x-locale\/common\/grey-pixel.gif\" class=\"a-lazy-loaded\" data-src=\"https:\/\/m.media-amazon.com\/images\/S\/aplus-media-library-service-media\/d5a34b05-f871-42ba-898f-3b82076d8886.__CR0,0,1448,1812_PT0_SX362_V1___.png\"><img decoding=\"async\" alt=\"aplus content image\" src=\"https:\/\/m.media-amazon.com\/images\/S\/aplus-media-library-service-media\/d5a34b05-f871-42ba-898f-3b82076d8886.__CR0,0,1448,1812_PT0_SX362_V1___.png\">  <\/p>\n<h3> Beaut\u00e9 <\/h3>\n<p class=\"apm-brand-story-stores-link\">\n<p>                                              <img decoding=\"async\" alt=\"aplus content image\" src=\"https:\/\/images-na.ssl-images-amazon.com\/images\/G\/01\/x-locale\/common\/grey-pixel.gif\" class=\"a-lazy-loaded\" data-src=\"https:\/\/m.media-amazon.com\/images\/S\/aplus-media-library-service-media\/b479ff44-54dc-4f99-bf93-b57a6a0dee72.__CR0,0,1448,1812_PT0_SX362_V1___.png\"><img decoding=\"async\" alt=\"aplus content image\" src=\"https:\/\/m.media-amazon.com\/images\/S\/aplus-media-library-service-media\/b479ff44-54dc-4f99-bf93-b57a6a0dee72.__CR0,0,1448,1812_PT0_SX362_V1___.png\">  <\/p>\n<p>                                              <img decoding=\"async\" alt=\"Le texte indique \u00ab Cerebro \u00bb. Photo de profil lat\u00e9rale montrant une personne portant des lunettes sur fond clair.\" src=\"https:\/\/images-na.ssl-images-amazon.com\/images\/G\/01\/x-locale\/common\/grey-pixel.gif\" class=\"a-lazy-loaded\" data-src=\"https:\/\/m.media-amazon.com\/images\/S\/aplus-media-library-service-media\/192310c8-9946-4481-8fd4-5cdd15d56b09.__CR0,0,1448,1812_PT0_SX362_V1___.png\"><img decoding=\"async\" alt=\"Le texte indique \u00ab Cerebro \u00bb. Photo de profil lat\u00e9rale montrant une personne portant des lunettes sur fond clair.\" src=\"https:\/\/m.media-amazon.com\/images\/S\/aplus-media-library-service-media\/192310c8-9946-4481-8fd4-5cdd15d56b09.__CR0,0,1448,1812_PT0_SX362_V1___.png\">  <\/p>\n<h3> Cerveau <\/h3>\n<p class=\"apm-brand-story-stores-link\">\n<p>                                              <img decoding=\"async\" alt=\"aplus content image\" src=\"https:\/\/images-na.ssl-images-amazon.com\/images\/G\/01\/x-locale\/common\/grey-pixel.gif\" class=\"a-lazy-loaded\" data-src=\"https:\/\/m.media-amazon.com\/images\/S\/aplus-media-library-service-media\/4e935cdd-ade3-460b-9a2c-3a26f711649b.__CR0,0,1448,1812_PT0_SX362_V1___.png\"><img decoding=\"async\" alt=\"aplus content image\" src=\"https:\/\/m.media-amazon.com\/images\/S\/aplus-media-library-service-media\/4e935cdd-ade3-460b-9a2c-3a26f711649b.__CR0,0,1448,1812_PT0_SX362_V1___.png\">  <\/p>\n<h3> Digestion et intestin <\/h3>\n<p class=\"apm-brand-story-stores-link\">\n<p>                                              <img decoding=\"async\" alt=\"aplus content image\" src=\"https:\/\/images-na.ssl-images-amazon.com\/images\/G\/01\/x-locale\/common\/grey-pixel.gif\" class=\"a-lazy-loaded\" data-src=\"https:\/\/m.media-amazon.com\/images\/S\/aplus-media-library-service-media\/6746bfff-7479-47c0-99c8-e7d7ef66741b.__CR0,0,1448,1812_PT0_SX362_V1___.png\"><img decoding=\"async\" alt=\"aplus content image\" src=\"https:\/\/m.media-amazon.com\/images\/S\/aplus-media-library-service-media\/6746bfff-7479-47c0-99c8-e7d7ef66741b.__CR0,0,1448,1812_PT0_SX362_V1___.png\">  <\/p>\n<p>                                              <img decoding=\"async\" alt=\"aplus content image\" src=\"https:\/\/images-na.ssl-images-amazon.com\/images\/G\/01\/x-locale\/common\/grey-pixel.gif\" class=\"a-lazy-loaded\" data-src=\"https:\/\/m.media-amazon.com\/images\/S\/aplus-media-library-service-media\/df437a2b-9cfd-4458-bc4a-e538b8627ace.__CR0,0,1448,1812_PT0_SX362_V1___.png\"><img decoding=\"async\" alt=\"aplus content image\" src=\"https:\/\/m.media-amazon.com\/images\/S\/aplus-media-library-service-media\/df437a2b-9cfd-4458-bc4a-e538b8627ace.__CR0,0,1448,1812_PT0_SX362_V1___.png\">  <\/p>\n<h3> Articulations et os <\/h3>\n<p class=\"apm-brand-story-stores-link\">\n<p>                                              <img decoding=\"async\" alt=\"Le texte se lit comme suit : \u00ab Coraz\u00f3n \u00bb. Photo ext\u00e9rieure candide montrant une \u00e9treinte \u00e9motionnelle.\" src=\"https:\/\/images-na.ssl-images-amazon.com\/images\/G\/01\/x-locale\/common\/grey-pixel.gif\" class=\"a-lazy-loaded\" data-src=\"https:\/\/m.media-amazon.com\/images\/S\/aplus-media-library-service-media\/dec4202e-c7f9-4168-aaf6-a14155c6afab.__CR0,0,1448,1812_PT0_SX362_V1___.png\"><img decoding=\"async\" alt=\"Le texte se lit comme suit : \u00ab Coraz\u00f3n \u00bb. Photo ext\u00e9rieure candide montrant une \u00e9treinte \u00e9motionnelle.\" src=\"https:\/\/m.media-amazon.com\/images\/S\/aplus-media-library-service-media\/dec4202e-c7f9-4168-aaf6-a14155c6afab.__CR0,0,1448,1812_PT0_SX362_V1___.png\">  <\/p>\n<h3> C\u0153ur <\/h3>\n<p class=\"apm-brand-story-stores-link\">\n<p>                                              <img decoding=\"async\" alt=\"aplus content image\" src=\"https:\/\/images-na.ssl-images-amazon.com\/images\/G\/01\/x-locale\/common\/grey-pixel.gif\" class=\"a-lazy-loaded\" data-src=\"https:\/\/m.media-amazon.com\/images\/S\/aplus-media-library-service-media\/48c6aae8-e1b4-4a4c-8c1a-f0f01c92fd2b.__CR0,0,1448,1812_PT0_SX362_V1___.png\"><img decoding=\"async\" alt=\"aplus content image\" src=\"https:\/\/m.media-amazon.com\/images\/S\/aplus-media-library-service-media\/48c6aae8-e1b4-4a4c-8c1a-f0f01c92fd2b.__CR0,0,1448,1812_PT0_SX362_V1___.png\">  <\/p>\n<p>                                              <img decoding=\"async\" alt=\"aplus content image\" src=\"https:\/\/images-na.ssl-images-amazon.com\/images\/G\/01\/x-locale\/common\/grey-pixel.gif\" class=\"a-lazy-loaded\" data-src=\"https:\/\/m.media-amazon.com\/images\/S\/aplus-media-library-service-media\/6a0a26d2-cbfa-4a9a-894a-5704674d49ca.__CR0,0,1448,1812_PT0_SX362_V1___.png\"><img decoding=\"async\" alt=\"aplus content image\" src=\"https:\/\/m.media-amazon.com\/images\/S\/aplus-media-library-service-media\/6a0a26d2-cbfa-4a9a-894a-5704674d49ca.__CR0,0,1448,1812_PT0_SX362_V1___.png\">  <\/p>\n<p>                                              <img decoding=\"async\" alt=\"aplus content image\" src=\"https:\/\/images-na.ssl-images-amazon.com\/images\/G\/01\/x-locale\/common\/grey-pixel.gif\" class=\"a-lazy-loaded\" data-src=\"https:\/\/m.media-amazon.com\/images\/S\/aplus-media-library-service-media\/b9a3dc4b-ad49-4e16-8946-7d0fd98f001b.__CR0,0,1448,1812_PT0_SX362_V1___.png\"><img decoding=\"async\" alt=\"aplus content image\" src=\"https:\/\/m.media-amazon.com\/images\/S\/aplus-media-library-service-media\/b9a3dc4b-ad49-4e16-8946-7d0fd98f001b.__CR0,0,1448,1812_PT0_SX362_V1___.png\">  <\/p>\n<p> Is discontinued by manufacturer                                            \u200f                                            :                                            \u200e                                            No   <br \/> Package Dimensions                                            \u200f                                            :                                            \u200e                                            10.2 x 4.6 x 4.4 cm; 18 g   <br \/> Manufacturer                                            \u200f                                            :                                            \u200e                                            Nutravita   <br \/> ASIN                                            \u200f                                            :                                            \u200e                                            B07DRHDJRT   <br \/> Manufacturer reference                                            \u200f                                            :                                            \u200e                                            Ashwagandha UK   <br \/>  Customer reviews:                                                                                            4.2               4.2 out of 5 stars                                  (6,070)                                              var dpAcrHasRegisteredArcLinkClickAction;                    P.when(&#8216;A&#8217;, &#8216;ready&#8217;).execute(function(A) {                        if (dpAcrHasRegisteredArcLinkClickAction !== true) {                            dpAcrHasRegisteredArcLinkClickAction = true;                            A.declarative(                                &#8216;acrLink-click-metrics&#8217;, &#8216;click&#8217;,                                { &#8220;allowLinkDefault&#8221;: true },                                function (event) {                                    if (window.ue) {                                        ue.count(&#8220;acrLinkClickCount&#8221;, (ue.count(&#8220;acrLinkClickCount&#8221;) || 0) + 1);                                    }                                }                            );                        }                    });                                             P.when(&#8216;A&#8217;, &#8216;cf&#8217;).execute(function(A) {                A.declarative(&#8216;acrStarsLink-click-metrics&#8217;, &#8216;click&#8217;, { &#8220;allowLinkDefault&#8221; : true },  function(event){                    if(window.ue) {                        ue.count(&#8220;acrStarsLinkWithPopoverClickCount&#8221;, (ue.count(&#8220;acrStarsLinkWithPopoverClickCount&#8221;) || 0) + 1);                    }                });            });                          <br \/>Why choose Ashwagandha Bio KSM-66 Nutravita ? Our supplement provides 500mg of full spectrum ashwagandha root extract per capsule, which is 2 months of use with 1 capsule\/day. We use only the root, as in the Ayurvedic tradition, to preserve its natural adaptogenic profile.<br \/>KSM-66, the most bioavailable and studied form Supported by 22 human clinical studies, KSM-66 is the most concentrated ashwagandha root extract available. Full spectrum extraction preserves the natural balance of withanolides. Produced according to the principles of green chemistry, without alcohol or chemical solvents.<br \/>Certified Organic by the Soil Association Our ashwagandha powder comes from organic farms in India where only premium roots are selected. To be certified organic, every step of our supply chain is audited providing an additional guarantee of quality, purity and traceability.<br \/>Formulated by Nutritionists Nutravita products are developed by our in-house nutritionists to offer reliable and effective formulas. We choose ingredients recognized for their benefits to support your well-being every day and accompany you towards your health goals.<br \/>Nutravita A Trusted Brand Founded in the UK, Nutravita has been a trusted family brand since 2014. We provide quality supplements to thousands of customers worldwide. Our mission is to deliver honest, safe and transparent products, carefully crafted and backed by science.<\/p>\n\n","protected":false},"excerpt":{"rendered":"<p> From the brand Immunit\u00e9 Beaut\u00e9 Cerveau Digestion et intestin Articulations et os C\u0153ur Is discontinued by manufacturer \u200f : \u200e No Package Dimensions \u200f : \u200e 10.2 x 4.6 x 4.4 cm; 18 g Manufacturer \u200f : \u200e Nutravita ASIN \u200f : \u200e B07DRHDJRT Manufacturer reference \u200f : \u200e Ashwagandha [&hellip;]<\/p>\n","protected":false},"featured_media":26935,"comment_status":"open","ping_status":"closed","template":"","meta":{"_gspb_post_css":"","om_disable_all_campaigns":false,"_monsterinsights_skip_tracking":false,"_monsterinsights_sitenote_active":false,"_monsterinsights_sitenote_note":"","_monsterinsights_sitenote_category":0},"store":[],"product_brand":[],"product_cat":[150],"product_tag":[325,493,339,198,242,422,2851,294,496,583,1148,238,6697,376,359,2998,200,261,2270],"class_list":{"0":"post-26934","1":"product","2":"type-product","3":"status-publish","4":"has-post-thumbnail","6":"product_cat-anti-stress-adaptogenes","7":"product_tag-500mg","8":"product_tag-ashwagandha","9":"product_tag-bio","10":"product_tag-capsules","11":"product_tag-certified","12":"product_tag-extract","13":"product_tag-full","14":"product_tag-high","15":"product_tag-ksm66","16":"product_tag-naturally","17":"product_tag-nutravita","18":"product_tag-organic","19":"product_tag-present","20":"product_tag-quality","21":"product_tag-root","22":"product_tag-spectrum","23":"product_tag-supplement","24":"product_tag-vegan","25":"product_tag-withanolides","27":"first","28":"instock","29":"shipping-taxable","30":"product-type-external"},"aioseo_notices":[],"jetpack_sharing_enabled":true,"_links":{"self":[{"href":"https:\/\/www.zolattitude.com\/index.php\/wp-json\/wp\/v2\/product\/26934","targetHints":{"allow":["GET"]}}],"collection":[{"href":"https:\/\/www.zolattitude.com\/index.php\/wp-json\/wp\/v2\/product"}],"about":[{"href":"https:\/\/www.zolattitude.com\/index.php\/wp-json\/wp\/v2\/types\/product"}],"replies":[{"embeddable":true,"href":"https:\/\/www.zolattitude.com\/index.php\/wp-json\/wp\/v2\/comments?post=26934"}],"wp:featuredmedia":[{"embeddable":true,"href":"https:\/\/www.zolattitude.com\/index.php\/wp-json\/wp\/v2\/media\/26935"}],"wp:attachment":[{"href":"https:\/\/www.zolattitude.com\/index.php\/wp-json\/wp\/v2\/media?parent=26934"}],"wp:term":[{"taxonomy":"store","embeddable":true,"href":"https:\/\/www.zolattitude.com\/index.php\/wp-json\/wp\/v2\/store?post=26934"},{"taxonomy":"product_brand","embeddable":true,"href":"https:\/\/www.zolattitude.com\/index.php\/wp-json\/wp\/v2\/product_brand?post=26934"},{"taxonomy":"product_cat","embeddable":true,"href":"https:\/\/www.zolattitude.com\/index.php\/wp-json\/wp\/v2\/product_cat?post=26934"},{"taxonomy":"product_tag","embeddable":true,"href":"https:\/\/www.zolattitude.com\/index.php\/wp-json\/wp\/v2\/product_tag?post=26934"}],"curies":[{"name":"wp","href":"https:\/\/api.w.org\/{rel}","templated":true}]}}