{"id":26949,"date":"2026-04-08T00:54:07","date_gmt":"2026-04-08T00:54:07","guid":{"rendered":"https:\/\/www.zolattitude.com\/index.php\/product\/240-organic-turmeric-capsules-high-dose-certified-organic-quality-no-additives-no-piperine-no-pepper-turmeric-raw-vegan\/"},"modified":"2026-04-08T00:54:13","modified_gmt":"2026-04-08T00:54:13","slug":"240-organic-turmeric-capsules-high-dose-certified-organic-quality-no-additives-no-piperine-no-pepper-turmeric-raw-vegan","status":"publish","type":"product","link":"https:\/\/www.zolattitude.com\/index.php\/product\/240-organic-turmeric-capsules-high-dose-certified-organic-quality-no-additives-no-piperine-no-pepper-turmeric-raw-vegan\/","title":{"rendered":"240 Organic Turmeric Capsules, High Dose, Certified Organic Quality, No Additives, No Piperine, No Pepper, Turmeric, Raw, Vegan"},"content":{"rendered":"<p>Price: <span style=\"color:#b12704\"><del>\u20ac15.90<\/del> - \u20ac13.90<\/span><br \/><i><small>(as of Apr 08, 2026 00:54:07 UTC &#8211; <span class=\"wp_automatic_amazon_disclaimer\" title=\"Product prices and availability are accurate as of the date\/time indicated and are subject to change. Any price and availability information displayed on [relevant Amazon Site(s), as applicable] at the time of purchase will apply to the purchase of this product.\">Details<\/span>)<\/small><\/i><br \/><a href=\"https:\/\/amazon.fr\/dp\/B09DRBZD9Q?tag=onamzmoukoubl-21\"><img decoding=\"async\" src=\"https:\/\/valvepress.s3.amazonaws.com\/imgs\/buy_now.png\"><\/a><br \/>\n<\/p>\n<p>                                             Product Description   <\/p>\n<p>                                                         <img decoding=\"async\" alt=\"Logo papillon jaune avec le texte \u00ab FL\u00dcGELSCHWINGER \u00bb en dessous sur fond blanc\" src=\"https:\/\/images-na.ssl-images-amazon.com\/images\/G\/01\/x-locale\/common\/grey-pixel.gif\" class=\"a-lazy-loaded\" data-src=\"https:\/\/m.media-amazon.com\/images\/S\/aplus-media-library-service-media\/bfd29044-8aeb-467a-b920-2842914d1a49.__CR0,0,600,180_PT0_SX600_V1___.jpg\"><img decoding=\"async\" alt=\"Logo papillon jaune avec le texte \u00ab FL\u00dcGELSCHWINGER \u00bb en dessous sur fond blanc\" src=\"https:\/\/m.media-amazon.com\/images\/S\/aplus-media-library-service-media\/bfd29044-8aeb-467a-b920-2842914d1a49.__CR0,0,600,180_PT0_SX600_V1___.jpg\">      <\/p>\n<p>                                                                             <img decoding=\"async\" alt=\"Flacon brun de capsules de suppl\u00e9ment de curcuma avec fruits et racines oranges. L&amp;#39;\u00e9tiquette de la bouteille montre une ic\u00f4ne en forme de papillon et des informations sur les ingr\u00e9dients naturels.\" src=\"https:\/\/images-na.ssl-images-amazon.com\/images\/G\/01\/x-locale\/common\/grey-pixel.gif\" class=\"a-spacing-base a-lazy-loaded\" data-src=\"https:\/\/m.media-amazon.com\/images\/S\/aplus-media-library-service-media\/84ef860f-ffe1-4cdc-843e-e1236cd498c4.__CR0,0,1940,1200_PT0_SX970_V1___.jpg\"><img decoding=\"async\" alt=\"Flacon brun de capsules de suppl\u00e9ment de curcuma avec fruits et racines oranges. L&amp;#39;\u00e9tiquette de la bouteille montre une ic\u00f4ne en forme de papillon et des informations sur les ingr\u00e9dients naturels.\" src=\"https:\/\/m.media-amazon.com\/images\/S\/aplus-media-library-service-media\/84ef860f-ffe1-4cdc-843e-e1236cd498c4.__CR0,0,1940,1200_PT0_SX970_V1___.jpg\">                                                                    <\/p>\n<p class=\"apm-text-center\">\n                                                      <img decoding=\"async\" alt=\"G\u00e9lules de curcuma\" src=\"https:\/\/images-na.ssl-images-amazon.com\/images\/G\/01\/x-locale\/common\/grey-pixel.gif\" class=\"a-spacing-mini a-lazy-loaded\" data-src=\"https:\/\/m.media-amazon.com\/images\/S\/aplus-media-library-service-media\/9e7d63ff-301f-4cec-94a7-fc1c51a5a450.__CR0,0,565,565_PT0_SX300_V1___.jpg\"><\/p>\n<p><img decoding=\"async\" alt=\"G\u00e9lules de curcuma\" src=\"https:\/\/m.media-amazon.com\/images\/S\/aplus-media-library-service-media\/9e7d63ff-301f-4cec-94a7-fc1c51a5a450.__CR0,0,565,565_PT0_SX300_V1___.jpg\"><br \/>\n                                                    CURCUMA &#8211; NATURELLEMENT BON !                                       <\/p>\n<p> Le curcuma (Curcuma longa) est hautement appr\u00e9ci\u00e9 depuis longtemps en m\u00e9decine traditionnelle. Les huiles essentielles, la haute teneur en curcumino\u00efdes (curcumine, d\u00e9m\u00e9thoxycurcumine, bisd\u00e9m\u00e9thoxycurcumine et cyclocurcumine), ainsi que les pr\u00e9cieux antioxydants rendent le curcuma un v\u00e9ritable super-aliment. <\/p>\n<p class=\"apm-text-center\">\n                                                      <img decoding=\"async\" alt=\"Curcumin\" src=\"https:\/\/images-na.ssl-images-amazon.com\/images\/G\/01\/x-locale\/common\/grey-pixel.gif\" class=\"a-spacing-mini a-lazy-loaded\" data-src=\"https:\/\/m.media-amazon.com\/images\/S\/aplus-media-library-service-media\/e4d37a0a-8f04-4c2c-9e8f-2e0c326d75f0.__CR0,0,599,599_PT0_SX300_V1___.jpg\"><\/p>\n<p><img decoding=\"async\" alt=\"Curcumin\" src=\"https:\/\/m.media-amazon.com\/images\/S\/aplus-media-library-service-media\/e4d37a0a-8f04-4c2c-9e8f-2e0c326d75f0.__CR0,0,599,599_PT0_SX300_V1___.jpg\"><br \/>\n                                                    ZONE DE CULTURE NATURELLE                                       <\/p>\n<p> Notre curcuma est cultiv\u00e9 en Inde selon des conditions biologiques contr\u00f4l\u00e9es, conform\u00e9ment aux normes bio de l&#8217;UE. Le climat tropical et les sols riches en min\u00e9raux cr\u00e9ent des conditions id\u00e9ales pour la culture des plantes. <\/p>\n<p class=\"apm-text-center\">\n                                                      <img decoding=\"async\" alt=\"Nature\" src=\"https:\/\/images-na.ssl-images-amazon.com\/images\/G\/01\/x-locale\/common\/grey-pixel.gif\" class=\"a-spacing-mini a-lazy-loaded\" data-src=\"https:\/\/m.media-amazon.com\/images\/S\/aplus-media-library-service-media\/51b6f382-3235-4e68-b41c-7e7abd16ccef.__CR0,0,565,565_PT0_SX300_V1___.jpg\"><\/p>\n<p><img decoding=\"async\" alt=\"Nature\" src=\"https:\/\/m.media-amazon.com\/images\/S\/aplus-media-library-service-media\/51b6f382-3235-4e68-b41c-7e7abd16ccef.__CR0,0,565,565_PT0_SX300_V1___.jpg\"><br \/>\n                                                    NOUS CROYONS EN LA PUISSANCE DE LA NATURE !                                       <\/p>\n<p> Tout ce qui est bon trouve son origine dans la nature. C&#8217;est pourquoi nous utilisons toujours pour nos produits des mati\u00e8res premi\u00e8res naturelles et de haute qualit\u00e9, avec une haute biodisponibilit\u00e9. <\/p>\n<p> Ce produit est exempt de : <\/p>\n<p> &#8211; Stearate de magn\u00e9sium <\/p>\n<p> &#8211; Colorants artificiels <\/p>\n<p> &#8211; Ar\u00f4mes artificiels <\/p>\n<p> &#8211; Lactose <\/p>\n<p> &#8211; Gluten <\/p>\n<p> &#8211; Conservateurs <\/p>\n<p> &#8211; Ingr\u00e9dients g\u00e9n\u00e9tiquement modifi\u00e9s (OGM) <\/p>\n<p> &#8211; Additifs ind\u00e9sirables <\/p>\n<p>                                                  <img decoding=\"async\" alt=\"Sans exp\u00e9rimentation animaleSans exp\u00e9rimentation animale\" src=\"https:\/\/images-na.ssl-images-amazon.com\/images\/G\/01\/x-locale\/common\/grey-pixel.gif\" class=\"a-lazy-loaded\" data-src=\"https:\/\/m.media-amazon.com\/images\/S\/aplus-media-library-service-media\/2f9db790-0f46-4086-8d3c-05cc1d3b82db.__CR141,0,565,565_PT0_SX300_V1___.jpg\"><img decoding=\"async\" alt=\"Sans exp\u00e9rimentation animaleSans exp\u00e9rimentation animale\" src=\"https:\/\/m.media-amazon.com\/images\/S\/aplus-media-library-service-media\/2f9db790-0f46-4086-8d3c-05cc1d3b82db.__CR141,0,565,565_PT0_SX300_V1___.jpg\">  <\/p>\n<h3 class=\"a-spacing-mini\"> SANS EXP\u00c9RIMENTATION ANIMALE <\/h3>\n<p> Les animaux sont nos amis. Prot\u00e9ger notre plan\u00e8te inclut aussi la protection des animaux qui la partagent avec nous. C&#8217;est pourquoi aucun test sur les animaux n&#8217;est effectu\u00e9 pour nos produits. <\/p>\n<p> Avec leurs ingr\u00e9dients enti\u00e8rement v\u00e9g\u00e9taux, nos g\u00e9lules de curcuma bio sont \u00e9galement parfaitement adapt\u00e9es aux v\u00e9gans et aux v\u00e9g\u00e9tariens. <\/p>\n<p> Package Dimensions                                            \u200f                                            :                                            \u200e                                            13.7 x 7.7 x 7.7 cm; 220 g   <br \/> Manufacturer                                            \u200f                                            :                                            \u200e                                            Fl\u00fcgelschwinger   <br \/> ASIN                                            \u200f                                            :                                            \u200e                                            B09DRBZD9Q   <br \/> Country of origin                                            \u200f                                            :                                            \u200e                                            Germany   <br \/>  Customer reviews:                                                                                            4.6               4.6 out of 5 stars                                  (186)                                              var dpAcrHasRegisteredArcLinkClickAction;                    P.when(&#8216;A&#8217;, &#8216;ready&#8217;).execute(function(A) {                        if (dpAcrHasRegisteredArcLinkClickAction !== true) {                            dpAcrHasRegisteredArcLinkClickAction = true;                            A.declarative(                                &#8216;acrLink-click-metrics&#8217;, &#8216;click&#8217;,                                { &#8220;allowLinkDefault&#8221;: true },                                function (event) {                                    if (window.ue) {                                        ue.count(&#8220;acrLinkClickCount&#8221;, (ue.count(&#8220;acrLinkClickCount&#8221;) || 0) + 1);                                    }                                }                            );                        }                    });                                             P.when(&#8216;A&#8217;, &#8216;cf&#8217;).execute(function(A) {                A.declarative(&#8216;acrStarsLink-click-metrics&#8217;, &#8216;click&#8217;, { &#8220;allowLinkDefault&#8221; : true },  function(event){                    if(window.ue) {                        ue.count(&#8220;acrStarsLinkWithPopoverClickCount&#8221;, (ue.count(&#8220;acrStarsLinkWithPopoverClickCount&#8221;) || 0) + 1);                    }                });            });                          <br \/>PURE NATURE AND NO ADDITIVES &#8211; Each capsule contains 600mg of pure turmeric powder with the full spectrum of phytonutrients. No pepper or piperine, no artificial preservatives or stabilizers, no release agents such as magnesium stearate, dyes, flavors or genetically modified ingredients (non-GMO). Turmeric is one of the most important plants in Ayurvedic natural medicine, which teaches harmony of body, mind and soul. The green leafy plant with its golden yellow roots is also known as yellow ginger, Indian saffron or turmeric root.<br \/>FROM CONTROLLED ORGANIC AGRICULTURE \u2013 Our turmeric is grown under controlled organic conditions according to EU organic standards in India. The tropical climate and mineral-rich soils provide optimal conditions for growing plants. After harvesting, carefully selected roots according to high quality criteria are dried at low temperatures and ground so as to preserve the active ingredients.<br \/>Made with care in Germany \u2013 Our organic turmeric capsules are produced in strictly controlled, HACCP certified facilities.<br \/>ACTIVE-PRESERVING TREATMENT \u2013 Curcumin, the active component that gives turmeric powder its bright yellow color, is highly sensitive and quickly volatilizes if not handled properly. This is why the roots selected according to the highest quality criteria are dried at low temperatures, peeled and ground immediately after harvest, in order to best protect the valuable ingredients of turmeric powder.<br \/>100% VEGAN &#8211; Thanks to the vegetable capsule shell, perfectly adapted to a vegan or vegetarian diet. A great choice for anyone who prefers natural solutions.<\/p>\n\n","protected":false},"excerpt":{"rendered":"<p> Product Description CURCUMA &#8211; NATURELLEMENT BON ! Le curcuma (Curcuma longa) est hautement appr\u00e9ci\u00e9 depuis longtemps en m\u00e9decine traditionnelle. Les huiles essentielles, la haute teneur en curcumino\u00efdes (curcumine, d\u00e9m\u00e9thoxycurcumine, bisd\u00e9m\u00e9thoxycurcumine et cyclocurcumine), ainsi que les pr\u00e9cieux antioxydants rendent le curcuma un v\u00e9ritable super-aliment. ZONE DE CULTURE NATURELLE Notre curcuma est [&hellip;]<\/p>\n","protected":false},"featured_media":26950,"comment_status":"open","ping_status":"closed","template":"","meta":{"_gspb_post_css":"","om_disable_all_campaigns":false,"_monsterinsights_skip_tracking":false,"_monsterinsights_sitenote_active":false,"_monsterinsights_sitenote_note":"","_monsterinsights_sitenote_category":0},"store":[],"product_brand":[],"product_cat":[147],"product_tag":[342,198,242,306,294,238,358,936,376,477,935,261],"class_list":{"0":"post-26949","1":"product","2":"type-product","3":"status-publish","4":"has-post-thumbnail","6":"product_cat-racines-adaptogenes","7":"product_tag-additives","8":"product_tag-capsules","9":"product_tag-certified","10":"product_tag-dose","11":"product_tag-high","12":"product_tag-organic","13":"product_tag-pepper","14":"product_tag-piperine","15":"product_tag-quality","16":"product_tag-raw","17":"product_tag-turmeric","18":"product_tag-vegan","20":"first","21":"instock","22":"sale","23":"shipping-taxable","24":"product-type-external"},"aioseo_notices":[],"jetpack_sharing_enabled":true,"_links":{"self":[{"href":"https:\/\/www.zolattitude.com\/index.php\/wp-json\/wp\/v2\/product\/26949","targetHints":{"allow":["GET"]}}],"collection":[{"href":"https:\/\/www.zolattitude.com\/index.php\/wp-json\/wp\/v2\/product"}],"about":[{"href":"https:\/\/www.zolattitude.com\/index.php\/wp-json\/wp\/v2\/types\/product"}],"replies":[{"embeddable":true,"href":"https:\/\/www.zolattitude.com\/index.php\/wp-json\/wp\/v2\/comments?post=26949"}],"wp:featuredmedia":[{"embeddable":true,"href":"https:\/\/www.zolattitude.com\/index.php\/wp-json\/wp\/v2\/media\/26950"}],"wp:attachment":[{"href":"https:\/\/www.zolattitude.com\/index.php\/wp-json\/wp\/v2\/media?parent=26949"}],"wp:term":[{"taxonomy":"store","embeddable":true,"href":"https:\/\/www.zolattitude.com\/index.php\/wp-json\/wp\/v2\/store?post=26949"},{"taxonomy":"product_brand","embeddable":true,"href":"https:\/\/www.zolattitude.com\/index.php\/wp-json\/wp\/v2\/product_brand?post=26949"},{"taxonomy":"product_cat","embeddable":true,"href":"https:\/\/www.zolattitude.com\/index.php\/wp-json\/wp\/v2\/product_cat?post=26949"},{"taxonomy":"product_tag","embeddable":true,"href":"https:\/\/www.zolattitude.com\/index.php\/wp-json\/wp\/v2\/product_tag?post=26949"}],"curies":[{"name":"wp","href":"https:\/\/api.w.org\/{rel}","templated":true}]}}