{"id":26956,"date":"2026-04-08T01:09:58","date_gmt":"2026-04-08T01:09:58","guid":{"rendered":"https:\/\/www.zolattitude.com\/index.php\/product\/blue-spirulina-4000mg-l-endurance-recovery-high-phycocyanin-concentration-20-doses-pleasant-taste-100-natural-made-in-france-per\/"},"modified":"2026-04-08T01:10:02","modified_gmt":"2026-04-08T01:10:02","slug":"blue-spirulina-4000mg-l-endurance-recovery-high-phycocyanin-concentration-20-doses-pleasant-taste-100-natural-made-in-france-per","status":"publish","type":"product","link":"https:\/\/www.zolattitude.com\/index.php\/product\/blue-spirulina-4000mg-l-endurance-recovery-high-phycocyanin-concentration-20-doses-pleasant-taste-100-natural-made-in-france-per\/","title":{"rendered":"Blue Spirulina 4000mg\/l \u2022 Endurance &#038; Recovery \u2022 High Phycocyanin Concentration \u2022 20 doses \u2022 Pleasant taste \u2022 100% Natural \u2022 Made In France \u2022 Performe"},"content":{"rendered":"<p>Price: <span style=\"color:#b12704\">\u20ac44.00<\/span><br \/><i><small>(as of Apr 08, 2026 01:09:58 UTC &#8211; <span class=\"wp_automatic_amazon_disclaimer\" title=\"Product prices and availability are accurate as of the date\/time indicated and are subject to change. Any price and availability information displayed on [relevant Amazon Site(s), as applicable] at the time of purchase will apply to the purchase of this product.\">Details<\/span>)<\/small><\/i><br \/><a href=\"https:\/\/amazon.fr\/dp\/B0D1YLJ9NX?tag=onamzmoukoubl-21\"><img decoding=\"async\" src=\"https:\/\/valvepress.s3.amazonaws.com\/imgs\/buy_now.png\"><\/a><br \/>\n<\/p>\n<p>                                             Product Description   <\/p>\n<p>                                                                             <img decoding=\"async\" alt=\"Spiruline 4000, Spiruline liquide, spiruline bleue, sport, r\u00e9cup\u00e9ration\" src=\"https:\/\/images-na.ssl-images-amazon.com\/images\/G\/01\/x-locale\/common\/grey-pixel.gif\" class=\"a-spacing-base a-lazy-loaded\" data-src=\"https:\/\/m.media-amazon.com\/images\/S\/aplus-media-library-service-media\/3b34e419-0e4f-4577-8380-1dc77d7ed3e8.__CR0,0,970,600_PT0_SX970_V1___.jpg\"><img decoding=\"async\" alt=\"Spiruline 4000, Spiruline liquide, spiruline bleue, sport, r\u00e9cup\u00e9ration\" src=\"https:\/\/m.media-amazon.com\/images\/S\/aplus-media-library-service-media\/3b34e419-0e4f-4577-8380-1dc77d7ed3e8.__CR0,0,970,600_PT0_SX970_V1___.jpg\">                                                                    <\/p>\n<p>                                                                             <img decoding=\"async\" alt=\"Spiruline liquide, spiruline bleue, sport, r\u00e9cup\u00e9ration\" src=\"https:\/\/images-na.ssl-images-amazon.com\/images\/G\/01\/x-locale\/common\/grey-pixel.gif\" class=\"a-spacing-base a-lazy-loaded\" data-src=\"https:\/\/m.media-amazon.com\/images\/S\/aplus-media-library-service-media\/a7c5238c-5dbc-4244-b598-4ac6d8e14244.__CR0,0,970,600_PT0_SX970_V1___.jpg\"><img decoding=\"async\" alt=\"Spiruline liquide, spiruline bleue, sport, r\u00e9cup\u00e9ration\" src=\"https:\/\/m.media-amazon.com\/images\/S\/aplus-media-library-service-media\/a7c5238c-5dbc-4244-b598-4ac6d8e14244.__CR0,0,970,600_PT0_SX970_V1___.jpg\">                                                                    <\/p>\n<p>                                                                             <img decoding=\"async\" alt=\"Spiruline liquide, spiruline bleue, sport, r\u00e9cup\u00e9ration\" src=\"https:\/\/images-na.ssl-images-amazon.com\/images\/G\/01\/x-locale\/common\/grey-pixel.gif\" class=\"a-spacing-base a-lazy-loaded\" data-src=\"https:\/\/m.media-amazon.com\/images\/S\/aplus-media-library-service-media\/7f60d284-73e3-40c9-b57b-bafd3e415727.__CR0,0,970,600_PT0_SX970_V1___.jpg\"><img decoding=\"async\" alt=\"Spiruline liquide, spiruline bleue, sport, r\u00e9cup\u00e9ration\" src=\"https:\/\/m.media-amazon.com\/images\/S\/aplus-media-library-service-media\/7f60d284-73e3-40c9-b57b-bafd3e415727.__CR0,0,970,600_PT0_SX970_V1___.jpg\">                                                                    <\/p>\n<p>                                                                             <img decoding=\"async\" alt=\"Spiruline liquide, spiruline bleue, sport, r\u00e9cup\u00e9ration\" src=\"https:\/\/images-na.ssl-images-amazon.com\/images\/G\/01\/x-locale\/common\/grey-pixel.gif\" class=\"a-spacing-base a-lazy-loaded\" data-src=\"https:\/\/m.media-amazon.com\/images\/S\/aplus-media-library-service-media\/5c27bac6-107d-414e-a328-4af6dfac46eb.__CR0,0,970,600_PT0_SX970_V1___.jpg\"><img decoding=\"async\" alt=\"Spiruline liquide, spiruline bleue, sport, r\u00e9cup\u00e9ration\" src=\"https:\/\/m.media-amazon.com\/images\/S\/aplus-media-library-service-media\/5c27bac6-107d-414e-a328-4af6dfac46eb.__CR0,0,970,600_PT0_SX970_V1___.jpg\">                                                                    <\/p>\n<p>                                                                             <img decoding=\"async\" alt=\"Spiruline liquide, spiruline bleue, sport, r\u00e9cup\u00e9ration\" src=\"https:\/\/images-na.ssl-images-amazon.com\/images\/G\/01\/x-locale\/common\/grey-pixel.gif\" class=\"a-spacing-base a-lazy-loaded\" data-src=\"https:\/\/m.media-amazon.com\/images\/S\/aplus-media-library-service-media\/28e9dab4-7442-4021-95bf-563e861ef45a.__CR0,0,970,600_PT0_SX970_V1___.jpg\"><img decoding=\"async\" alt=\"Spiruline liquide, spiruline bleue, sport, r\u00e9cup\u00e9ration\" src=\"https:\/\/m.media-amazon.com\/images\/S\/aplus-media-library-service-media\/28e9dab4-7442-4021-95bf-563e861ef45a.__CR0,0,970,600_PT0_SX970_V1___.jpg\">                                                                    <\/p>\n<p>                                                                             <img decoding=\"async\" alt=\"Spiruline liquide, spiruline bleue, sport, r\u00e9cup\u00e9ration\" src=\"https:\/\/images-na.ssl-images-amazon.com\/images\/G\/01\/x-locale\/common\/grey-pixel.gif\" class=\"a-spacing-base a-lazy-loaded\" data-src=\"https:\/\/m.media-amazon.com\/images\/S\/aplus-media-library-service-media\/208e9e1d-9fea-45b8-ab5c-ef90e717c971.__CR0,0,970,600_PT0_SX970_V1___.jpg\"><img decoding=\"async\" alt=\"Spiruline liquide, spiruline bleue, sport, r\u00e9cup\u00e9ration\" src=\"https:\/\/m.media-amazon.com\/images\/S\/aplus-media-library-service-media\/208e9e1d-9fea-45b8-ab5c-ef90e717c971.__CR0,0,970,600_PT0_SX970_V1___.jpg\">                                                                    <\/p>\n<p>                         Add To Basket  <\/p>\n<p>                         Add To Basket  <\/p>\n<p>                         Add To Basket  <\/p>\n<p>                         Add To Basket  <\/p>\n<p>                             Customer Reviews  <\/p>\n<p>                    4.1 out of 5 stars  139  <\/p>\n<p>                    4.4 out of 5 stars  105  <\/p>\n<p>                    4.5 out of 5 stars  35  <\/p>\n<p>                    4.0 out of 5 stars  19  <\/p>\n<p>                             Price  <\/p>\n<p>                                    \u20ac34.00\u20ac34.00                  \u20ac59.00\u20ac59.00                  \u20ac39.00\u20ac39.00                  \u20ac89.00\u20ac89.00              <\/p>\n<p>                             Concentration en Phycocianyne<br \/>\n                                2000mg\/l               6000 mg\/l               2000 mg\/l               12000mg\/l              <\/p>\n<p>                             Bienfaits<br \/>\n                                Immunit\u00e9 &#8211; Forme               Energie &#8211; Dynamisme                Tonus &#8211; Antioxydant                Endurance &#8211; Performance               <\/p>\n<p>                             Volume du Flacon<br \/>\n                                200 ml                200 ml                200 ml                200 ml               <\/p>\n<p>                             Dur\u00e9e de la Cure<br \/>\n                                20 jours                20 jours                20 jours                20 jours               <\/p>\n<p>                             Posologie<br \/>\n                                2 cuill\u00e8res \u00e0 caf\u00e9\/jour                2 cuill\u00e8res \u00e0 caf\u00e9\/jour                2 cuill\u00e8res \u00e0 caf\u00e9\/jour                2 cuill\u00e8res \u00e0 caf\u00e9\/jour               <\/p>\n<p>                             Haute Assimilation  <\/p>\n<p>                                              \u2713<\/p>\n<p>                                              \u2713<\/p>\n<p>                                              \u2713<\/p>\n<p>                                              \u2713<\/p>\n<p>                             Extrait \u00e0 Froid &amp; Naturel   <\/p>\n<p>                                              \u2713<\/p>\n<p>                                              \u2713<\/p>\n<p>                                              \u2713<\/p>\n<p>                                              \u2713<\/p>\n<p>                             Made In France   <\/p>\n<p>                                              \u2713<\/p>\n<p>                                              \u2713<\/p>\n<p>                                              \u2713<\/p>\n<p>                                              \u2713<\/p>\n<p> Product Dimensions                                            \u200f                                            :                                            \u200e                                            5.7 x 5.7 x 12.5 cm; 270 g   <br \/> Manufacturer                                            \u200f                                            :                                            \u200e                                            Alinotech   <br \/> ASIN                                            \u200f                                            :                                            \u200e                                            B0D1YLJ9NX   <br \/> Country of origin                                            \u200f                                            :                                            \u200e                                            France   <br \/>  Customer reviews:                                                                                            4.4               4.4 out of 5 stars                                  (9)                                              var dpAcrHasRegisteredArcLinkClickAction;                    P.when(&#8216;A&#8217;, &#8216;ready&#8217;).execute(function(A) {                        if (dpAcrHasRegisteredArcLinkClickAction !== true) {                            dpAcrHasRegisteredArcLinkClickAction = true;                            A.declarative(                                &#8216;acrLink-click-metrics&#8217;, &#8216;click&#8217;,                                { &#8220;allowLinkDefault&#8221;: true },                                function (event) {                                    if (window.ue) {                                        ue.count(&#8220;acrLinkClickCount&#8221;, (ue.count(&#8220;acrLinkClickCount&#8221;) || 0) + 1);                                    }                                }                            );                        }                    });                                             P.when(&#8216;A&#8217;, &#8216;cf&#8217;).execute(function(A) {                A.declarative(&#8216;acrStarsLink-click-metrics&#8217;, &#8216;click&#8217;, { &#8220;allowLinkDefault&#8221; : true },  function(event){                    if(window.ue) {                        ue.count(&#8220;acrStarsLinkWithPopoverClickCount&#8221;, (ue.count(&#8220;acrStarsLinkWithPopoverClickCount&#8221;) || 0) + 1);                    }                });            });                          <br \/>Improve your training: The Blue Spirulina 4000mg\/l is ideal for athletes who want to have more energy during their training and recover + quickly.<br \/>Benefits of Blue Spirulina: Blue Spirulina 4000mg\/l is recommended to accelerate recovery after exercise by limiting muscle contractions, cramps and aches. It also accompanies you in improving your endurance during your sports sessions by promoting good oxygenation of the body.<br \/>USE: 1 vial = 20 doses of recovery cure Dilute 2 teaspoons (10 ml) daily in a glass of water or juice preferably in the morning on an empty stomach. This brings you 40 mg of phycocyanin. To have energy, consume in the morning on an empty stomach. For better recovery, consume our spirulina after exercise.<br \/>Liquid formula with pleasant taste &#038; 100% natural colour. Our liquid formula allows high assimilation for maximum efficiency! Unlike classic spirulinas that often have strong smells and strong tastes, our formula is pleasant to consume.<br \/>\ufe0fCOLD EXTRACT: To ensure the best of Spirulina with a high concentration of phycocyanin, we carry out cold and solvent-free extraction to preserve its quality, properties and pleasant taste.<\/p>\n\n","protected":false},"excerpt":{"rendered":"<p> Product Description Add To Basket Add To Basket Add To Basket Add To Basket Customer Reviews 4.1 out of 5 stars 139 4.4 out of 5 stars 105 4.5 out of 5 stars 35 4.0 out of 5 stars 19 Price \u20ac34.00\u20ac34.00 \u20ac59.00\u20ac59.00 \u20ac39.00\u20ac39.00 \u20ac89.00\u20ac89.00 Concentration en Phycocianyne 2000mg\/l 6000 [&hellip;]<\/p>\n","protected":false},"featured_media":26957,"comment_status":"open","ping_status":"closed","template":"","meta":{"_gspb_post_css":"","om_disable_all_campaigns":false,"_monsterinsights_skip_tracking":false,"_monsterinsights_sitenote_active":false,"_monsterinsights_sitenote_note":"","_monsterinsights_sitenote_category":0},"store":[],"product_brand":[],"product_cat":[146],"product_tag":[6700,1161,321,3804,1950,201,294,260,4154,939,3774,928,338,922],"class_list":{"0":"post-26956","1":"product","2":"type-product","3":"status-publish","4":"has-post-thumbnail","6":"product_cat-superaliments-verts","7":"product_tag-4000mgl","8":"product_tag-blue","9":"product_tag-concentration","10":"product_tag-doses","11":"product_tag-endurance","12":"product_tag-france","13":"product_tag-high","14":"product_tag-natural","15":"product_tag-performe","16":"product_tag-phycocyanin","17":"product_tag-pleasant","18":"product_tag-recovery","19":"product_tag-spirulina","20":"product_tag-taste","22":"first","23":"instock","24":"shipping-taxable","25":"product-type-external"},"aioseo_notices":[],"jetpack_sharing_enabled":true,"_links":{"self":[{"href":"https:\/\/www.zolattitude.com\/index.php\/wp-json\/wp\/v2\/product\/26956","targetHints":{"allow":["GET"]}}],"collection":[{"href":"https:\/\/www.zolattitude.com\/index.php\/wp-json\/wp\/v2\/product"}],"about":[{"href":"https:\/\/www.zolattitude.com\/index.php\/wp-json\/wp\/v2\/types\/product"}],"replies":[{"embeddable":true,"href":"https:\/\/www.zolattitude.com\/index.php\/wp-json\/wp\/v2\/comments?post=26956"}],"wp:featuredmedia":[{"embeddable":true,"href":"https:\/\/www.zolattitude.com\/index.php\/wp-json\/wp\/v2\/media\/26957"}],"wp:attachment":[{"href":"https:\/\/www.zolattitude.com\/index.php\/wp-json\/wp\/v2\/media?parent=26956"}],"wp:term":[{"taxonomy":"store","embeddable":true,"href":"https:\/\/www.zolattitude.com\/index.php\/wp-json\/wp\/v2\/store?post=26956"},{"taxonomy":"product_brand","embeddable":true,"href":"https:\/\/www.zolattitude.com\/index.php\/wp-json\/wp\/v2\/product_brand?post=26956"},{"taxonomy":"product_cat","embeddable":true,"href":"https:\/\/www.zolattitude.com\/index.php\/wp-json\/wp\/v2\/product_cat?post=26956"},{"taxonomy":"product_tag","embeddable":true,"href":"https:\/\/www.zolattitude.com\/index.php\/wp-json\/wp\/v2\/product_tag?post=26956"}],"curies":[{"name":"wp","href":"https:\/\/api.w.org\/{rel}","templated":true}]}}