{"id":27018,"date":"2026-04-08T23:16:50","date_gmt":"2026-04-08T23:16:50","guid":{"rendered":"https:\/\/www.zolattitude.com\/index.php\/product\/nutripure-whey-isolate-native-powder-milk-protein-food-supplement-muscle-development-bodybuilding-94-protein-25-bcaa-52-eaa-neutral-750g-france\/"},"modified":"2026-04-08T23:16:57","modified_gmt":"2026-04-08T23:16:57","slug":"nutripure-whey-isolate-native-powder-milk-protein-food-supplement-muscle-development-bodybuilding-94-protein-25-bcaa-52-eaa-neutral-750g-france","status":"publish","type":"product","link":"https:\/\/www.zolattitude.com\/index.php\/product\/nutripure-whey-isolate-native-powder-milk-protein-food-supplement-muscle-development-bodybuilding-94-protein-25-bcaa-52-eaa-neutral-750g-france\/","title":{"rendered":"Nutripure | Whey Isolate Native Powder | Milk Protein Food Supplement | Muscle Development &#038; Bodybuilding | 94% Protein, 25% BCAA, 52% EAA | Neutral | 750g | France"},"content":{"rendered":"<p>Price: <span style=\"color:#b12704\">\u20ac43.90<\/span><br \/><i><small>(as of Apr 08, 2026 23:16:51 UTC &#8211; <span class=\"wp_automatic_amazon_disclaimer\" title=\"Product prices and availability are accurate as of the date\/time indicated and are subject to change. Any price and availability information displayed on [relevant Amazon Site(s), as applicable] at the time of purchase will apply to the purchase of this product.\">Details<\/span>)<\/small><\/i><br \/><a href=\"https:\/\/amazon.fr\/dp\/B0BVRQS827?tag=onamzmoukoubl-21\"><img decoding=\"async\" src=\"https:\/\/valvepress.s3.amazonaws.com\/imgs\/buy_now.png\"><\/a><br \/>\n<\/p>\n<p>                                             From the brand   <\/p>\n<p>                                              <img decoding=\"async\" alt=\"un homme se tient dans un champ avec une montagne en arri\u00e8re-plan.\" src=\"https:\/\/images-na.ssl-images-amazon.com\/images\/G\/01\/x-locale\/common\/grey-pixel.gif\" class=\"a-lazy-loaded\" data-src=\"https:\/\/m.media-amazon.com\/images\/S\/aplus-media-library-service-media\/e0ea1968-5ab1-4b0e-8442-87bd69035f9d.__CR0,0,1464,625_PT0_SX1464_V1___.png\"><img decoding=\"async\" alt=\"un homme se tient dans un champ avec une montagne en arri\u00e8re-plan.\" src=\"https:\/\/m.media-amazon.com\/images\/S\/aplus-media-library-service-media\/e0ea1968-5ab1-4b0e-8442-87bd69035f9d.__CR0,0,1464,625_PT0_SX1464_V1___.png\">  <\/p>\n<p>                                              <img decoding=\"async\" alt=\"\" src=\"https:\/\/images-na.ssl-images-amazon.com\/images\/G\/01\/x-locale\/common\/grey-pixel.gif\" class=\"a-lazy-loaded\" data-src=\"https:\/\/m.media-amazon.com\/images\/S\/aplus-media-library-service-media\/e21a9025-5a5a-4b54-bf6a-e51e8658711c.__CR0,0,315,145_PT0_SX315_V1___.png\"><img decoding=\"async\" alt=\"\" src=\"https:\/\/m.media-amazon.com\/images\/S\/aplus-media-library-service-media\/e21a9025-5a5a-4b54-bf6a-e51e8658711c.__CR0,0,315,145_PT0_SX315_V1___.png\">  <\/p>\n<p> Depuis 2018, Nutripure d\u00e9veloppe des compl\u00e9ments alimentaires naturels, purs et efficaces pour soutenir votre sant\u00e9 et votre performance. <\/p>\n<p> Nous privil\u00e9gions des formulations optimis\u00e9es, une transparence totale sur les ingr\u00e9dients et un engagement envers l\u2019environnement. <\/p>\n<p> Notre objectif : vous accompagner simplement et durablement vers un meilleur \u00e9quilibre au quotidien. <\/p>\n<h3> Sant\u00e9 &amp; Bien \u00catre <\/h3>\n<p class=\"apm-brand-story-stores-link\">\n<h3> Musculation &amp; R\u00e9cup\u00e9ration <\/h3>\n<p class=\"apm-brand-story-stores-link\">\n<h3> Endurance &amp; R\u00e9sistance <\/h3>\n<p class=\"apm-brand-story-stores-link\">\n<h3> Nos Packs Complets &amp; Cibl\u00e9s <\/h3>\n<p class=\"apm-brand-story-stores-link\">\n<p> Product Dimensions                                            \u200f                                            :                                            \u200e                                            6 x 23 x 29 cm; 790 g   <br \/> Manufacturer                                            \u200f                                            :                                            \u200e                                            Nutripure   <br \/> ASIN                                            \u200f                                            :                                            \u200e                                            B0BVRQS827   <br \/> Country of origin                                            \u200f                                            :                                            \u200e                                            France   <br \/>  Customer reviews:                                                                                            4.6               4.6 out of 5 stars                                  (508)                                              var dpAcrHasRegisteredArcLinkClickAction;                    P.when(&#8216;A&#8217;, &#8216;ready&#8217;).execute(function(A) {                        if (dpAcrHasRegisteredArcLinkClickAction !== true) {                            dpAcrHasRegisteredArcLinkClickAction = true;                            A.declarative(                                &#8216;acrLink-click-metrics&#8217;, &#8216;click&#8217;,                                { &#8220;allowLinkDefault&#8221;: true },                                function (event) {                                    if (window.ue) {                                        ue.count(&#8220;acrLinkClickCount&#8221;, (ue.count(&#8220;acrLinkClickCount&#8221;) || 0) + 1);                                    }                                }                            );                        }                    });                                             P.when(&#8216;A&#8217;, &#8216;cf&#8217;).execute(function(A) {                A.declarative(&#8216;acrStarsLink-click-metrics&#8217;, &#8216;click&#8217;, { &#8220;allowLinkDefault&#8221; : true },  function(event){                    if(window.ue) {                        ue.count(&#8220;acrStarsLinkWithPopoverClickCount&#8221;, (ue.count(&#8220;acrStarsLinkWithPopoverClickCount&#8221;) || 0) + 1);                    }                });            });                          <br \/>Native proteins \u2013 These proteins come directly from fresh milk from French pastures and not whey milk from the cheese industry. Proteins are isolated without being denatured thanks to micro filtration and then cold filtration. This guarantees a rich whey with 94% protein, 24% BCAAs and 52% EAA<br \/>MUSCLE MASS GAIN &#8211; Proteins are amino acids that our body needs. They help to increase muscle mass. They are involved in many biochemical and physiological processes of the organism: muscle growth and recovery and maintenance of a solid bone structure mainly<br \/>WHY CHOOSE WHEY ISOLATE? &#8211; Unlike cheese wheys, the manufacture of Whey Isolate Nutripure allows to obtain a pure product, lactose-free and glycomacropeptides. The absence of fats and carbohydrates allows perfect digestion<br \/>5 NATURAL AROMAS &#8211; Choose from Chocolate, Vanilla, Hazelnut, Strawberry or Neutral flavours! The aromas are composed of 78% to 88% organic ingredients. 100% of the ingredients are natural and organic compatible<br \/>EN QUALITY, PURITY, TRANSPARENCE, PRICE &#8211; High concentration AND digestibility. Quality and traceability are fundamental. Made in France &#8211; GMP free, GMO free, pesticide free. Made in France and monitoring the good health of the cows in French grazing.<\/p>\n\n","protected":false},"excerpt":{"rendered":"<p> From the brand Depuis 2018, Nutripure d\u00e9veloppe des compl\u00e9ments alimentaires naturels, purs et efficaces pour soutenir votre sant\u00e9 et votre performance. Nous privil\u00e9gions des formulations optimis\u00e9es, une transparence totale sur les ingr\u00e9dients et un engagement envers l\u2019environnement. Notre objectif : vous accompagner simplement et durablement vers un meilleur \u00e9quilibre au [&hellip;]<\/p>\n","protected":false},"featured_media":27019,"comment_status":"open","ping_status":"closed","template":"","meta":{"_gspb_post_css":"","om_disable_all_campaigns":false,"_monsterinsights_skip_tracking":false,"_monsterinsights_sitenote_active":false,"_monsterinsights_sitenote_note":"","_monsterinsights_sitenote_category":0},"store":[],"product_brand":[],"product_cat":[137],"product_tag":[6720,1864,1449,5360,6719,199,201,6718,541,1403,2393,955,940,214,1021,200,3691],"class_list":{"0":"post-27018","1":"product","2":"type-product","3":"status-publish","4":"has-post-thumbnail","6":"product_cat-collagene-biotine","7":"product_tag-750g","8":"product_tag-bcaa","9":"product_tag-bodybuilding","10":"product_tag-development","11":"product_tag-eaa","12":"product_tag-food","13":"product_tag-france","14":"product_tag-isolate","15":"product_tag-milk","16":"product_tag-muscle","17":"product_tag-native","18":"product_tag-neutral","19":"product_tag-nutripure","20":"product_tag-powder","21":"product_tag-protein","22":"product_tag-supplement","23":"product_tag-whey","25":"first","26":"instock","27":"shipping-taxable","28":"product-type-external"},"aioseo_notices":[],"jetpack_sharing_enabled":true,"_links":{"self":[{"href":"https:\/\/www.zolattitude.com\/index.php\/wp-json\/wp\/v2\/product\/27018","targetHints":{"allow":["GET"]}}],"collection":[{"href":"https:\/\/www.zolattitude.com\/index.php\/wp-json\/wp\/v2\/product"}],"about":[{"href":"https:\/\/www.zolattitude.com\/index.php\/wp-json\/wp\/v2\/types\/product"}],"replies":[{"embeddable":true,"href":"https:\/\/www.zolattitude.com\/index.php\/wp-json\/wp\/v2\/comments?post=27018"}],"wp:featuredmedia":[{"embeddable":true,"href":"https:\/\/www.zolattitude.com\/index.php\/wp-json\/wp\/v2\/media\/27019"}],"wp:attachment":[{"href":"https:\/\/www.zolattitude.com\/index.php\/wp-json\/wp\/v2\/media?parent=27018"}],"wp:term":[{"taxonomy":"store","embeddable":true,"href":"https:\/\/www.zolattitude.com\/index.php\/wp-json\/wp\/v2\/store?post=27018"},{"taxonomy":"product_brand","embeddable":true,"href":"https:\/\/www.zolattitude.com\/index.php\/wp-json\/wp\/v2\/product_brand?post=27018"},{"taxonomy":"product_cat","embeddable":true,"href":"https:\/\/www.zolattitude.com\/index.php\/wp-json\/wp\/v2\/product_cat?post=27018"},{"taxonomy":"product_tag","embeddable":true,"href":"https:\/\/www.zolattitude.com\/index.php\/wp-json\/wp\/v2\/product_tag?post=27018"}],"curies":[{"name":"wp","href":"https:\/\/api.w.org\/{rel}","templated":true}]}}