{"id":27036,"date":"2026-04-08T23:54:27","date_gmt":"2026-04-08T23:54:27","guid":{"rendered":"https:\/\/www.zolattitude.com\/index.php\/product\/d-stress-tablets-pack-of-3-boxes-including-1-free-box-3rd-generation-magnesium-taurine-arginine-b-vitamins-manages-daily-stress-and-reduces-fatigue-laboratory-synergia\/"},"modified":"2026-04-08T23:54:35","modified_gmt":"2026-04-08T23:54:35","slug":"d-stress-tablets-pack-of-3-boxes-including-1-free-box-3rd-generation-magnesium-taurine-arginine-b-vitamins-manages-daily-stress-and-reduces-fatigue-laboratory-synergia","status":"publish","type":"product","link":"https:\/\/www.zolattitude.com\/index.php\/product\/d-stress-tablets-pack-of-3-boxes-including-1-free-box-3rd-generation-magnesium-taurine-arginine-b-vitamins-manages-daily-stress-and-reduces-fatigue-laboratory-synergia\/","title":{"rendered":"D-STRESS Tablets Pack of 3 Boxes Including 1 Free Box | 3rd Generation Magnesium + Taurine + Arginine + B Vitamins | Manages Daily Stress and Reduces Fatigue | Laboratory SYNERGIA"},"content":{"rendered":"<p>Price: <span style=\"color:#b12704\">\u20ac31.80<\/span><br \/><i><small>(as of Apr 08, 2026 23:54:28 UTC &#8211; <span class=\"wp_automatic_amazon_disclaimer\" title=\"Product prices and availability are accurate as of the date\/time indicated and are subject to change. Any price and availability information displayed on [relevant Amazon Site(s), as applicable] at the time of purchase will apply to the purchase of this product.\">Details<\/span>)<\/small><\/i><br \/><a href=\"https:\/\/amazon.fr\/dp\/B0968NH6V1?tag=onamzmoukoubl-21\"><img decoding=\"async\" src=\"https:\/\/valvepress.s3.amazonaws.com\/imgs\/buy_now.png\"><\/a><br \/>\n<\/p>\n<p>                                             Product Description   <\/p>\n<p>                                                         <img decoding=\"async\" alt=\"aplus content image\" src=\"https:\/\/images-na.ssl-images-amazon.com\/images\/G\/01\/x-locale\/common\/grey-pixel.gif\" class=\"a-lazy-loaded\" data-src=\"https:\/\/m.media-amazon.com\/images\/S\/aplus-media-library-service-media\/7dde2921-89b0-4cc9-b833-26894371ca47.__CR0,0,600,180_PT0_SX600_V1___.jpg\"><img decoding=\"async\" alt=\"aplus content image\" src=\"https:\/\/m.media-amazon.com\/images\/S\/aplus-media-library-service-media\/7dde2921-89b0-4cc9-b833-26894371ca47.__CR0,0,600,180_PT0_SX600_V1___.jpg\">      <\/p>\n<p>                                                                             <img decoding=\"async\" alt=\"Le texte indique \u00ab D-Stress \u00bb et \u00ab QUOTIDIEN SEREIN \u00bb. Images de l&amp;#39;emballage du produit montrant des bo\u00eetes de suppl\u00e9ments anti-stress dans une palette de couleurs blanc et vert.\" src=\"https:\/\/images-na.ssl-images-amazon.com\/images\/G\/01\/x-locale\/common\/grey-pixel.gif\" class=\"a-spacing-base a-lazy-loaded\" data-src=\"https:\/\/m.media-amazon.com\/images\/S\/aplus-media-library-service-media\/c22351ac-c860-4d74-afdd-e7ee8c69f948.__CR0,0,970,600_PT0_SX970_V1___.jpg\"><img decoding=\"async\" alt=\"Le texte indique \u00ab D-Stress \u00bb et \u00ab QUOTIDIEN SEREIN \u00bb. Images de l&amp;#39;emballage du produit montrant des bo\u00eetes de suppl\u00e9ments anti-stress dans une palette de couleurs blanc et vert.\" src=\"https:\/\/m.media-amazon.com\/images\/S\/aplus-media-library-service-media\/c22351ac-c860-4d74-afdd-e7ee8c69f948.__CR0,0,970,600_PT0_SX970_V1___.jpg\">                                                                    <\/p>\n<p>                                                                             <img decoding=\"async\" alt=\"aplus content image\" src=\"https:\/\/images-na.ssl-images-amazon.com\/images\/G\/01\/x-locale\/common\/grey-pixel.gif\" class=\"a-spacing-base a-lazy-loaded\" data-src=\"https:\/\/m.media-amazon.com\/images\/S\/aplus-media-library-service-media\/2b9e236a-955b-4a6b-88fa-2aa9e54f6b56.__CR0,0,970,600_PT0_SX970_V1___.jpg\"><img decoding=\"async\" alt=\"aplus content image\" src=\"https:\/\/m.media-amazon.com\/images\/S\/aplus-media-library-service-media\/2b9e236a-955b-4a6b-88fa-2aa9e54f6b56.__CR0,0,970,600_PT0_SX970_V1___.jpg\">                                                                       <\/p>\n<p>                                                                             <img decoding=\"async\" alt=\"aplus content image\" src=\"https:\/\/images-na.ssl-images-amazon.com\/images\/G\/01\/x-locale\/common\/grey-pixel.gif\" class=\"a-spacing-base a-lazy-loaded\" data-src=\"https:\/\/m.media-amazon.com\/images\/S\/aplus-media-library-service-media\/0231fc4b-9759-44bc-bdb2-1bb5936ae27d.__CR0,0,970,600_PT0_SX970_V1___.jpg\"><img decoding=\"async\" alt=\"aplus content image\" src=\"https:\/\/m.media-amazon.com\/images\/S\/aplus-media-library-service-media\/0231fc4b-9759-44bc-bdb2-1bb5936ae27d.__CR0,0,970,600_PT0_SX970_V1___.jpg\">                                                                    <\/p>\n<p>                                                  <img decoding=\"async\" alt=\"Eg\u00e9rie\" src=\"https:\/\/images-na.ssl-images-amazon.com\/images\/G\/01\/x-locale\/common\/grey-pixel.gif\" class=\"a-spacing-mini a-lazy-loaded\" data-src=\"https:\/\/m.media-amazon.com\/images\/S\/aplus-media-library-service-media\/c0ca56e9-22bc-455a-9905-421d54287edd.__CR0,0,600,600_PT0_SX300_V1___.jpg\"><img decoding=\"async\" alt=\"Eg\u00e9rie\" src=\"https:\/\/m.media-amazon.com\/images\/S\/aplus-media-library-service-media\/c0ca56e9-22bc-455a-9905-421d54287edd.__CR0,0,600,600_PT0_SX300_V1___.jpg\">  <\/p>\n<h3 class=\"a-spacing-mini\"> LABORATOIRE SYNERGIA <\/h3>\n<p> Le laboratoire Synergia est un laboratoire fran\u00e7ais sp\u00e9cialis\u00e9 dans les compl\u00e9ments nutritionnels de sant\u00e9 depuis plus de 25 ans, prescrits par les m\u00e9decins et distribu\u00e9s en pharmacie. Ses engagements : l\u2019efficacit\u00e9 par la synergie des micronutriments, le respect des biodisponibilit\u00e9s, des dosages nutritionnels pr\u00e9cis, des mati\u00e8res premi\u00e8res de grande qualit\u00e9 et le soutien d\u2019une expertise scientifique <\/p>\n<p> Manufacturer                                            \u200f                                            :                                            \u200e                                            Synergia   <br \/> ASIN                                            \u200f                                            :                                            \u200e                                            B0968NH6V1   <br \/> Manufacturer reference                                            \u200f                                            :                                            \u200e                                            3760139290624   <br \/> Country of origin                                            \u200f                                            :                                            \u200e                                            France   <br \/>  Customer reviews:                                                                                            4.5               4.5 out of 5 stars                                  (96)                                              var dpAcrHasRegisteredArcLinkClickAction;                    P.when(&#8216;A&#8217;, &#8216;ready&#8217;).execute(function(A) {                        if (dpAcrHasRegisteredArcLinkClickAction !== true) {                            dpAcrHasRegisteredArcLinkClickAction = true;                            A.declarative(                                &#8216;acrLink-click-metrics&#8217;, &#8216;click&#8217;,                                { &#8220;allowLinkDefault&#8221;: true },                                function (event) {                                    if (window.ue) {                                        ue.count(&#8220;acrLinkClickCount&#8221;, (ue.count(&#8220;acrLinkClickCount&#8221;) || 0) + 1);                                    }                                }                            );                        }                    });                                             P.when(&#8216;A&#8217;, &#8216;cf&#8217;).execute(function(A) {                A.declarative(&#8216;acrStarsLink-click-metrics&#8217;, &#8216;click&#8217;, { &#8220;allowLinkDefault&#8221; : true },  function(event){                    if(window.ue) {                        ue.count(&#8220;acrStarsLinkWithPopoverClickCount&#8221;, (ue.count(&#8220;acrStarsLinkWithPopoverClickCount&#8221;) || 0) + 1);                    }                });            });                          <br \/>Special offer: pack of 3 boxes, one free = 2 months pack with daily intake of 4 tablets of D-Stress<br \/>STRESS &#038; FATIGUE: D-Stress TABLETS is a real reference in the stress market. Its unique formula helps you manage your daily stress and reduce your fatigue, without side effects or addiction \u200d\ufe0f<br \/>A UNIQUE SYNERGY OF INGREDIENTS: This patented formula combines 3rd generation magnesium, taurine, arginine and B vitamins for fast and proven anti-stress efficacy!<br \/>Magnesium of 3rd generation (magnesium glycerophosphate) allows optimal absorption by the body and has a very good digestive tolerance, unlike magnesium oxides or marine magnesium<br \/>QUALITY IS OUR PRIORITY: Made according to European pharmaceutical standards, D-Stress TABLETS is suitable for vegetarian people and is gluten free, soy and GMO free \ufe0f<\/p>\n\n","protected":false},"excerpt":{"rendered":"<p> Product Description LABORATOIRE SYNERGIA Le laboratoire Synergia est un laboratoire fran\u00e7ais sp\u00e9cialis\u00e9 dans les compl\u00e9ments nutritionnels de sant\u00e9 depuis plus de 25 ans, prescrits par les m\u00e9decins et distribu\u00e9s en pharmacie. Ses engagements : l\u2019efficacit\u00e9 par la synergie des micronutriments, le respect des biodisponibilit\u00e9s, des dosages nutritionnels pr\u00e9cis, des mati\u00e8res [&hellip;]<\/p>\n","protected":false},"featured_media":27037,"comment_status":"open","ping_status":"closed","template":"","meta":{"_gspb_post_css":"","om_disable_all_campaigns":false,"_monsterinsights_skip_tracking":false,"_monsterinsights_sitenote_active":false,"_monsterinsights_sitenote_note":"","_monsterinsights_sitenote_category":0},"store":[],"product_brand":[],"product_cat":[152],"product_tag":[2146,356,413,2536,948,2145,270,263,2147,578,770,287,2148,316,588,278,2149,179,1279,274],"class_list":{"0":"post-27036","1":"product","2":"type-product","3":"status-publish","4":"has-post-thumbnail","6":"product_cat-magnesium-marin","7":"product_tag-3rd","8":"product_tag-arginine","9":"product_tag-box","10":"product_tag-boxes","11":"product_tag-daily","12":"product_tag-dstress","13":"product_tag-fatigue","14":"product_tag-free","15":"product_tag-generation","16":"product_tag-including","17":"product_tag-laboratory","18":"product_tag-magnesium","19":"product_tag-manages","20":"product_tag-pack","21":"product_tag-reduces","22":"product_tag-stress","23":"product_tag-synergia","24":"product_tag-tablets","25":"product_tag-taurine","26":"product_tag-vitamins","28":"first","29":"instock","30":"shipping-taxable","31":"product-type-external"},"aioseo_notices":[],"jetpack_sharing_enabled":true,"_links":{"self":[{"href":"https:\/\/www.zolattitude.com\/index.php\/wp-json\/wp\/v2\/product\/27036","targetHints":{"allow":["GET"]}}],"collection":[{"href":"https:\/\/www.zolattitude.com\/index.php\/wp-json\/wp\/v2\/product"}],"about":[{"href":"https:\/\/www.zolattitude.com\/index.php\/wp-json\/wp\/v2\/types\/product"}],"replies":[{"embeddable":true,"href":"https:\/\/www.zolattitude.com\/index.php\/wp-json\/wp\/v2\/comments?post=27036"}],"wp:featuredmedia":[{"embeddable":true,"href":"https:\/\/www.zolattitude.com\/index.php\/wp-json\/wp\/v2\/media\/27037"}],"wp:attachment":[{"href":"https:\/\/www.zolattitude.com\/index.php\/wp-json\/wp\/v2\/media?parent=27036"}],"wp:term":[{"taxonomy":"store","embeddable":true,"href":"https:\/\/www.zolattitude.com\/index.php\/wp-json\/wp\/v2\/store?post=27036"},{"taxonomy":"product_brand","embeddable":true,"href":"https:\/\/www.zolattitude.com\/index.php\/wp-json\/wp\/v2\/product_brand?post=27036"},{"taxonomy":"product_cat","embeddable":true,"href":"https:\/\/www.zolattitude.com\/index.php\/wp-json\/wp\/v2\/product_cat?post=27036"},{"taxonomy":"product_tag","embeddable":true,"href":"https:\/\/www.zolattitude.com\/index.php\/wp-json\/wp\/v2\/product_tag?post=27036"}],"curies":[{"name":"wp","href":"https:\/\/api.w.org\/{rel}","templated":true}]}}