{"id":27068,"date":"2026-04-09T00:55:48","date_gmt":"2026-04-09T00:55:48","guid":{"rendered":"https:\/\/www.zolattitude.com\/index.php\/product\/fighter-shots-ginger-12x60ml-27g-fresh-cold-pressed-ginger-100-natural-perfect-for-giving-you-a-boost-no-preservatives-fresh-and-tasty-ginger-shots\/"},"modified":"2026-04-09T00:55:56","modified_gmt":"2026-04-09T00:55:56","slug":"fighter-shots-ginger-12x60ml-27g-fresh-cold-pressed-ginger-100-natural-perfect-for-giving-you-a-boost-no-preservatives-fresh-and-tasty-ginger-shots","status":"publish","type":"product","link":"https:\/\/www.zolattitude.com\/index.php\/product\/fighter-shots-ginger-12x60ml-27g-fresh-cold-pressed-ginger-100-natural-perfect-for-giving-you-a-boost-no-preservatives-fresh-and-tasty-ginger-shots\/","title":{"rendered":"Fighter Shots Ginger (12x60ml) | 27g fresh cold pressed ginger | 100% natural | Perfect for giving you a boost | No preservatives | Fresh and tasty ginger shots"},"content":{"rendered":"<p>Price: <span style=\"color:#b12704\">\u20ac24.00<\/span><br \/><i><small>(as of Apr 09, 2026 00:55:48 UTC &#8211; <span class=\"wp_automatic_amazon_disclaimer\" title=\"Product prices and availability are accurate as of the date\/time indicated and are subject to change. Any price and availability information displayed on [relevant Amazon Site(s), as applicable] at the time of purchase will apply to the purchase of this product.\">Details<\/span>)<\/small><\/i><br \/><a href=\"https:\/\/amazon.fr\/dp\/B07WP5ZFST?tag=onamzmoukoubl-21\"><img decoding=\"async\" src=\"https:\/\/valvepress.s3.amazonaws.com\/imgs\/buy_now.png\"><\/a><br \/>\n<\/p>\n<p>                                             Product Description   <\/p>\n<p>                                                                             <img decoding=\"async\" alt=\"the body shop - betterave, gingembre, gingembre, gingembre, gingembre, gingembre, gingembre, gingembre, gingembre, gingembre, gingembre, gingembre, gingembre, gingembre, gingembre\" src=\"https:\/\/images-na.ssl-images-amazon.com\/images\/G\/01\/x-locale\/common\/grey-pixel.gif\" class=\"a-spacing-base a-lazy-loaded\" data-src=\"https:\/\/m.media-amazon.com\/images\/S\/aplus-media-library-service-media\/234398eb-5fed-4362-bb89-390d9180cb15.__CR0,0,970,600_PT0_SX970_V1___.png\"><img decoding=\"async\" alt=\"the body shop - betterave, gingembre, gingembre, gingembre, gingembre, gingembre, gingembre, gingembre, gingembre, gingembre, gingembre, gingembre, gingembre, gingembre, gingembre\" src=\"https:\/\/m.media-amazon.com\/images\/S\/aplus-media-library-service-media\/234398eb-5fed-4362-bb89-390d9180cb15.__CR0,0,970,600_PT0_SX970_V1___.png\">                                                                    <\/p>\n<p>                                                                             <img decoding=\"async\" alt=\"le meilleur shot au gingembre au monde\" src=\"https:\/\/images-na.ssl-images-amazon.com\/images\/G\/01\/x-locale\/common\/grey-pixel.gif\" class=\"a-spacing-base a-lazy-loaded\" data-src=\"https:\/\/m.media-amazon.com\/images\/S\/aplus-media-library-service-media\/88e800d0-4988-4246-a2b9-68cfac01755f.__CR0,0,970,600_PT0_SX970_V1___.png\"><img decoding=\"async\" alt=\"le meilleur shot au gingembre au monde\" src=\"https:\/\/m.media-amazon.com\/images\/S\/aplus-media-library-service-media\/88e800d0-4988-4246-a2b9-68cfac01755f.__CR0,0,970,600_PT0_SX970_V1___.png\">                                                                    <\/p>\n<p>                                                                             <img decoding=\"async\" alt=\"les bienfaits des vitamines et des min\u00e9raux\" src=\"https:\/\/images-na.ssl-images-amazon.com\/images\/G\/01\/x-locale\/common\/grey-pixel.gif\" class=\"a-spacing-base a-lazy-loaded\" data-src=\"https:\/\/m.media-amazon.com\/images\/S\/aplus-media-library-service-media\/b898f105-5a70-4946-948e-14ea65bc3541.__CR0,0,970,600_PT0_SX970_V1___.jpg\"><img decoding=\"async\" alt=\"les bienfaits des vitamines et des min\u00e9raux\" src=\"https:\/\/m.media-amazon.com\/images\/S\/aplus-media-library-service-media\/b898f105-5a70-4946-948e-14ea65bc3541.__CR0,0,970,600_PT0_SX970_V1___.jpg\">                                                                    <\/p>\n<p>                                                                             <img decoding=\"async\" alt=\"the fight shots, communaut\u00e9 et \u00e9nergie, gingembre biologique press\u00e9 \u00e0 froid dans chaque bouteille\" src=\"https:\/\/images-na.ssl-images-amazon.com\/images\/G\/01\/x-locale\/common\/grey-pixel.gif\" class=\"a-spacing-base a-lazy-loaded\" data-src=\"https:\/\/m.media-amazon.com\/images\/S\/aplus-media-library-service-media\/cd50ad31-adf0-443b-94e8-da71fdac123f.__CR0,0,970,600_PT0_SX970_V1___.png\"><img decoding=\"async\" alt=\"the fight shots, communaut\u00e9 et \u00e9nergie, gingembre biologique press\u00e9 \u00e0 froid dans chaque bouteille\" src=\"https:\/\/m.media-amazon.com\/images\/S\/aplus-media-library-service-media\/cd50ad31-adf0-443b-94e8-da71fdac123f.__CR0,0,970,600_PT0_SX970_V1___.png\">                                                                    <\/p>\n<p>                                                                             <img decoding=\"async\" alt=\"Bouteilles en verre de liquide jaune entour\u00e9es d&amp;#39;agrumes. Les ic\u00f4nes des produits indiquent 100 % naturels, sans conservateurs, sans sucres raffin\u00e9s et avec l&amp;#39;approbation du client.\" src=\"https:\/\/images-na.ssl-images-amazon.com\/images\/G\/01\/x-locale\/common\/grey-pixel.gif\" class=\"a-spacing-base a-lazy-loaded\" data-src=\"https:\/\/m.media-amazon.com\/images\/S\/aplus-media-library-service-media\/253119d3-bf71-4d76-adf9-e383646fd4ee.__CR0,0,970,600_PT0_SX970_V1___.png\"><img decoding=\"async\" alt=\"Bouteilles en verre de liquide jaune entour\u00e9es d&amp;#39;agrumes. Les ic\u00f4nes des produits indiquent 100 % naturels, sans conservateurs, sans sucres raffin\u00e9s et avec l&amp;#39;approbation du client.\" src=\"https:\/\/m.media-amazon.com\/images\/S\/aplus-media-library-service-media\/253119d3-bf71-4d76-adf9-e383646fd4ee.__CR0,0,970,600_PT0_SX970_V1___.png\">                                                                    <\/p>\n<p>                                                                             <img decoding=\"async\" alt=\"le fondateur de [unused0]\" src=\"https:\/\/images-na.ssl-images-amazon.com\/images\/G\/01\/x-locale\/common\/grey-pixel.gif\" class=\"a-spacing-base a-lazy-loaded\" data-src=\"https:\/\/m.media-amazon.com\/images\/S\/aplus-media-library-service-media\/f1cffbd1-5cb6-4eef-8020-aad734b919cc.__CR0,0,970,600_PT0_SX970_V1___.png\"><img decoding=\"async\" alt=\"le fondateur de [unused0]\" src=\"https:\/\/m.media-amazon.com\/images\/S\/aplus-media-library-service-media\/f1cffbd1-5cb6-4eef-8020-aad734b919cc.__CR0,0,970,600_PT0_SX970_V1___.png\">                                                                    <\/p>\n<p>                                                                             <img decoding=\"async\" alt=\"faites entrer votre corps dans le corps avec ces tisanes\" src=\"https:\/\/images-na.ssl-images-amazon.com\/images\/G\/01\/x-locale\/common\/grey-pixel.gif\" class=\"a-spacing-base a-lazy-loaded\" data-src=\"https:\/\/m.media-amazon.com\/images\/S\/aplus-media-library-service-media\/b8648f56-c236-4bcf-84d8-963871cce0f9.__CR0,0,970,600_PT0_SX970_V1___.png\"><img decoding=\"async\" alt=\"faites entrer votre corps dans le corps avec ces tisanes\" src=\"https:\/\/m.media-amazon.com\/images\/S\/aplus-media-library-service-media\/b8648f56-c236-4bcf-84d8-963871cce0f9.__CR0,0,970,600_PT0_SX970_V1___.png\">                                                                    <\/p>\n<p> Package Dimensions                                            \u200f                                            :                                            \u200e                                            37 x 17.7 x 13 cm; 100 g   <br \/> Manufacturer                                            \u200f                                            :                                            \u200e                                            Fighter Shots   <br \/> ASIN                                            \u200f                                            :                                            \u200e                                            B07WP5ZFST   <br \/> Manufacturer reference                                            \u200f                                            :                                            \u200e                                            Fighter shots juice   <br \/> Country of origin                                            \u200f                                            :                                            \u200e                                            Poland   <br \/>  Customer reviews:                                                                                            4.2               4.2 out of 5 stars                                  (336)                                              var dpAcrHasRegisteredArcLinkClickAction;                    P.when(&#8216;A&#8217;, &#8216;ready&#8217;).execute(function(A) {                        if (dpAcrHasRegisteredArcLinkClickAction !== true) {                            dpAcrHasRegisteredArcLinkClickAction = true;                            A.declarative(                                &#8216;acrLink-click-metrics&#8217;, &#8216;click&#8217;,                                { &#8220;allowLinkDefault&#8221;: true },                                function (event) {                                    if (window.ue) {                                        ue.count(&#8220;acrLinkClickCount&#8221;, (ue.count(&#8220;acrLinkClickCount&#8221;) || 0) + 1);                                    }                                }                            );                        }                    });                                             P.when(&#8216;A&#8217;, &#8216;cf&#8217;).execute(function(A) {                A.declarative(&#8216;acrStarsLink-click-metrics&#8217;, &#8216;click&#8217;, { &#8220;allowLinkDefault&#8221; : true },  function(event){                    if(window.ue) {                        ue.count(&#8220;acrStarsLinkWithPopoverClickCount&#8221;, (ue.count(&#8220;acrStarsLinkWithPopoverClickCount&#8221;) || 0) + 1);                    }                });            });                          <br \/>A perfect waking up to give you a kick or for a gentler medicinal approach with warm water.. Fighter Shots has a shot for everyone, so don&#8217;t miss yours!<br \/>Our delicious ginger energy drink is low in calories: 30 kcal per shot. It contains 27 g of fresh ginger and lemon. It&#8217;s the perfect shot for all year round, packed with powerful ingredients to keep you on top of your shape.<br \/>We only use ingredients of ethical and natural origin, non-GMO, no added sugars, dyes, additives or preservatives. We use glass bottles and aluminum cans to prevent harmful chemicals from entering our drinks. They are also recyclable.<br \/>% Ginger Shots contain 35% organic cold pressed ginger, which is higher than most shots on the market. They also contain honey and lemon, which are known for their antiseptic properties and vitamin C content. We have a range of five shots with powerful properties to enhance your daily well-being. Find the shot that&#8217;s right for you, Fighter Shots has a shot for everyone, so don&#8217;t miss yours.<br \/>In 2019, our founder, Anna, tried ginger drinks abroad for the first time. She was so impressed with how she felt better that she set herself on a mission to create a great bottled ginger shot. After several months of intense research, Fighter Shots was born. Anna&#8217;s blend contains the finest natural ingredients, in a recyclable glass bottle that is easily transportable, with essential nutrients for your well-being.<\/p>\n\n","protected":false},"excerpt":{"rendered":"<p> Product Description Package Dimensions \u200f : \u200e 37 x 17.7 x 13 cm; 100 g Manufacturer \u200f : \u200e Fighter Shots ASIN \u200f : \u200e B07WP5ZFST Manufacturer reference \u200f : \u200e Fighter shots juice Country of origin \u200f : \u200e Poland Customer reviews: 4.2 4.2 out of 5 stars (336) [&hellip;]<\/p>\n","protected":false},"featured_media":27069,"comment_status":"open","ping_status":"closed","template":"","meta":{"_gspb_post_css":"","om_disable_all_campaigns":false,"_monsterinsights_skip_tracking":false,"_monsterinsights_sitenote_active":false,"_monsterinsights_sitenote_note":"","_monsterinsights_sitenote_category":0},"store":[],"product_brand":[],"product_cat":[147],"product_tag":[6640,3011,1411,1023,6639,2746,364,6641,260,1969,2951,1373,4112,3594],"class_list":{"0":"post-27068","1":"product","2":"type-product","3":"status-publish","4":"has-post-thumbnail","6":"product_cat-racines-adaptogenes","7":"product_tag-12x60ml","8":"product_tag-27g","9":"product_tag-boost","10":"product_tag-cold","11":"product_tag-fighter","12":"product_tag-fresh","13":"product_tag-ginger","14":"product_tag-giving","15":"product_tag-natural","16":"product_tag-perfect","17":"product_tag-preservatives","18":"product_tag-pressed","19":"product_tag-shots","20":"product_tag-tasty","22":"first","23":"instock","24":"shipping-taxable","25":"product-type-external"},"aioseo_notices":[],"jetpack_sharing_enabled":true,"_links":{"self":[{"href":"https:\/\/www.zolattitude.com\/index.php\/wp-json\/wp\/v2\/product\/27068","targetHints":{"allow":["GET"]}}],"collection":[{"href":"https:\/\/www.zolattitude.com\/index.php\/wp-json\/wp\/v2\/product"}],"about":[{"href":"https:\/\/www.zolattitude.com\/index.php\/wp-json\/wp\/v2\/types\/product"}],"replies":[{"embeddable":true,"href":"https:\/\/www.zolattitude.com\/index.php\/wp-json\/wp\/v2\/comments?post=27068"}],"wp:featuredmedia":[{"embeddable":true,"href":"https:\/\/www.zolattitude.com\/index.php\/wp-json\/wp\/v2\/media\/27069"}],"wp:attachment":[{"href":"https:\/\/www.zolattitude.com\/index.php\/wp-json\/wp\/v2\/media?parent=27068"}],"wp:term":[{"taxonomy":"store","embeddable":true,"href":"https:\/\/www.zolattitude.com\/index.php\/wp-json\/wp\/v2\/store?post=27068"},{"taxonomy":"product_brand","embeddable":true,"href":"https:\/\/www.zolattitude.com\/index.php\/wp-json\/wp\/v2\/product_brand?post=27068"},{"taxonomy":"product_cat","embeddable":true,"href":"https:\/\/www.zolattitude.com\/index.php\/wp-json\/wp\/v2\/product_cat?post=27068"},{"taxonomy":"product_tag","embeddable":true,"href":"https:\/\/www.zolattitude.com\/index.php\/wp-json\/wp\/v2\/product_tag?post=27068"}],"curies":[{"name":"wp","href":"https:\/\/api.w.org\/{rel}","templated":true}]}}