{"id":27095,"date":"2026-04-09T01:23:41","date_gmt":"2026-04-09T01:23:41","guid":{"rendered":"https:\/\/www.zolattitude.com\/index.php\/product\/daily-1-multivitamin-complex-30-vitamins-and-minerals-vitality-and-well-being-vitamins-a-d3-b12-c-anti-fatigue-complex-no-controversial-mi\/"},"modified":"2026-04-09T01:23:50","modified_gmt":"2026-04-09T01:23:50","slug":"daily-1-multivitamin-complex-30-vitamins-and-minerals-vitality-and-well-being-vitamins-a-d3-b12-c-anti-fatigue-complex-no-controversial-mi","status":"publish","type":"product","link":"https:\/\/www.zolattitude.com\/index.php\/product\/daily-1-multivitamin-complex-30-vitamins-and-minerals-vitality-and-well-being-vitamins-a-d3-b12-c-anti-fatigue-complex-no-controversial-mi\/","title":{"rendered":"Daily 1 Multivitamin Complex \u2013 30 Vitamins and Minerals \u2013 Vitality and Well-being \u2013 Vitamins A, D3, B12, C\u2026 \u2013 Anti-Fatigue Complex \u2013 No Controversial Minerals \u2013 60 tablets &#8211; SuperSmart"},"content":{"rendered":"<p>Price: <span style=\"color:#b12704\">\u20ac58.00<\/span><br \/><i><small>(as of Apr 09, 2026 01:23:42 UTC &#8211; <span class=\"wp_automatic_amazon_disclaimer\" title=\"Product prices and availability are accurate as of the date\/time indicated and are subject to change. Any price and availability information displayed on [relevant Amazon Site(s), as applicable] at the time of purchase will apply to the purchase of this product.\">Details<\/span>)<\/small><\/i><br \/><a href=\"https:\/\/amazon.fr\/dp\/B08K7MK8R5?tag=onamzmoukoubl-21\"><img decoding=\"async\" src=\"https:\/\/valvepress.s3.amazonaws.com\/imgs\/buy_now.png\"><\/a><br \/>\n<\/p>\n<p>                                             From the brand   <\/p>\n<p>                                              <img decoding=\"async\" alt=\"Le texte indique \u00ab SuperSmart \u00bb. Fond minimaliste blanc avec le texte de la marque visible.\" src=\"https:\/\/images-na.ssl-images-amazon.com\/images\/G\/01\/x-locale\/common\/grey-pixel.gif\" class=\"a-lazy-loaded\" data-src=\"https:\/\/m.media-amazon.com\/images\/S\/aplus-media-library-service-media\/6e817401-aec4-4eb4-9413-47e28c9a6527.__CR0,0,1464,625_PT0_SX1464_V1___.png\"><img decoding=\"async\" alt=\"Le texte indique \u00ab SuperSmart \u00bb. Fond minimaliste blanc avec le texte de la marque visible.\" src=\"https:\/\/m.media-amazon.com\/images\/S\/aplus-media-library-service-media\/6e817401-aec4-4eb4-9413-47e28c9a6527.__CR0,0,1464,625_PT0_SX1464_V1___.png\">  <\/p>\n<p>                                              <img decoding=\"async\" alt=\"Fond bleu avec ic\u00f4nes blanches. Le texte indique un catalogue de produits contenant plus de 400 articles r\u00e9partis dans 8 cat\u00e9gories diff\u00e9rentes.\" src=\"https:\/\/images-na.ssl-images-amazon.com\/images\/G\/01\/x-locale\/common\/grey-pixel.gif\" class=\"a-lazy-loaded\" data-src=\"https:\/\/m.media-amazon.com\/images\/S\/aplus-media-library-service-media\/34069998-c5ce-4195-8564-f0a0cec7f801.__CR0,0,1362,1704_PT0_SX362_V1___.jpg\"><img decoding=\"async\" alt=\"Fond bleu avec ic\u00f4nes blanches. Le texte indique un catalogue de produits contenant plus de 400 articles r\u00e9partis dans 8 cat\u00e9gories diff\u00e9rentes.\" src=\"https:\/\/m.media-amazon.com\/images\/S\/aplus-media-library-service-media\/34069998-c5ce-4195-8564-f0a0cec7f801.__CR0,0,1362,1704_PT0_SX362_V1___.jpg\">  <\/p>\n<h3> Anti-\u00e2ge <\/h3>\n<p class=\"apm-brand-story-stores-link\">\n<h3> Sant\u00e9 gastro-intestinale <\/h3>\n<p class=\"apm-brand-story-stores-link\">\n<h3> Sant\u00e9 cardiovasculaire <\/h3>\n<p class=\"apm-brand-story-stores-link\">\n<h3> Sport, fitness et beaut\u00e9 <\/h3>\n<p class=\"apm-brand-story-stores-link\">\n<h3> Immunit\u00e9 <\/h3>\n<p class=\"apm-brand-story-stores-link\">\n<h3> Nutrition c\u00e9r\u00e9brale, et stress <\/h3>\n<p class=\"apm-brand-story-stores-link\">\n<h3> Sexualit\u00e9 et sant\u00e9 urinaire <\/h3>\n<p class=\"apm-brand-story-stores-link\">\n<h3> Soins des articulations <\/h3>\n<p class=\"apm-brand-story-stores-link\">\n<p> Package Dimensions                                            \u200f                                            :                                            \u200e                                            10.9 x 5.21 x 5.11 cm; 100 g   <br \/> Manufacturer                                            \u200f                                            :                                            \u200e                                            SUPERSMART   <br \/> ASIN                                            \u200f                                            :                                            \u200e                                            B08K7MK8R5   <br \/> Manufacturer reference                                            \u200f                                            :                                            \u200e                                            0   <br \/> Country of origin                                            \u200f                                            :                                            \u200e                                            Luxembourg   <br \/>  Customer reviews:                                                                                            3.7               3.7 out of 5 stars                                  (6)                                              var dpAcrHasRegisteredArcLinkClickAction;                    P.when(&#8216;A&#8217;, &#8216;ready&#8217;).execute(function(A) {                        if (dpAcrHasRegisteredArcLinkClickAction !== true) {                            dpAcrHasRegisteredArcLinkClickAction = true;                            A.declarative(                                &#8216;acrLink-click-metrics&#8217;, &#8216;click&#8217;,                                { &#8220;allowLinkDefault&#8221;: true },                                function (event) {                                    if (window.ue) {                                        ue.count(&#8220;acrLinkClickCount&#8221;, (ue.count(&#8220;acrLinkClickCount&#8221;) || 0) + 1);                                    }                                }                            );                        }                    });                                             P.when(&#8216;A&#8217;, &#8216;cf&#8217;).execute(function(A) {                A.declarative(&#8216;acrStarsLink-click-metrics&#8217;, &#8216;click&#8217;, { &#8220;allowLinkDefault&#8221; : true },  function(event){                    if(window.ue) {                        ue.count(&#8220;acrStarsLinkWithPopoverClickCount&#8221;, (ue.count(&#8220;acrStarsLinkWithPopoverClickCount&#8221;) || 0) + 1);                    }                });            });                          <br \/>SUPERSMART: Over 30 years of expertise, we are one of the first brands in Europe to market food supplements. Our formulas are developed by a team of in-house specialists. With hundreds of thousands of satisfied customers, SuperSmart is a key player in nutritional supplementation.<br \/>\ufe0fBOOST YOUR VITALITY: Daily 1 is a multivitamin supplement designed to support your daily vitality. Its advanced formula helps fight fatigue and strengthen overall well-being. Each tablet gradually releases its nutrients, ensuring optimal absorption. Ideal for those looking for a complete supply of essential vitamins and minerals.<br \/>\u2743 NATURAL INGREDIENTS: This complex contains 30 vitamins and minerals, including vitamins A, D3, B12 and C, known for their key roles in supporting the immune system and reducing fatigue. Enriched with bioactive compounds such as BioPQQ, ubiquinol and lycopene, Daily 1 offers a synergy of antioxidants to protect cells from oxidative stress.<br \/>Instructions for use: Take 1 tablet daily. This product is a nutritional supplement and should not be used as a substitute for a balanced and varied diet or a healthy lifestyle. Keep away from children, away from light, heat and moisture.<br \/>SATISFACTION GUARANTEED: We strive to provide you with a range of highly efficient products, while providing you with exceptional customer service. If you have any questions or concerns, please feel free to contact us at any time. We are here to help you become the best version of yourself.<\/p>\n\n","protected":false},"excerpt":{"rendered":"<p> From the brand Anti-\u00e2ge Sant\u00e9 gastro-intestinale Sant\u00e9 cardiovasculaire Sport, fitness et beaut\u00e9 Immunit\u00e9 Nutrition c\u00e9r\u00e9brale, et stress Sexualit\u00e9 et sant\u00e9 urinaire Soins des articulations Package Dimensions \u200f : \u200e 10.9 x 5.21 x 5.11 cm; 100 g Manufacturer \u200f : \u200e SUPERSMART ASIN \u200f : \u200e B08K7MK8R5 Manufacturer reference \u200f [&hellip;]<\/p>\n","protected":false},"featured_media":27096,"comment_status":"open","ping_status":"closed","template":"","meta":{"_gspb_post_css":"","om_disable_all_campaigns":false,"_monsterinsights_skip_tracking":false,"_monsterinsights_sitenote_active":false,"_monsterinsights_sitenote_note":"","_monsterinsights_sitenote_category":0},"store":[],"product_brand":[],"product_cat":[142],"product_tag":[296,1022,173,2550,948,265,266,3683,179,793,274,1223],"class_list":{"0":"post-27095","1":"product","2":"type-product","3":"status-publish","4":"has-post-thumbnail","6":"product_cat-multivitamines","7":"product_tag-antifatigue","8":"product_tag-b12","9":"product_tag-complex","10":"product_tag-controversial","11":"product_tag-daily","12":"product_tag-minerals","13":"product_tag-multivitamin","14":"product_tag-supersmart","15":"product_tag-tablets","16":"product_tag-vitality","17":"product_tag-vitamins","18":"product_tag-wellbeing","20":"first","21":"instock","22":"shipping-taxable","23":"product-type-external"},"aioseo_notices":[],"jetpack_sharing_enabled":true,"_links":{"self":[{"href":"https:\/\/www.zolattitude.com\/index.php\/wp-json\/wp\/v2\/product\/27095","targetHints":{"allow":["GET"]}}],"collection":[{"href":"https:\/\/www.zolattitude.com\/index.php\/wp-json\/wp\/v2\/product"}],"about":[{"href":"https:\/\/www.zolattitude.com\/index.php\/wp-json\/wp\/v2\/types\/product"}],"replies":[{"embeddable":true,"href":"https:\/\/www.zolattitude.com\/index.php\/wp-json\/wp\/v2\/comments?post=27095"}],"wp:featuredmedia":[{"embeddable":true,"href":"https:\/\/www.zolattitude.com\/index.php\/wp-json\/wp\/v2\/media\/27096"}],"wp:attachment":[{"href":"https:\/\/www.zolattitude.com\/index.php\/wp-json\/wp\/v2\/media?parent=27095"}],"wp:term":[{"taxonomy":"store","embeddable":true,"href":"https:\/\/www.zolattitude.com\/index.php\/wp-json\/wp\/v2\/store?post=27095"},{"taxonomy":"product_brand","embeddable":true,"href":"https:\/\/www.zolattitude.com\/index.php\/wp-json\/wp\/v2\/product_brand?post=27095"},{"taxonomy":"product_cat","embeddable":true,"href":"https:\/\/www.zolattitude.com\/index.php\/wp-json\/wp\/v2\/product_cat?post=27095"},{"taxonomy":"product_tag","embeddable":true,"href":"https:\/\/www.zolattitude.com\/index.php\/wp-json\/wp\/v2\/product_tag?post=27095"}],"curies":[{"name":"wp","href":"https:\/\/api.w.org\/{rel}","templated":true}]}}