{"id":27104,"date":"2026-04-09T01:26:55","date_gmt":"2026-04-09T01:26:55","guid":{"rendered":"https:\/\/www.zolattitude.com\/index.php\/product\/voshuiles-evening-primrose-vegetable-oil-nutritious-care-for-mature-and-sensitive-skin-rich-in-fatty-acids-and-omega-cold-pressed-pure-and-natural-50-ml\/"},"modified":"2026-04-09T01:27:08","modified_gmt":"2026-04-09T01:27:08","slug":"voshuiles-evening-primrose-vegetable-oil-nutritious-care-for-mature-and-sensitive-skin-rich-in-fatty-acids-and-omega-cold-pressed-pure-and-natural-50-ml","status":"publish","type":"product","link":"https:\/\/www.zolattitude.com\/index.php\/product\/voshuiles-evening-primrose-vegetable-oil-nutritious-care-for-mature-and-sensitive-skin-rich-in-fatty-acids-and-omega-cold-pressed-pure-and-natural-50-ml\/","title":{"rendered":"VOSHUILES &#8211; Evening Primrose Vegetable Oil &#8211; Nutritious Care for Mature and Sensitive Skin &#8211; Rich in Fatty Acids and Omega &#8211; Cold Pressed &#8211; Pure and Natural &#8211; 50 ml"},"content":{"rendered":"<p>Price: <span style=\"color:#b12704\">\u20ac8.80<\/span><br \/><i><small>(as of Apr 09, 2026 01:26:55 UTC &#8211; <span class=\"wp_automatic_amazon_disclaimer\" title=\"Product prices and availability are accurate as of the date\/time indicated and are subject to change. Any price and availability information displayed on [relevant Amazon Site(s), as applicable] at the time of purchase will apply to the purchase of this product.\">Details<\/span>)<\/small><\/i><br \/><a href=\"https:\/\/amazon.fr\/dp\/B07TS43F9T?tag=onamzmoukoubl-21\"><img decoding=\"async\" src=\"https:\/\/valvepress.s3.amazonaws.com\/imgs\/buy_now.png\"><\/a><br \/>\n<\/p>\n<p>                                             Product Description   <\/p>\n<p>                                                                             <img decoding=\"async\" alt=\"Voshuiles - huiles essentielles\" src=\"https:\/\/images-na.ssl-images-amazon.com\/images\/G\/01\/x-locale\/common\/grey-pixel.gif\" class=\"a-spacing-base a-lazy-loaded\" data-src=\"https:\/\/m.media-amazon.com\/images\/S\/aplus-media-library-service-media\/d117719c-c950-4746-b8d9-c815fcbb50bb.__CR0,0,970,600_PT0_SX970_V1___.jpeg\"><img decoding=\"async\" alt=\"Voshuiles - huiles essentielles\" src=\"https:\/\/m.media-amazon.com\/images\/S\/aplus-media-library-service-media\/d117719c-c950-4746-b8d9-c815fcbb50bb.__CR0,0,970,600_PT0_SX970_V1___.jpeg\">                                                                    <\/p>\n<p>                                                                             <img decoding=\"async\" alt=\"Voshuiles - huiles essentielles\" src=\"https:\/\/images-na.ssl-images-amazon.com\/images\/G\/01\/x-locale\/common\/grey-pixel.gif\" class=\"a-spacing-base a-lazy-loaded\" data-src=\"https:\/\/m.media-amazon.com\/images\/S\/aplus-media-library-service-media\/4971bed1-8d2d-402a-99b9-49c9050ab55b.__CR0,0,970,600_PT0_SX970_V1___.jpeg\"><img decoding=\"async\" alt=\"Voshuiles - huiles essentielles\" src=\"https:\/\/m.media-amazon.com\/images\/S\/aplus-media-library-service-media\/4971bed1-8d2d-402a-99b9-49c9050ab55b.__CR0,0,970,600_PT0_SX970_V1___.jpeg\">                                                                    <\/p>\n<p>                                                                             <img decoding=\"async\" alt=\"Voshuiles - huiles essentielles\" src=\"https:\/\/images-na.ssl-images-amazon.com\/images\/G\/01\/x-locale\/common\/grey-pixel.gif\" class=\"a-spacing-base a-lazy-loaded\" data-src=\"https:\/\/m.media-amazon.com\/images\/S\/aplus-media-library-service-media\/59e8a2b1-d20c-4ee4-8608-b83eef765a8c.__CR0,0,970,600_PT0_SX970_V1___.jpeg\"><img decoding=\"async\" alt=\"Voshuiles - huiles essentielles\" src=\"https:\/\/m.media-amazon.com\/images\/S\/aplus-media-library-service-media\/59e8a2b1-d20c-4ee4-8608-b83eef765a8c.__CR0,0,970,600_PT0_SX970_V1___.jpeg\">                                                                    <\/p>\n<p>                                                                             <img decoding=\"async\" alt=\"voshuiles\" src=\"https:\/\/images-na.ssl-images-amazon.com\/images\/G\/01\/x-locale\/common\/grey-pixel.gif\" class=\"a-spacing-base a-lazy-loaded\" data-src=\"https:\/\/m.media-amazon.com\/images\/S\/aplus-media-library-service-media\/00701846-1d5a-4c4b-87ef-aa219c20dc10.__CR0,0,970,600_PT0_SX970_V1___.jpg\"><img decoding=\"async\" alt=\"voshuiles\" src=\"https:\/\/m.media-amazon.com\/images\/S\/aplus-media-library-service-media\/00701846-1d5a-4c4b-87ef-aa219c20dc10.__CR0,0,970,600_PT0_SX970_V1___.jpg\">                                                                    <\/p>\n<p>                                                                             <img decoding=\"async\" alt=\"Module 5\" src=\"https:\/\/images-na.ssl-images-amazon.com\/images\/G\/01\/x-locale\/common\/grey-pixel.gif\" class=\"a-spacing-base a-lazy-loaded\" data-src=\"https:\/\/m.media-amazon.com\/images\/S\/aplus-media-library-service-media\/c74dbae9-b7ba-4f39-b9fb-1839f0282a76.__CR0,0,970,600_PT0_SX970_V1___.jpg\"><img decoding=\"async\" alt=\"Module 5\" src=\"https:\/\/m.media-amazon.com\/images\/S\/aplus-media-library-service-media\/c74dbae9-b7ba-4f39-b9fb-1839f0282a76.__CR0,0,970,600_PT0_SX970_V1___.jpg\">                                                                       <\/p>\n<p>                                                                             <img decoding=\"async\" alt=\"Voshuiles - huiles essentielles\" src=\"https:\/\/images-na.ssl-images-amazon.com\/images\/G\/01\/x-locale\/common\/grey-pixel.gif\" class=\"a-spacing-base a-lazy-loaded\" data-src=\"https:\/\/m.media-amazon.com\/images\/S\/aplus-media-library-service-media\/8ca43ab6-98c2-477c-8fa6-0d77497cf6d6.__CR0,0,970,600_PT0_SX970_V1___.jpg\"><img decoding=\"async\" alt=\"Voshuiles - huiles essentielles\" src=\"https:\/\/m.media-amazon.com\/images\/S\/aplus-media-library-service-media\/8ca43ab6-98c2-477c-8fa6-0d77497cf6d6.__CR0,0,970,600_PT0_SX970_V1___.jpg\">                                                                    <\/p>\n<p>                         Add To Basket  <\/p>\n<p>                         Add To Basket  <\/p>\n<p>                         Add To Basket  <\/p>\n<p>                         Add To Basket  <\/p>\n<p>                         Add To Basket  <\/p>\n<p>                             Customer Reviews  <\/p>\n<p>                    4.3 out of 5 stars  102  <\/p>\n<p>                    4.6 out of 5 stars  1,076  <\/p>\n<p>                    4.7 out of 5 stars  798  <\/p>\n<p>                    4.6 out of 5 stars  671  <\/p>\n<p>                    4.5 out of 5 stars  295  <\/p>\n<p>                    4.6 out of 5 stars  168  <\/p>\n<p>                             Price  <\/p>\n<p>                                            \u2014 no data<br \/>\n                                                       \u20ac2.80\u20ac2.80                  \u20ac3.52\u20ac3.52                  \u20ac8.20\u20ac8.20                  \u20ac4.95\u20ac4.95                  \u20ac7.65\u20ac7.65        <\/p>\n<p>                             Huile Essentielle 100% pure et naturelle  <\/p>\n<p>                                              \u2713<\/p>\n<p>                                              \u2713<\/p>\n<p>                                              \u2713<\/p>\n<p>                                              \u2713<\/p>\n<p>                                              \u2713<\/p>\n<p>                                              \u2713<\/p>\n<p>                             BIO, certifi\u00e9e Ecocert  <\/p>\n<p>                                              \u2713<\/p>\n<p>                                              \u2713<\/p>\n<p>                                              \u2713<\/p>\n<p>                                              \u2713<\/p>\n<p>                                              \u2713<\/p>\n<p>                                              \u2713<\/p>\n<p>                             Cat\u00e9gories<br \/>\n                                Beaut\u00e9 &#8211; Maison               Sommeil &#8211; Beaut\u00e9 &#8211; Energie &#8211; Maison &#8211; Digestion &#8211; Bien-\u00eatre &#8211;  Respiration               Sommeil &#8211; Beaut\u00e9 &#8211; Energie &#8211; Digestion &#8211; Bien-\u00eatre &#8211;  Respiration               Beaut\u00e9 &#8211; Bien-\u00eatre &#8211; Maison               Sommeil &#8211; Beaut\u00e9 &#8211; Energie &#8211; Digestion &#8211; Bien-\u00eatre &#8211; Maison               Sommeil &#8211; Beaut\u00e9 &#8211; Energie &#8211; Digestion &#8211; Maison        <\/p>\n<p>                             Contenances disponibles<br \/>\n                                 10ml &#8211; 20ml &#8211; 60ml &#8211; 125ml                10ml &#8211; 20ml &#8211; 60ml &#8211; 125ml                10ml &#8211; 20ml &#8211; 60ml &#8211; 125ml                5ml &#8211; 10ml &#8211; 20ml &#8211; 60ml &#8211; 125ml &#8211; 250ml                10ml &#8211; 20ml &#8211; 60ml &#8211; 125ml                10ml &#8211; 20ml &#8211; 60ml &#8211; 125ml        <\/p>\n<p>                             Nom botanique<br \/>\n                                Cedrus atlantica                Melaleuca alternifolia               Mentha x piperita               Pelargonium graveolens               Salvia sclarea               Citrus aurantium ssp. bergamia        <\/p>\n<p> Is discontinued by manufacturer                                            \u200f                                            :                                            \u200e                                            No   <br \/> Package Dimensions                                            \u200f                                            :                                            \u200e                                            10 x 3.5 x 3.5 cm; 60 g   <br \/> Manufacturer                                            \u200f                                            :                                            \u200e                                            VOSHUILES   <br \/> ASIN                                            \u200f                                            :                                            \u200e                                            B07TS43F9T   <br \/> Item model number                                            \u200f                                            :                                            \u200e                                            HUIOGRBIO50   <br \/> Country of origin                                            \u200f                                            :                                            \u200e                                            France   <br \/>  Customer reviews:                                                                                            4.4               4.4 out of 5 stars                                  (53)                                              var dpAcrHasRegisteredArcLinkClickAction;                    P.when(&#8216;A&#8217;, &#8216;ready&#8217;).execute(function(A) {                        if (dpAcrHasRegisteredArcLinkClickAction !== true) {                            dpAcrHasRegisteredArcLinkClickAction = true;                            A.declarative(                                &#8216;acrLink-click-metrics&#8217;, &#8216;click&#8217;,                                { &#8220;allowLinkDefault&#8221;: true },                                function (event) {                                    if (window.ue) {                                        ue.count(&#8220;acrLinkClickCount&#8221;, (ue.count(&#8220;acrLinkClickCount&#8221;) || 0) + 1);                                    }                                }                            );                        }                    });                                             P.when(&#8216;A&#8217;, &#8216;cf&#8217;).execute(function(A) {                A.declarative(&#8216;acrStarsLink-click-metrics&#8217;, &#8216;click&#8217;, { &#8220;allowLinkDefault&#8221; : true },  function(event){                    if(window.ue) {                        ue.count(&#8220;acrStarsLinkWithPopoverClickCount&#8221;, (ue.count(&#8220;acrStarsLinkWithPopoverClickCount&#8221;) || 0) + 1);                    }                });            });                          <br \/>Nutritional richness: Oil naturally concentrated in polyunsaturated fatty acids (omega 6 and 9) to maintain the flexibility and elasticity of the epidermis on a daily basis<br \/>Radiance and suppleness: Targeted action on the hydration of the upper layers of the skin promoting a luminous complexion and an immediate feeling of comfort without excessive greasy finish<br \/>VERSATILE CARE &#8211; Support suitable for intensely nourishing skin tissue, strengthening brittle nails and providing softness to dry or damaged hair ends<br \/>Preserved quality: Extraction by first cold pressing of evening primrose seeds guaranteeing a 100% pure oil, without additives or preservatives, in accordance with Ecocert standards<br \/>Cosmetic synergy: a fluid base that can be used pure or mixed with other oils such as argan or borage to personalize your facial and body care rituals<\/p>\n\n","protected":false},"excerpt":{"rendered":"<p> Product Description Add To Basket Add To Basket Add To Basket Add To Basket Add To Basket Customer Reviews 4.3 out of 5 stars 102 4.6 out of 5 stars 1,076 4.7 out of 5 stars 798 4.6 out of 5 stars 671 4.5 out of 5 stars 295 4.6 [&hellip;]<\/p>\n","protected":false},"featured_media":27105,"comment_status":"open","ping_status":"closed","template":"","meta":{"_gspb_post_css":"","om_disable_all_campaigns":false,"_monsterinsights_skip_tracking":false,"_monsterinsights_sitenote_active":false,"_monsterinsights_sitenote_note":"","_monsterinsights_sitenote_category":0},"store":[],"product_brand":[],"product_cat":[140],"product_tag":[1820,597,1023,251,1244,5385,260,6732,243,259,1373,252,213,258,1965,176,197,954],"class_list":{"0":"post-27104","1":"product","2":"type-product","3":"status-publish","4":"has-post-thumbnail","6":"product_cat-huiles-de-bourrache-onagre","7":"product_tag-acids","8":"product_tag-care","9":"product_tag-cold","10":"product_tag-evening","11":"product_tag-fatty","12":"product_tag-mature","13":"product_tag-natural","14":"product_tag-nutritious","15":"product_tag-oil","16":"product_tag-omega","17":"product_tag-pressed","18":"product_tag-primrose","19":"product_tag-pure","20":"product_tag-rich","21":"product_tag-sensitive","22":"product_tag-skin","23":"product_tag-vegetable","24":"product_tag-voshuiles","26":"first","27":"instock","28":"shipping-taxable","29":"product-type-external"},"aioseo_notices":[],"jetpack_sharing_enabled":true,"_links":{"self":[{"href":"https:\/\/www.zolattitude.com\/index.php\/wp-json\/wp\/v2\/product\/27104","targetHints":{"allow":["GET"]}}],"collection":[{"href":"https:\/\/www.zolattitude.com\/index.php\/wp-json\/wp\/v2\/product"}],"about":[{"href":"https:\/\/www.zolattitude.com\/index.php\/wp-json\/wp\/v2\/types\/product"}],"replies":[{"embeddable":true,"href":"https:\/\/www.zolattitude.com\/index.php\/wp-json\/wp\/v2\/comments?post=27104"}],"wp:featuredmedia":[{"embeddable":true,"href":"https:\/\/www.zolattitude.com\/index.php\/wp-json\/wp\/v2\/media\/27105"}],"wp:attachment":[{"href":"https:\/\/www.zolattitude.com\/index.php\/wp-json\/wp\/v2\/media?parent=27104"}],"wp:term":[{"taxonomy":"store","embeddable":true,"href":"https:\/\/www.zolattitude.com\/index.php\/wp-json\/wp\/v2\/store?post=27104"},{"taxonomy":"product_brand","embeddable":true,"href":"https:\/\/www.zolattitude.com\/index.php\/wp-json\/wp\/v2\/product_brand?post=27104"},{"taxonomy":"product_cat","embeddable":true,"href":"https:\/\/www.zolattitude.com\/index.php\/wp-json\/wp\/v2\/product_cat?post=27104"},{"taxonomy":"product_tag","embeddable":true,"href":"https:\/\/www.zolattitude.com\/index.php\/wp-json\/wp\/v2\/product_tag?post=27104"}],"curies":[{"name":"wp","href":"https:\/\/api.w.org\/{rel}","templated":true}]}}