{"id":27153,"date":"2026-04-09T23:52:10","date_gmt":"2026-04-09T23:52:10","guid":{"rendered":"https:\/\/www.zolattitude.com\/index.php\/product\/probiotic-intimate-flora-up-to-40-billion-cfu-day-4-strains-lactobacillus-reuteri-rhamnosus-crispatus-and-acidophilus-100-french-intima-food-supplement\/"},"modified":"2026-04-09T23:52:18","modified_gmt":"2026-04-09T23:52:18","slug":"probiotic-intimate-flora-up-to-40-billion-cfu-day-4-strains-lactobacillus-reuteri-rhamnosus-crispatus-and-acidophilus-100-french-intima-food-supplement","status":"publish","type":"product","link":"https:\/\/www.zolattitude.com\/index.php\/product\/probiotic-intimate-flora-up-to-40-billion-cfu-day-4-strains-lactobacillus-reuteri-rhamnosus-crispatus-and-acidophilus-100-french-intima-food-supplement\/","title":{"rendered":"Probiotic Intimate Flora | Up to 40 Billion CFU\/Day | 4 Strains: Lactobacillus Reuteri, Rhamnosus Crispatus and Acidophilus | 100% French | Intima | Food Supplement"},"content":{"rendered":"<p>Price: <span style=\"color:#b12704\">\u20ac26.00<\/span><br \/><i><small>(as of Apr 09, 2026 23:52:10 UTC &#8211; <span class=\"wp_automatic_amazon_disclaimer\" title=\"Product prices and availability are accurate as of the date\/time indicated and are subject to change. Any price and availability information displayed on [relevant Amazon Site(s), as applicable] at the time of purchase will apply to the purchase of this product.\">Details<\/span>)<\/small><\/i><br \/><a href=\"https:\/\/amazon.fr\/dp\/B0BZQ9FKQ9?tag=onamzmoukoubl-21\"><img decoding=\"async\" src=\"https:\/\/valvepress.s3.amazonaws.com\/imgs\/buy_now.png\"><\/a><br \/>\n<\/p>\n<p>                                             From the brand   <\/p>\n<p>                                              <img decoding=\"async\" alt=\"sdvsdv\" src=\"https:\/\/images-na.ssl-images-amazon.com\/images\/G\/01\/x-locale\/common\/grey-pixel.gif\" class=\"a-lazy-loaded\" data-src=\"https:\/\/m.media-amazon.com\/images\/S\/aplus-media-library-service-media\/e5d7f98f-998c-40b8-b31d-584ccf62ba83.__CR0,0,1464,625_PT0_SX1464_V1___.png\"><img decoding=\"async\" alt=\"sdvsdv\" src=\"https:\/\/m.media-amazon.com\/images\/S\/aplus-media-library-service-media\/e5d7f98f-998c-40b8-b31d-584ccf62ba83.__CR0,0,1464,625_PT0_SX1464_V1___.png\">  <\/p>\n<h3> SOMMEIL <\/h3>\n<p class=\"apm-brand-story-stores-link\">\n<h3> \u00c9NERGIE <\/h3>\n<p class=\"apm-brand-story-stores-link\">\n<h3> ENOVA AU F\u00c9MININ <\/h3>\n<p class=\"apm-brand-story-stores-link\">\n<h3> BEAUT\u00c9 <\/h3>\n<p class=\"apm-brand-story-stores-link\">\n<p> Package Dimensions                                            \u200f                                            :                                            \u200e                                            8.7 x 4.6 x 4.6 cm; 50 g   <br \/> Manufacturer                                            \u200f                                            :                                            \u200e                                            Laboratoires Enova   <br \/> ASIN                                            \u200f                                            :                                            \u200e                                            B0BZQ9FKQ9   <br \/> Manufacturer reference                                            \u200f                                            :                                            \u200e                                            Probio-intime-BE   <br \/> Country of origin                                            \u200f                                            :                                            \u200e                                            France   <br \/>  Customer reviews:                                                                                            4.4               4.4 out of 5 stars                                  (68)                                              var dpAcrHasRegisteredArcLinkClickAction;                    P.when(&#8216;A&#8217;, &#8216;ready&#8217;).execute(function(A) {                        if (dpAcrHasRegisteredArcLinkClickAction !== true) {                            dpAcrHasRegisteredArcLinkClickAction = true;                            A.declarative(                                &#8216;acrLink-click-metrics&#8217;, &#8216;click&#8217;,                                { &#8220;allowLinkDefault&#8221;: true },                                function (event) {                                    if (window.ue) {                                        ue.count(&#8220;acrLinkClickCount&#8221;, (ue.count(&#8220;acrLinkClickCount&#8221;) || 0) + 1);                                    }                                }                            );                        }                    });                                             P.when(&#8216;A&#8217;, &#8216;cf&#8217;).execute(function(A) {                A.declarative(&#8216;acrStarsLink-click-metrics&#8217;, &#8216;click&#8217;, { &#8220;allowLinkDefault&#8221; : true },  function(event){                    if(window.ue) {                        ue.count(&#8220;acrStarsLinkWithPopoverClickCount&#8221;, (ue.count(&#8220;acrStarsLinkWithPopoverClickCount&#8221;) || 0) + 1);                    }                });            });                          <br \/>Take care of your intimate flora: many factors can deteriorate the vaginal ecosystem (age, puberty, pregnancy, infections, sexual activity etc), so it is important to take care of it by choosing a product with strains that will help her cope with all these changes. The dosage must also be sufficient to have real effectiveness. Finally, the capsules must be gastro-resistant to be able to preserve them from the acidity of the stomach.<br \/>4 strains acting on the balance and well-being of your intimate flora: we have chosen these 4 strains (Lactobacillus Reuteri, Lactobacillus Rhamnosus, Lactobacillus Crispatus and Lactobacillus Acidophilus) because they have a beneficial action on the vaginal ecosystem by fighting against the infections, ensuring healthy vaginal flora and improving bacterial vaginosis.<br \/>HOW TO USE OUR INTIMATE FLORA PROBIOTICS? To promote the colonization of your intestine, consume probiotic Flora Intimate ideally on an empty stomach, in the morning 30 minutes to 1 hour before your meals. For prevention: 1 capsule twice a week, as a background treatment or after antibiotic therapy: 1 capsule per day. In case of regular disorders: 2 to 4 capsules per day for 7 days then 1 to 2 capsules\/day for 14 days.<br \/>EXPERTISE &#038; QUALITY: Every formula we create is a reflection of our commitment to excellence. We take care of every step, from the composition to the careful selection of ingredients. Your needs are at the heart of everything we do, which is why we choose the best ingredients to offer you effective solutions.<br \/>Made in France. Made in France is much more than a label. It is our pride and our guarantee of quality. By producing locally, we are able to maintain close control over every step of the production chain. This means that our products not only meet the stringent French standards, but also the high expectations of our customers.<\/p>\n\n","protected":false},"excerpt":{"rendered":"<p> From the brand SOMMEIL \u00c9NERGIE ENOVA AU F\u00c9MININ BEAUT\u00c9 Package Dimensions \u200f : \u200e 8.7 x 4.6 x 4.6 cm; 50 g Manufacturer \u200f : \u200e Laboratoires Enova ASIN \u200f : \u200e B0BZQ9FKQ9 Manufacturer reference \u200f : \u200e Probio-intime-BE Country of origin \u200f : \u200e France Customer reviews: 4.4 4.4 [&hellip;]<\/p>\n","protected":false},"featured_media":27154,"comment_status":"open","ping_status":"closed","template":"","meta":{"_gspb_post_css":"","om_disable_all_campaigns":false,"_monsterinsights_skip_tracking":false,"_monsterinsights_sitenote_active":false,"_monsterinsights_sitenote_note":"","_monsterinsights_sitenote_category":0},"store":[],"product_brand":[],"product_cat":[154],"product_tag":[1990,553,554,2579,435,199,180,2577,2578,440,433,1630,556,492,200],"class_list":{"0":"post-27153","1":"product","2":"type-product","3":"status-publish","4":"has-post-thumbnail","6":"product_cat-sante-intestinale","7":"product_tag-acidophilus","8":"product_tag-billion","9":"product_tag-cfuday","10":"product_tag-crispatus","11":"product_tag-flora","12":"product_tag-food","13":"product_tag-french","14":"product_tag-intima","15":"product_tag-intimate","16":"product_tag-lactobacillus","17":"product_tag-probiotic","18":"product_tag-reuteri","19":"product_tag-rhamnosus","20":"product_tag-strains","21":"product_tag-supplement","23":"first","24":"instock","25":"shipping-taxable","26":"product-type-external"},"aioseo_notices":[],"jetpack_sharing_enabled":true,"_links":{"self":[{"href":"https:\/\/www.zolattitude.com\/index.php\/wp-json\/wp\/v2\/product\/27153","targetHints":{"allow":["GET"]}}],"collection":[{"href":"https:\/\/www.zolattitude.com\/index.php\/wp-json\/wp\/v2\/product"}],"about":[{"href":"https:\/\/www.zolattitude.com\/index.php\/wp-json\/wp\/v2\/types\/product"}],"replies":[{"embeddable":true,"href":"https:\/\/www.zolattitude.com\/index.php\/wp-json\/wp\/v2\/comments?post=27153"}],"wp:featuredmedia":[{"embeddable":true,"href":"https:\/\/www.zolattitude.com\/index.php\/wp-json\/wp\/v2\/media\/27154"}],"wp:attachment":[{"href":"https:\/\/www.zolattitude.com\/index.php\/wp-json\/wp\/v2\/media?parent=27153"}],"wp:term":[{"taxonomy":"store","embeddable":true,"href":"https:\/\/www.zolattitude.com\/index.php\/wp-json\/wp\/v2\/store?post=27153"},{"taxonomy":"product_brand","embeddable":true,"href":"https:\/\/www.zolattitude.com\/index.php\/wp-json\/wp\/v2\/product_brand?post=27153"},{"taxonomy":"product_cat","embeddable":true,"href":"https:\/\/www.zolattitude.com\/index.php\/wp-json\/wp\/v2\/product_cat?post=27153"},{"taxonomy":"product_tag","embeddable":true,"href":"https:\/\/www.zolattitude.com\/index.php\/wp-json\/wp\/v2\/product_tag?post=27153"}],"curies":[{"name":"wp","href":"https:\/\/api.w.org\/{rel}","templated":true}]}}