{"id":27161,"date":"2026-04-09T23:55:46","date_gmt":"2026-04-09T23:55:46","guid":{"rendered":"https:\/\/www.zolattitude.com\/index.php\/product\/gonaturals-transcutaneous-magnesium-oil-100-ml-helps-sleep-night-cramp-joint-flexibility-skin-hair-hydration-magnesium-oil-spray-made-in-germany\/"},"modified":"2026-04-09T23:55:54","modified_gmt":"2026-04-09T23:55:54","slug":"gonaturals-transcutaneous-magnesium-oil-100-ml-helps-sleep-night-cramp-joint-flexibility-skin-hair-hydration-magnesium-oil-spray-made-in-germany","status":"publish","type":"product","link":"https:\/\/www.zolattitude.com\/index.php\/product\/gonaturals-transcutaneous-magnesium-oil-100-ml-helps-sleep-night-cramp-joint-flexibility-skin-hair-hydration-magnesium-oil-spray-made-in-germany\/","title":{"rendered":"GoNaturals Transcutaneous Magnesium Oil \u2013 100 ml \u2013 Helps Sleep, Night Cramp, Joint Flexibility, Skin &#038; Hair Hydration \u2013 Magnesium Oil Spray \u2013 Made in Germany"},"content":{"rendered":"<p>Price: <span style=\"color:#b12704\">\u20ac11.99<\/span><br \/><i><small>(as of Apr 09, 2026 23:55:46 UTC &#8211; <span class=\"wp_automatic_amazon_disclaimer\" title=\"Product prices and availability are accurate as of the date\/time indicated and are subject to change. Any price and availability information displayed on [relevant Amazon Site(s), as applicable] at the time of purchase will apply to the purchase of this product.\">Details<\/span>)<\/small><\/i><br \/><a href=\"https:\/\/amazon.fr\/dp\/B09PL8WJLH?tag=onamzmoukoubl-21\"><img decoding=\"async\" src=\"https:\/\/valvepress.s3.amazonaws.com\/imgs\/buy_now.png\"><\/a><br \/>\n<\/p>\n<p>                                             Product Description   <\/p>\n<p>                                                                             <img decoding=\"async\" alt=\"1\" src=\"https:\/\/images-na.ssl-images-amazon.com\/images\/G\/01\/x-locale\/common\/grey-pixel.gif\" class=\"a-spacing-base a-lazy-loaded\" data-src=\"https:\/\/m.media-amazon.com\/images\/S\/aplus-media-library-service-media\/38c44a61-0a9b-4eda-bece-90b330a1e778.__CR0,0,4042,2500_PT0_SX970_V1___.jpg\"><img decoding=\"async\" alt=\"1\" src=\"https:\/\/m.media-amazon.com\/images\/S\/aplus-media-library-service-media\/38c44a61-0a9b-4eda-bece-90b330a1e778.__CR0,0,4042,2500_PT0_SX970_V1___.jpg\">                                                                    <\/p>\n<p>                                                                             <img decoding=\"async\" alt=\"2\" src=\"https:\/\/images-na.ssl-images-amazon.com\/images\/G\/01\/x-locale\/common\/grey-pixel.gif\" class=\"a-spacing-base a-lazy-loaded\" data-src=\"https:\/\/m.media-amazon.com\/images\/S\/aplus-media-library-service-media\/3203abb5-5859-4ce0-b2ef-00d7b4c6c776.__CR0,0,4042,2500_PT0_SX970_V1___.jpg\"><img decoding=\"async\" alt=\"2\" src=\"https:\/\/m.media-amazon.com\/images\/S\/aplus-media-library-service-media\/3203abb5-5859-4ce0-b2ef-00d7b4c6c776.__CR0,0,4042,2500_PT0_SX970_V1___.jpg\">                                                                    <\/p>\n<p>                                                                             <img decoding=\"async\" alt=\"3\" src=\"https:\/\/images-na.ssl-images-amazon.com\/images\/G\/01\/x-locale\/common\/grey-pixel.gif\" class=\"a-spacing-base a-lazy-loaded\" data-src=\"https:\/\/m.media-amazon.com\/images\/S\/aplus-media-library-service-media\/ae661c54-22dc-4850-8ea8-18e58b820db7.__CR0,0,1940,1200_PT0_SX970_V1___.jpg\"><img decoding=\"async\" alt=\"3\" src=\"https:\/\/m.media-amazon.com\/images\/S\/aplus-media-library-service-media\/ae661c54-22dc-4850-8ea8-18e58b820db7.__CR0,0,1940,1200_PT0_SX970_V1___.jpg\">                                                                    <\/p>\n<p>                         Add To Basket  <\/p>\n<p>                         Add To Basket  <\/p>\n<p>                         Add To Basket  <\/p>\n<p>                         Add To Basket  <\/p>\n<p>                             Customer Reviews  <\/p>\n<p>                    4.0 out of 5 stars  350  <\/p>\n<p>                    4.2 out of 5 stars  1,269  <\/p>\n<p>                    4.4 out of 5 stars  657  <\/p>\n<p>                    4.4 out of 5 stars  1,248  <\/p>\n<p>                             Price  <\/p>\n<p>                                    \u20ac11.99\u20ac11.99                  \u20ac15.99\u20ac15.99                  \u20ac15.99\u20ac15.99                     \u20ac17.99\u20ac17.99           <\/p>\n<p>                             Volume<br \/>\n                                100ml               250ml               250ml                  100ml           <\/p>\n<p>                             Bienfaits<br \/>\n                                Aide au Sommeil, Crampe Nocturne, Souplesse Articulaire               Hydrate, Nourrit &amp; Revitalise               Estompe les Vergetures, Nourrit &amp; Hydrate                  Hydrate &amp; Lutte contre le Vieillissement Cutan\u00e9           <\/p>\n<p>                             Processus d&#8217;extraction<br \/>\n                                Press\u00e9 \u00e0 froid               Press\u00e9 \u00e0 froid               Press\u00e9 \u00e0 froid                  Press\u00e9 \u00e0 froid           <\/p>\n<p>                             Visage &amp; Corps<br \/>\n                                D\u00e9tend le corps               Nourrit intens\u00e9ment               Nourrit intens\u00e9ment                  Nourrit intens\u00e9ment           <\/p>\n<p>                             Cheveux &amp; Cuir Chevelu<br \/>\n                                Hydratant               Revitalisant &amp; Hydratant               Revitalisant &amp; Hydratant                  Revitalisant &amp; Hydratant           <\/p>\n<p>                             Sans parfum  <\/p>\n<p>                                              \u2713<\/p>\n<p>                                              \u2713<\/p>\n<p>                                              \u2713<\/p>\n<p>                                              \u2713<\/p>\n<p>                             V\u00e9g\u00e9talien  <\/p>\n<p>                                              \u2713<\/p>\n<p>                                              \u2713<\/p>\n<p>                                              \u2713<\/p>\n<p>                                              \u2713<\/p>\n<p>                             Fabriqu\u00e9 en Allemagne  <\/p>\n<p>                                              \u2713<\/p>\n<p>                                              \u2713<\/p>\n<p>                                              \u2713<\/p>\n<p>                                              \u2713<\/p>\n<p> Product Dimensions                                            \u200f                                            :                                            \u200e                                            4.9 x 4.9 x 14.5 cm; 240 g   <br \/> Manufacturer                                            \u200f                                            :                                            \u200e                                            Vivere GmbH   <br \/> ASIN                                            \u200f                                            :                                            \u200e                                            B09PL8WJLH   <br \/> Item model number                                            \u200f                                            :                                            \u200e                                            Magnesium Oil   <br \/> Country of origin                                            \u200f                                            :                                            \u200e                                            Germany   <br \/>  Customer reviews:                                                                                            4.0               4.0 out of 5 stars                                  (350)                                              var dpAcrHasRegisteredArcLinkClickAction;                    P.when(&#8216;A&#8217;, &#8216;ready&#8217;).execute(function(A) {                        if (dpAcrHasRegisteredArcLinkClickAction !== true) {                            dpAcrHasRegisteredArcLinkClickAction = true;                            A.declarative(                                &#8216;acrLink-click-metrics&#8217;, &#8216;click&#8217;,                                { &#8220;allowLinkDefault&#8221;: true },                                function (event) {                                    if (window.ue) {                                        ue.count(&#8220;acrLinkClickCount&#8221;, (ue.count(&#8220;acrLinkClickCount&#8221;) || 0) + 1);                                    }                                }                            );                        }                    });                                             P.when(&#8216;A&#8217;, &#8216;cf&#8217;).execute(function(A) {                A.declarative(&#8216;acrStarsLink-click-metrics&#8217;, &#8216;click&#8217;, { &#8220;allowLinkDefault&#8221; : true },  function(event){                    if(window.ue) {                        ue.count(&#8220;acrStarsLinkWithPopoverClickCount&#8221;, (ue.count(&#8220;acrStarsLinkWithPopoverClickCount&#8221;) || 0) + 1);                    }                });            });                          <br \/>MAGNESIUM FOR SLEEP \u2013 Magnesium is known to help your body relax gradually, promoting better and restful sleep. But our magnesium oil is not limited to its sleep benefits. It can also be used as a muscle relaxer, as well as a moisturizing spray for skin, hair and nails, each enjoying its unique benefits. Don&#8217;t wait any longer, discover its many benefits!<br \/>RELIEVES NIGHT CRAMPS &#8211; After a long day of work or standing, it is common to experience discomfort in the legs. By spraying this magnesium oil spray directly on your feet and legs, you can relieve this feeling and reduce the accumulated stress. Liquid magnesium is also ideal for topical use after exercise, helping to soothe tired muscles and joints, and promote quick recovery.<br \/>PURE &#038; CONCENTRATED FORMULA &#8211; Our magnesium oil spray is vegan and naturally derived, providing moisturizing and stress-relieving benefits for your face. Its light and gentle formula makes it suitable for use on hair, skin and nails, and is especially beneficial for dry and damaged hair. Apply it regularly to enjoy optimal hydration and soothing well-being for your body.<br \/>Instructions for use: shake the bottle well before each use. Then spray the magnesium oil on the targeted areas of your body. Whether it&#8217;s your facial skin, hair, scalp, nails, noxious cramps or sore muscles, this versatile spray will help you feel more relaxed and revitalized. Use it daily for optimal results.<br \/>MADE IN GERMANY &#8211; All our products are tested and packaged in the heart of Germany, Hamburg, by our team of experts in accordance with the best industry standards. We use only high quality ingredients and are constantly improving our formulas to offer you top quality products in France.<\/p>\n\n","protected":false},"excerpt":{"rendered":"<p> Product Description Add To Basket Add To Basket Add To Basket Add To Basket Customer Reviews 4.0 out of 5 stars 350 4.2 out of 5 stars 1,269 4.4 out of 5 stars 657 4.4 out of 5 stars 1,248 Price \u20ac11.99\u20ac11.99 \u20ac15.99\u20ac15.99 \u20ac15.99\u20ac15.99 \u20ac17.99\u20ac17.99 Volume 100ml 250ml 250ml 100ml [&hellip;]<\/p>\n","protected":false},"featured_media":27162,"comment_status":"open","ping_status":"closed","template":"","meta":{"_gspb_post_css":"","om_disable_all_campaigns":false,"_monsterinsights_skip_tracking":false,"_monsterinsights_sitenote_active":false,"_monsterinsights_sitenote_note":"","_monsterinsights_sitenote_category":0},"store":[],"product_brand":[],"product_cat":[152],"product_tag":[6744,1241,950,6743,175,907,768,244,287,2620,243,176,405,1946,4500],"class_list":{"0":"post-27161","1":"product","2":"type-product","3":"status-publish","4":"has-post-thumbnail","6":"product_cat-magnesium-marin","7":"product_tag-cramp","8":"product_tag-flexibility","9":"product_tag-germany","10":"product_tag-gonaturals","11":"product_tag-hair","12":"product_tag-helps","13":"product_tag-hydration","14":"product_tag-joint","15":"product_tag-magnesium","16":"product_tag-night","17":"product_tag-oil","18":"product_tag-skin","19":"product_tag-sleep","20":"product_tag-spray","21":"product_tag-transcutaneous","23":"first","24":"instock","25":"shipping-taxable","26":"product-type-external"},"aioseo_notices":[],"jetpack_sharing_enabled":true,"_links":{"self":[{"href":"https:\/\/www.zolattitude.com\/index.php\/wp-json\/wp\/v2\/product\/27161","targetHints":{"allow":["GET"]}}],"collection":[{"href":"https:\/\/www.zolattitude.com\/index.php\/wp-json\/wp\/v2\/product"}],"about":[{"href":"https:\/\/www.zolattitude.com\/index.php\/wp-json\/wp\/v2\/types\/product"}],"replies":[{"embeddable":true,"href":"https:\/\/www.zolattitude.com\/index.php\/wp-json\/wp\/v2\/comments?post=27161"}],"wp:featuredmedia":[{"embeddable":true,"href":"https:\/\/www.zolattitude.com\/index.php\/wp-json\/wp\/v2\/media\/27162"}],"wp:attachment":[{"href":"https:\/\/www.zolattitude.com\/index.php\/wp-json\/wp\/v2\/media?parent=27161"}],"wp:term":[{"taxonomy":"store","embeddable":true,"href":"https:\/\/www.zolattitude.com\/index.php\/wp-json\/wp\/v2\/store?post=27161"},{"taxonomy":"product_brand","embeddable":true,"href":"https:\/\/www.zolattitude.com\/index.php\/wp-json\/wp\/v2\/product_brand?post=27161"},{"taxonomy":"product_cat","embeddable":true,"href":"https:\/\/www.zolattitude.com\/index.php\/wp-json\/wp\/v2\/product_cat?post=27161"},{"taxonomy":"product_tag","embeddable":true,"href":"https:\/\/www.zolattitude.com\/index.php\/wp-json\/wp\/v2\/product_tag?post=27161"}],"curies":[{"name":"wp","href":"https:\/\/api.w.org\/{rel}","templated":true}]}}