{"id":27182,"date":"2026-04-10T00:57:17","date_gmt":"2026-04-10T00:57:17","guid":{"rendered":"https:\/\/www.zolattitude.com\/index.php\/product\/bandini-maca-power-240-capsules-black-maca-enriched-with-arginine-kyowa-tribulus-vitamin-c-zinc-b6-b12-selenium-anti-stress-increases-endurance-and-energy\/"},"modified":"2026-04-10T00:57:25","modified_gmt":"2026-04-10T00:57:25","slug":"bandini-maca-power-240-capsules-black-maca-enriched-with-arginine-kyowa-tribulus-vitamin-c-zinc-b6-b12-selenium-anti-stress-increases-endurance-and-energy","status":"publish","type":"product","link":"https:\/\/www.zolattitude.com\/index.php\/product\/bandini-maca-power-240-capsules-black-maca-enriched-with-arginine-kyowa-tribulus-vitamin-c-zinc-b6-b12-selenium-anti-stress-increases-endurance-and-energy\/","title":{"rendered":"Bandini\u00ae Maca Power 240 Capsules \u2013 Black Maca Enriched with Arginine Kyowa\u00ae + Tribulus + Vitamin C + Zinc + B6 + B12 + Selenium \u2013 Anti-stress, Increases Endurance and Energy \u2013 100% Vegan"},"content":{"rendered":"<p>Price: <span style=\"color:#b12704\">\u20ac22.90<\/span><br \/><i><small>(as of Apr 10, 2026 00:57:17 UTC &#8211; <span class=\"wp_automatic_amazon_disclaimer\" title=\"Product prices and availability are accurate as of the date\/time indicated and are subject to change. Any price and availability information displayed on [relevant Amazon Site(s), as applicable] at the time of purchase will apply to the purchase of this product.\">Details<\/span>)<\/small><\/i><br \/><a href=\"https:\/\/amazon.fr\/dp\/B0D31N13LP?tag=onamzmoukoubl-21\"><img decoding=\"async\" src=\"https:\/\/valvepress.s3.amazonaws.com\/imgs\/buy_now.png\"><\/a><br \/>\n<\/p>\n<p>                                             Product Description   <\/p>\n<p>                                                                                                       <img decoding=\"async\" alt=\"Bandini Pharma affich\u00e9 sur fond d\u00e9grad\u00e9 bleu clair\" src=\"https:\/\/images-na.ssl-images-amazon.com\/images\/G\/01\/x-locale\/common\/grey-pixel.gif\" class=\"a-lazy-loaded\" data-src=\"https:\/\/m.media-amazon.com\/images\/S\/aplus-media-library-service-media\/4a8b85c1-274f-46e3-bb4b-0a8fb45e6360.__CR0,0,4067,1667_PT0_SX1464_V1___.png\"><img decoding=\"async\" alt=\"Bandini Pharma affich\u00e9 sur fond d\u00e9grad\u00e9 bleu clair\" src=\"https:\/\/m.media-amazon.com\/images\/S\/aplus-media-library-service-media\/4a8b85c1-274f-46e3-bb4b-0a8fb45e6360.__CR0,0,4067,1667_PT0_SX1464_V1___.png\">                                               <\/p>\n<p>                                                                                  <img decoding=\"async\" alt=\"avec fond de champ de tournesols avec texte fran\u00e7ais sur la vitalit\u00e9 naturelle, superpos\u00e9 sur des fleurs jaune vif\" src=\"https:\/\/m.media-amazon.com\/images\/S\/aplus-media-library-service-media\/f3631041-77a7-4e03-bb9d-ee1b853081ac.__CR0,1,4067,1667_PT0_SX1464_V1___.png\">                                                    <img decoding=\"async\" alt=\"Publicit\u00e9 pour des suppl\u00e9ments de sant\u00e9 en fran\u00e7ais. Fond de champ de tournesol jaune avec texte sur la sant\u00e9 et la vitalit\u00e9 extraordinaires.\" src=\"https:\/\/m.media-amazon.com\/images\/S\/aplus-media-library-service-media\/98dfdf83-8d69-4d4f-bc89-465a62b00ed5.__CR0,1,4067,1667_PT0_SX1464_V1___.png\">                                                    <img decoding=\"async\" alt=\"Fond de champ de tournesols avec superposition de texte fran\u00e7ais sur les suppl\u00e9ments \u00e9nerg\u00e9tiques et nutritionnels\" src=\"https:\/\/m.media-amazon.com\/images\/S\/aplus-media-library-service-media\/ffe6648b-8924-4a45-9773-2293e427880b.__CR0,1,4067,1667_PT0_SX1464_V1___.png\">                                                    <img decoding=\"async\" alt=\"Image promotionnelle de style de vie montrant des personnes \u00e0 l&amp;#39;ext\u00e9rieur dans un champ de tournesols, avec un texte en fran\u00e7ais sur l&amp;#39;harmonie et le bien-\u00eatre.\" src=\"https:\/\/m.media-amazon.com\/images\/S\/aplus-media-library-service-media\/c523e841-fe7d-46f0-95f4-ac7a3b2822a6.__CR0,0,4068,1667_PT0_SX1464_V1___.png\">                                                    <img decoding=\"async\" alt=\"Champ de tournesols avec trois personnes qui s&amp;#39;amusent. La superposition de texte mentionne les compl\u00e9ments alimentaires Renaissance formul\u00e9s pour les besoins individuels.\" src=\"https:\/\/m.media-amazon.com\/images\/S\/aplus-media-library-service-media\/28a8c7d3-d6d5-42f9-a9c8-6f292e66c32c.__CR0,1,4067,1667_PT0_SX1464_V1___.png\">               <\/p>\n<p>                       1 Vitalit\u00e9 Naturelle          2 Le Secret          3 Votre \u00c9nergie          4 Votre Harmonie          5 Renaissance             <\/p>\n<p>                                                                                                       <img decoding=\"async\" alt=\"Sc\u00e8ne de cuisine ou de salle \u00e0 manger avec ustensiles de cuisine et mat\u00e9riel de pr\u00e9paration sur une surface en bois, superposition de texte en fran\u00e7ais\" src=\"https:\/\/images-na.ssl-images-amazon.com\/images\/G\/01\/x-locale\/common\/grey-pixel.gif\" class=\"a-lazy-loaded\" data-src=\"https:\/\/m.media-amazon.com\/images\/S\/aplus-media-library-service-media\/8957361c-1c8e-482d-ae90-898a2c86a990.__CR0,1,4067,1667_PT0_SX1464_V1___.png\"><img decoding=\"async\" alt=\"Sc\u00e8ne de cuisine ou de salle \u00e0 manger avec ustensiles de cuisine et mat\u00e9riel de pr\u00e9paration sur une surface en bois, superposition de texte en fran\u00e7ais\" src=\"https:\/\/m.media-amazon.com\/images\/S\/aplus-media-library-service-media\/8957361c-1c8e-482d-ae90-898a2c86a990.__CR0,1,4067,1667_PT0_SX1464_V1___.png\">                                               <\/p>\n<p>                                                                                                       <img decoding=\"async\" alt=\"Deux flacons de suppl\u00e9ments sur fond bleu sarcelle, mettant en vedette les produits Gandini Pharma avec un texte faisant la promotion de produits b\u00e9n\u00e9fiques pour le corps en fran\u00e7ais\" src=\"https:\/\/images-na.ssl-images-amazon.com\/images\/G\/01\/x-locale\/common\/grey-pixel.gif\" class=\"a-lazy-loaded\" data-src=\"https:\/\/m.media-amazon.com\/images\/S\/aplus-media-library-service-media\/a95e825d-72b2-4e0f-802e-a85381136fc5.__CR0,0,4067,1667_PT0_SX1464_V1___.png\"><img decoding=\"async\" alt=\"Deux flacons de suppl\u00e9ments sur fond bleu sarcelle, mettant en vedette les produits Gandini Pharma avec un texte faisant la promotion de produits b\u00e9n\u00e9fiques pour le corps en fran\u00e7ais\" src=\"https:\/\/m.media-amazon.com\/images\/S\/aplus-media-library-service-media\/a95e825d-72b2-4e0f-802e-a85381136fc5.__CR0,0,4067,1667_PT0_SX1464_V1___.png\">                                               <\/p>\n<p>                                                                                  <img decoding=\"async\" alt=\"Banni\u00e8re verte avec texte fran\u00e7ais sur l&amp;#39;engagement en mati\u00e8re de production de compl\u00e9ments alimentaires, avec texte blanc sur fond vert fonc\u00e9.\" src=\"https:\/\/m.media-amazon.com\/images\/S\/aplus-media-library-service-media\/fb81cd38-adea-442f-9057-3015948c06a6.__CR0,1,4067,1667_PT0_SX1464_V1___.png\">       <\/p>\n<p>                                                                                  <img decoding=\"async\" alt=\"avec le texte fran\u00e7ais \u00ab SOIN \u00c0 CHAQUE GRAMME \u00bb et un texte suppl\u00e9mentaire ci-dessous d\u00e9crivant\" src=\"https:\/\/m.media-amazon.com\/images\/S\/aplus-media-library-service-media\/fbb284fc-800e-4442-89ec-b9b01e3f45a5.__CR0,0,4068,1667_PT0_SX1464_V1___.png\">       <\/p>\n<p>                                                                                  <img decoding=\"async\" alt=\"Fond bleu sarcelle avec texte blanc en fran\u00e7ais sur les compl\u00e9ments alimentaires pour le bien-\u00eatre au quotidien. Informations partielles visibles en raison du recadrage de l&amp;#39;image.\" src=\"https:\/\/m.media-amazon.com\/images\/S\/aplus-media-library-service-media\/6b35a5df-f752-4c31-9e02-4e97d3aebe1b.__CR0,0,4068,1667_PT0_SX1464_V1___.png\">       <\/p>\n<p>                                                                                  <img decoding=\"async\" alt=\"Texte en fran\u00e7ais sur fond fonc\u00e9 : \u00ab INNOVATION CONSTANTE POUR TON BIEN-\u00caTRE \u00bb. Mentionne son engagement en faveur de l&amp;#39;innovation et du bien-\u00eatre \u00e0 travers le d\u00e9veloppement de produits.\" src=\"https:\/\/m.media-amazon.com\/images\/S\/aplus-media-library-service-media\/d44415dc-535c-4889-b375-ec7f12aa686b.__CR0,1,4067,1667_PT0_SX1464_V1___.png\">       <\/p>\n<h3 class=\"a-text-center aplus-h1 a-text-bold\"> Produits similaires <\/h3>\n<p>                         Add To Basket  <\/p>\n<p>                         Add To Basket  <\/p>\n<p>                         Add To Basket  <\/p>\n<p>                         Add To Basket  <\/p>\n<p>                         Add To Basket  <\/p>\n<p>                         Add To Basket  <\/p>\n<p>                                     Customer Reviews  <\/p>\n<p>                    4.0 out of 5 stars  169  <\/p>\n<p>                    4.2 out of 5 stars  503  <\/p>\n<p>                    4.3 out of 5 stars  2,590  <\/p>\n<p>                    4.5 out of 5 stars  492  <\/p>\n<p>                    4.1 out of 5 stars  237  <\/p>\n<p>                    4.4 out of 5 stars  397  <\/p>\n<p>                                     Price  <\/p>\n<p>                                                        \u20ac22.90\u20ac22.90     <\/p>\n<p>                                                        \u20ac9.90\u20ac9.90     <\/p>\n<p>                                                        \u20ac9.45\u20ac9.45     <\/p>\n<p>                                                        \u20ac20.80\u20ac20.80     <\/p>\n<p>                                                        \u20ac19.90\u20ac19.90     <\/p>\n<p>                                                        \u20ac19.90\u20ac19.90     <\/p>\n<p>                                     Quantit\u00e9  <\/p>\n<p>                                                240 G\u00e9lules    <\/p>\n<p>                                                60 G\u00e9lules    <\/p>\n<p>                                                60 G\u00e9lules    <\/p>\n<p>                                                180 G\u00e9lules    <\/p>\n<p>                                                120 G\u00e9lules    <\/p>\n<p>                                                180 comprim\u00e9s    <\/p>\n<p>                                     Format  <\/p>\n<p>                                                G\u00e9lules    <\/p>\n<p>                                                G\u00e9lules    <\/p>\n<p>                                                G\u00e9lules    <\/p>\n<p>                                                G\u00e9lules    <\/p>\n<p>                                                G\u00e9lules    <\/p>\n<p>                                                comprim\u00e9s    <\/p>\n<p>                                     Fourniture  <\/p>\n<p>                                                2 Mois    <\/p>\n<p>                                                1 Mois    <\/p>\n<p>                                                2 Mois    <\/p>\n<p>                                                6 Mois    <\/p>\n<p>                                                2 Mois    <\/p>\n<p>                                                6 Mois    <\/p>\n<p>                                     V\u00e9g\u00e9talien  <\/p>\n<p>                                                    \u2714       <\/p>\n<p>                                                    \u2714       <\/p>\n<p>                                                    \u2714       <\/p>\n<p>                                                    \u2714       <\/p>\n<p>                                                    \u2714       <\/p>\n<p>                                                    \u2714       <\/p>\n<p>                                     Sans OGM  <\/p>\n<p>                                                    \u2714       <\/p>\n<p>                                                    \u2714       <\/p>\n<p>                                                    \u2714       <\/p>\n<p>                                                    \u2714       <\/p>\n<p>                                                    \u2714       <\/p>\n<p>                                                    \u2714       <\/p>\n<p> Package Dimensions                                            \u200f                                            :                                            \u200e                                            13.7 x 7.9 x 7.7 cm; 270 g   <br \/> Manufacturer                                            \u200f                                            :                                            \u200e                                            Bandini   <br \/> ASIN                                            \u200f                                            :                                            \u200e                                            B0D31N13LP   <br \/> Country of origin                                            \u200f                                            :                                            \u200e                                            Italy   <br \/>  Customer reviews:                                                                                            4.0               4.0 out of 5 stars                                  (169)                                              var dpAcrHasRegisteredArcLinkClickAction;                    P.when(&#8216;A&#8217;, &#8216;ready&#8217;).execute(function(A) {                        if (dpAcrHasRegisteredArcLinkClickAction !== true) {                            dpAcrHasRegisteredArcLinkClickAction = true;                            A.declarative(                                &#8216;acrLink-click-metrics&#8217;, &#8216;click&#8217;,                                { &#8220;allowLinkDefault&#8221;: true },                                function (event) {                                    if (window.ue) {                                        ue.count(&#8220;acrLinkClickCount&#8221;, (ue.count(&#8220;acrLinkClickCount&#8221;) || 0) + 1);                                    }                                }                            );                        }                    });                                             P.when(&#8216;A&#8217;, &#8216;cf&#8217;).execute(function(A) {                A.declarative(&#8216;acrStarsLink-click-metrics&#8217;, &#8216;click&#8217;, { &#8220;allowLinkDefault&#8221; : true },  function(event){                    if(window.ue) {                        ue.count(&#8220;acrStarsLinkWithPopoverClickCount&#8221;, (ue.count(&#8220;acrStarsLinkWithPopoverClickCount&#8221;) || 0) + 1);                    }                });            });                          <br \/>\u2705 High performance, high dosage. Highly dosed dietary supplement with 1800 mg L-Arginine, 1000 mg Maca, 400 mg Tribulus, 80 mg Vitamin C, 10 mg Zinc, 1.4 mg Vitamin B6, 100 mcg Selenium and 2.5 mcg Vitamin B12 for 4 genes lules (daily dose EN). Pack of 240 vegetable capsules.<br \/>\ud83d\udc4d FUNCTIONALITY. Maca Power is a dietary supplement based on black Maca and Tribulus terrestris, which have a tonic action to counter states of physical and mental fatigue. Vitamin B6 contributes to normal energy metabolism, regulates hormonal activity and, together with vitamin C and B12, reduces fatigue. Vitamin C contributes to energy metabolism and zinc to normal fertility.<br \/>\u2743 ENERGIZING TONIC. Maca is a small herbaceous plant of the Brassicaceae family. Its botanical name is Lepidium meyenii and it is native to the Andes, where it grows at an altitude of between 2500 and 5000 m. Its roots are rich in nutrients essential for health. Maca has a tonic-adaptogenic action that allows to increase physical endurance and fight stress, improving the body&#8217;s ability to adapt to environmental factors.<br \/>Tested quality. The Maca Power 240 capsules from BANDINI Pharma have been created through careful selection of raw materials. The formula is enriched with arginine, vitamin B6, vitamin B12 and zinc. Our product is naturally GMO free, flavour-free and titanium dioxide free.<br \/>Certified product. BANDINI Pharma is an Italian company capable of offering innovative and quality products for the health and well-being of people, dynamically and professionally: Our products are manufactured in our GMP certified laboratory, UNI EN ISO 9001:2015 and ISO 22000:2018. The BANDINI Pharma line, entirely made in Italy, includes a wide range of products with excellent value for money.<\/p>\n\n","protected":false},"excerpt":{"rendered":"<p> Product Description 1 Vitalit\u00e9 Naturelle 2 Le Secret 3 Votre \u00c9nergie 4 Votre Harmonie 5 Renaissance Produits similaires Add To Basket Add To Basket Add To Basket Add To Basket Add To Basket Add To Basket Customer Reviews 4.0 out of 5 stars 169 4.2 out of 5 stars 503 [&hellip;]<\/p>\n","protected":false},"featured_media":27183,"comment_status":"open","ping_status":"closed","template":"","meta":{"_gspb_post_css":"","om_disable_all_campaigns":false,"_monsterinsights_skip_tracking":false,"_monsterinsights_sitenote_active":false,"_monsterinsights_sitenote_note":"","_monsterinsights_sitenote_category":0},"store":[],"product_brand":[],"product_cat":[147],"product_tag":[379,356,1022,817,353,198,1950,289,1529,4540,3056,354,1868,192,4366,261,178,172],"class_list":{"0":"post-27182","1":"product","2":"type-product","3":"status-publish","4":"has-post-thumbnail","6":"product_cat-racines-adaptogenes","7":"product_tag-antistress","8":"product_tag-arginine","9":"product_tag-b12","10":"product_tag-bandini","11":"product_tag-black","12":"product_tag-capsules","13":"product_tag-endurance","14":"product_tag-energy","15":"product_tag-enriched","16":"product_tag-increases","17":"product_tag-kyowa","18":"product_tag-maca","19":"product_tag-power","20":"product_tag-selenium","21":"product_tag-tribulus","22":"product_tag-vegan","23":"product_tag-vitamin","24":"product_tag-zinc","26":"first","27":"instock","28":"shipping-taxable","29":"product-type-external"},"aioseo_notices":[],"jetpack_sharing_enabled":true,"_links":{"self":[{"href":"https:\/\/www.zolattitude.com\/index.php\/wp-json\/wp\/v2\/product\/27182","targetHints":{"allow":["GET"]}}],"collection":[{"href":"https:\/\/www.zolattitude.com\/index.php\/wp-json\/wp\/v2\/product"}],"about":[{"href":"https:\/\/www.zolattitude.com\/index.php\/wp-json\/wp\/v2\/types\/product"}],"replies":[{"embeddable":true,"href":"https:\/\/www.zolattitude.com\/index.php\/wp-json\/wp\/v2\/comments?post=27182"}],"wp:featuredmedia":[{"embeddable":true,"href":"https:\/\/www.zolattitude.com\/index.php\/wp-json\/wp\/v2\/media\/27183"}],"wp:attachment":[{"href":"https:\/\/www.zolattitude.com\/index.php\/wp-json\/wp\/v2\/media?parent=27182"}],"wp:term":[{"taxonomy":"store","embeddable":true,"href":"https:\/\/www.zolattitude.com\/index.php\/wp-json\/wp\/v2\/store?post=27182"},{"taxonomy":"product_brand","embeddable":true,"href":"https:\/\/www.zolattitude.com\/index.php\/wp-json\/wp\/v2\/product_brand?post=27182"},{"taxonomy":"product_cat","embeddable":true,"href":"https:\/\/www.zolattitude.com\/index.php\/wp-json\/wp\/v2\/product_cat?post=27182"},{"taxonomy":"product_tag","embeddable":true,"href":"https:\/\/www.zolattitude.com\/index.php\/wp-json\/wp\/v2\/product_tag?post=27182"}],"curies":[{"name":"wp","href":"https:\/\/api.w.org\/{rel}","templated":true}]}}