{"id":27191,"date":"2026-04-10T01:11:53","date_gmt":"2026-04-10T01:11:53","guid":{"rendered":"https:\/\/www.zolattitude.com\/index.php\/product\/redmoringa-organic-moringa-oleifera-supplement-100-natural-moringa-in-vegetable-capsules-for-digestion-and-flat-stomach-source-of-vitamins-minerals-and-proteins-180-capsules-made-in\/"},"modified":"2026-04-10T01:12:04","modified_gmt":"2026-04-10T01:12:04","slug":"redmoringa-organic-moringa-oleifera-supplement-100-natural-moringa-in-vegetable-capsules-for-digestion-and-flat-stomach-source-of-vitamins-minerals-and-proteins-180-capsules-made-in","status":"publish","type":"product","link":"https:\/\/www.zolattitude.com\/index.php\/product\/redmoringa-organic-moringa-oleifera-supplement-100-natural-moringa-in-vegetable-capsules-for-digestion-and-flat-stomach-source-of-vitamins-minerals-and-proteins-180-capsules-made-in\/","title":{"rendered":"RedMoringa Organic Moringa Oleifera Supplement &#8211; 100% Natural | Moringa in Vegetable Capsules | for Digestion and Flat Stomach | Source of Vitamins, Minerals and Proteins &#8211; 180 Capsules &#8211; Made in"},"content":{"rendered":"<p>Price: <span style=\"color:#b12704\">\u20ac40.99<\/span><br \/><i><small>(as of Apr 10, 2026 01:11:53 UTC &#8211; <span class=\"wp_automatic_amazon_disclaimer\" title=\"Product prices and availability are accurate as of the date\/time indicated and are subject to change. Any price and availability information displayed on [relevant Amazon Site(s), as applicable] at the time of purchase will apply to the purchase of this product.\">Details<\/span>)<\/small><\/i><br \/><a href=\"https:\/\/amazon.fr\/dp\/B0GHPG7KDJ?tag=onamzmoukoubl-21\"><img decoding=\"async\" src=\"https:\/\/valvepress.s3.amazonaws.com\/imgs\/buy_now.png\"><\/a><br \/>\n<\/p>\n<p>                                             Product Description   <\/p>\n<p>                                                         <img decoding=\"async\" alt=\"logo\" src=\"https:\/\/images-na.ssl-images-amazon.com\/images\/G\/01\/x-locale\/common\/grey-pixel.gif\" class=\"a-lazy-loaded\" data-src=\"https:\/\/m.media-amazon.com\/images\/S\/aplus-media-library-service-media\/0d04f6c5-83d2-438e-abb5-e2a460b44087.__CR0,0,600,180_PT0_SX600_V1___.jpg\"><img decoding=\"async\" alt=\"logo\" src=\"https:\/\/m.media-amazon.com\/images\/S\/aplus-media-library-service-media\/0d04f6c5-83d2-438e-abb5-e2a460b44087.__CR0,0,600,180_PT0_SX600_V1___.jpg\">      <\/p>\n<p>                                                      <img decoding=\"async\" alt=\"i benefici della fitoterapia alla moringa\" src=\"https:\/\/images-na.ssl-images-amazon.com\/images\/G\/01\/x-locale\/common\/grey-pixel.gif\" class=\"a-spacing-mini a-lazy-loaded\" data-src=\"https:\/\/m.media-amazon.com\/images\/S\/aplus-media-library-service-media\/d176cade-1923-4dc6-bb6e-c9707834ab44.__CR0,10,846,1128_PT0_SX300_V1___.jpg\"><img decoding=\"async\" alt=\"i benefici della fitoterapia alla moringa\" src=\"https:\/\/m.media-amazon.com\/images\/S\/aplus-media-library-service-media\/d176cade-1923-4dc6-bb6e-c9707834ab44.__CR0,10,846,1128_PT0_SX300_V1___.jpg\">  <\/p>\n<p>                                                              <img decoding=\"async\" alt=\"la bandiera degli Stati Uniti\" src=\"https:\/\/images-na.ssl-images-amazon.com\/images\/G\/01\/x-locale\/common\/grey-pixel.gif\" class=\"a-spacing-mini a-lazy-loaded\" data-src=\"https:\/\/m.media-amazon.com\/images\/S\/aplus-media-library-service-media\/e175a85f-603f-4e93-b668-00b8ad17a23c.__CR0,0,350,175_PT0_SX350_V1___.png\"><img decoding=\"async\" alt=\"la bandiera degli Stati Uniti\" src=\"https:\/\/m.media-amazon.com\/images\/S\/aplus-media-library-service-media\/e175a85f-603f-4e93-b668-00b8ad17a23c.__CR0,0,350,175_PT0_SX350_V1___.png\">                                          MORINGA DI ORIGINE BIOLOGICA                                 <\/p>\n<p class=\"a-spacing-small a-size-small a-color-secondary\"> La Moringa che utilizziamo proviene da coltivazioni biologiche selezionate, dove l\u2019attenzione all\u2019ambiente e alla qualit\u00e0 \u00e8 al centro di ogni fase del processo. La produzione viene effettuata interamente in Italia, nel rispetto dei pi\u00f9 alti standard qualitativi e in conformit\u00e0 con le rigorose normative dell\u2019Unione Europea. Evitiamo l\u2019uso di pesticidi e fertilizzanti chimici, per offrire un prodotto puro, sicuro e sostenibile. <\/p>\n<h3 class=\"a-spacing-mini\"> Integratore Moringa Oleifera Biologica <\/h3>\n<p>                                          Moringa, anche detto Albero della Vita                                     <\/p>\n<p class=\"a-spacing-base\"> RedMoringa ha creato un integratore con 100% polvere di foglie di Moringa biologica, coltivata e lavorata in Italia. <\/p>\n<p class=\"a-spacing-base\"> La Moringa Oleifera, \u00e8 un concentrato di benefici per salute e viene definita spesso l&#8217;albero della vita perch\u00e8 \u00e8 la pianta pi\u00f9 nutriente della terra. <\/p>\n<p class=\"a-spacing-base\"> La Moringa \u00e8 un superfood che contiene 36 agenti antinfiammatori, proteine vegetali, 8 amminoacidi essenziali, Vitamina A e Vitamina C, Vitamine del gruppo B, Calcio, Ferro, Potassio, Magnesio, Fosforo, Sodio, Zinco. <\/p>\n<p>                                                          Semplice da deglutire \u2013 capsule di piccole dimensioni       Modo d\u2019uso: assumere 3 capsule al giorno       Prodotto in Italia       Biologico       Ingredienti 100% naturali      <\/p>\n<p>                                                                             <img decoding=\"async\" alt=\"moringa propriet\u00e0\" src=\"https:\/\/images-na.ssl-images-amazon.com\/images\/G\/01\/x-locale\/common\/grey-pixel.gif\" class=\"a-spacing-base a-lazy-loaded\" data-src=\"https:\/\/m.media-amazon.com\/images\/S\/aplus-media-library-service-media\/1c250a7a-ffc1-4428-b873-f6043ec1bba5.__CR0,0,970,600_PT0_SX970_V1___.jpg\"><img decoding=\"async\" alt=\"moringa propriet\u00e0\" src=\"https:\/\/m.media-amazon.com\/images\/S\/aplus-media-library-service-media\/1c250a7a-ffc1-4428-b873-f6043ec1bba5.__CR0,0,970,600_PT0_SX970_V1___.jpg\">                                         <\/p>\n<h3 class=\"a-spacing-mini\"> Quali sono le propriet\u00e0 della Moringa? <\/h3>\n<p class=\"a-spacing-base\"> Grazie alle sue numerose propriet\u00e0 e alle sostanze contenute, tra cui amminoacidi essenziali, vitamine, antiossidanti e sali minerali, la moringa oleifera \u00e8 utilizzata prevalentemente per: <\/p>\n<p class=\"a-spacing-base\"> \u00b7 Metabolismo dei lipidi e funzionalit\u00e0 digestiva <\/p>\n<p class=\"a-spacing-base\"> \u00b7 Contrastare l\u2019invecchiamento cellulare, cutaneo e degli organi interni in virt\u00f9 delle molteplici propriet\u00e0 antiossidanti <\/p>\n<p class=\"a-spacing-base\"> \u00b7 Aumentare le difese del sistema immunitario <\/p>\n<p class=\"a-spacing-base\"> \u00b7 Regolare la pressione sanguigna <\/p>\n<p class=\"a-spacing-base\"> \u00b7 Regolare il livello di zuccheri nel sangue <\/p>\n<p class=\"a-spacing-base\"> \u00b7 Migliorare l\u2019assorbimento del ferro <\/p>\n<p class=\"apm-text-center\">\n                                                      <img decoding=\"async\" alt=\"l&amp;#39;acqua \u00e8 una forma di esercizio\" src=\"https:\/\/images-na.ssl-images-amazon.com\/images\/G\/01\/x-locale\/common\/grey-pixel.gif\" class=\"a-lazy-loaded\" data-src=\"https:\/\/m.media-amazon.com\/images\/S\/aplus-media-library-service-media\/422fbe62-53c3-42b1-930b-54ad78a8c72d.__CR320,0,1280,1280_PT0_SX220_V1___.jpg\"><\/p>\n<p><img decoding=\"async\" alt=\"l&amp;#39;acqua \u00e8 una forma di esercizio\" src=\"https:\/\/m.media-amazon.com\/images\/S\/aplus-media-library-service-media\/422fbe62-53c3-42b1-930b-54ad78a8c72d.__CR320,0,1280,1280_PT0_SX220_V1___.jpg\"><br \/>\n                                                    FONTE DI ENERGIA                                     <\/p>\n<p class=\"a-size-small\"> Aumenta l\u2019apporto energetico contrastando spossatezza e stanchezza ed aumentando le prestazioni fisiche. Stimola le funzioni cognitive e favorisce la concentrazione <\/p>\n<p class=\"apm-text-center\">\n                                                      <img decoding=\"async\" alt=\"due persone che saltano in aria\" src=\"https:\/\/images-na.ssl-images-amazon.com\/images\/G\/01\/x-locale\/common\/grey-pixel.gif\" class=\"a-lazy-loaded\" data-src=\"https:\/\/m.media-amazon.com\/images\/S\/aplus-media-library-service-media\/4a27fd3b-be2f-4355-871a-6b5062d1e2cb.__CR420,0,1080,1080_PT0_SX220_V1___.jpg\"><\/p>\n<p><img decoding=\"async\" alt=\"due persone che saltano in aria\" src=\"https:\/\/m.media-amazon.com\/images\/S\/aplus-media-library-service-media\/4a27fd3b-be2f-4355-871a-6b5062d1e2cb.__CR420,0,1080,1080_PT0_SX220_V1___.jpg\"><br \/>\n                                                    SISTEMA IMMUNITARIO                                     <\/p>\n<p class=\"a-size-small\"> Rinforza naturalmente le difese immunitarie. Soprattutto nei mesi invernali o cambi di stagione in cui l&#8217;organismo necessita di maggiore sostegno <\/p>\n<p class=\"apm-text-center\">\n                                                      <img decoding=\"async\" alt=\"una donna che si misura la vita con un metro a nastro\" src=\"https:\/\/images-na.ssl-images-amazon.com\/images\/G\/01\/x-locale\/common\/grey-pixel.gif\" class=\"a-lazy-loaded\" data-src=\"https:\/\/m.media-amazon.com\/images\/S\/aplus-media-library-service-media\/8b3c9de8-e23f-443b-b85a-7a25442d5ac5.__CR320,0,1280,1280_PT0_SX220_V1___.jpg\"><\/p>\n<p><img decoding=\"async\" alt=\"una donna che si misura la vita con un metro a nastro\" src=\"https:\/\/m.media-amazon.com\/images\/S\/aplus-media-library-service-media\/8b3c9de8-e23f-443b-b85a-7a25442d5ac5.__CR320,0,1280,1280_PT0_SX220_V1___.jpg\"><br \/>\n                                                    EQUILIBRIO                                     <\/p>\n<p class=\"a-size-small\"> L\u2019alto contenuto in fibre stimola la buona funzione digestiva promuovendo la regolarirt\u00e0 intestinale. <\/p>\n<p class=\"apm-text-center\">\n                                                      <img decoding=\"async\" alt=\"una donna con in mano un fiore rosa\" src=\"https:\/\/images-na.ssl-images-amazon.com\/images\/G\/01\/x-locale\/common\/grey-pixel.gif\" class=\"a-lazy-loaded\" data-src=\"https:\/\/m.media-amazon.com\/images\/S\/aplus-media-library-service-media\/804999c6-e88d-4140-b6a1-75e2f5becbb9.__CR0,180,1280,1280_PT0_SX220_V1___.jpg\"><\/p>\n<p><img decoding=\"async\" alt=\"una donna con in mano un fiore rosa\" src=\"https:\/\/m.media-amazon.com\/images\/S\/aplus-media-library-service-media\/804999c6-e88d-4140-b6a1-75e2f5becbb9.__CR0,180,1280,1280_PT0_SX220_V1___.jpg\"><br \/>\n                                                    DENTI E OSSA SANI                                     <\/p>\n<p class=\"a-size-small\"> Grazie all\u2019alto apporto di calcio la Moringa favorisce la salute di denti e ossa <\/p>\n<p>                                                                             <img decoding=\"async\" alt=\"moringa cosa contiene\" src=\"https:\/\/images-na.ssl-images-amazon.com\/images\/G\/01\/x-locale\/common\/grey-pixel.gif\" class=\"a-spacing-base a-lazy-loaded\" data-src=\"https:\/\/m.media-amazon.com\/images\/S\/aplus-media-library-service-media\/85ca17c1-1884-4146-8d1d-cb1aedcc8612.__CR0,0,970,600_PT0_SX970_V1___.jpg\"><img decoding=\"async\" alt=\"moringa cosa contiene\" src=\"https:\/\/m.media-amazon.com\/images\/S\/aplus-media-library-service-media\/85ca17c1-1884-4146-8d1d-cb1aedcc8612.__CR0,0,970,600_PT0_SX970_V1___.jpg\">                                                                    <\/p>\n<p>                                                      <img decoding=\"async\" alt=\"una ciotola di foglie e un cucchiaio\" src=\"https:\/\/images-na.ssl-images-amazon.com\/images\/G\/01\/x-locale\/common\/grey-pixel.gif\" class=\"a-spacing-mini a-lazy-loaded\" data-src=\"https:\/\/m.media-amazon.com\/images\/S\/aplus-media-library-service-media\/7d088653-4498-4498-abed-423a6a4fe37b.__CR0,0,300,400_PT0_SX300_V1___.jpg\"><img decoding=\"async\" alt=\"una ciotola di foglie e un cucchiaio\" src=\"https:\/\/m.media-amazon.com\/images\/S\/aplus-media-library-service-media\/7d088653-4498-4498-abed-423a6a4fe37b.__CR0,0,300,400_PT0_SX300_V1___.jpg\">  <\/p>\n<p>                                                              <img decoding=\"async\" alt=\"capsule\" src=\"https:\/\/images-na.ssl-images-amazon.com\/images\/G\/01\/x-locale\/common\/grey-pixel.gif\" class=\"a-spacing-mini a-lazy-loaded\" data-src=\"https:\/\/m.media-amazon.com\/images\/S\/aplus-media-library-service-media\/be501a33-c11a-49f3-8839-989d33081426.__CR0,408,4896,2448_PT0_SX350_V1___.jpg\"><img decoding=\"async\" alt=\"capsule\" src=\"https:\/\/m.media-amazon.com\/images\/S\/aplus-media-library-service-media\/be501a33-c11a-49f3-8839-989d33081426.__CR0,408,4896,2448_PT0_SX350_V1___.jpg\">                                                                 <\/p>\n<p class=\"a-spacing-small a-size-small a-color-secondary\"> Composizione riferita alla dose giornaliera consigliata di 3 capsule al giorno: <\/p>\n<p>                                       Moringa Foglie in Polvere \u2013 1260mg       <\/p>\n<h3 class=\"a-spacing-mini\"> Dall\u2019unione tra Scienza e Natura nasce la formulazione dei nostri integratori vegani e naturali al 100% <\/h3>\n<p class=\"a-spacing-base\"> Allo stesso tempo sono molto efficaci e donano ottimi risultati. <\/p>\n<p class=\"a-spacing-base\"> Nelle nostre formule troverai sempre estratti secchi titolati e non semplici polveri di foglie o radici <\/p>\n<p class=\"a-spacing-base\"> I nostri integratori sono privi di: <\/p>\n<p>                                                          OGM       Ingredienti d&#8217;origine animale       Glutine       Lattosio       altri allergeni       altre sostanze dannose      <\/p>\n<p>                         Add To Basket  <\/p>\n<p>                         Add To Basket  <\/p>\n<p>                         Add To Basket  <\/p>\n<p>                         Add To Basket  <\/p>\n<p>                         Add To Basket  <\/p>\n<p>                             Customer Reviews  <\/p>\n<p>                    4.3 out of 5 stars  893  <\/p>\n<p>                    3.5 out of 5 stars  84  <\/p>\n<p>                    4.2 out of 5 stars  237  <\/p>\n<p>                    4.0 out of 5 stars  210  <\/p>\n<p>                \u2014                                   <\/p>\n<p>                    4.2 out of 5 stars  152  <\/p>\n<p>                             Price  <\/p>\n<p>                                    \u20ac55.00\u20ac55.00                  \u20ac25.90\u20ac25.90                  \u20ac25.90\u20ac25.90                  \u20ac23.91\u20ac23.91<br \/>\n                                            \u2014 no data<br \/>\n                                                       \u20ac24.90\u20ac24.90        <\/p>\n<p>                             Quantit\u00e0 per confezione<br \/>\n                                270 capsule               60 capsule               60 capsule               60 capsule               60 capsule               60 capsule        <\/p>\n<p>                             Dose giornaliera<br \/>\n                                3 capsule al giorno                2 capsule al giorno                2 capsule al giorno                2 capsule al giorno                2 capsule al giorno                2 capsule al giorno         <\/p>\n<p>                             Benefici<br \/>\n                                Digestiva               Contrasta gli inestetismi della cellulite               Stimola il microcircolo               Contrasta i disturbi della menopausa               Stimola la produzione di testosterone               Favorisce la crescita dei capelli e ne contrasta la caduta        <\/p>\n<p>                             Con Moringa Biologica  <\/p>\n<p>                                              \u2713<\/p>\n<p>                                              \u2713<\/p>\n<p>                                              \u2713<\/p>\n<p>                                              \u2713<\/p>\n<p>                                              \u2713<\/p>\n<p>                                              \u2713<\/p>\n<p>                             Vegano  <\/p>\n<p>                                              \u2713<\/p>\n<p>                                              \u2713<\/p>\n<p>                                              \u2713<\/p>\n<p>                                              \u2713<\/p>\n<p>                                              \u2713<\/p>\n<p>                                              \u2713<\/p>\n<p>                             Senza additivi artificiali  <\/p>\n<p>                                              \u2713<\/p>\n<p>                                              \u2713<\/p>\n<p>                                              \u2713<\/p>\n<p>                                              \u2713<\/p>\n<p>                                              \u2713<\/p>\n<p>                                              \u2713<\/p>\n<p>                             Made in Italy  <\/p>\n<p>                                              \u2713<\/p>\n<p>                                              \u2713<\/p>\n<p>                                              \u2713<\/p>\n<p>                                              \u2713<\/p>\n<p>                                              \u2713<\/p>\n<p>                                              \u2713<\/p>\n<p> Product Dimensions                                            \u200f                                            :                                            \u200e                                            9 x 4 x 4 cm; 60 g   <br \/> Manufacturer                                            \u200f                                            :                                            \u200e                                            RedMoringa srl   <br \/> ASIN                                            \u200f                                            :                                            \u200e                                            B0GHPG7KDJ   <br \/>  Customer reviews:                                                                                            4.5               4.5 out of 5 stars                                  (10)                                              var dpAcrHasRegisteredArcLinkClickAction;                    P.when(&#8216;A&#8217;, &#8216;ready&#8217;).execute(function(A) {                        if (dpAcrHasRegisteredArcLinkClickAction !== true) {                            dpAcrHasRegisteredArcLinkClickAction = true;                            A.declarative(                                &#8216;acrLink-click-metrics&#8217;, &#8216;click&#8217;,                                { &#8220;allowLinkDefault&#8221;: true },                                function (event) {                                    if (window.ue) {                                        ue.count(&#8220;acrLinkClickCount&#8221;, (ue.count(&#8220;acrLinkClickCount&#8221;) || 0) + 1);                                    }                                }                            );                        }                    });                                             P.when(&#8216;A&#8217;, &#8216;cf&#8217;).execute(function(A) {                A.declarative(&#8216;acrStarsLink-click-metrics&#8217;, &#8216;click&#8217;, { &#8220;allowLinkDefault&#8221; : true },  function(event){                    if(window.ue) {                        ue.count(&#8220;acrStarsLinkWithPopoverClickCount&#8221;, (ue.count(&#8220;acrStarsLinkWithPopoverClickCount&#8221;) || 0) + 1);                    }                });            });                          <br \/>MORINGA OLEIFERA ORGANIC &#8211; Moringa is a superfood rich in vitamins, minerals and amino acids essential for the health of the body. Its antioxidant properties prevent aging of body cells. Promotes digestion and lipid metabolism, helping to regain regularly. Ideal for abdominal swelling.<br \/>100% NATURAL INGREDIENTS &#8211; Organic Moringa supplement in capsules without artificial additives, preservatives magnesium stearate. Free from gluten, lactose, sugar, GMOs, dyes. Suitable for vegans and vegetarians.<br \/>Helps digestion and lipid metabolism &#8211; Promotes lipid metabolism, regulates blood sugar levels and stimulates digestive function. Ideal for those who have abdominal goflowers or difficulty digesting.<br \/>ORGANIC CERTIFICATE &#8211; Our Moringa grown and encapsulated in Italy is obtained only from leaves from organic farming. Complementary certified by an independent body INOQ with the Agriculture EU label.<br \/>How to use: we recommend taking 3 capsules of Moringa daily. One before each meal. In the delivery you will find 180 capsules, sufficient for 2 months of natural well-being.<br \/>REDMORINGA : We are the only company in the world that produces exclusively Moringa Oleifera products, Moringa supplements and functional dry extracts, natural cosmetics based on Moringa extract and digestive herbal tea. We produce in Piedmont with love and share with the world the love for this amazing plant.<\/p>\n\n","protected":false},"excerpt":{"rendered":"<p> Product Description MORINGA DI ORIGINE BIOLOGICA La Moringa che utilizziamo proviene da coltivazioni biologiche selezionate, dove l\u2019attenzione all\u2019ambiente e alla qualit\u00e0 \u00e8 al centro di ogni fase del processo. La produzione viene effettuata interamente in Italia, nel rispetto dei pi\u00f9 alti standard qualitativi e in conformit\u00e0 con le rigorose normative [&hellip;]<\/p>\n","protected":false},"featured_media":27192,"comment_status":"open","ping_status":"closed","template":"","meta":{"_gspb_post_css":"","om_disable_all_campaigns":false,"_monsterinsights_skip_tracking":false,"_monsterinsights_sitenote_active":false,"_monsterinsights_sitenote_note":"","_monsterinsights_sitenote_category":0},"store":[],"product_brand":[],"product_cat":[146],"product_tag":[198,437,2370,265,373,260,374,238,341,5456,1112,3246,200,197,274],"class_list":{"0":"post-27191","1":"product","2":"type-product","3":"status-publish","4":"has-post-thumbnail","6":"product_cat-superaliments-verts","7":"product_tag-capsules","8":"product_tag-digestion","9":"product_tag-flat","10":"product_tag-minerals","11":"product_tag-moringa","12":"product_tag-natural","13":"product_tag-oleifera","14":"product_tag-organic","15":"product_tag-proteins","16":"product_tag-redmoringa","17":"product_tag-source","18":"product_tag-stomach","19":"product_tag-supplement","20":"product_tag-vegetable","21":"product_tag-vitamins","23":"first","24":"instock","25":"shipping-taxable","26":"product-type-external"},"aioseo_notices":[],"jetpack_sharing_enabled":true,"_links":{"self":[{"href":"https:\/\/www.zolattitude.com\/index.php\/wp-json\/wp\/v2\/product\/27191","targetHints":{"allow":["GET"]}}],"collection":[{"href":"https:\/\/www.zolattitude.com\/index.php\/wp-json\/wp\/v2\/product"}],"about":[{"href":"https:\/\/www.zolattitude.com\/index.php\/wp-json\/wp\/v2\/types\/product"}],"replies":[{"embeddable":true,"href":"https:\/\/www.zolattitude.com\/index.php\/wp-json\/wp\/v2\/comments?post=27191"}],"wp:featuredmedia":[{"embeddable":true,"href":"https:\/\/www.zolattitude.com\/index.php\/wp-json\/wp\/v2\/media\/27192"}],"wp:attachment":[{"href":"https:\/\/www.zolattitude.com\/index.php\/wp-json\/wp\/v2\/media?parent=27191"}],"wp:term":[{"taxonomy":"store","embeddable":true,"href":"https:\/\/www.zolattitude.com\/index.php\/wp-json\/wp\/v2\/store?post=27191"},{"taxonomy":"product_brand","embeddable":true,"href":"https:\/\/www.zolattitude.com\/index.php\/wp-json\/wp\/v2\/product_brand?post=27191"},{"taxonomy":"product_cat","embeddable":true,"href":"https:\/\/www.zolattitude.com\/index.php\/wp-json\/wp\/v2\/product_cat?post=27191"},{"taxonomy":"product_tag","embeddable":true,"href":"https:\/\/www.zolattitude.com\/index.php\/wp-json\/wp\/v2\/product_tag?post=27191"}],"curies":[{"name":"wp","href":"https:\/\/api.w.org\/{rel}","templated":true}]}}