{"id":27202,"date":"2026-04-10T01:23:07","date_gmt":"2026-04-10T01:23:07","guid":{"rendered":"https:\/\/www.zolattitude.com\/index.php\/product\/premium-magnesium-citrate-2320mg-including-360mg-of-elemental-magnesium-per-daily-dose-180-capsules-for-3-months-for-muscles-bones-immune-system-lab-tested\/"},"modified":"2026-04-10T01:23:15","modified_gmt":"2026-04-10T01:23:15","slug":"premium-magnesium-citrate-2320mg-including-360mg-of-elemental-magnesium-per-daily-dose-180-capsules-for-3-months-for-muscles-bones-immune-system-lab-tested","status":"publish","type":"product","link":"https:\/\/www.zolattitude.com\/index.php\/product\/premium-magnesium-citrate-2320mg-including-360mg-of-elemental-magnesium-per-daily-dose-180-capsules-for-3-months-for-muscles-bones-immune-system-lab-tested\/","title":{"rendered":"Premium Magnesium Citrate, 2320mg including 360mg of Elemental Magnesium per Daily Dose, 180 Capsules for 3 Months, For Muscles, Bones &#038; Immune System*, Lab Tested"},"content":{"rendered":"<p>Price: <span style=\"color:#b12704\"><del>\u20ac17.08<\/del> - \u20ac13.66<\/span><br \/><i><small>(as of Apr 10, 2026 01:23:07 UTC &#8211; <span class=\"wp_automatic_amazon_disclaimer\" title=\"Product prices and availability are accurate as of the date\/time indicated and are subject to change. Any price and availability information displayed on [relevant Amazon Site(s), as applicable] at the time of purchase will apply to the purchase of this product.\">Details<\/span>)<\/small><\/i><br \/><a href=\"https:\/\/amazon.fr\/dp\/B074CKFS4Q?tag=onamzmoukoubl-21\"><img decoding=\"async\" src=\"https:\/\/valvepress.s3.amazonaws.com\/imgs\/buy_now.png\"><\/a><br \/>\n<\/p>\n<p>                                             From the brand   <\/p>\n<p>                                              <img decoding=\"async\" alt=\"avec fermeture \u00e9clair visible et \u00e9cusson brod\u00e9. Port\u00e9 sur une chemise violette, associ\u00e9 \u00e0 un jean bleu. Logo Natural Elements dans le coin sup\u00e9rieur gauche.\" src=\"https:\/\/images-na.ssl-images-amazon.com\/images\/G\/01\/x-locale\/common\/grey-pixel.gif\" class=\"a-lazy-loaded\" data-src=\"https:\/\/m.media-amazon.com\/images\/S\/aplus-media-library-service-media\/e145ba36-afa7-4359-acdf-740300976c21.__CR0,0,1464,625_PT0_SX1464_V1___.jpg\"><img decoding=\"async\" alt=\"avec fermeture \u00e9clair visible et \u00e9cusson brod\u00e9. Port\u00e9 sur une chemise violette, associ\u00e9 \u00e0 un jean bleu. Logo Natural Elements dans le coin sup\u00e9rieur gauche.\" src=\"https:\/\/m.media-amazon.com\/images\/S\/aplus-media-library-service-media\/e145ba36-afa7-4359-acdf-740300976c21.__CR0,0,1464,625_PT0_SX1464_V1___.jpg\">  <\/p>\n<p>                                              <img decoding=\"async\" alt=\"aplus content image\" src=\"https:\/\/images-na.ssl-images-amazon.com\/images\/G\/01\/x-locale\/common\/grey-pixel.gif\" class=\"a-lazy-loaded\" data-src=\"https:\/\/m.media-amazon.com\/images\/S\/aplus-media-library-service-media\/b45d4c09-d499-4f3c-845b-f5884ff09832.__CR0,0,362,453_PT0_SX362_V1___.jpg\"><img decoding=\"async\" alt=\"aplus content image\" src=\"https:\/\/m.media-amazon.com\/images\/S\/aplus-media-library-service-media\/b45d4c09-d499-4f3c-845b-f5884ff09832.__CR0,0,362,453_PT0_SX362_V1___.jpg\">  <\/p>\n<p>                                              <img decoding=\"async\" alt=\"aplus content image\" src=\"https:\/\/images-na.ssl-images-amazon.com\/images\/G\/01\/x-locale\/common\/grey-pixel.gif\" class=\"a-lazy-loaded\" data-src=\"https:\/\/m.media-amazon.com\/images\/S\/aplus-media-library-service-media\/03ceadec-74c5-4c3b-a401-4ebb3cb69edd.__CR0,0,362,453_PT0_SX362_V1___.jpg\"><img decoding=\"async\" alt=\"aplus content image\" src=\"https:\/\/m.media-amazon.com\/images\/S\/aplus-media-library-service-media\/03ceadec-74c5-4c3b-a401-4ebb3cb69edd.__CR0,0,362,453_PT0_SX362_V1___.jpg\">  <\/p>\n<p>                                              <img decoding=\"async\" alt=\"aplus content image\" src=\"https:\/\/images-na.ssl-images-amazon.com\/images\/G\/01\/x-locale\/common\/grey-pixel.gif\" class=\"a-lazy-loaded\" data-src=\"https:\/\/m.media-amazon.com\/images\/S\/aplus-media-library-service-media\/ed127faf-c394-4528-a24c-a25c6e3b03bd.__CR0,0,362,453_PT0_SX362_V1___.jpg\"><img decoding=\"async\" alt=\"aplus content image\" src=\"https:\/\/m.media-amazon.com\/images\/S\/aplus-media-library-service-media\/ed127faf-c394-4528-a24c-a25c6e3b03bd.__CR0,0,362,453_PT0_SX362_V1___.jpg\">  <\/p>\n<h3> Les produits les plus appr\u00e9ci\u00e9s <\/h3>\n<p>                                              <img decoding=\"async\" alt=\"aplus content image\" src=\"https:\/\/images-na.ssl-images-amazon.com\/images\/G\/01\/x-locale\/common\/grey-pixel.gif\" class=\"a-lazy-loaded\" data-src=\"https:\/\/m.media-amazon.com\/images\/S\/aplus-media-library-service-media\/504661b8-3c80-4b3e-84e3-85662a5beaab.__CR0,0,362,453_PT0_SX362_V1___.jpg\"><img decoding=\"async\" alt=\"aplus content image\" src=\"https:\/\/m.media-amazon.com\/images\/S\/aplus-media-library-service-media\/504661b8-3c80-4b3e-84e3-85662a5beaab.__CR0,0,362,453_PT0_SX362_V1___.jpg\">  <\/p>\n<p>                                              <img decoding=\"async\" alt=\"aplus content image\" src=\"https:\/\/images-na.ssl-images-amazon.com\/images\/G\/01\/x-locale\/common\/grey-pixel.gif\" class=\"a-lazy-loaded\" data-src=\"https:\/\/m.media-amazon.com\/images\/S\/aplus-media-library-service-media\/5b3147a4-f77c-4481-895b-2b0fca2efe1c.__CR0,0,362,453_PT0_SX362_V1___.jpg\"><img decoding=\"async\" alt=\"aplus content image\" src=\"https:\/\/m.media-amazon.com\/images\/S\/aplus-media-library-service-media\/5b3147a4-f77c-4481-895b-2b0fca2efe1c.__CR0,0,362,453_PT0_SX362_V1___.jpg\">  <\/p>\n<h3> Les nouveaut\u00e9s pour vous <\/h3>\n<p>                                              <img decoding=\"async\" alt=\"aplus content image\" src=\"https:\/\/images-na.ssl-images-amazon.com\/images\/G\/01\/x-locale\/common\/grey-pixel.gif\" class=\"a-lazy-loaded\" data-src=\"https:\/\/m.media-amazon.com\/images\/S\/aplus-media-library-service-media\/0ce4ccb2-65ed-4ead-bf8b-8072590ae234.__CR0,0,362,453_PT0_SX362_V1___.jpg\"><img decoding=\"async\" alt=\"aplus content image\" src=\"https:\/\/m.media-amazon.com\/images\/S\/aplus-media-library-service-media\/0ce4ccb2-65ed-4ead-bf8b-8072590ae234.__CR0,0,362,453_PT0_SX362_V1___.jpg\">  <\/p>\n<h3> Trouvez votre produit <\/h3>\n<p>                                              <img decoding=\"async\" alt=\"aplus content image\" src=\"https:\/\/images-na.ssl-images-amazon.com\/images\/G\/01\/x-locale\/common\/grey-pixel.gif\" class=\"a-lazy-loaded\" data-src=\"https:\/\/m.media-amazon.com\/images\/S\/aplus-media-library-service-media\/9155b57d-7952-4572-925e-0b158b7b810c.__CR0,0,362,453_PT0_SX362_V1___.jpg\"><img decoding=\"async\" alt=\"aplus content image\" src=\"https:\/\/m.media-amazon.com\/images\/S\/aplus-media-library-service-media\/9155b57d-7952-4572-925e-0b158b7b810c.__CR0,0,362,453_PT0_SX362_V1___.jpg\">  <\/p>\n<p> Package Dimensions                                            \u200f                                            :                                            \u200e                                            13.1 x 6.8 x 6.8 cm; 190 g   <br \/> Manufacturer                                            \u200f                                            :                                            \u200e                                            natural elements   <br \/> ASIN                                            \u200f                                            :                                            \u200e                                            B074CKFS4Q   <br \/> Manufacturer reference                                            \u200f                                            :                                            \u200e                                            pm-01   <br \/> Country of origin                                            \u200f                                            :                                            \u200e                                            Germany   <br \/>  Customer reviews:                                                                                            4.5               4.5 out of 5 stars                                  (6,742)                                              var dpAcrHasRegisteredArcLinkClickAction;                    P.when(&#8216;A&#8217;, &#8216;ready&#8217;).execute(function(A) {                        if (dpAcrHasRegisteredArcLinkClickAction !== true) {                            dpAcrHasRegisteredArcLinkClickAction = true;                            A.declarative(                                &#8216;acrLink-click-metrics&#8217;, &#8216;click&#8217;,                                { &#8220;allowLinkDefault&#8221;: true },                                function (event) {                                    if (window.ue) {                                        ue.count(&#8220;acrLinkClickCount&#8221;, (ue.count(&#8220;acrLinkClickCount&#8221;) || 0) + 1);                                    }                                }                            );                        }                    });                                             P.when(&#8216;A&#8217;, &#8216;cf&#8217;).execute(function(A) {                A.declarative(&#8216;acrStarsLink-click-metrics&#8217;, &#8216;click&#8217;, { &#8220;allowLinkDefault&#8221; : true },  function(event){                    if(window.ue) {                        ue.count(&#8220;acrStarsLinkWithPopoverClickCount&#8221;, (ue.count(&#8220;acrStarsLinkWithPopoverClickCount&#8221;) || 0) + 1);                    }                });            });                          <br \/>PHYSICAL &#038; MENTAL | During physical and mental exercise, when we give ourselves fully, the body draws on its magnesium reserves. Our vegan capsules, rich in magnesium citrate, offer the ideal contribution for the muscles* and the nervous system*.<br \/>&#8220;FAST AND EFFECTIVE | The recommended dose corresponds to 360 mg of elemental magnesium derived from magnesium tri-citrate, which is quickly assimilated by the body. That way, you will always have the perfect contribution.&#8221;<br \/>YOUR CURE FOR 2 MONTHS | 180 capsules of our highly bioavailable magnesium citrate cover your needs for two months. You just need to take 1 capsule three times a day with a glass of water, without chewing it.<br \/>THE ESSENTIAL ONLY | Nothing else: our product is vegan, flavour-free or GMO-free. It contains no unnecessary additives, no dyes, stabilizers or anti-caking agents like magnesium stearate.<br \/>THE MOTOR NATURAL ELEMENTS | Big words the big means! For your safety and that of our products, EVERY production batch is carefully checked by independent laboratories in Germany.<br \/>ELEMENTARY &#038; EFFECTIVE |*Magnesium contributes, among other things, to a decrease in fatigue and exhaustion, to a normal energy metabolism and to the normal functioning of the nervous system.<\/p>\n\n","protected":false},"excerpt":{"rendered":"<p> From the brand Les produits les plus appr\u00e9ci\u00e9s Les nouveaut\u00e9s pour vous Trouvez votre produit Package Dimensions \u200f : \u200e 13.1 x 6.8 x 6.8 cm; 190 g Manufacturer \u200f : \u200e natural elements ASIN \u200f : \u200e B074CKFS4Q Manufacturer reference \u200f : \u200e pm-01 Country of origin \u200f : [&hellip;]<\/p>\n","protected":false},"featured_media":27203,"comment_status":"open","ping_status":"closed","template":"","meta":{"_gspb_post_css":"","om_disable_all_campaigns":false,"_monsterinsights_skip_tracking":false,"_monsterinsights_sitenote_active":false,"_monsterinsights_sitenote_note":"","_monsterinsights_sitenote_category":0},"store":[],"product_brand":[],"product_cat":[143],"product_tag":[6759,2040,1240,198,2475,948,306,2356,814,578,587,287,195,1008,375,401,951],"class_list":{"0":"post-27202","1":"product","2":"type-product","3":"status-publish","4":"has-post-thumbnail","6":"product_cat-mineraux","7":"product_tag-2320mg","8":"product_tag-360mg","9":"product_tag-bones","10":"product_tag-capsules","11":"product_tag-citrate","12":"product_tag-daily","13":"product_tag-dose","14":"product_tag-elemental","15":"product_tag-immune","16":"product_tag-including","17":"product_tag-lab","18":"product_tag-magnesium","19":"product_tag-months","20":"product_tag-muscles","21":"product_tag-premium","22":"product_tag-system","23":"product_tag-tested","25":"first","26":"instock","27":"sale","28":"shipping-taxable","29":"product-type-external"},"aioseo_notices":[],"jetpack_sharing_enabled":true,"_links":{"self":[{"href":"https:\/\/www.zolattitude.com\/index.php\/wp-json\/wp\/v2\/product\/27202","targetHints":{"allow":["GET"]}}],"collection":[{"href":"https:\/\/www.zolattitude.com\/index.php\/wp-json\/wp\/v2\/product"}],"about":[{"href":"https:\/\/www.zolattitude.com\/index.php\/wp-json\/wp\/v2\/types\/product"}],"replies":[{"embeddable":true,"href":"https:\/\/www.zolattitude.com\/index.php\/wp-json\/wp\/v2\/comments?post=27202"}],"wp:featuredmedia":[{"embeddable":true,"href":"https:\/\/www.zolattitude.com\/index.php\/wp-json\/wp\/v2\/media\/27203"}],"wp:attachment":[{"href":"https:\/\/www.zolattitude.com\/index.php\/wp-json\/wp\/v2\/media?parent=27202"}],"wp:term":[{"taxonomy":"store","embeddable":true,"href":"https:\/\/www.zolattitude.com\/index.php\/wp-json\/wp\/v2\/store?post=27202"},{"taxonomy":"product_brand","embeddable":true,"href":"https:\/\/www.zolattitude.com\/index.php\/wp-json\/wp\/v2\/product_brand?post=27202"},{"taxonomy":"product_cat","embeddable":true,"href":"https:\/\/www.zolattitude.com\/index.php\/wp-json\/wp\/v2\/product_cat?post=27202"},{"taxonomy":"product_tag","embeddable":true,"href":"https:\/\/www.zolattitude.com\/index.php\/wp-json\/wp\/v2\/product_tag?post=27202"}],"curies":[{"name":"wp","href":"https:\/\/api.w.org\/{rel}","templated":true}]}}